{"id":94,"date":"2025-03-10T20:58:49","date_gmt":"2025-03-10T23:58:49","guid":{"rendered":"https:\/\/utfpr.curitiba.br\/vespas\/?page_id=94"},"modified":"2026-02-19T19:45:09","modified_gmt":"2026-02-19T22:45:09","slug":"sobre-nos","status":"publish","type":"page","link":"https:\/\/utfpr.curitiba.br\/vespas\/sobre-nos\/","title":{"rendered":"Sobre n\u00f3s"},"content":{"rendered":"\t\t<div data-elementor-type=\"wp-page\" data-elementor-id=\"94\" class=\"elementor elementor-94\">\n\t\t\t\t<div class=\"elementor-element elementor-element-970d786 e-flex e-con-boxed e-con e-parent\" data-id=\"970d786\" data-element_type=\"container\" data-e-type=\"container\" data-settings=\"{&quot;background_background&quot;:&quot;classic&quot;}\">\n\t\t\t\t\t<div class=\"e-con-inner\">\n\t\t\t\t<div class=\"elementor-element elementor-element-c7e067f elementor-widget elementor-widget-spacer\" data-id=\"c7e067f\" data-element_type=\"widget\" data-e-type=\"widget\" data-widget_type=\"spacer.default\">\n\t\t\t\t<div class=\"elementor-widget-container\">\n\t\t\t\t\t\t\t<div class=\"elementor-spacer\">\n\t\t\t<div class=\"elementor-spacer-inner\"><\/div>\n\t\t<\/div>\n\t\t\t\t\t\t<\/div>\n\t\t\t\t<\/div>\n\t\t<div class=\"elementor-element elementor-element-9e4f517 e-flex e-con-boxed e-con e-child\" data-id=\"9e4f517\" data-element_type=\"container\" data-e-type=\"container\" data-settings=\"{&quot;background_background&quot;:&quot;classic&quot;}\">\n\t\t\t\t\t<div class=\"e-con-inner\">\n\t\t\t\t<div class=\"elementor-element elementor-element-bca32cf elementor-drop-cap-yes elementor-drop-cap-view-default elementor-widget elementor-widget-text-editor\" data-id=\"bca32cf\" data-element_type=\"widget\" data-e-type=\"widget\" data-settings=\"{&quot;drop_cap&quot;:&quot;yes&quot;}\" data-widget_type=\"text-editor.default\">\n\t\t\t\t<div class=\"elementor-widget-container\">\n\t\t\t\t\t\t\t\t\t<p>1<\/p><pre>\"about_us\": [{<br \/>\"<strong>acronym<\/strong>\": \"V.E.S.P.A.S (Vanguarda de Estudos de Seguran\u00e7a, Privacidade e Amea\u00e7a de Sistemas) \u00e9 um projeto de extens\u00e3o do DAINF. Coordenado pelos Professores Daniel F. Pigatto, Juliana de Santi e Ana Cristina B. K. Vendramin, buscamos aprofundar o conhecimento sobre ciberseguran\u00e7a e compartilhar boas pr\u00e1ticas na \u00e1rea.\",<\/pre>\t\t\t\t\t\t\t\t<\/div>\n\t\t\t\t<\/div>\n\t\t\t\t<div class=\"elementor-element elementor-element-90618f8 elementor-drop-cap-yes elementor-drop-cap-view-default elementor-widget elementor-widget-text-editor\" data-id=\"90618f8\" data-element_type=\"widget\" data-e-type=\"widget\" data-settings=\"{&quot;drop_cap&quot;:&quot;yes&quot;}\" data-widget_type=\"text-editor.default\">\n\t\t\t\t<div class=\"elementor-widget-container\">\n\t\t\t\t\t\t\t\t\t<p>2<\/p><pre>\"<strong>ctf_group<\/strong>\": \"Al\u00e9m disso, tamb\u00e9m somos um time de CTF (<em>Capture The Flag<\/em>), com o intuito de aprimorar nossa habilidade em hacking \u00e9tico e an\u00e1lise de vulnerabilidades.\",<\/pre>\t\t\t\t\t\t\t\t<\/div>\n\t\t\t\t<\/div>\n\t\t\t\t<div class=\"elementor-element elementor-element-059ab7f elementor-widget elementor-widget-spacer\" data-id=\"059ab7f\" data-element_type=\"widget\" data-e-type=\"widget\" data-widget_type=\"spacer.default\">\n\t\t\t\t<div class=\"elementor-widget-container\">\n\t\t\t\t\t\t\t<div class=\"elementor-spacer\">\n\t\t\t<div class=\"elementor-spacer-inner\"><\/div>\n\t\t<\/div>\n\t\t\t\t\t\t<\/div>\n\t\t\t\t<\/div>\n\t\t\t\t<div class=\"elementor-element elementor-element-fdc6231 elementor-widget elementor-widget-heading\" data-id=\"fdc6231\" data-element_type=\"widget\" data-e-type=\"widget\" data-widget_type=\"heading.default\">\n\t\t\t\t<div class=\"elementor-widget-container\">\n\t\t\t\t\t<h3 class=\"elementor-heading-title elementor-size-default\">Sobre n\u00f3s<\/h3>\t\t\t\t<\/div>\n\t\t\t\t<\/div>\n\t\t\t\t<div class=\"elementor-element elementor-element-f26cca1 elementor-widget elementor-widget-heading\" data-id=\"f26cca1\" data-element_type=\"widget\" data-e-type=\"widget\" data-widget_type=\"heading.default\">\n\t\t\t\t<div class=\"elementor-widget-container\">\n\t\t\t\t\t<h3 class=\"elementor-heading-title elementor-size-default\">Localiza\u00e7\u00e3o<\/h3>\t\t\t\t<\/div>\n\t\t\t\t<\/div>\n\t\t\t\t<div class=\"elementor-element elementor-element-fb9fd44 elementor-drop-cap-yes elementor-drop-cap-view-default elementor-widget elementor-widget-text-editor\" data-id=\"fb9fd44\" data-element_type=\"widget\" data-e-type=\"widget\" data-settings=\"{&quot;drop_cap&quot;:&quot;yes&quot;}\" data-widget_type=\"text-editor.default\">\n\t\t\t\t<div class=\"elementor-widget-container\">\n\t\t\t\t\t\t\t\t\t<p>3<\/p><pre>\"<strong>location<\/strong>\": \"Como uma equipe extensionista, atuamos na <strong>UTFPR - CT<\/strong><\/pre><pre>(Universidade Tecnol\u00f3gica Federal do Paran\u00e1, Campus Centro)\" }]<\/pre>\t\t\t\t\t\t\t\t<\/div>\n\t\t\t\t<\/div>\n\t\t\t\t<div class=\"elementor-element elementor-element-f4d793a elementor-widget elementor-widget-spacer\" data-id=\"f4d793a\" data-element_type=\"widget\" data-e-type=\"widget\" data-widget_type=\"spacer.default\">\n\t\t\t\t<div class=\"elementor-widget-container\">\n\t\t\t\t\t\t\t<div class=\"elementor-spacer\">\n\t\t\t<div class=\"elementor-spacer-inner\"><\/div>\n\t\t<\/div>\n\t\t\t\t\t\t<\/div>\n\t\t\t\t<\/div>\n\t\t\t\t<div class=\"elementor-element elementor-element-4ca08bc elementor-widget__width-initial elementor-widget elementor-widget-google_maps\" data-id=\"4ca08bc\" data-element_type=\"widget\" data-e-type=\"widget\" data-widget_type=\"google_maps.default\">\n\t\t\t\t<div class=\"elementor-widget-container\">\n\t\t\t\t\t\t\t<div class=\"elementor-custom-embed\">\n\t\t\t<iframe loading=\"lazy\"\n\t\t\t\t\tsrc=\"https:\/\/maps.google.com\/maps?q=UTFPR%2C%20Centro&#038;t=m&#038;z=17&#038;output=embed&#038;iwloc=near\"\n\t\t\t\t\ttitle=\"UTFPR, Centro\"\n\t\t\t\t\taria-label=\"UTFPR, Centro\"\n\t\t\t><\/iframe>\n\t\t<\/div>\n\t\t\t\t\t\t<\/div>\n\t\t\t\t<\/div>\n\t\t\t\t<div class=\"elementor-element elementor-element-aecda78 elementor-widget elementor-widget-spacer\" data-id=\"aecda78\" data-element_type=\"widget\" data-e-type=\"widget\" data-widget_type=\"spacer.default\">\n\t\t\t\t<div class=\"elementor-widget-container\">\n\t\t\t\t\t\t\t<div class=\"elementor-spacer\">\n\t\t\t<div class=\"elementor-spacer-inner\"><\/div>\n\t\t<\/div>\n\t\t\t\t\t\t<\/div>\n\t\t\t\t<\/div>\n\t\t\t\t\t<\/div>\n\t\t\t\t<\/div>\n\t\t\t\t<div class=\"elementor-element elementor-element-89c3b69 elementor-widget elementor-widget-spacer\" data-id=\"89c3b69\" data-element_type=\"widget\" data-e-type=\"widget\" data-widget_type=\"spacer.default\">\n\t\t\t\t<div class=\"elementor-widget-container\">\n\t\t\t\t\t\t\t<div class=\"elementor-spacer\">\n\t\t\t<div class=\"elementor-spacer-inner\"><\/div>\n\t\t<\/div>\n\t\t\t\t\t\t<\/div>\n\t\t\t\t<\/div>\n\t\t\t\t\t<\/div>\n\t\t\t\t<\/div>\n\t\t\t\t<\/div>\n\t\t","protected":false},"excerpt":{"rendered":"<p>1 &#8220;about_us&#8221;: [{&#8220;acronym&#8221;: &#8220;V.E.S.P.A.S (Vanguarda de Estudos de Seguran\u00e7a, Privacidade e Amea\u00e7a de Sistemas) \u00e9 um projeto de extens\u00e3o do DAINF. Coordenado pelos Professores Daniel F. Pigatto, Juliana de Santi e Ana Cristina B. K. Vendramin, buscamos aprofundar o conhecimento sobre ciberseguran\u00e7a e compartilhar boas pr\u00e1ticas na \u00e1rea.&#8221;, 2 &#8220;ctf_group&#8221;: &#8220;Al\u00e9m disso, tamb\u00e9m somos um [&hellip;]<\/p>\n","protected":false},"author":332,"featured_media":0,"parent":0,"menu_order":0,"comment_status":"closed","ping_status":"closed","template":"elementor_header_footer","meta":{"footnotes":""},"class_list":["post-94","page","type-page","status-publish","hentry"],"_links":{"self":[{"href":"https:\/\/utfpr.curitiba.br\/vespas\/wp-json\/wp\/v2\/pages\/94","targetHints":{"allow":["GET"]}}],"collection":[{"href":"https:\/\/utfpr.curitiba.br\/vespas\/wp-json\/wp\/v2\/pages"}],"about":[{"href":"https:\/\/utfpr.curitiba.br\/vespas\/wp-json\/wp\/v2\/types\/page"}],"author":[{"embeddable":true,"href":"https:\/\/utfpr.curitiba.br\/vespas\/wp-json\/wp\/v2\/users\/332"}],"replies":[{"embeddable":true,"href":"https:\/\/utfpr.curitiba.br\/vespas\/wp-json\/wp\/v2\/comments?post=94"}],"version-history":[{"count":118,"href":"https:\/\/utfpr.curitiba.br\/vespas\/wp-json\/wp\/v2\/pages\/94\/revisions"}],"predecessor-version":[{"id":753,"href":"https:\/\/utfpr.curitiba.br\/vespas\/wp-json\/wp\/v2\/pages\/94\/revisions\/753"}],"wp:attachment":[{"href":"https:\/\/utfpr.curitiba.br\/vespas\/wp-json\/wp\/v2\/media?parent=94"}],"curies":[{"name":"wp","href":"https:\/\/api.w.org\/{rel}","templated":true}]}}