{"id":662,"date":"2025-05-16T18:08:10","date_gmt":"2025-05-16T21:08:10","guid":{"rendered":"https:\/\/utfpr.curitiba.br\/vespas\/?page_id=662"},"modified":"2026-02-19T19:45:23","modified_gmt":"2026-02-19T22:45:23","slug":"apoie-o-vespas","status":"publish","type":"page","link":"https:\/\/utfpr.curitiba.br\/vespas\/apoie-o-vespas\/","title":{"rendered":"Patroc\u00ednio"},"content":{"rendered":"\t\t<div data-elementor-type=\"wp-page\" data-elementor-id=\"662\" class=\"elementor elementor-662\">\n\t\t\t\t<div class=\"elementor-element elementor-element-7fa4ae5 e-flex e-con-boxed e-con e-parent\" data-id=\"7fa4ae5\" data-element_type=\"container\" data-e-type=\"container\" data-settings=\"{&quot;background_background&quot;:&quot;classic&quot;}\">\n\t\t\t\t\t<div class=\"e-con-inner\">\n\t\t\t\t<div class=\"elementor-element elementor-element-8a9c6ce elementor-widget elementor-widget-spacer\" data-id=\"8a9c6ce\" data-element_type=\"widget\" data-e-type=\"widget\" data-widget_type=\"spacer.default\">\n\t\t\t\t<div class=\"elementor-widget-container\">\n\t\t\t\t\t\t\t<div class=\"elementor-spacer\">\n\t\t\t<div class=\"elementor-spacer-inner\"><\/div>\n\t\t<\/div>\n\t\t\t\t\t\t<\/div>\n\t\t\t\t<\/div>\n\t\t\t\t<div class=\"elementor-element elementor-element-b17aa8c elementor-widget elementor-widget-heading\" data-id=\"b17aa8c\" data-element_type=\"widget\" data-e-type=\"widget\" data-widget_type=\"heading.default\">\n\t\t\t\t<div class=\"elementor-widget-container\">\n\t\t\t\t\t<h2 class=\"elementor-heading-title elementor-size-default\">Apoie o VESPAS!<\/h2>\t\t\t\t<\/div>\n\t\t\t\t<\/div>\n\t\t\t\t<div class=\"elementor-element elementor-element-24aeec2 elementor-widget elementor-widget-text-editor\" data-id=\"24aeec2\" data-element_type=\"widget\" data-e-type=\"widget\" data-widget_type=\"text-editor.default\">\n\t\t\t\t<div class=\"elementor-widget-container\">\n\t\t\t\t\t\t\t\t\t<p><span style=\"font-size: 1rem\">Se a sua empresa deseja apoiar o projeto, clique no bot\u00e3o abaixo, e leia o edital com aten\u00e7\u00e3o.\u00a0<\/span><\/p><p><span style=\"font-size: 1rem\">Depois preencha o formul\u00e1rio de ades\u00e3o e nos envie o documento assinado por email!\u00a0<\/span><\/p><p><span style=\"font-size: 1rem\">Entre em contato com nossos coordenadores para definir mais detalhes sobre o patroc\u00ednio.<\/span><\/p>\t\t\t\t\t\t\t\t<\/div>\n\t\t\t\t<\/div>\n\t\t\t\t<div class=\"elementor-element elementor-element-1cbd4df elementor-align-center elementor-widget elementor-widget-button\" data-id=\"1cbd4df\" data-element_type=\"widget\" data-e-type=\"widget\" data-widget_type=\"button.default\">\n\t\t\t\t<div class=\"elementor-widget-container\">\n\t\t\t\t\t\t\t\t\t<div class=\"elementor-button-wrapper\">\n\t\t\t\t\t<a class=\"elementor-button elementor-button-link elementor-size-sm\" href=\"https:\/\/www.utfpr.edu.br\/editais\/relacoes-empresariais-e-comunitarias\/curitiba\/edital-no-13-2025-direc-ct-dainf-ct-chamamento-publico-de-colaboracao-e-ou-fomento-para-apoiar-o-projeto-de-extensao-vespas-2025-2026\" target=\"_blank\">\n\t\t\t\t\t\t<span class=\"elementor-button-content-wrapper\">\n\t\t\t\t\t\t\t\t\t<span class=\"elementor-button-text\">Link para o edital de patroc\u00ednio<\/span>\n\t\t\t\t\t<\/span>\n\t\t\t\t\t<\/a>\n\t\t\t\t<\/div>\n\t\t\t\t\t\t\t\t<\/div>\n\t\t\t\t<\/div>\n\t\t\t\t<div class=\"elementor-element elementor-element-65f3b96 elementor-widget elementor-widget-spacer\" data-id=\"65f3b96\" data-element_type=\"widget\" data-e-type=\"widget\" data-widget_type=\"spacer.default\">\n\t\t\t\t<div class=\"elementor-widget-container\">\n\t\t\t\t\t\t\t<div class=\"elementor-spacer\">\n\t\t\t<div class=\"elementor-spacer-inner\"><\/div>\n\t\t<\/div>\n\t\t\t\t\t\t<\/div>\n\t\t\t\t<\/div>\n\t\t\t\t<div class=\"elementor-element elementor-element-dcf5526 elementor-align-center elementor-widget elementor-widget-button\" data-id=\"dcf5526\" data-element_type=\"widget\" data-e-type=\"widget\" data-widget_type=\"button.default\">\n\t\t\t\t<div class=\"elementor-widget-container\">\n\t\t\t\t\t\t\t\t\t<div class=\"elementor-button-wrapper\">\n\t\t\t\t\t<a class=\"elementor-button elementor-button-link elementor-size-sm\" href=\"https:\/\/docs.google.com\/document\/d\/1731OuYcADVec_KpevGKXb5WIHWkgCzCYf0R4aLuGElw\/edit?usp=sharing\" target=\"_blank\">\n\t\t\t\t\t\t<span class=\"elementor-button-content-wrapper\">\n\t\t\t\t\t\t\t\t\t<span class=\"elementor-button-text\">Link para o formul\u00e1rio de ades\u00e3o<\/span>\n\t\t\t\t\t<\/span>\n\t\t\t\t\t<\/a>\n\t\t\t\t<\/div>\n\t\t\t\t\t\t\t\t<\/div>\n\t\t\t\t<\/div>\n\t\t\t\t<div class=\"elementor-element elementor-element-d22eade elementor-widget elementor-widget-spacer\" data-id=\"d22eade\" data-element_type=\"widget\" data-e-type=\"widget\" data-widget_type=\"spacer.default\">\n\t\t\t\t<div class=\"elementor-widget-container\">\n\t\t\t\t\t\t\t<div class=\"elementor-spacer\">\n\t\t\t<div class=\"elementor-spacer-inner\"><\/div>\n\t\t<\/div>\n\t\t\t\t\t\t<\/div>\n\t\t\t\t<\/div>\n\t\t\t\t\t<\/div>\n\t\t\t\t<\/div>\n\t\t\t\t<\/div>\n\t\t","protected":false},"excerpt":{"rendered":"<p>Apoie o VESPAS! Se a sua empresa deseja apoiar o projeto, clique no bot\u00e3o abaixo, e leia o edital com aten\u00e7\u00e3o.\u00a0 Depois preencha o formul\u00e1rio de ades\u00e3o e nos envie o documento assinado por email!\u00a0 Entre em contato com nossos coordenadores para definir mais detalhes sobre o patroc\u00ednio. Link para o edital de patroc\u00ednio Link [&hellip;]<\/p>\n","protected":false},"author":331,"featured_media":188,"parent":0,"menu_order":0,"comment_status":"closed","ping_status":"closed","template":"elementor_header_footer","meta":{"footnotes":""},"class_list":["post-662","page","type-page","status-publish","has-post-thumbnail","hentry"],"_links":{"self":[{"href":"https:\/\/utfpr.curitiba.br\/vespas\/wp-json\/wp\/v2\/pages\/662","targetHints":{"allow":["GET"]}}],"collection":[{"href":"https:\/\/utfpr.curitiba.br\/vespas\/wp-json\/wp\/v2\/pages"}],"about":[{"href":"https:\/\/utfpr.curitiba.br\/vespas\/wp-json\/wp\/v2\/types\/page"}],"author":[{"embeddable":true,"href":"https:\/\/utfpr.curitiba.br\/vespas\/wp-json\/wp\/v2\/users\/331"}],"replies":[{"embeddable":true,"href":"https:\/\/utfpr.curitiba.br\/vespas\/wp-json\/wp\/v2\/comments?post=662"}],"version-history":[{"count":55,"href":"https:\/\/utfpr.curitiba.br\/vespas\/wp-json\/wp\/v2\/pages\/662\/revisions"}],"predecessor-version":[{"id":747,"href":"https:\/\/utfpr.curitiba.br\/vespas\/wp-json\/wp\/v2\/pages\/662\/revisions\/747"}],"wp:featuredmedia":[{"embeddable":true,"href":"https:\/\/utfpr.curitiba.br\/vespas\/wp-json\/wp\/v2\/media\/188"}],"wp:attachment":[{"href":"https:\/\/utfpr.curitiba.br\/vespas\/wp-json\/wp\/v2\/media?parent=662"}],"curies":[{"name":"wp","href":"https:\/\/api.w.org\/{rel}","templated":true}]}}