{"id":43,"date":"2023-09-22T07:04:49","date_gmt":"2023-09-22T10:04:49","guid":{"rendered":"https:\/\/utfpr.curitiba.br\/utfem\/?page_id=43"},"modified":"2026-04-13T10:33:18","modified_gmt":"2026-04-13T13:33:18","slug":"sobre","status":"publish","type":"page","link":"https:\/\/utfpr.curitiba.br\/utfem\/sobre\/","title":{"rendered":"Sobre N\u00f3s"},"content":{"rendered":"\t\t<div data-elementor-type=\"wp-page\" data-elementor-id=\"43\" class=\"elementor elementor-43\">\n\t\t\t\t<div class=\"elementor-element elementor-element-136b7b4 e-grid e-con-boxed e-con e-parent\" data-id=\"136b7b4\" data-element_type=\"container\" data-e-type=\"container\">\n\t\t\t\t\t<div class=\"e-con-inner\">\n\t\t<div class=\"elementor-element elementor-element-0828322 e-con-full e-flex e-con e-child\" data-id=\"0828322\" data-element_type=\"container\" data-e-type=\"container\">\n\t\t\t\t<div class=\"elementor-element elementor-element-1d5894c elementor-widget elementor-widget-heading\" data-id=\"1d5894c\" data-element_type=\"widget\" data-e-type=\"widget\" data-widget_type=\"heading.default\">\n\t\t\t\t<div class=\"elementor-widget-container\">\n\t\t\t\t\t<h1 class=\"elementor-heading-title elementor-size-default\">Quem Somos<\/h1>\t\t\t\t<\/div>\n\t\t\t\t<\/div>\n\t\t<div class=\"elementor-element elementor-element-4edafc2 e-con-full e-flex e-con e-child\" data-id=\"4edafc2\" data-element_type=\"container\" data-e-type=\"container\">\n\t\t<div class=\"elementor-element elementor-element-9f29927 e-con-full e-flex e-con e-child\" data-id=\"9f29927\" data-element_type=\"container\" data-e-type=\"container\">\n\t\t\t\t<div class=\"elementor-element elementor-element-f031dca elementor-widget elementor-widget-image\" data-id=\"f031dca\" data-element_type=\"widget\" data-e-type=\"widget\" data-widget_type=\"image.default\">\n\t\t\t\t<div class=\"elementor-widget-container\">\n\t\t\t\t\t\t\t\t\t\t\t\t\t\t\t<img fetchpriority=\"high\" decoding=\"async\" width=\"1024\" height=\"731\" src=\"https:\/\/utfpr-ct-static-content.s3.amazonaws.com\/utfpr.curitiba.br\/wp-content\/uploads\/sites\/153\/2026\/01\/Inove-229-1024x731.jpg\" class=\"attachment-large size-large wp-image-1215\" alt=\"\" srcset=\"https:\/\/utfpr-ct-static-content.s3.amazonaws.com\/utfpr.curitiba.br\/wp-content\/uploads\/sites\/153\/2026\/01\/Inove-229-1024x731.jpg 1024w, https:\/\/utfpr-ct-static-content.s3.amazonaws.com\/utfpr.curitiba.br\/wp-content\/uploads\/sites\/153\/2026\/01\/Inove-229-300x214.jpg 300w, https:\/\/utfpr-ct-static-content.s3.amazonaws.com\/utfpr.curitiba.br\/wp-content\/uploads\/sites\/153\/2026\/01\/Inove-229-768x549.jpg 768w, https:\/\/utfpr-ct-static-content.s3.amazonaws.com\/utfpr.curitiba.br\/wp-content\/uploads\/sites\/153\/2026\/01\/Inove-229-1536x1097.jpg 1536w, https:\/\/utfpr-ct-static-content.s3.amazonaws.com\/utfpr.curitiba.br\/wp-content\/uploads\/sites\/153\/2026\/01\/Inove-229-2048x1463.jpg 2048w\" sizes=\"(max-width: 1024px) 100vw, 1024px\" \/>\t\t\t\t\t\t\t\t\t\t\t\t\t\t\t<\/div>\n\t\t\t\t<\/div>\n\t\t\t\t<\/div>\n\t\t\t\t<div class=\"elementor-element elementor-element-93a0f0f elementor-widget__width-initial elementor-widget-mobile__width-inherit elementor-widget elementor-widget-text-editor\" data-id=\"93a0f0f\" data-element_type=\"widget\" data-e-type=\"widget\" data-widget_type=\"text-editor.default\">\n\t\t\t\t<div class=\"elementor-widget-container\">\n\t\t\t\t\t\t\t\t\t<p>O UTFem \u00e9 <b>formado por um grupo de alunos e professores da UTFPR<\/b> que, voluntariamente, se prontificaram a participar do projeto em busca de desenvolver projetos, eventos e a\u00e7\u00f5es <b>que promovam a amplia\u00e7\u00e3o da participa\u00e7\u00e3o feminina<\/b> no meio acad\u00eamico e no mercado de trabalho.<\/p>\t\t\t\t\t\t\t\t<\/div>\n\t\t\t\t<\/div>\n\t\t\t\t<\/div>\n\t\t\t\t<\/div>\n\t\t<div class=\"elementor-element elementor-element-f52ae4d e-con-full e-flex e-con e-child\" data-id=\"f52ae4d\" data-element_type=\"container\" data-e-type=\"container\">\n\t\t\t\t<div class=\"elementor-element elementor-element-eac8628 elementor-widget elementor-widget-heading\" data-id=\"eac8628\" data-element_type=\"widget\" data-e-type=\"widget\" data-widget_type=\"heading.default\">\n\t\t\t\t<div class=\"elementor-widget-container\">\n\t\t\t\t\t<h2 class=\"elementor-heading-title elementor-size-default\">Nossa Hist\u00f3ria<\/h2>\t\t\t\t<\/div>\n\t\t\t\t<\/div>\n\t\t<div class=\"elementor-element elementor-element-f4e4478 e-con-full e-flex e-con e-child\" data-id=\"f4e4478\" data-element_type=\"container\" data-e-type=\"container\">\n\t\t<div class=\"elementor-element elementor-element-78849cd e-con-full e-flex e-con e-child\" data-id=\"78849cd\" data-element_type=\"container\" data-e-type=\"container\">\n\t\t\t\t<div class=\"elementor-element elementor-element-b31ad32 elementor-widget__width-initial elementor-widget elementor-widget-image\" data-id=\"b31ad32\" data-element_type=\"widget\" data-e-type=\"widget\" data-widget_type=\"image.default\">\n\t\t\t\t<div class=\"elementor-widget-container\">\n\t\t\t\t\t\t\t\t\t\t\t\t\t\t\t<img decoding=\"async\" width=\"1024\" height=\"731\" src=\"https:\/\/utfpr-ct-static-content.s3.amazonaws.com\/utfpr.curitiba.br\/wp-content\/uploads\/sites\/153\/2026\/01\/Pitch-1024x731.jpg\" class=\"attachment-large size-large wp-image-1180\" alt=\"\" srcset=\"https:\/\/utfpr-ct-static-content.s3.amazonaws.com\/utfpr.curitiba.br\/wp-content\/uploads\/sites\/153\/2026\/01\/Pitch-1024x731.jpg 1024w, https:\/\/utfpr-ct-static-content.s3.amazonaws.com\/utfpr.curitiba.br\/wp-content\/uploads\/sites\/153\/2026\/01\/Pitch-300x214.jpg 300w, https:\/\/utfpr-ct-static-content.s3.amazonaws.com\/utfpr.curitiba.br\/wp-content\/uploads\/sites\/153\/2026\/01\/Pitch-768x548.jpg 768w, https:\/\/utfpr-ct-static-content.s3.amazonaws.com\/utfpr.curitiba.br\/wp-content\/uploads\/sites\/153\/2026\/01\/Pitch.jpg 1067w\" sizes=\"(max-width: 1024px) 100vw, 1024px\" \/>\t\t\t\t\t\t\t\t\t\t\t\t\t\t\t<\/div>\n\t\t\t\t<\/div>\n\t\t\t\t<\/div>\n\t\t\t\t<div class=\"elementor-element elementor-element-2c5ad11 elementor-widget elementor-widget-text-editor\" data-id=\"2c5ad11\" data-element_type=\"widget\" data-e-type=\"widget\" data-widget_type=\"text-editor.default\">\n\t\t\t\t<div class=\"elementor-widget-container\">\n\t\t\t\t\t\t\t\t\t<p>O UTFem nasceu na Universidade Tecnol\u00f3gica Federal do Paran\u00e1 (UTFPR \u2013 Campus Curitiba) inicialmente como um projeto de extens\u00e3o, o qual idealiza <b>garantir um espa\u00e7o estruturado de apoio, forma\u00e7\u00e3o e visibilidade para mulheres que desejam atuar em pesquisa, inova\u00e7\u00e3o e neg\u00f3cios<\/b>.<\/p>\t\t\t\t\t\t\t\t<\/div>\n\t\t\t\t<\/div>\n\t\t\t\t<\/div>\n\t\t\t\t<\/div>\n\t\t<div class=\"elementor-element elementor-element-f267f34 e-con-full e-flex e-con e-child\" data-id=\"f267f34\" data-element_type=\"container\" data-e-type=\"container\">\n\t\t\t\t<div class=\"elementor-element elementor-element-c67d271 elementor-widget elementor-widget-heading\" data-id=\"c67d271\" data-element_type=\"widget\" data-e-type=\"widget\" data-widget_type=\"heading.default\">\n\t\t\t\t<div class=\"elementor-widget-container\">\n\t\t\t\t\t<h2 class=\"elementor-heading-title elementor-size-default\">Nossa Miss\u00e3o<\/h2>\t\t\t\t<\/div>\n\t\t\t\t<\/div>\n\t\t<div class=\"elementor-element elementor-element-bf6b013 e-con-full e-flex e-con e-child\" data-id=\"bf6b013\" data-element_type=\"container\" data-e-type=\"container\">\n\t\t<div class=\"elementor-element elementor-element-d1ee842 e-con-full e-flex e-con e-child\" data-id=\"d1ee842\" data-element_type=\"container\" data-e-type=\"container\">\n\t\t\t\t<div class=\"elementor-element elementor-element-fd36128 elementor-widget elementor-widget-image\" data-id=\"fd36128\" data-element_type=\"widget\" data-e-type=\"widget\" data-widget_type=\"image.default\">\n\t\t\t\t<div class=\"elementor-widget-container\">\n\t\t\t\t\t\t\t\t\t\t\t\t\t\t\t<img decoding=\"async\" width=\"1024\" height=\"731\" src=\"https:\/\/utfpr-ct-static-content.s3.amazonaws.com\/utfpr.curitiba.br\/wp-content\/uploads\/sites\/153\/2026\/02\/COLMEIA-pessoal-1024x731.jpeg\" class=\"attachment-large size-large wp-image-1374\" alt=\"\" srcset=\"https:\/\/utfpr-ct-static-content.s3.amazonaws.com\/utfpr.curitiba.br\/wp-content\/uploads\/sites\/153\/2026\/02\/COLMEIA-pessoal-1024x731.jpeg 1024w, https:\/\/utfpr-ct-static-content.s3.amazonaws.com\/utfpr.curitiba.br\/wp-content\/uploads\/sites\/153\/2026\/02\/COLMEIA-pessoal-300x214.jpeg 300w, https:\/\/utfpr-ct-static-content.s3.amazonaws.com\/utfpr.curitiba.br\/wp-content\/uploads\/sites\/153\/2026\/02\/COLMEIA-pessoal-768x548.jpeg 768w, https:\/\/utfpr-ct-static-content.s3.amazonaws.com\/utfpr.curitiba.br\/wp-content\/uploads\/sites\/153\/2026\/02\/COLMEIA-pessoal-1536x1096.jpeg 1536w, https:\/\/utfpr-ct-static-content.s3.amazonaws.com\/utfpr.curitiba.br\/wp-content\/uploads\/sites\/153\/2026\/02\/COLMEIA-pessoal.jpeg 1600w\" sizes=\"(max-width: 1024px) 100vw, 1024px\" \/>\t\t\t\t\t\t\t\t\t\t\t\t\t\t\t<\/div>\n\t\t\t\t<\/div>\n\t\t\t\t<\/div>\n\t\t\t\t<div class=\"elementor-element elementor-element-03ed12f elementor-widget__width-initial elementor-widget-mobile__width-inherit elementor-widget elementor-widget-text-editor\" data-id=\"03ed12f\" data-element_type=\"widget\" data-e-type=\"widget\" data-widget_type=\"text-editor.default\">\n\t\t\t\t<div class=\"elementor-widget-container\">\n\t\t\t\t\t\t\t\t\t<p>O projeto UTFem <b>busca reduzir as desigualdades de g\u00eanero e fortalecer a articula\u00e7\u00e3o entre o setor produtivo e a academia<\/b>, firmando uma rede de iniciativas voltadas \u00e0 equidade de g\u00eanero. <b>Com a transfer\u00eancia de tecnologia e conhecimento, o UTFem conslida uma rede de apoio<\/b> para estudantes, pesquisadoras e empres\u00e1rias, com a\u00e7\u00f5es em \u00e1reas de extens\u00e3o universit\u00e1ria, empreendedorismo, neg\u00f3cios e pesquisa, desenvolvimento e inova\u00e7\u00e3o (PD&amp;I).<\/p>\t\t\t\t\t\t\t\t<\/div>\n\t\t\t\t<\/div>\n\t\t\t\t<\/div>\n\t\t\t\t<\/div>\n\t\t<div class=\"elementor-element elementor-element-79cb0e9 e-con-full e-flex e-con e-child\" data-id=\"79cb0e9\" data-element_type=\"container\" data-e-type=\"container\">\n\t\t\t\t<div class=\"elementor-element elementor-element-dbced3c elementor-widget elementor-widget-heading\" data-id=\"dbced3c\" data-element_type=\"widget\" data-e-type=\"widget\" data-widget_type=\"heading.default\">\n\t\t\t\t<div class=\"elementor-widget-container\">\n\t\t\t\t\t<h2 class=\"elementor-heading-title elementor-size-default\">Nossos Valores<\/h2>\t\t\t\t<\/div>\n\t\t\t\t<\/div>\n\t\t\t\t<\/div>\n\t\t\t\t<div class=\"elementor-element elementor-element-f4e9773 gallery-spacing-custom elementor-widget elementor-widget-image-gallery\" data-id=\"f4e9773\" data-element_type=\"widget\" data-e-type=\"widget\" data-widget_type=\"image-gallery.default\">\n\t\t\t\t<div class=\"elementor-widget-container\">\n\t\t\t\t\t\t\t<div class=\"elementor-image-gallery\">\n\t\t\t<div id='gallery-1' class='gallery galleryid-43 gallery-columns-3 gallery-size-medium_large'><figure class='gallery-item'>\n\t\t\t<div class='gallery-icon landscape'>\n\t\t\t\t<a data-elementor-open-lightbox=\"yes\" data-elementor-lightbox-slideshow=\"f4e9773\" data-elementor-lightbox-title=\"20260319_101717\" data-e-action-hash=\"#elementor-action%3Aaction%3Dlightbox%26settings%3DeyJpZCI6MTgzNiwidXJsIjoiaHR0cHM6XC9cL3V0ZnByLWN0LXN0YXRpYy1jb250ZW50LnMzLmFtYXpvbmF3cy5jb21cL3V0ZnByLmN1cml0aWJhLmJyXC93cC1jb250ZW50XC91cGxvYWRzXC9zaXRlc1wvMTUzXC8yMDI2XC8wNFwvMjAyNjAzMTlfMTAxNzE3LXNjYWxlZC1lMTc3NjA4NTQ4NjEwMC5qcGciLCJzbGlkZXNob3ciOiJmNGU5NzczIn0%3D\" href='https:\/\/utfpr-ct-static-content.s3.amazonaws.com\/utfpr.curitiba.br\/wp-content\/uploads\/sites\/153\/2026\/04\/20260319_101717-scaled-e1776085486100.jpg'><img loading=\"lazy\" decoding=\"async\" width=\"768\" height=\"547\" src=\"https:\/\/utfpr-ct-static-content.s3.amazonaws.com\/utfpr.curitiba.br\/wp-content\/uploads\/sites\/153\/2026\/04\/20260319_101717-scaled-e1776085486100-768x547.jpg\" class=\"attachment-medium_large size-medium_large\" alt=\"\" aria-describedby=\"gallery-1-1836\" srcset=\"https:\/\/utfpr-ct-static-content.s3.amazonaws.com\/utfpr.curitiba.br\/wp-content\/uploads\/sites\/153\/2026\/04\/20260319_101717-scaled-e1776085486100-768x547.jpg 768w, https:\/\/utfpr-ct-static-content.s3.amazonaws.com\/utfpr.curitiba.br\/wp-content\/uploads\/sites\/153\/2026\/04\/20260319_101717-scaled-e1776085486100-300x214.jpg 300w, https:\/\/utfpr-ct-static-content.s3.amazonaws.com\/utfpr.curitiba.br\/wp-content\/uploads\/sites\/153\/2026\/04\/20260319_101717-scaled-e1776085486100-1024x730.jpg 1024w, https:\/\/utfpr-ct-static-content.s3.amazonaws.com\/utfpr.curitiba.br\/wp-content\/uploads\/sites\/153\/2026\/04\/20260319_101717-scaled-e1776085486100-1536x1095.jpg 1536w, https:\/\/utfpr-ct-static-content.s3.amazonaws.com\/utfpr.curitiba.br\/wp-content\/uploads\/sites\/153\/2026\/04\/20260319_101717-scaled-e1776085486100.jpg 2022w\" sizes=\"(max-width: 768px) 100vw, 768px\" \/><\/a>\n\t\t\t<\/div>\n\t\t\t\t<figcaption class='wp-caption-text gallery-caption' id='gallery-1-1836'>\n\t\t\t\tEquidade\n\t\t\t\t<\/figcaption><\/figure><figure class='gallery-item'>\n\t\t\t<div class='gallery-icon landscape'>\n\t\t\t\t<a data-elementor-open-lightbox=\"yes\" data-elementor-lightbox-slideshow=\"f4e9773\" data-elementor-lightbox-title=\"I Caffe Mulheres - pessoal\" data-e-action-hash=\"#elementor-action%3Aaction%3Dlightbox%26settings%3DeyJpZCI6MTE2OCwidXJsIjoiaHR0cHM6XC9cL3V0ZnByLWN0LXN0YXRpYy1jb250ZW50LnMzLmFtYXpvbmF3cy5jb21cL3V0ZnByLmN1cml0aWJhLmJyXC93cC1jb250ZW50XC91cGxvYWRzXC9zaXRlc1wvMTUzXC8yMDI2XC8wMVwvSS1DYWZmZS1NdWxoZXJlcy1wZXNzb2FsLmpwZyIsInNsaWRlc2hvdyI6ImY0ZTk3NzMifQ%3D%3D\" href='https:\/\/utfpr-ct-static-content.s3.amazonaws.com\/utfpr.curitiba.br\/wp-content\/uploads\/sites\/153\/2026\/01\/I-Caffe-Mulheres-pessoal.jpg'><img loading=\"lazy\" decoding=\"async\" width=\"768\" height=\"548\" src=\"https:\/\/utfpr-ct-static-content.s3.amazonaws.com\/utfpr.curitiba.br\/wp-content\/uploads\/sites\/153\/2026\/01\/I-Caffe-Mulheres-pessoal-768x548.jpg\" class=\"attachment-medium_large size-medium_large\" alt=\"\" aria-describedby=\"gallery-1-1168\" srcset=\"https:\/\/utfpr-ct-static-content.s3.amazonaws.com\/utfpr.curitiba.br\/wp-content\/uploads\/sites\/153\/2026\/01\/I-Caffe-Mulheres-pessoal-768x548.jpg 768w, https:\/\/utfpr-ct-static-content.s3.amazonaws.com\/utfpr.curitiba.br\/wp-content\/uploads\/sites\/153\/2026\/01\/I-Caffe-Mulheres-pessoal-300x214.jpg 300w, https:\/\/utfpr-ct-static-content.s3.amazonaws.com\/utfpr.curitiba.br\/wp-content\/uploads\/sites\/153\/2026\/01\/I-Caffe-Mulheres-pessoal-1024x731.jpg 1024w, https:\/\/utfpr-ct-static-content.s3.amazonaws.com\/utfpr.curitiba.br\/wp-content\/uploads\/sites\/153\/2026\/01\/I-Caffe-Mulheres-pessoal.jpg 1494w\" sizes=\"(max-width: 768px) 100vw, 768px\" \/><\/a>\n\t\t\t<\/div>\n\t\t\t\t<figcaption class='wp-caption-text gallery-caption' id='gallery-1-1168'>\n\t\t\t\tDiversidade\n\t\t\t\t<\/figcaption><\/figure><figure class='gallery-item'>\n\t\t\t<div class='gallery-icon landscape'>\n\t\t\t\t<a data-elementor-open-lightbox=\"yes\" data-elementor-lightbox-slideshow=\"f4e9773\" data-elementor-lightbox-title=\"Inove -78 (1)\" data-e-action-hash=\"#elementor-action%3Aaction%3Dlightbox%26settings%3DeyJpZCI6MTE3NSwidXJsIjoiaHR0cHM6XC9cL3V0ZnByLWN0LXN0YXRpYy1jb250ZW50LnMzLmFtYXpvbmF3cy5jb21cL3V0ZnByLmN1cml0aWJhLmJyXC93cC1jb250ZW50XC91cGxvYWRzXC9zaXRlc1wvMTUzXC8yMDI2XC8wMVwvSW5vdmUtNzgtMS1zY2FsZWQtZTE3NzYwODY1ODE2MDMuanBnIiwic2xpZGVzaG93IjoiZjRlOTc3MyJ9\" href='https:\/\/utfpr-ct-static-content.s3.amazonaws.com\/utfpr.curitiba.br\/wp-content\/uploads\/sites\/153\/2026\/01\/Inove-78-1-scaled-e1776086581603.jpg'><img loading=\"lazy\" decoding=\"async\" width=\"768\" height=\"549\" src=\"https:\/\/utfpr-ct-static-content.s3.amazonaws.com\/utfpr.curitiba.br\/wp-content\/uploads\/sites\/153\/2026\/01\/Inove-78-1-scaled-e1776086581603-768x549.jpg\" class=\"attachment-medium_large size-medium_large\" alt=\"\" aria-describedby=\"gallery-1-1175\" srcset=\"https:\/\/utfpr-ct-static-content.s3.amazonaws.com\/utfpr.curitiba.br\/wp-content\/uploads\/sites\/153\/2026\/01\/Inove-78-1-scaled-e1776086581603-768x549.jpg 768w, https:\/\/utfpr-ct-static-content.s3.amazonaws.com\/utfpr.curitiba.br\/wp-content\/uploads\/sites\/153\/2026\/01\/Inove-78-1-scaled-e1776086581603-300x214.jpg 300w, https:\/\/utfpr-ct-static-content.s3.amazonaws.com\/utfpr.curitiba.br\/wp-content\/uploads\/sites\/153\/2026\/01\/Inove-78-1-scaled-e1776086581603-1024x731.jpg 1024w, https:\/\/utfpr-ct-static-content.s3.amazonaws.com\/utfpr.curitiba.br\/wp-content\/uploads\/sites\/153\/2026\/01\/Inove-78-1-scaled-e1776086581603-1536x1097.jpg 1536w, https:\/\/utfpr-ct-static-content.s3.amazonaws.com\/utfpr.curitiba.br\/wp-content\/uploads\/sites\/153\/2026\/01\/Inove-78-1-scaled-e1776086581603.jpg 1960w\" sizes=\"(max-width: 768px) 100vw, 768px\" \/><\/a>\n\t\t\t<\/div>\n\t\t\t\t<figcaption class='wp-caption-text gallery-caption' id='gallery-1-1175'>\n\t\t\t\tLideran\u00e7a\n\t\t\t\t<\/figcaption><\/figure><figure class='gallery-item'>\n\t\t\t<div class='gallery-icon landscape'>\n\t\t\t\t<a data-elementor-open-lightbox=\"yes\" data-elementor-lightbox-slideshow=\"f4e9773\" data-elementor-lightbox-title=\"Data Summit - apresenta\u00e7\u00e3o\" data-e-action-hash=\"#elementor-action%3Aaction%3Dlightbox%26settings%3DeyJpZCI6MTE2NSwidXJsIjoiaHR0cHM6XC9cL3V0ZnByLWN0LXN0YXRpYy1jb250ZW50LnMzLmFtYXpvbmF3cy5jb21cL3V0ZnByLmN1cml0aWJhLmJyXC93cC1jb250ZW50XC91cGxvYWRzXC9zaXRlc1wvMTUzXC8yMDI2XC8wMVwvRGF0YS1TdW1taXQtYXByZXNlbnRhY2FvLXNjYWxlZC5qcGciLCJzbGlkZXNob3ciOiJmNGU5NzczIn0%3D\" href='https:\/\/utfpr-ct-static-content.s3.amazonaws.com\/utfpr.curitiba.br\/wp-content\/uploads\/sites\/153\/2026\/01\/Data-Summit-apresentacao-scaled.jpg'><img loading=\"lazy\" decoding=\"async\" width=\"768\" height=\"549\" src=\"https:\/\/utfpr-ct-static-content.s3.amazonaws.com\/utfpr.curitiba.br\/wp-content\/uploads\/sites\/153\/2026\/01\/Data-Summit-apresentacao-768x549.jpg\" class=\"attachment-medium_large size-medium_large\" alt=\"\" aria-describedby=\"gallery-1-1165\" srcset=\"https:\/\/utfpr-ct-static-content.s3.amazonaws.com\/utfpr.curitiba.br\/wp-content\/uploads\/sites\/153\/2026\/01\/Data-Summit-apresentacao-768x549.jpg 768w, https:\/\/utfpr-ct-static-content.s3.amazonaws.com\/utfpr.curitiba.br\/wp-content\/uploads\/sites\/153\/2026\/01\/Data-Summit-apresentacao-300x214.jpg 300w, https:\/\/utfpr-ct-static-content.s3.amazonaws.com\/utfpr.curitiba.br\/wp-content\/uploads\/sites\/153\/2026\/01\/Data-Summit-apresentacao-1024x731.jpg 1024w, https:\/\/utfpr-ct-static-content.s3.amazonaws.com\/utfpr.curitiba.br\/wp-content\/uploads\/sites\/153\/2026\/01\/Data-Summit-apresentacao-1536x1097.jpg 1536w, https:\/\/utfpr-ct-static-content.s3.amazonaws.com\/utfpr.curitiba.br\/wp-content\/uploads\/sites\/153\/2026\/01\/Data-Summit-apresentacao-2048x1463.jpg 2048w\" sizes=\"(max-width: 768px) 100vw, 768px\" \/><\/a>\n\t\t\t<\/div>\n\t\t\t\t<figcaption class='wp-caption-text gallery-caption' id='gallery-1-1165'>\n\t\t\t\tInova\u00e7\u00e3o Tecnol\u00f3gica\n\t\t\t\t<\/figcaption><\/figure><figure class='gallery-item'>\n\t\t\t<div class='gallery-icon landscape'>\n\t\t\t\t<a data-elementor-open-lightbox=\"yes\" data-elementor-lightbox-slideshow=\"f4e9773\" data-elementor-lightbox-title=\"muush\" data-e-action-hash=\"#elementor-action%3Aaction%3Dlightbox%26settings%3DeyJpZCI6MTc1MSwidXJsIjoiaHR0cHM6XC9cL3V0ZnByLWN0LXN0YXRpYy1jb250ZW50LnMzLmFtYXpvbmF3cy5jb21cL3V0ZnByLmN1cml0aWJhLmJyXC93cC1jb250ZW50XC91cGxvYWRzXC9zaXRlc1wvMTUzXC8yMDI2XC8wMlwvbXV1c2gtMS5qcGVnIiwic2xpZGVzaG93IjoiZjRlOTc3MyJ9\" href='https:\/\/utfpr-ct-static-content.s3.amazonaws.com\/utfpr.curitiba.br\/wp-content\/uploads\/sites\/153\/2026\/02\/muush-1.jpeg'><img loading=\"lazy\" decoding=\"async\" width=\"768\" height=\"548\" src=\"https:\/\/utfpr-ct-static-content.s3.amazonaws.com\/utfpr.curitiba.br\/wp-content\/uploads\/sites\/153\/2026\/02\/muush-1-768x548.jpeg\" class=\"attachment-medium_large size-medium_large\" alt=\"\" aria-describedby=\"gallery-1-1751\" srcset=\"https:\/\/utfpr-ct-static-content.s3.amazonaws.com\/utfpr.curitiba.br\/wp-content\/uploads\/sites\/153\/2026\/02\/muush-1-768x548.jpeg 768w, https:\/\/utfpr-ct-static-content.s3.amazonaws.com\/utfpr.curitiba.br\/wp-content\/uploads\/sites\/153\/2026\/02\/muush-1-300x214.jpeg 300w, https:\/\/utfpr-ct-static-content.s3.amazonaws.com\/utfpr.curitiba.br\/wp-content\/uploads\/sites\/153\/2026\/02\/muush-1-1024x731.jpeg 1024w, https:\/\/utfpr-ct-static-content.s3.amazonaws.com\/utfpr.curitiba.br\/wp-content\/uploads\/sites\/153\/2026\/02\/muush-1.jpeg 1080w\" sizes=\"(max-width: 768px) 100vw, 768px\" \/><\/a>\n\t\t\t<\/div>\n\t\t\t\t<figcaption class='wp-caption-text gallery-caption' id='gallery-1-1751'>\n\t\t\t\tSustentabilidade\n\t\t\t\t<\/figcaption><\/figure><figure class='gallery-item'>\n\t\t\t<div class='gallery-icon landscape'>\n\t\t\t\t<a data-elementor-open-lightbox=\"yes\" data-elementor-lightbox-slideshow=\"f4e9773\" data-elementor-lightbox-title=\"Inove -209\" data-e-action-hash=\"#elementor-action%3Aaction%3Dlightbox%26settings%3DeyJpZCI6MTE3OCwidXJsIjoiaHR0cHM6XC9cL3V0ZnByLWN0LXN0YXRpYy1jb250ZW50LnMzLmFtYXpvbmF3cy5jb21cL3V0ZnByLmN1cml0aWJhLmJyXC93cC1jb250ZW50XC91cGxvYWRzXC9zaXRlc1wvMTUzXC8yMDI2XC8wMVwvSW5vdmUtMjA5LXNjYWxlZC5qcGciLCJzbGlkZXNob3ciOiJmNGU5NzczIn0%3D\" href='https:\/\/utfpr-ct-static-content.s3.amazonaws.com\/utfpr.curitiba.br\/wp-content\/uploads\/sites\/153\/2026\/01\/Inove-209-scaled.jpg'><img loading=\"lazy\" decoding=\"async\" width=\"768\" height=\"549\" src=\"https:\/\/utfpr-ct-static-content.s3.amazonaws.com\/utfpr.curitiba.br\/wp-content\/uploads\/sites\/153\/2026\/01\/Inove-209-768x549.jpg\" class=\"attachment-medium_large size-medium_large\" alt=\"\" aria-describedby=\"gallery-1-1178\" srcset=\"https:\/\/utfpr-ct-static-content.s3.amazonaws.com\/utfpr.curitiba.br\/wp-content\/uploads\/sites\/153\/2026\/01\/Inove-209-768x549.jpg 768w, https:\/\/utfpr-ct-static-content.s3.amazonaws.com\/utfpr.curitiba.br\/wp-content\/uploads\/sites\/153\/2026\/01\/Inove-209-300x214.jpg 300w, https:\/\/utfpr-ct-static-content.s3.amazonaws.com\/utfpr.curitiba.br\/wp-content\/uploads\/sites\/153\/2026\/01\/Inove-209-1024x731.jpg 1024w, https:\/\/utfpr-ct-static-content.s3.amazonaws.com\/utfpr.curitiba.br\/wp-content\/uploads\/sites\/153\/2026\/01\/Inove-209-1536x1097.jpg 1536w, https:\/\/utfpr-ct-static-content.s3.amazonaws.com\/utfpr.curitiba.br\/wp-content\/uploads\/sites\/153\/2026\/01\/Inove-209-2048x1463.jpg 2048w\" sizes=\"(max-width: 768px) 100vw, 768px\" \/><\/a>\n\t\t\t<\/div>\n\t\t\t\t<figcaption class='wp-caption-text gallery-caption' id='gallery-1-1178'>\n\t\t\t\tCoopera\u00e7\u00e3o\n\t\t\t\t<\/figcaption><\/figure>\n\t\t<\/div>\n\t\t<\/div>\n\t\t\t\t\t\t<\/div>\n\t\t\t\t<\/div>\n\t\t\t\t\t<\/div>\n\t\t\t\t<\/div>\n\t\t\t\t<\/div>\n\t\t","protected":false},"excerpt":{"rendered":"<p>Quem Somos O UTFem \u00e9 formado por um grupo de alunos e professores da UTFPR que, voluntariamente, se prontificaram a [&hellip;]<\/p>\n","protected":false},"author":239,"featured_media":0,"parent":0,"menu_order":0,"comment_status":"closed","ping_status":"closed","template":"elementor_header_footer","meta":{"site-sidebar-layout":"default","site-content-layout":"","ast-site-content-layout":"default","site-content-style":"default","site-sidebar-style":"default","ast-global-header-display":"","ast-banner-title-visibility":"","ast-main-header-display":"","ast-hfb-above-header-display":"","ast-hfb-below-header-display":"","ast-hfb-mobile-header-display":"","site-post-title":"","ast-breadcrumbs-content":"","ast-featured-img":"","footer-sml-layout":"","ast-disable-related-posts":"","theme-transparent-header-meta":"","adv-header-id-meta":"","stick-header-meta":"","header-above-stick-meta":"","header-main-stick-meta":"","header-below-stick-meta":"","astra-migrate-meta-layouts":"default","ast-page-background-enabled":"default","ast-page-background-meta":{"desktop":{"background-color":"var(--ast-global-color-5)","background-image":"","background-repeat":"repeat","background-position":"center center","background-size":"auto","background-attachment":"scroll","background-type":"","background-media":"","overlay-type":"","overlay-color":"","overlay-opacity":"","overlay-gradient":""},"tablet":{"background-color":"","background-image":"","background-repeat":"repeat","background-position":"center center","background-size":"auto","background-attachment":"scroll","background-type":"","background-media":"","overlay-type":"","overlay-color":"","overlay-opacity":"","overlay-gradient":""},"mobile":{"background-color":"","background-image":"","background-repeat":"repeat","background-position":"center center","background-size":"auto","background-attachment":"scroll","background-type":"","background-media":"","overlay-type":"","overlay-color":"","overlay-opacity":"","overlay-gradient":""}},"ast-content-background-meta":{"desktop":{"background-color":"var(--ast-global-color-4)","background-image":"","background-repeat":"repeat","background-position":"center center","background-size":"auto","background-attachment":"scroll","background-type":"","background-media":"","overlay-type":"","overlay-color":"","overlay-opacity":"","overlay-gradient":""},"tablet":{"background-color":"var(--ast-global-color-4)","background-image":"","background-repeat":"repeat","background-position":"center center","background-size":"auto","background-attachment":"scroll","background-type":"","background-media":"","overlay-type":"","overlay-color":"","overlay-opacity":"","overlay-gradient":""},"mobile":{"background-color":"var(--ast-global-color-4)","background-image":"","background-repeat":"repeat","background-position":"center center","background-size":"auto","background-attachment":"scroll","background-type":"","background-media":"","overlay-type":"","overlay-color":"","overlay-opacity":"","overlay-gradient":""}},"footnotes":""},"class_list":["post-43","page","type-page","status-publish","hentry"],"_links":{"self":[{"href":"https:\/\/utfpr.curitiba.br\/utfem\/wp-json\/wp\/v2\/pages\/43","targetHints":{"allow":["GET"]}}],"collection":[{"href":"https:\/\/utfpr.curitiba.br\/utfem\/wp-json\/wp\/v2\/pages"}],"about":[{"href":"https:\/\/utfpr.curitiba.br\/utfem\/wp-json\/wp\/v2\/types\/page"}],"author":[{"embeddable":true,"href":"https:\/\/utfpr.curitiba.br\/utfem\/wp-json\/wp\/v2\/users\/239"}],"replies":[{"embeddable":true,"href":"https:\/\/utfpr.curitiba.br\/utfem\/wp-json\/wp\/v2\/comments?post=43"}],"version-history":[{"count":100,"href":"https:\/\/utfpr.curitiba.br\/utfem\/wp-json\/wp\/v2\/pages\/43\/revisions"}],"predecessor-version":[{"id":1890,"href":"https:\/\/utfpr.curitiba.br\/utfem\/wp-json\/wp\/v2\/pages\/43\/revisions\/1890"}],"wp:attachment":[{"href":"https:\/\/utfpr.curitiba.br\/utfem\/wp-json\/wp\/v2\/media?parent=43"}],"curies":[{"name":"wp","href":"https:\/\/api.w.org\/{rel}","templated":true}]}}