{"id":37,"date":"2019-05-10T20:07:00","date_gmt":"2019-05-10T23:07:00","guid":{"rendered":"http:\/\/tut.ct.utfpr.edu.br\/?page_id=37"},"modified":"2023-09-29T14:27:32","modified_gmt":"2023-09-29T17:27:32","slug":"historico","status":"publish","type":"page","link":"https:\/\/utfpr.curitiba.br\/tut\/index.php\/historico\/","title":{"rendered":"Hist\u00f3rico"},"content":{"rendered":"\t\t<div data-elementor-type=\"wp-page\" data-elementor-id=\"37\" class=\"elementor elementor-37\">\n\t\t\t\t\t\t<section class=\"elementor-section elementor-top-section elementor-element elementor-element-16691a4a elementor-section-boxed elementor-section-height-default elementor-section-height-default\" data-id=\"16691a4a\" data-element_type=\"section\" data-e-type=\"section\">\n\t\t\t\t\t\t<div class=\"elementor-container elementor-column-gap-default\">\n\t\t\t\t\t<div class=\"elementor-column elementor-col-100 elementor-top-column elementor-element elementor-element-3c8dda6e\" data-id=\"3c8dda6e\" data-element_type=\"column\" data-e-type=\"column\">\n\t\t\t<div class=\"elementor-widget-wrap elementor-element-populated\">\n\t\t\t\t\t\t<section class=\"elementor-section elementor-inner-section elementor-element elementor-element-bbb7bc6 elementor-section-boxed elementor-section-height-default elementor-section-height-default\" data-id=\"bbb7bc6\" data-element_type=\"section\" data-e-type=\"section\">\n\t\t\t\t\t\t<div class=\"elementor-container elementor-column-gap-default\">\n\t\t\t\t\t<div class=\"elementor-column elementor-col-50 elementor-inner-column elementor-element elementor-element-beb6dfb\" data-id=\"beb6dfb\" data-element_type=\"column\" data-e-type=\"column\">\n\t\t\t<div class=\"elementor-widget-wrap elementor-element-populated\">\n\t\t\t\t\t\t<div class=\"elementor-element elementor-element-33871ae elementor-widget elementor-widget-heading\" data-id=\"33871ae\" data-element_type=\"widget\" data-e-type=\"widget\" data-widget_type=\"heading.default\">\n\t\t\t\t<div class=\"elementor-widget-container\">\n\t\t\t\t\t<h4 class=\"elementor-heading-title elementor-size-default\">COMO TUDO <br>COME\u00c7OU?<\/h4>\t\t\t\t<\/div>\n\t\t\t\t<\/div>\n\t\t\t\t\t<\/div>\n\t\t<\/div>\n\t\t\t\t<div class=\"elementor-column elementor-col-50 elementor-inner-column elementor-element elementor-element-fc2895f\" data-id=\"fc2895f\" data-element_type=\"column\" data-e-type=\"column\">\n\t\t\t<div class=\"elementor-widget-wrap elementor-element-populated\">\n\t\t\t\t\t\t<div class=\"elementor-element elementor-element-2023c82 elementor-widget elementor-widget-text-editor\" data-id=\"2023c82\" data-element_type=\"widget\" data-e-type=\"widget\" data-widget_type=\"text-editor.default\">\n\t\t\t\t<div class=\"elementor-widget-container\">\n\t\t\t\t\t\t\t\t\t<p><strong>O TUT\u00a0<\/strong>teve seu in\u00edcio em novembro de 1972, tendo como seu primeiro professor Jos\u00e9 Maria Santos, importante personalidade do teatro profissional em Curitiba, que empresta seu nome ao teatro da Rua 13 de Maio vinculado \u00e0 Funda\u00e7\u00e3o Teatro Gua\u00edra.\u00a0<span style=\"font-size: inherit;color: var( --e-global-color-text )\">Dos 111 anos da UTFPR em 2020, por 48 anos o TUT fez parte de sua hist\u00f3ria, sendo um dos projetos teatrais mais duradouros do Brasil.<\/span><\/p>\t\t\t\t\t\t\t\t<\/div>\n\t\t\t\t<\/div>\n\t\t\t\t\t<\/div>\n\t\t<\/div>\n\t\t\t\t\t<\/div>\n\t\t<\/section>\n\t\t\t\t<section class=\"elementor-section elementor-inner-section elementor-element elementor-element-021459d elementor-section-boxed elementor-section-height-default elementor-section-height-default\" data-id=\"021459d\" data-element_type=\"section\" data-e-type=\"section\">\n\t\t\t\t\t\t<div class=\"elementor-container elementor-column-gap-default\">\n\t\t\t\t\t<div class=\"elementor-column elementor-col-50 elementor-inner-column elementor-element elementor-element-469deb5\" data-id=\"469deb5\" data-element_type=\"column\" data-e-type=\"column\">\n\t\t\t<div class=\"elementor-widget-wrap elementor-element-populated\">\n\t\t\t\t\t\t<div class=\"elementor-element elementor-element-ee98cdd elementor-widget elementor-widget-image\" data-id=\"ee98cdd\" data-element_type=\"widget\" data-e-type=\"widget\" data-widget_type=\"image.default\">\n\t\t\t\t<div class=\"elementor-widget-container\">\n\t\t\t\t\t\t\t\t\t\t\t\t<figure class=\"wp-caption\">\n\t\t\t\t\t\t\t\t\t\t<img fetchpriority=\"high\" decoding=\"async\" width=\"702\" height=\"1024\" src=\"https:\/\/utfpr-ct-static-content.s3.amazonaws.com\/utfpr.curitiba.br\/wp-content\/uploads\/sites\/52\/2021\/05\/cartaz-O-auto-da-compadecida-702x1024.jpg\" class=\"attachment-large size-large wp-image-588\" alt=\"\" srcset=\"https:\/\/utfpr-ct-static-content.s3.amazonaws.com\/utfpr.curitiba.br\/wp-content\/uploads\/sites\/52\/2021\/05\/cartaz-O-auto-da-compadecida-702x1024.jpg 702w, https:\/\/utfpr-ct-static-content.s3.amazonaws.com\/utfpr.curitiba.br\/wp-content\/uploads\/sites\/52\/2021\/05\/cartaz-O-auto-da-compadecida-206x300.jpg 206w, https:\/\/utfpr-ct-static-content.s3.amazonaws.com\/utfpr.curitiba.br\/wp-content\/uploads\/sites\/52\/2021\/05\/cartaz-O-auto-da-compadecida-768x1121.jpg 768w, https:\/\/utfpr-ct-static-content.s3.amazonaws.com\/utfpr.curitiba.br\/wp-content\/uploads\/sites\/52\/2021\/05\/cartaz-O-auto-da-compadecida-1053x1536.jpg 1053w, https:\/\/utfpr-ct-static-content.s3.amazonaws.com\/utfpr.curitiba.br\/wp-content\/uploads\/sites\/52\/2021\/05\/cartaz-O-auto-da-compadecida-1403x2048.jpg 1403w, https:\/\/utfpr-ct-static-content.s3.amazonaws.com\/utfpr.curitiba.br\/wp-content\/uploads\/sites\/52\/2021\/05\/cartaz-O-auto-da-compadecida-scaled.jpg 1754w\" sizes=\"(max-width: 702px) 100vw, 702px\" \/>\t\t\t\t\t\t\t\t\t\t\t<figcaption class=\"widget-image-caption wp-caption-text\">Cartaz do espet\u00e1culo O auto da Compadecida, encenado em 1973.<\/figcaption>\n\t\t\t\t\t\t\t\t\t\t<\/figure>\n\t\t\t\t\t\t\t\t\t<\/div>\n\t\t\t\t<\/div>\n\t\t\t\t\t<\/div>\n\t\t<\/div>\n\t\t\t\t<div class=\"elementor-column elementor-col-50 elementor-inner-column elementor-element elementor-element-6c5b8de\" data-id=\"6c5b8de\" data-element_type=\"column\" data-e-type=\"column\">\n\t\t\t<div class=\"elementor-widget-wrap elementor-element-populated\">\n\t\t\t\t\t\t<div class=\"elementor-element elementor-element-ac8ee8b elementor-widget elementor-widget-text-editor\" data-id=\"ac8ee8b\" data-element_type=\"widget\" data-e-type=\"widget\" data-widget_type=\"text-editor.default\">\n\t\t\t\t<div class=\"elementor-widget-container\">\n\t\t\t\t\t\t\t\t\t<p>Em seus 48 anos, o TUT teve diferentes nomes, conforme a institui\u00e7\u00e3o tamb\u00e9m foi se alterando:<\/p><p><b>TETEF <\/b>&#8211; Teatro da Escola T\u00e9cnica Federal (1972 \u2013 1978);<\/p><p><b>TECEFET<\/b> &#8211; Teatro do CEFET (1978 \u2013 2005);<\/p><p><b>TUT<\/b> &#8211; Teatro da Universidade Tecnol\u00f3gica &#8211; Campus Curitiba (desde 2005).<\/p><p>Diferentes professores-diretores de teatro j\u00e1 estiveram \u00e0 frente do projeto:<\/p><p><b>\u00a0 \u00a0 \u2022\u00a0 <\/b>Jos\u00e9 Maria Santos (1972 a 1990);<\/p><p><b>\u00a0 \u00a0 \u2022\u00a0 <\/b>Joana Rolim (1990 a 1997);<\/p><p><b>\u00a0 \u00a0 \u2022\u00a0 <\/b>Cleonice de Queir\u00f3z (1998 a 2003);<\/p><p><b>\u00a0 \u00a0 \u2022\u00a0 <\/b>Mar\u00edlia Gomes Ferreira (2003 a 2005);<\/p><p><b>\u00a0 \u00a0 \u2022\u00a0 <\/b>Ismael Scheffler (2005-2010);<\/p><p><b>\u00a0 \u00a0 \u2022\u00a0 <\/b>Cau\u00ea Kr\u00fcger (2010 e 2011);<\/p><p><b>\u00a0 \u00a0 \u2022\u00a0 <\/b>Elderson Melo de Miranda (2012);<\/p><p><b>\u00a0 \u00a0 \u2022\u00a0 <\/b>Scheffler (2013-2015; 2018 \u00e0 atualidade)<\/p><div><\/div>\t\t\t\t\t\t\t\t<\/div>\n\t\t\t\t<\/div>\n\t\t\t\t\t<\/div>\n\t\t<\/div>\n\t\t\t\t\t<\/div>\n\t\t<\/section>\n\t\t\t\t<div class=\"elementor-element elementor-element-6bbb154 elementor-widget elementor-widget-image\" data-id=\"6bbb154\" data-element_type=\"widget\" data-e-type=\"widget\" data-widget_type=\"image.default\">\n\t\t\t\t<div class=\"elementor-widget-container\">\n\t\t\t\t\t\t\t\t\t\t\t\t\t\t\t<img decoding=\"async\" width=\"750\" height=\"219\" src=\"https:\/\/utfpr-ct-static-content.s3.amazonaws.com\/utfpr.curitiba.br\/wp-content\/uploads\/sites\/52\/2022\/12\/AF_recortes_personagens_page-0001-1024x299.png\" class=\"attachment-large size-large wp-image-1202\" alt=\"\" srcset=\"https:\/\/utfpr-ct-static-content.s3.amazonaws.com\/utfpr.curitiba.br\/wp-content\/uploads\/sites\/52\/2022\/12\/AF_recortes_personagens_page-0001-1024x299.png 1024w, https:\/\/utfpr-ct-static-content.s3.amazonaws.com\/utfpr.curitiba.br\/wp-content\/uploads\/sites\/52\/2022\/12\/AF_recortes_personagens_page-0001-300x88.png 300w, https:\/\/utfpr-ct-static-content.s3.amazonaws.com\/utfpr.curitiba.br\/wp-content\/uploads\/sites\/52\/2022\/12\/AF_recortes_personagens_page-0001-768x224.png 768w, https:\/\/utfpr-ct-static-content.s3.amazonaws.com\/utfpr.curitiba.br\/wp-content\/uploads\/sites\/52\/2022\/12\/AF_recortes_personagens_page-0001-1536x449.png 1536w, https:\/\/utfpr-ct-static-content.s3.amazonaws.com\/utfpr.curitiba.br\/wp-content\/uploads\/sites\/52\/2022\/12\/AF_recortes_personagens_page-0001-2048x598.png 2048w\" sizes=\"(max-width: 750px) 100vw, 750px\" \/>\t\t\t\t\t\t\t\t\t\t\t\t\t\t\t<\/div>\n\t\t\t\t<\/div>\n\t\t\t\t\t<\/div>\n\t\t<\/div>\n\t\t\t\t\t<\/div>\n\t\t<\/section>\n\t\t\t\t<section class=\"elementor-section elementor-top-section elementor-element elementor-element-fad27ba elementor-section-boxed elementor-section-height-default elementor-section-height-default\" data-id=\"fad27ba\" data-element_type=\"section\" data-e-type=\"section\">\n\t\t\t\t\t\t<div class=\"elementor-container elementor-column-gap-default\">\n\t\t\t\t\t<div class=\"elementor-column elementor-col-100 elementor-top-column elementor-element elementor-element-69776b0\" data-id=\"69776b0\" data-element_type=\"column\" data-e-type=\"column\">\n\t\t\t<div class=\"elementor-widget-wrap elementor-element-populated\">\n\t\t\t\t\t\t<div class=\"elementor-element elementor-element-6bcd41f elementor-widget elementor-widget-text-editor\" data-id=\"6bcd41f\" data-element_type=\"widget\" data-e-type=\"widget\" data-widget_type=\"text-editor.default\">\n\t\t\t\t<div class=\"elementor-widget-container\">\n\t\t\t\t\t\t\t\t\t<p>Quer conhecer mais detalhes da hist\u00f3ria? Confira os demais materiais:<\/p>\t\t\t\t\t\t\t\t<\/div>\n\t\t\t\t<\/div>\n\t\t\t\t\t<\/div>\n\t\t<\/div>\n\t\t\t\t\t<\/div>\n\t\t<\/section>\n\t\t\t\t<section class=\"elementor-section elementor-top-section elementor-element elementor-element-76397d8 elementor-section-boxed elementor-section-height-default elementor-section-height-default\" data-id=\"76397d8\" data-element_type=\"section\" data-e-type=\"section\">\n\t\t\t\t\t\t<div class=\"elementor-container elementor-column-gap-default\">\n\t\t\t\t\t<div class=\"elementor-column elementor-col-33 elementor-top-column elementor-element elementor-element-7c55f11\" data-id=\"7c55f11\" data-element_type=\"column\" data-e-type=\"column\">\n\t\t\t<div class=\"elementor-widget-wrap elementor-element-populated\">\n\t\t\t\t\t\t<div class=\"elementor-element elementor-element-0aa625f elementor-widget elementor-widget-image\" data-id=\"0aa625f\" data-element_type=\"widget\" data-e-type=\"widget\" data-widget_type=\"image.default\">\n\t\t\t\t<div class=\"elementor-widget-container\">\n\t\t\t\t\t\t\t\t\t\t\t\t\t\t\t<img decoding=\"async\" width=\"750\" height=\"436\" src=\"https:\/\/utfpr-ct-static-content.s3.amazonaws.com\/utfpr.curitiba.br\/wp-content\/uploads\/sites\/52\/2022\/12\/50-anos-1-1024x595.png\" class=\"attachment-large size-large wp-image-1189\" alt=\"\" srcset=\"https:\/\/utfpr-ct-static-content.s3.amazonaws.com\/utfpr.curitiba.br\/wp-content\/uploads\/sites\/52\/2022\/12\/50-anos-1-1024x595.png 1024w, https:\/\/utfpr-ct-static-content.s3.amazonaws.com\/utfpr.curitiba.br\/wp-content\/uploads\/sites\/52\/2022\/12\/50-anos-1-300x174.png 300w, https:\/\/utfpr-ct-static-content.s3.amazonaws.com\/utfpr.curitiba.br\/wp-content\/uploads\/sites\/52\/2022\/12\/50-anos-1-768x447.png 768w, https:\/\/utfpr-ct-static-content.s3.amazonaws.com\/utfpr.curitiba.br\/wp-content\/uploads\/sites\/52\/2022\/12\/50-anos-1.png 1080w\" sizes=\"(max-width: 750px) 100vw, 750px\" \/>\t\t\t\t\t\t\t\t\t\t\t\t\t\t\t<\/div>\n\t\t\t\t<\/div>\n\t\t\t\t\t<\/div>\n\t\t<\/div>\n\t\t\t\t<div class=\"elementor-column elementor-col-66 elementor-top-column elementor-element elementor-element-c2ff1d9\" data-id=\"c2ff1d9\" data-element_type=\"column\" data-e-type=\"column\">\n\t\t\t<div class=\"elementor-widget-wrap elementor-element-populated\">\n\t\t\t\t\t\t<div class=\"elementor-element elementor-element-1bbde5f elementor-widget elementor-widget-text-editor\" data-id=\"1bbde5f\" data-element_type=\"widget\" data-e-type=\"widget\" data-widget_type=\"text-editor.default\">\n\t\t\t\t<div class=\"elementor-widget-container\">\n\t\t\t\t\t\t\t\t\t<p><strong style=\"color: #40403f;font-size: 14px;text-align: justify\"><a href=\"https:\/\/utfpr.curitiba.br\/memoriatut\/\">\u00c1lbum Virtual de Fotografias do TUT<\/a><\/strong><\/p>\t\t\t\t\t\t\t\t<\/div>\n\t\t\t\t<\/div>\n\t\t\t\t\t<\/div>\n\t\t<\/div>\n\t\t\t\t\t<\/div>\n\t\t<\/section>\n\t\t\t\t<section class=\"elementor-section elementor-top-section elementor-element elementor-element-b8600df elementor-section-boxed elementor-section-height-default elementor-section-height-default\" data-id=\"b8600df\" data-element_type=\"section\" data-e-type=\"section\">\n\t\t\t\t\t\t<div class=\"elementor-container elementor-column-gap-default\">\n\t\t\t\t\t<div class=\"elementor-column elementor-col-33 elementor-top-column elementor-element elementor-element-2efd589\" data-id=\"2efd589\" data-element_type=\"column\" data-e-type=\"column\">\n\t\t\t<div class=\"elementor-widget-wrap elementor-element-populated\">\n\t\t\t\t\t\t<div class=\"elementor-element elementor-element-56c49ac elementor-widget elementor-widget-image\" data-id=\"56c49ac\" data-element_type=\"widget\" data-e-type=\"widget\" data-widget_type=\"image.default\">\n\t\t\t\t<div class=\"elementor-widget-container\">\n\t\t\t\t\t\t\t\t\t\t\t\t\t\t\t<img loading=\"lazy\" decoding=\"async\" width=\"750\" height=\"422\" src=\"https:\/\/utfpr-ct-static-content.s3.amazonaws.com\/utfpr.curitiba.br\/wp-content\/uploads\/sites\/52\/2022\/12\/V10-1-1024x576.png\" class=\"attachment-large size-large wp-image-1127\" alt=\"\" srcset=\"https:\/\/utfpr-ct-static-content.s3.amazonaws.com\/utfpr.curitiba.br\/wp-content\/uploads\/sites\/52\/2022\/12\/V10-1-1024x576.png 1024w, https:\/\/utfpr-ct-static-content.s3.amazonaws.com\/utfpr.curitiba.br\/wp-content\/uploads\/sites\/52\/2022\/12\/V10-1-300x169.png 300w, https:\/\/utfpr-ct-static-content.s3.amazonaws.com\/utfpr.curitiba.br\/wp-content\/uploads\/sites\/52\/2022\/12\/V10-1-768x432.png 768w, https:\/\/utfpr-ct-static-content.s3.amazonaws.com\/utfpr.curitiba.br\/wp-content\/uploads\/sites\/52\/2022\/12\/V10-1-1536x864.png 1536w, https:\/\/utfpr-ct-static-content.s3.amazonaws.com\/utfpr.curitiba.br\/wp-content\/uploads\/sites\/52\/2022\/12\/V10-1.png 1920w\" sizes=\"(max-width: 750px) 100vw, 750px\" \/>\t\t\t\t\t\t\t\t\t\t\t\t\t\t\t<\/div>\n\t\t\t\t<\/div>\n\t\t\t\t\t<\/div>\n\t\t<\/div>\n\t\t\t\t<div class=\"elementor-column elementor-col-66 elementor-top-column elementor-element elementor-element-e8d878f\" data-id=\"e8d878f\" data-element_type=\"column\" data-e-type=\"column\">\n\t\t\t<div class=\"elementor-widget-wrap elementor-element-populated\">\n\t\t\t\t\t\t<div class=\"elementor-element elementor-element-f7f5ae3 elementor-widget elementor-widget-text-editor\" data-id=\"f7f5ae3\" data-element_type=\"widget\" data-e-type=\"widget\" data-widget_type=\"text-editor.default\">\n\t\t\t\t<div class=\"elementor-widget-container\">\n\t\t\t\t\t\t\t\t\t<p><strong style=\"color: #40403f;font-size: 14px;text-align: justify\"><a href=\"https:\/\/www.youtube.com\/watch?v=El-y-1ctfD8\">Document\u00e1rio &#8220;Fotografias de Teatro: Os \u00e1lbuns fotogr\u00e1ficos do TUT&#8221;<\/a><\/strong><\/p>\t\t\t\t\t\t\t\t<\/div>\n\t\t\t\t<\/div>\n\t\t\t\t\t<\/div>\n\t\t<\/div>\n\t\t\t\t\t<\/div>\n\t\t<\/section>\n\t\t\t\t<section class=\"elementor-section elementor-top-section elementor-element elementor-element-ec31e8e elementor-section-boxed elementor-section-height-default elementor-section-height-default\" data-id=\"ec31e8e\" data-element_type=\"section\" data-e-type=\"section\">\n\t\t\t\t\t\t<div class=\"elementor-container elementor-column-gap-default\">\n\t\t\t\t\t<div class=\"elementor-column elementor-col-33 elementor-top-column elementor-element elementor-element-e578edf\" data-id=\"e578edf\" data-element_type=\"column\" data-e-type=\"column\">\n\t\t\t<div class=\"elementor-widget-wrap elementor-element-populated\">\n\t\t\t\t\t\t<div class=\"elementor-element elementor-element-2c1b33c elementor-widget elementor-widget-image\" data-id=\"2c1b33c\" data-element_type=\"widget\" data-e-type=\"widget\" data-widget_type=\"image.default\">\n\t\t\t\t<div class=\"elementor-widget-container\">\n\t\t\t\t\t\t\t\t\t\t\t\t\t\t\t<img loading=\"lazy\" decoding=\"async\" width=\"750\" height=\"422\" src=\"https:\/\/utfpr-ct-static-content.s3.amazonaws.com\/utfpr.curitiba.br\/wp-content\/uploads\/sites\/52\/2022\/12\/WhatsApp-Image-2022-11-24-at-09.31.25-1024x576.jpeg\" class=\"attachment-large size-large wp-image-1137\" alt=\"\" srcset=\"https:\/\/utfpr-ct-static-content.s3.amazonaws.com\/utfpr.curitiba.br\/wp-content\/uploads\/sites\/52\/2022\/12\/WhatsApp-Image-2022-11-24-at-09.31.25-1024x576.jpeg 1024w, https:\/\/utfpr-ct-static-content.s3.amazonaws.com\/utfpr.curitiba.br\/wp-content\/uploads\/sites\/52\/2022\/12\/WhatsApp-Image-2022-11-24-at-09.31.25-300x169.jpeg 300w, https:\/\/utfpr-ct-static-content.s3.amazonaws.com\/utfpr.curitiba.br\/wp-content\/uploads\/sites\/52\/2022\/12\/WhatsApp-Image-2022-11-24-at-09.31.25-768x432.jpeg 768w, https:\/\/utfpr-ct-static-content.s3.amazonaws.com\/utfpr.curitiba.br\/wp-content\/uploads\/sites\/52\/2022\/12\/WhatsApp-Image-2022-11-24-at-09.31.25-1536x864.jpeg 1536w, https:\/\/utfpr-ct-static-content.s3.amazonaws.com\/utfpr.curitiba.br\/wp-content\/uploads\/sites\/52\/2022\/12\/WhatsApp-Image-2022-11-24-at-09.31.25.jpeg 1600w\" sizes=\"(max-width: 750px) 100vw, 750px\" \/>\t\t\t\t\t\t\t\t\t\t\t\t\t\t\t<\/div>\n\t\t\t\t<\/div>\n\t\t\t\t\t<\/div>\n\t\t<\/div>\n\t\t\t\t<div class=\"elementor-column elementor-col-66 elementor-top-column elementor-element elementor-element-9c7c7b4\" data-id=\"9c7c7b4\" data-element_type=\"column\" data-e-type=\"column\">\n\t\t\t<div class=\"elementor-widget-wrap elementor-element-populated\">\n\t\t\t\t\t\t<div class=\"elementor-element elementor-element-c343b97 elementor-widget elementor-widget-text-editor\" data-id=\"c343b97\" data-element_type=\"widget\" data-e-type=\"widget\" data-widget_type=\"text-editor.default\">\n\t\t\t\t<div class=\"elementor-widget-container\">\n\t\t\t\t\t\t\t\t\t<p><strong style=\"color: #40403f;font-size: 14px;text-align: justify\"><a href=\"https:\/\/www.youtube.com\/watch?v=o1F2HfZpDEo\">Exposi\u00e7\u00e3o &#8220;TUT 50 anos: o teatro atrav\u00e9s do tempo&#8221;<\/a><\/strong><\/p>\t\t\t\t\t\t\t\t<\/div>\n\t\t\t\t<\/div>\n\t\t\t\t\t<\/div>\n\t\t<\/div>\n\t\t\t\t\t<\/div>\n\t\t<\/section>\n\t\t\t\t<section class=\"elementor-section elementor-top-section elementor-element elementor-element-23345eb elementor-section-boxed elementor-section-height-default elementor-section-height-default\" data-id=\"23345eb\" data-element_type=\"section\" data-e-type=\"section\">\n\t\t\t\t\t\t<div class=\"elementor-container elementor-column-gap-default\">\n\t\t\t\t\t<div class=\"elementor-column elementor-col-33 elementor-top-column elementor-element elementor-element-5eaaf57\" data-id=\"5eaaf57\" data-element_type=\"column\" data-e-type=\"column\">\n\t\t\t<div class=\"elementor-widget-wrap\">\n\t\t\t\t\t\t\t<\/div>\n\t\t<\/div>\n\t\t\t\t<div class=\"elementor-column elementor-col-66 elementor-top-column elementor-element elementor-element-9c7c79c\" data-id=\"9c7c79c\" data-element_type=\"column\" data-e-type=\"column\">\n\t\t\t<div class=\"elementor-widget-wrap elementor-element-populated\">\n\t\t\t\t\t\t<div class=\"elementor-element elementor-element-2beee9b elementor-widget elementor-widget-text-editor\" data-id=\"2beee9b\" data-element_type=\"widget\" data-e-type=\"widget\" data-widget_type=\"text-editor.default\">\n\t\t\t\t<div class=\"elementor-widget-container\">\n\t\t\t\t\t\t\t\t\t<p style=\"font-size: 14px;color: #40403f;text-align: justify\"><span style=\"font-weight: bold;color: #000000\">Galeria Jos\u00e9 Maria Santos<\/span><\/p><div style=\"color: #40403f;font-size: 14px;text-align: justify\"><p>O corredor ao lado do Audit\u00f3rio da UTFPR que acolhe j\u00e1 h\u00e1 v\u00e1rias d\u00e9cadas a Exposi\u00e7\u00e3o Permanente de Cartazes dos Espet\u00e1culos do TUT foi revitalizado tornando-se a Galeria Jos\u00e9 Maria Santos, marcando os 50 anos de funda\u00e7\u00e3o do TUT e prestando uma homenagem a seu fundador.<\/p><\/div>\t\t\t\t\t\t\t\t<\/div>\n\t\t\t\t<\/div>\n\t\t\t\t\t<\/div>\n\t\t<\/div>\n\t\t\t\t\t<\/div>\n\t\t<\/section>\n\t\t\t\t<section class=\"elementor-section elementor-top-section elementor-element elementor-element-8d9d246 elementor-section-boxed elementor-section-height-default elementor-section-height-default\" data-id=\"8d9d246\" data-element_type=\"section\" data-e-type=\"section\">\n\t\t\t\t\t\t<div class=\"elementor-container elementor-column-gap-default\">\n\t\t\t\t\t<div class=\"elementor-column elementor-col-33 elementor-top-column elementor-element elementor-element-5ca2adf\" data-id=\"5ca2adf\" data-element_type=\"column\" data-e-type=\"column\">\n\t\t\t<div class=\"elementor-widget-wrap\">\n\t\t\t\t\t\t\t<\/div>\n\t\t<\/div>\n\t\t\t\t<div class=\"elementor-column elementor-col-66 elementor-top-column elementor-element elementor-element-04cd67a\" data-id=\"04cd67a\" data-element_type=\"column\" data-e-type=\"column\">\n\t\t\t<div class=\"elementor-widget-wrap elementor-element-populated\">\n\t\t\t\t\t\t<div class=\"elementor-element elementor-element-904070a elementor-widget elementor-widget-text-editor\" data-id=\"904070a\" data-element_type=\"widget\" data-e-type=\"widget\" data-widget_type=\"text-editor.default\">\n\t\t\t\t<div class=\"elementor-widget-container\">\n\t\t\t\t\t\t\t\t\t<p><strong style=\"color: #40403f;font-size: 14px;text-align: justify\"><a href=\"https:\/\/utfpr.curitiba.br\/tut\/index.php\/publicacoes\/\">Publica\u00e7\u00f5es gratuitas &#8211; TUT<\/a><\/strong><\/p>\t\t\t\t\t\t\t\t<\/div>\n\t\t\t\t<\/div>\n\t\t\t\t\t<\/div>\n\t\t<\/div>\n\t\t\t\t\t<\/div>\n\t\t<\/section>\n\t\t\t\t<section class=\"elementor-section elementor-top-section elementor-element elementor-element-90a7b31 elementor-section-boxed elementor-section-height-default elementor-section-height-default\" data-id=\"90a7b31\" data-element_type=\"section\" data-e-type=\"section\">\n\t\t\t\t\t\t<div class=\"elementor-container elementor-column-gap-default\">\n\t\t\t\t\t<div class=\"elementor-column elementor-col-100 elementor-top-column elementor-element elementor-element-2bbcf18\" data-id=\"2bbcf18\" data-element_type=\"column\" data-e-type=\"column\">\n\t\t\t<div class=\"elementor-widget-wrap\">\n\t\t\t\t\t\t\t<\/div>\n\t\t<\/div>\n\t\t\t\t\t<\/div>\n\t\t<\/section>\n\t\t\t\t<\/div>\n\t\t","protected":false},"excerpt":{"rendered":"<p>COMO TUDO COME\u00c7OU? O TUT\u00a0teve seu in\u00edcio em novembro de 1972, tendo como seu primeiro professor Jos\u00e9 Maria Santos, importante personalidade do teatro profissional em Curitiba, que empresta seu nome ao teatro da Rua 13 de Maio vinculado \u00e0 Funda\u00e7\u00e3o Teatro Gua\u00edra.\u00a0Dos 111 anos da UTFPR em 2020, por 48 [&hellip;]<\/p>\n","protected":false},"author":4,"featured_media":0,"parent":0,"menu_order":0,"comment_status":"closed","ping_status":"closed","template":"","meta":{"footnotes":""},"class_list":["post-37","page","type-page","status-publish","hentry"],"_links":{"self":[{"href":"https:\/\/utfpr.curitiba.br\/tut\/index.php\/wp-json\/wp\/v2\/pages\/37","targetHints":{"allow":["GET"]}}],"collection":[{"href":"https:\/\/utfpr.curitiba.br\/tut\/index.php\/wp-json\/wp\/v2\/pages"}],"about":[{"href":"https:\/\/utfpr.curitiba.br\/tut\/index.php\/wp-json\/wp\/v2\/types\/page"}],"author":[{"embeddable":true,"href":"https:\/\/utfpr.curitiba.br\/tut\/index.php\/wp-json\/wp\/v2\/users\/4"}],"replies":[{"embeddable":true,"href":"https:\/\/utfpr.curitiba.br\/tut\/index.php\/wp-json\/wp\/v2\/comments?post=37"}],"version-history":[{"count":102,"href":"https:\/\/utfpr.curitiba.br\/tut\/index.php\/wp-json\/wp\/v2\/pages\/37\/revisions"}],"predecessor-version":[{"id":1293,"href":"https:\/\/utfpr.curitiba.br\/tut\/index.php\/wp-json\/wp\/v2\/pages\/37\/revisions\/1293"}],"wp:attachment":[{"href":"https:\/\/utfpr.curitiba.br\/tut\/index.php\/wp-json\/wp\/v2\/media?parent=37"}],"curies":[{"name":"wp","href":"https:\/\/api.w.org\/{rel}","templated":true}]}}