{"id":36,"date":"2019-05-10T20:07:00","date_gmt":"2019-05-10T23:07:00","guid":{"rendered":"http:\/\/tut.ct.utfpr.edu.br\/?page_id=36"},"modified":"2023-09-19T16:44:41","modified_gmt":"2023-09-19T19:44:41","slug":"acoes","status":"publish","type":"page","link":"https:\/\/utfpr.curitiba.br\/tut\/index.php\/acoes\/","title":{"rendered":"A\u00e7\u00f5es"},"content":{"rendered":"\n<p>O TUT \u00e9 mais que um grupo de teatro!<\/p>\n\n\n\n<p>O TUT oferece atividades diversificadas, como cursos abertos gratuitos, palestras, eventos, exposi\u00e7\u00f5es, projetos envolvendo temas de atua\u00e7\u00e3o teatral e em rela\u00e7\u00e3o com design c\u00eanico. Al\u00e9m disso, nossas atividades s\u00e3o abertas para a comunidade interna e externa. <\/p>\n\n\n\n<p>Ficou interessado? Acompanhe, ent\u00e3o, nossa programa\u00e7\u00e3o atrav\u00e9s do <a href=\"https:\/\/www.instagram.com\/tut.teatro\/\" target=\"_blank\" rel=\"noreferrer noopener\">Instagram<\/a> e <a rel=\"noreferrer noopener\" href=\"https:\/\/www.facebook.com\/tut.utfpr\" target=\"_blank\">Facebook<\/a>. <\/p>\n\n\n\n<p>Ademais, tem muita coisa dispon\u00edvel em nossas playlist no <a rel=\"noreferrer noopener\" href=\"https:\/\/www.youtube.com\/channel\/UCalKgMC_46nwXh5GxOxRTDQ\" target=\"_blank\">YouTube<\/a>.<\/p>\n\n\n\n<p>Siga l\u00e1, fique por dentro e participe!<\/p>\n\n\n\n<figure class=\"wp-block-image size-large\"><img fetchpriority=\"high\" decoding=\"async\" width=\"1024\" height=\"683\" src=\"https:\/\/utfpr-ct-static-content.s3.amazonaws.com\/utfpr.curitiba.br\/wp-content\/uploads\/sites\/52\/2022\/04\/IMG_6744-2-1024x683.jpg\" alt=\"\" class=\"wp-image-825\" srcset=\"https:\/\/utfpr-ct-static-content.s3.amazonaws.com\/utfpr.curitiba.br\/wp-content\/uploads\/sites\/52\/2022\/04\/IMG_6744-2-1024x683.jpg 1024w, https:\/\/utfpr-ct-static-content.s3.amazonaws.com\/utfpr.curitiba.br\/wp-content\/uploads\/sites\/52\/2022\/04\/IMG_6744-2-300x200.jpg 300w, https:\/\/utfpr-ct-static-content.s3.amazonaws.com\/utfpr.curitiba.br\/wp-content\/uploads\/sites\/52\/2022\/04\/IMG_6744-2-768x512.jpg 768w, https:\/\/utfpr-ct-static-content.s3.amazonaws.com\/utfpr.curitiba.br\/wp-content\/uploads\/sites\/52\/2022\/04\/IMG_6744-2-1536x1024.jpg 1536w, https:\/\/utfpr-ct-static-content.s3.amazonaws.com\/utfpr.curitiba.br\/wp-content\/uploads\/sites\/52\/2022\/04\/IMG_6744-2-2048x1365.jpg 2048w, https:\/\/utfpr-ct-static-content.s3.amazonaws.com\/utfpr.curitiba.br\/wp-content\/uploads\/sites\/52\/2022\/04\/IMG_6744-2-360x240.jpg 360w\" sizes=\"(max-width: 1024px) 100vw, 1024px\" \/><figcaption class=\"wp-element-caption\"> Espet\u00e1culo <em>Babel<\/em>, em 2013, com texto e dire\u00e7\u00e3o de Ismael Scheffler.<\/figcaption><\/figure>\n","protected":false},"excerpt":{"rendered":"<p>O TUT \u00e9 mais que um grupo de teatro! O TUT oferece atividades diversificadas, como cursos abertos gratuitos, palestras, eventos, exposi\u00e7\u00f5es, projetos envolvendo temas de atua\u00e7\u00e3o teatral e em rela\u00e7\u00e3o com design c\u00eanico. Al\u00e9m disso, nossas atividades s\u00e3o abertas para a comunidade interna e externa. Ficou interessado? Acompanhe, ent\u00e3o, nossa [&hellip;]<\/p>\n","protected":false},"author":4,"featured_media":0,"parent":0,"menu_order":0,"comment_status":"closed","ping_status":"closed","template":"","meta":{"footnotes":""},"class_list":["post-36","page","type-page","status-publish","hentry"],"_links":{"self":[{"href":"https:\/\/utfpr.curitiba.br\/tut\/index.php\/wp-json\/wp\/v2\/pages\/36","targetHints":{"allow":["GET"]}}],"collection":[{"href":"https:\/\/utfpr.curitiba.br\/tut\/index.php\/wp-json\/wp\/v2\/pages"}],"about":[{"href":"https:\/\/utfpr.curitiba.br\/tut\/index.php\/wp-json\/wp\/v2\/types\/page"}],"author":[{"embeddable":true,"href":"https:\/\/utfpr.curitiba.br\/tut\/index.php\/wp-json\/wp\/v2\/users\/4"}],"replies":[{"embeddable":true,"href":"https:\/\/utfpr.curitiba.br\/tut\/index.php\/wp-json\/wp\/v2\/comments?post=36"}],"version-history":[{"count":6,"href":"https:\/\/utfpr.curitiba.br\/tut\/index.php\/wp-json\/wp\/v2\/pages\/36\/revisions"}],"predecessor-version":[{"id":1288,"href":"https:\/\/utfpr.curitiba.br\/tut\/index.php\/wp-json\/wp\/v2\/pages\/36\/revisions\/1288"}],"wp:attachment":[{"href":"https:\/\/utfpr.curitiba.br\/tut\/index.php\/wp-json\/wp\/v2\/media?parent=36"}],"curies":[{"name":"wp","href":"https:\/\/api.w.org\/{rel}","templated":true}]}}