{"id":221,"date":"2021-03-25T18:24:34","date_gmt":"2021-03-25T21:24:34","guid":{"rendered":"https:\/\/tut.ct.utfpr.edu.br\/index.php\/hestia-front\/"},"modified":"2026-02-20T15:21:39","modified_gmt":"2026-02-20T18:21:39","slug":"home","status":"publish","type":"page","link":"https:\/\/utfpr.curitiba.br\/tut\/","title":{"rendered":"Home"},"content":{"rendered":"<p><img loading=\"lazy\" decoding=\"async\" width=\"265\" height=\"300\" src=\"https:\/\/utfpr-ct-static-content.s3.amazonaws.com\/utfpr.curitiba.br\/wp-content\/uploads\/sites\/52\/2019\/07\/IMG_20190320_201104684_HDR-265x300.jpg\" alt=\"\" loading=\"lazy\" \/>\t\t\t\t\t\t\t\t\t\t\t\t\t\t\t<\/p>\n<h4>QUEM SOMOS N\u00d3S?<\/h4>\n<p>O Teatro da UTFPR (TUT) \u00e9 um projeto institucional de extens\u00e3o que\u00a0teve seu in\u00edcio em novembro de 1972 e que oferece diferentes atividades formativas, como oficinas, eventos cient\u00edficos e palestras, clubes de cinema, promove espet\u00e1culos na UTFPR, bem como realiza produ\u00e7\u00f5es teatrais pr\u00f3prias.<\/p>\n<p>Nossas atividades s\u00e3o abertas para a comunidade interna e externa. Com rela\u00e7\u00e3o \u00e0s sele\u00e7\u00f5es de elenco, as inscri\u00e7\u00f5es se d\u00e3o por meio de editais que s\u00e3o divulgados, tamb\u00e9m, por meio do nosso <a href=\"https:\/\/www.instagram.com\/tut.teatro\/\">Instagram<\/a>, assim como as nossas oficinas e demais atividades.<\/p>\n<h5>CONFIRA AS NOSSAS REDES SOCIAIS!<\/h5>\n<p>\t\t\t<a href=\"https:\/\/www.instagram.com\/tut.teatro\/\"><br \/>\n\t\t\t\t\t\t<\/a><\/p>\n<h6>Instagram<\/h6>\n<p>@TUT.TEATRO<\/p>\n<p>\t\t\t<a href=\"https:\/\/www.facebook.com\/tut.utfpr\/\"><br \/>\n\t\t\t\t\t\t<\/a><\/p>\n<h6>Facebook<\/h6>\n<p>\/TUT.UTFPR<\/p>\n<p>\t\t\t<a href=\"https:\/\/www.youtube.com\/channel\/UCalKgMC_46nwXh5GxOxRTDQ\"><br \/>\n\t\t\t\t\t\t<\/a><\/p>\n<h6>Youtube<\/h6>\n<p>\/TUT_TEATRO<\/p>\n<p>\t\t\t\t\t\t\t\t\t\t\t\t\t\t\t<img loading=\"lazy\" decoding=\"async\" width=\"750\" height=\"294\" src=\"https:\/\/utfpr-ct-static-content.s3.amazonaws.com\/utfpr.curitiba.br\/wp-content\/uploads\/sites\/52\/2022\/11\/AF_DADIN-2-1024x401.png\" alt=\"\" loading=\"lazy\" \/><br \/>\n\t\t\t\t\t\t\t\t\t\t\t\t\t\t\t<img loading=\"lazy\" decoding=\"async\" width=\"568\" height=\"543\" src=\"https:\/\/utfpr-ct-static-content.s3.amazonaws.com\/utfpr.curitiba.br\/wp-content\/uploads\/sites\/52\/2022\/11\/selo-prioritauria-rgb-72dpi-1.png\" alt=\"\" loading=\"lazy\" \/><br \/>\n\t\t\t\t\t\t\t\t\t\t\t\t\t\t\t<img loading=\"lazy\" decoding=\"async\" width=\"750\" height=\"298\" src=\"https:\/\/utfpr-ct-static-content.s3.amazonaws.com\/utfpr.curitiba.br\/wp-content\/uploads\/sites\/52\/2022\/11\/efcf9caf-6d29-4c24-8266-0b7366ea3a40.png\" alt=\"\" loading=\"lazy\" \/><\/p>\n","protected":false},"excerpt":{"rendered":"<p>QUEM SOMOS N\u00d3S? O Teatro da UTFPR (TUT) \u00e9 um projeto institucional de extens\u00e3o que\u00a0teve seu in\u00edcio em novembro de 1972 e que oferece diferentes atividades formativas, como oficinas, eventos cient\u00edficos e palestras, clubes de cinema, promove espet\u00e1culos na UTFPR, bem como realiza produ\u00e7\u00f5es teatrais pr\u00f3prias. Nossas atividades s\u00e3o abertas [&hellip;]<\/p>\n","protected":false},"author":1,"featured_media":0,"parent":0,"menu_order":0,"comment_status":"closed","ping_status":"closed","template":"","meta":{"footnotes":""},"class_list":["post-221","page","type-page","status-publish","hentry"],"_links":{"self":[{"href":"https:\/\/utfpr.curitiba.br\/tut\/index.php\/wp-json\/wp\/v2\/pages\/221","targetHints":{"allow":["GET"]}}],"collection":[{"href":"https:\/\/utfpr.curitiba.br\/tut\/index.php\/wp-json\/wp\/v2\/pages"}],"about":[{"href":"https:\/\/utfpr.curitiba.br\/tut\/index.php\/wp-json\/wp\/v2\/types\/page"}],"author":[{"embeddable":true,"href":"https:\/\/utfpr.curitiba.br\/tut\/index.php\/wp-json\/wp\/v2\/users\/1"}],"replies":[{"embeddable":true,"href":"https:\/\/utfpr.curitiba.br\/tut\/index.php\/wp-json\/wp\/v2\/comments?post=221"}],"version-history":[{"count":59,"href":"https:\/\/utfpr.curitiba.br\/tut\/index.php\/wp-json\/wp\/v2\/pages\/221\/revisions"}],"predecessor-version":[{"id":1287,"href":"https:\/\/utfpr.curitiba.br\/tut\/index.php\/wp-json\/wp\/v2\/pages\/221\/revisions\/1287"}],"wp:attachment":[{"href":"https:\/\/utfpr.curitiba.br\/tut\/index.php\/wp-json\/wp\/v2\/media?parent=221"}],"curies":[{"name":"wp","href":"https:\/\/api.w.org\/{rel}","templated":true}]}}