{"id":358,"date":"2020-07-31T18:43:24","date_gmt":"2020-07-31T21:43:24","guid":{"rendered":"http:\/\/trackerbrasil.ct.utfpr.edu.br\/?page_id=358"},"modified":"2021-04-13T19:57:55","modified_gmt":"2021-04-13T22:57:55","slug":"grupo-de-pesquisa-interdisciplinariedade-na-mediacao-tecnologica-e-divulgacao-cientifica-no-ensino-de-ciencias","status":"publish","type":"page","link":"https:\/\/utfpr.curitiba.br\/trackerbrasil\/?page_id=358","title":{"rendered":"Grupo de pesquisa: Interdisciplinariedade na Media\u00e7\u00e3o Tecnol\u00f3gica e Divulga\u00e7\u00e3o Cient\u00edfica no Ensino de Ci\u00eancias"},"content":{"rendered":"\n<p>CNPq &#8211; Acesso ao <a href=\"http:\/\/dgp.cnpq.br\/dgp\/espelhogrupo\/8491686188051009\">grupo de pesquisa<\/a><\/p>\n","protected":false},"excerpt":{"rendered":"<p>CNPq &#8211; Acesso ao grupo de pesquisa<\/p>\n","protected":false},"author":8,"featured_media":0,"parent":0,"menu_order":0,"comment_status":"closed","ping_status":"closed","template":"","meta":{"colormag_page_container_layout":"default_layout","colormag_page_sidebar_layout":"default_layout","footnotes":""},"class_list":["post-358","page","type-page","status-publish","hentry"],"_links":{"self":[{"href":"https:\/\/utfpr.curitiba.br\/trackerbrasil\/index.php?rest_route=\/wp\/v2\/pages\/358","targetHints":{"allow":["GET"]}}],"collection":[{"href":"https:\/\/utfpr.curitiba.br\/trackerbrasil\/index.php?rest_route=\/wp\/v2\/pages"}],"about":[{"href":"https:\/\/utfpr.curitiba.br\/trackerbrasil\/index.php?rest_route=\/wp\/v2\/types\/page"}],"author":[{"embeddable":true,"href":"https:\/\/utfpr.curitiba.br\/trackerbrasil\/index.php?rest_route=\/wp\/v2\/users\/8"}],"replies":[{"embeddable":true,"href":"https:\/\/utfpr.curitiba.br\/trackerbrasil\/index.php?rest_route=%2Fwp%2Fv2%2Fcomments&post=358"}],"version-history":[{"count":3,"href":"https:\/\/utfpr.curitiba.br\/trackerbrasil\/index.php?rest_route=\/wp\/v2\/pages\/358\/revisions"}],"predecessor-version":[{"id":376,"href":"https:\/\/utfpr.curitiba.br\/trackerbrasil\/index.php?rest_route=\/wp\/v2\/pages\/358\/revisions\/376"}],"wp:attachment":[{"href":"https:\/\/utfpr.curitiba.br\/trackerbrasil\/index.php?rest_route=%2Fwp%2Fv2%2Fmedia&parent=358"}],"curies":[{"name":"wp","href":"https:\/\/api.w.org\/{rel}","templated":true}]}}