{"id":331,"date":"2016-06-24T13:56:01","date_gmt":"2016-06-24T16:56:01","guid":{"rendered":"http:\/\/trackerbrasil.ct.utfpr.edu.br\/?page_id=331"},"modified":"2021-04-13T19:57:55","modified_gmt":"2021-04-13T22:57:55","slug":"nossa-biblioteca","status":"publish","type":"page","link":"https:\/\/utfpr.curitiba.br\/trackerbrasil\/?page_id=331","title":{"rendered":"Nossa biblioteca"},"content":{"rendered":"<p>Aqui temos todos os &#8220;trackeamentos&#8221;\u00a0que foram realizados por alunos da UTFPR, cada qual apresenta o arquivo do v\u00eddeo (ou imagem) e seu arquivo .trk. Os arquivos de F\u00edsica Moderna podem ser encontrados\u00a0<strong><a href=\"http:\/\/trackerbrasil.ct.utfpr.edu.br\/?page_id=319\" target=\"_blank\" rel=\"noopener\">aqui<\/a>.<\/strong><\/p>\n<p style=\"line-height: 18.0pt;\"><span style=\"font-family: 'Georgia','serif'; color: #333333;\">*Baseball\u00a0 &#8211; imagem\u00a0e .trk<\/span><\/p>\n<p style=\"line-height: 18.0pt; orphans: auto; text-align: start; widows: 1; -webkit-text-stroke-width: 0px; word-spacing: 0px;\"><span style=\"font-family: 'Georgia','serif'; color: #333333;\">*Bote infl\u00e1vel &#8211; imagem\u00a0e .trk<\/span><\/p>\n<p style=\"line-height: 18.0pt; orphans: auto; text-align: start; widows: 1; -webkit-text-stroke-width: 0px; word-spacing: 0px;\"><span style=\"font-family: 'Georgia','serif'; color: #333333;\">Catapulta de Lego &#8211; V\u00eddeo\u00a0e .trk<\/span><\/p>\n<p style=\"line-height: 18.0pt; orphans: auto; text-align: start; widows: 1; -webkit-text-stroke-width: 0px; word-spacing: 0px;\"><span style=\"font-family: 'Georgia','serif'; color: #333333;\">*Colis\u00e3o raquete bolinha &#8211; imagem\u00a0e .trk<\/span><\/p>\n<p style=\"line-height: 18.0pt; orphans: auto; text-align: start; widows: 1; -webkit-text-stroke-width: 0px; word-spacing: 0px;\"><span style=\"font-family: 'Georgia','serif'; color: #333333;\">*Embaixo do Balan\u00e7o &#8211; imagem\u00a0e .trk<\/span><\/p>\n<p style=\"line-height: 18.0pt; orphans: auto; text-align: start; widows: 1; -webkit-text-stroke-width: 0px; word-spacing: 0px;\"><span style=\"font-family: 'Georgia','serif'; color: #333333;\">*Escorreg\u00e3o na pedra &#8211; imagem\u00a0e .trk<\/span><\/p>\n<p style=\"line-height: 18.0pt; orphans: auto; text-align: start; widows: 1; -webkit-text-stroke-width: 0px; word-spacing: 0px;\"><span style=\"font-family: 'Georgia','serif'; color: #333333;\">*Interior do \u00f4nibus &#8211; imagem\u00a0e .trk<\/span><\/p>\n<p style=\"line-height: 18.0pt; orphans: auto; text-align: start; widows: 1; -webkit-text-stroke-width: 0px; word-spacing: 0px;\"><span style=\"font-family: 'Georgia','serif'; color: #333333;\">Ladr\u00e3o porta de vidro &#8211; imagem\u00a0e .trk<\/span><\/p>\n<p style=\"line-height: 18.0pt; orphans: auto; text-align: start; widows: 1; -webkit-text-stroke-width: 0px; word-spacing: 0px;\"><span style=\"font-family: 'Georgia','serif'; color: #333333;\">Lan\u00e7amento obl\u00edquo &#8211; v\u00eddeo e .trk<\/span><\/p>\n<p style=\"line-height: 18.0pt; orphans: auto; text-align: start; widows: 1; -webkit-text-stroke-width: 0px; word-spacing: 0px;\"><span style=\"font-family: 'Georgia','serif'; color: #333333;\">Logotipo do site- imagem\u00a0e .trk<\/span><\/p>\n<p style=\"line-height: 18.0pt; orphans: auto; text-align: start; widows: 1; -webkit-text-stroke-width: 0px; word-spacing: 0px;\"><span style=\"font-family: 'Georgia','serif'; color: #333333;\">MHS na bicicleta &#8211; v\u00eddeo\u00a0e .trk<\/span><\/p>\n<p style=\"line-height: 18.0pt; orphans: auto; text-align: start; widows: 1; -webkit-text-stroke-width: 0px; word-spacing: 0px;\"><span style=\"font-family: 'Georgia','serif'; color: #333333;\">MHS pessoa andando &#8211; v\u00eddeo\u00a0e .trk<\/span><\/p>\n<p style=\"line-height: 18.0pt; orphans: auto; text-align: start; widows: 1; -webkit-text-stroke-width: 0px; word-spacing: 0px;\"><span style=\"font-family: 'Georgia','serif'; color: #333333;\">Mola caindo &#8211; imagem\u00a0e .trk<\/span><\/p>\n<p style=\"line-height: 18.0pt; orphans: auto; text-align: start; widows: 1; -webkit-text-stroke-width: 0px; word-spacing: 0px;\"><span style=\"font-family: 'Georgia','serif'; color: #333333;\">Movimento relativo &#8211; imagem\u00a0e .trk<\/span><\/p>\n<p style=\"line-height: 18.0pt; orphans: auto; text-align: start; widows: 1; -webkit-text-stroke-width: 0px; word-spacing: 0px;\">*\u00d4nibus oscilando &#8211; imagem, .trk e calculo do coeficiente de amortecimento<\/p>\n<p style=\"line-height: 18.0pt; orphans: auto; text-align: start; widows: 1; -webkit-text-stroke-width: 0px; word-spacing: 0px;\"><span style=\"font-family: 'Georgia','serif'; color: #333333;\">Pessoa jogando bolinha\u00a0&#8211; imagem\u00a0e .trk<\/span><\/p>\n<p style=\"line-height: 18.0pt; orphans: auto; text-align: start; widows: 1; -webkit-text-stroke-width: 0px; word-spacing: 0px;\"><span style=\"font-family: 'Georgia','serif'; color: #333333;\">Pessoa dando mortal &#8211; imagem\u00a0e .trk<\/span><\/p>\n<p style=\"line-height: 18.0pt; orphans: auto; text-align: start; widows: 1; -webkit-text-stroke-width: 0px; word-spacing: 0px;\"><span style=\"font-family: 'Georgia','serif'; color: #333333;\">P\u00eandulo waves &#8211; imagem\u00a0e .trk<\/span><\/p>\n<p style=\"line-height: 18.0pt; orphans: auto; text-align: start; widows: 1; -webkit-text-stroke-width: 0px; word-spacing: 0px;\"><span style=\"font-family: 'Georgia','serif'; color: #333333;\">*Pulando no banco &#8211; imagem\u00a0e .trk<\/span><\/p>\n<p style=\"line-height: 18.0pt; orphans: auto; text-align: start; widows: 1; -webkit-text-stroke-width: 0px; word-spacing: 0px;\"><span style=\"font-family: 'Georgia','serif'; color: #333333;\">Queda de bolinhas &#8211; imagem\u00a0e .trk<\/span><\/p>\n<p style=\"line-height: 18.0pt; orphans: auto; text-align: start; widows: 1; -webkit-text-stroke-width: 0px; word-spacing: 0px;\"><span style=\"font-family: 'Georgia','serif'; color: #333333;\">Rel\u00f3gio de pulso girando &#8211; v\u00eddeo\u00a0e .trk<\/span><\/p>\n<p style=\"line-height: 18.0pt;\"><span style=\"font-family: 'Georgia','serif'; color: #333333;\">Sombra de P\u00eandulo\u00a0&#8211; imagem\u00a0e .trk<\/span><\/p>\n<p style=\"line-height: 18.0pt; orphans: auto; text-align: start; widows: 1; -webkit-text-stroke-width: 0px; word-spacing: 0px;\"><span style=\"font-family: 'Georgia','serif'; color: #333333;\">Vento forte levando pessoa &#8211; imagem\u00a0e .trk<\/span><\/p>\n","protected":false},"excerpt":{"rendered":"<p>Aqui temos todos os &#8220;trackeamentos&#8221;\u00a0que foram realizados por alunos da UTFPR, cada qual apresenta o arquivo do v\u00eddeo (ou imagem)<\/p>\n","protected":false},"author":7,"featured_media":0,"parent":247,"menu_order":0,"comment_status":"closed","ping_status":"closed","template":"","meta":{"colormag_page_container_layout":"default_layout","colormag_page_sidebar_layout":"default_layout","footnotes":""},"class_list":["post-331","page","type-page","status-publish","hentry"],"_links":{"self":[{"href":"https:\/\/utfpr.curitiba.br\/trackerbrasil\/index.php?rest_route=\/wp\/v2\/pages\/331","targetHints":{"allow":["GET"]}}],"collection":[{"href":"https:\/\/utfpr.curitiba.br\/trackerbrasil\/index.php?rest_route=\/wp\/v2\/pages"}],"about":[{"href":"https:\/\/utfpr.curitiba.br\/trackerbrasil\/index.php?rest_route=\/wp\/v2\/types\/page"}],"author":[{"embeddable":true,"href":"https:\/\/utfpr.curitiba.br\/trackerbrasil\/index.php?rest_route=\/wp\/v2\/users\/7"}],"replies":[{"embeddable":true,"href":"https:\/\/utfpr.curitiba.br\/trackerbrasil\/index.php?rest_route=%2Fwp%2Fv2%2Fcomments&post=331"}],"version-history":[{"count":4,"href":"https:\/\/utfpr.curitiba.br\/trackerbrasil\/index.php?rest_route=\/wp\/v2\/pages\/331\/revisions"}],"predecessor-version":[{"id":405,"href":"https:\/\/utfpr.curitiba.br\/trackerbrasil\/index.php?rest_route=\/wp\/v2\/pages\/331\/revisions\/405"}],"up":[{"embeddable":true,"href":"https:\/\/utfpr.curitiba.br\/trackerbrasil\/index.php?rest_route=\/wp\/v2\/pages\/247"}],"wp:attachment":[{"href":"https:\/\/utfpr.curitiba.br\/trackerbrasil\/index.php?rest_route=%2Fwp%2Fv2%2Fmedia&parent=331"}],"curies":[{"name":"wp","href":"https:\/\/api.w.org\/{rel}","templated":true}]}}