{"id":319,"date":"2016-06-23T17:31:07","date_gmt":"2016-06-23T20:31:07","guid":{"rendered":"http:\/\/trackerbrasil.ct.utfpr.edu.br\/?page_id=319"},"modified":"2021-04-13T19:57:55","modified_gmt":"2021-04-13T22:57:55","slug":"fisica-moderna-modern-physics","status":"publish","type":"page","link":"https:\/\/utfpr.curitiba.br\/trackerbrasil\/?page_id=319","title":{"rendered":"F\u00edsica Moderna (Modern Physics)"},"content":{"rendered":"<p>S\u00e3o apresentados aqui nosso trabalhos desenvolvidos com o Tracker na \u00e1rea de F\u00edsica Moderna, s\u00e3o eles:<\/p>\n<p style=\"text-align: center;\">Experimento da <strong><a href=\"http:\/\/trackerbrasil.ct.utfpr.edu.br\/?page_id=196\">Carga-massa do el\u00e9tron<\/a><\/strong><a href=\"http:\/\/trackerbrasil.ct.utfpr.edu.br\/?page_id=196\"><img fetchpriority=\"high\" decoding=\"async\" class=\"aligncenter wp-image-320\" src=\"http:\/\/utfpr-ct-static-content.s3.amazonaws.com\/utfpr.curitiba.br\/wp-content\/uploads\/sites\/113\/2016\/06\/a.png\" alt=\"a\" width=\"525\" height=\"295\" srcset=\"https:\/\/utfpr-ct-static-content.s3.amazonaws.com\/utfpr.curitiba.br\/wp-content\/uploads\/sites\/113\/2016\/06\/a.png 687w, https:\/\/utfpr-ct-static-content.s3.amazonaws.com\/utfpr.curitiba.br\/wp-content\/uploads\/sites\/113\/2016\/06\/a-300x169.png 300w\" sizes=\"(max-width: 525px) 100vw, 525px\" \/><\/a><\/p>\n<p>&nbsp;<\/p>\n<p style=\"text-align: center;\">Experimento de <a href=\"http:\/\/trackerbrasil.ct.utfpr.edu.br\/?page_id=197\"><strong>Difra\u00e7\u00e3o de el\u00e9trons\u00a0<\/strong><img decoding=\"async\" class=\"wp-image-189 aligncenter\" src=\"http:\/\/utfpr-ct-static-content.s3.amazonaws.com\/utfpr.curitiba.br\/wp-content\/uploads\/sites\/113\/2016\/04\/difra\u00e7\u00e3o.png\" alt=\"difra\u00e7\u00e3o\" width=\"521\" height=\"306\" srcset=\"https:\/\/utfpr-ct-static-content.s3.amazonaws.com\/utfpr.curitiba.br\/wp-content\/uploads\/sites\/113\/2016\/04\/difra\u00e7\u00e3o.png 1023w, https:\/\/utfpr-ct-static-content.s3.amazonaws.com\/utfpr.curitiba.br\/wp-content\/uploads\/sites\/113\/2016\/04\/difra\u00e7\u00e3o-300x176.png 300w\" sizes=\"(max-width: 521px) 100vw, 521px\" \/><\/a><\/p>\n<p style=\"text-align: center;\">\n<p style=\"text-align: center;\">Experimento de <strong><a href=\"http:\/\/trackerbrasil.ct.utfpr.edu.br\/?page_id=190\">Millikan<\/a><\/strong><\/p>\n<p><a href=\"http:\/\/trackerbrasil.ct.utfpr.edu.br\/?page_id=190\"><img decoding=\"async\" class=\"aligncenter wp-image-321\" src=\"http:\/\/utfpr-ct-static-content.s3.amazonaws.com\/utfpr.curitiba.br\/wp-content\/uploads\/sites\/113\/2016\/06\/a-1.png\" alt=\"a\" width=\"523\" height=\"315\" srcset=\"https:\/\/utfpr-ct-static-content.s3.amazonaws.com\/utfpr.curitiba.br\/wp-content\/uploads\/sites\/113\/2016\/06\/a-1.png 642w, https:\/\/utfpr-ct-static-content.s3.amazonaws.com\/utfpr.curitiba.br\/wp-content\/uploads\/sites\/113\/2016\/06\/a-1-300x181.png 300w, https:\/\/utfpr-ct-static-content.s3.amazonaws.com\/utfpr.curitiba.br\/wp-content\/uploads\/sites\/113\/2016\/06\/a-1-480x288.png 480w, https:\/\/utfpr-ct-static-content.s3.amazonaws.com\/utfpr.curitiba.br\/wp-content\/uploads\/sites\/113\/2016\/06\/a-1-320x192.png 320w, https:\/\/utfpr-ct-static-content.s3.amazonaws.com\/utfpr.curitiba.br\/wp-content\/uploads\/sites\/113\/2016\/06\/a-1-240x144.png 240w\" sizes=\"(max-width: 523px) 100vw, 523px\" \/><\/a><\/p>\n","protected":false},"excerpt":{"rendered":"<p>S\u00e3o apresentados aqui nosso trabalhos desenvolvidos com o Tracker na \u00e1rea de F\u00edsica Moderna, s\u00e3o eles: Experimento da Carga-massa do<\/p>\n","protected":false},"author":7,"featured_media":0,"parent":247,"menu_order":0,"comment_status":"closed","ping_status":"closed","template":"","meta":{"colormag_page_container_layout":"default_layout","colormag_page_sidebar_layout":"default_layout","footnotes":""},"class_list":["post-319","page","type-page","status-publish","hentry"],"_links":{"self":[{"href":"https:\/\/utfpr.curitiba.br\/trackerbrasil\/index.php?rest_route=\/wp\/v2\/pages\/319","targetHints":{"allow":["GET"]}}],"collection":[{"href":"https:\/\/utfpr.curitiba.br\/trackerbrasil\/index.php?rest_route=\/wp\/v2\/pages"}],"about":[{"href":"https:\/\/utfpr.curitiba.br\/trackerbrasil\/index.php?rest_route=\/wp\/v2\/types\/page"}],"author":[{"embeddable":true,"href":"https:\/\/utfpr.curitiba.br\/trackerbrasil\/index.php?rest_route=\/wp\/v2\/users\/7"}],"replies":[{"embeddable":true,"href":"https:\/\/utfpr.curitiba.br\/trackerbrasil\/index.php?rest_route=%2Fwp%2Fv2%2Fcomments&post=319"}],"version-history":[{"count":2,"href":"https:\/\/utfpr.curitiba.br\/trackerbrasil\/index.php?rest_route=\/wp\/v2\/pages\/319\/revisions"}],"predecessor-version":[{"id":327,"href":"https:\/\/utfpr.curitiba.br\/trackerbrasil\/index.php?rest_route=\/wp\/v2\/pages\/319\/revisions\/327"}],"up":[{"embeddable":true,"href":"https:\/\/utfpr.curitiba.br\/trackerbrasil\/index.php?rest_route=\/wp\/v2\/pages\/247"}],"wp:attachment":[{"href":"https:\/\/utfpr.curitiba.br\/trackerbrasil\/index.php?rest_route=%2Fwp%2Fv2%2Fmedia&parent=319"}],"curies":[{"name":"wp","href":"https:\/\/api.w.org\/{rel}","templated":true}]}}