{"id":24,"date":"2016-05-03T16:55:33","date_gmt":"2016-05-03T19:55:33","guid":{"rendered":"http:\/\/trackerbrasil.ct.utfpr.edu.br\/?page_id=24"},"modified":"2021-04-13T19:57:55","modified_gmt":"2021-04-13T22:57:55","slug":"instalando-o-tracker","status":"publish","type":"page","link":"https:\/\/utfpr.curitiba.br\/trackerbrasil\/?page_id=24","title":{"rendered":"Instalando o Tracker"},"content":{"rendered":"<p>Aqui as ultimas vers\u00f5es conforme seu sistema operacional: <a href=\"https:\/\/physlets.org\/tracker\/\"><strong>Windows<\/strong>, <strong>Mac OS X<\/strong>,\u00a0<strong>Linux 32-bit\u00a0<\/strong>e<strong>\u00a0Linux 64-bit<\/strong><\/a><\/p>\n<p>Para funcionamento do Tracker tenha em seu computador o Java instalado, caso n\u00e3o o tenha clique <strong><a href=\"http:\/\/javadl.oracle.com\/webapps\/download\/AutoDL?BundleId=207228\" target=\"_blank\" rel=\"noopener noreferrer\">aqui<\/a><\/strong>. Caso queira uma das vers\u00f5es antigas \u00e9 necess\u00e1rio ter instalado tamb\u00e9m o QuickTime, instale\u00a0<strong><a href=\"http:\/\/www.cabrillo.edu\/~dbrown\/tracker\/QuickTimeInstaller774.exe\" target=\"_blank\" rel=\"noopener noreferrer\">aqui<\/a>.<\/strong><\/p>\n<hr \/>\n<p style=\"text-align: center;\">Para instalar o Tracker, no Windows, baixe sua\u00a0<strong><a href=\"http:\/\/physlets.org\/tracker\/installers\/download.php?file=Tracker-4.96-windows-installer.exe\" target=\"_blank\" rel=\"noopener noreferrer\">ultima vers\u00e3o<\/a>\u00a0<\/strong>execute o arquivo baixado e clique em &#8220;Avan\u00e7ar&#8221;<\/p>\n<p style=\"text-align: center;\"><img fetchpriority=\"high\" decoding=\"async\" class=\"aligncenter size-full wp-image-279\" src=\"http:\/\/utfpr-ct-static-content.s3.amazonaws.com\/utfpr.curitiba.br\/wp-content\/uploads\/sites\/113\/2016\/05\/1.jpg\" alt=\"1\" width=\"515\" height=\"387\" srcset=\"https:\/\/utfpr-ct-static-content.s3.amazonaws.com\/utfpr.curitiba.br\/wp-content\/uploads\/sites\/113\/2016\/05\/1.jpg 515w, https:\/\/utfpr-ct-static-content.s3.amazonaws.com\/utfpr.curitiba.br\/wp-content\/uploads\/sites\/113\/2016\/05\/1-300x225.jpg 300w, https:\/\/utfpr-ct-static-content.s3.amazonaws.com\/utfpr.curitiba.br\/wp-content\/uploads\/sites\/113\/2016\/05\/1-480x360.jpg 480w, https:\/\/utfpr-ct-static-content.s3.amazonaws.com\/utfpr.curitiba.br\/wp-content\/uploads\/sites\/113\/2016\/05\/1-320x240.jpg 320w, https:\/\/utfpr-ct-static-content.s3.amazonaws.com\/utfpr.curitiba.br\/wp-content\/uploads\/sites\/113\/2016\/05\/1-240x180.jpg 240w\" sizes=\"(max-width: 515px) 100vw, 515px\" \/><\/p>\n<p style=\"text-align: center;\">Aceite o acordo de licen\u00e7a\u00a0e clique em &#8220;Avan\u00e7ar&#8221;<\/p>\n<p style=\"text-align: center;\"><img decoding=\"async\" class=\"aligncenter size-full wp-image-280\" src=\"http:\/\/utfpr-ct-static-content.s3.amazonaws.com\/utfpr.curitiba.br\/wp-content\/uploads\/sites\/113\/2016\/05\/2.jpg\" alt=\"2\" width=\"515\" height=\"386\" srcset=\"https:\/\/utfpr-ct-static-content.s3.amazonaws.com\/utfpr.curitiba.br\/wp-content\/uploads\/sites\/113\/2016\/05\/2.jpg 515w, https:\/\/utfpr-ct-static-content.s3.amazonaws.com\/utfpr.curitiba.br\/wp-content\/uploads\/sites\/113\/2016\/05\/2-300x225.jpg 300w, https:\/\/utfpr-ct-static-content.s3.amazonaws.com\/utfpr.curitiba.br\/wp-content\/uploads\/sites\/113\/2016\/05\/2-480x360.jpg 480w, https:\/\/utfpr-ct-static-content.s3.amazonaws.com\/utfpr.curitiba.br\/wp-content\/uploads\/sites\/113\/2016\/05\/2-320x240.jpg 320w, https:\/\/utfpr-ct-static-content.s3.amazonaws.com\/utfpr.curitiba.br\/wp-content\/uploads\/sites\/113\/2016\/05\/2-240x180.jpg 240w\" sizes=\"(max-width: 515px) 100vw, 515px\" \/><\/p>\n<p style=\"text-align: center;\">Selecione o local que deseja instalar o Tracker e clique em &#8220;Avan\u00e7ar&#8221;<\/p>\n<p style=\"text-align: center;\"><img decoding=\"async\" class=\"aligncenter size-full wp-image-281\" src=\"http:\/\/utfpr-ct-static-content.s3.amazonaws.com\/utfpr.curitiba.br\/wp-content\/uploads\/sites\/113\/2016\/05\/3.jpg\" alt=\"3\" width=\"518\" height=\"387\" srcset=\"https:\/\/utfpr-ct-static-content.s3.amazonaws.com\/utfpr.curitiba.br\/wp-content\/uploads\/sites\/113\/2016\/05\/3.jpg 518w, https:\/\/utfpr-ct-static-content.s3.amazonaws.com\/utfpr.curitiba.br\/wp-content\/uploads\/sites\/113\/2016\/05\/3-300x224.jpg 300w, https:\/\/utfpr-ct-static-content.s3.amazonaws.com\/utfpr.curitiba.br\/wp-content\/uploads\/sites\/113\/2016\/05\/3-480x360.jpg 480w, https:\/\/utfpr-ct-static-content.s3.amazonaws.com\/utfpr.curitiba.br\/wp-content\/uploads\/sites\/113\/2016\/05\/3-320x240.jpg 320w, https:\/\/utfpr-ct-static-content.s3.amazonaws.com\/utfpr.curitiba.br\/wp-content\/uploads\/sites\/113\/2016\/05\/3-240x180.jpg 240w\" sizes=\"(max-width: 518px) 100vw, 518px\" \/><\/p>\n<p style=\"text-align: center;\">Caso queira marque a caixa Videos and Experiments para instalar junto alguns v\u00eddeos e experimentos dos fabricantes (caso queira saber quais s\u00e3o clique <strong><a href=\"http:\/\/trackerbrasil.ct.utfpr.edu.br\/?p=288\" target=\"_blank\" rel=\"noopener noreferrer\">aqui<\/a><\/strong>) e clique em &#8220;Avan\u00e7ar&#8221;<\/p>\n<p style=\"text-align: center;\"><img loading=\"lazy\" decoding=\"async\" class=\"aligncenter size-full wp-image-282\" src=\"http:\/\/utfpr-ct-static-content.s3.amazonaws.com\/utfpr.curitiba.br\/wp-content\/uploads\/sites\/113\/2016\/05\/4.jpg\" alt=\"4\" width=\"515\" height=\"392\" srcset=\"https:\/\/utfpr-ct-static-content.s3.amazonaws.com\/utfpr.curitiba.br\/wp-content\/uploads\/sites\/113\/2016\/05\/4.jpg 515w, https:\/\/utfpr-ct-static-content.s3.amazonaws.com\/utfpr.curitiba.br\/wp-content\/uploads\/sites\/113\/2016\/05\/4-300x228.jpg 300w\" sizes=\"(max-width: 515px) 100vw, 515px\" \/><\/p>\n<p style=\"text-align: center;\">Caso tenha marcado a caixa selecione o local que deseja instalar os v\u00eddeos e experimentos e clique em &#8220;Avan\u00e7ar&#8221;<\/p>\n<p style=\"text-align: center;\"><img loading=\"lazy\" decoding=\"async\" class=\"aligncenter size-column411 wp-image-284\" src=\"http:\/\/utfpr-ct-static-content.s3.amazonaws.com\/utfpr.curitiba.br\/wp-content\/uploads\/sites\/113\/2016\/05\/5.jpg\" alt=\"5\" width=\"511\" height=\"389\" srcset=\"https:\/\/utfpr-ct-static-content.s3.amazonaws.com\/utfpr.curitiba.br\/wp-content\/uploads\/sites\/113\/2016\/05\/5.jpg 511w, https:\/\/utfpr-ct-static-content.s3.amazonaws.com\/utfpr.curitiba.br\/wp-content\/uploads\/sites\/113\/2016\/05\/5-300x228.jpg 300w\" sizes=\"(max-width: 511px) 100vw, 511px\" \/><\/p>\n<p style=\"text-align: center;\">Clique em avan\u00e7ar para instalar efetivamente o Tracker<\/p>\n<p style=\"text-align: center;\"><img loading=\"lazy\" decoding=\"async\" class=\"aligncenter size-full wp-image-283\" src=\"http:\/\/utfpr-ct-static-content.s3.amazonaws.com\/utfpr.curitiba.br\/wp-content\/uploads\/sites\/113\/2016\/05\/6.jpg\" alt=\"6\" width=\"514\" height=\"387\" srcset=\"https:\/\/utfpr-ct-static-content.s3.amazonaws.com\/utfpr.curitiba.br\/wp-content\/uploads\/sites\/113\/2016\/05\/6.jpg 514w, https:\/\/utfpr-ct-static-content.s3.amazonaws.com\/utfpr.curitiba.br\/wp-content\/uploads\/sites\/113\/2016\/05\/6-300x226.jpg 300w, https:\/\/utfpr-ct-static-content.s3.amazonaws.com\/utfpr.curitiba.br\/wp-content\/uploads\/sites\/113\/2016\/05\/6-480x360.jpg 480w, https:\/\/utfpr-ct-static-content.s3.amazonaws.com\/utfpr.curitiba.br\/wp-content\/uploads\/sites\/113\/2016\/05\/6-320x240.jpg 320w, https:\/\/utfpr-ct-static-content.s3.amazonaws.com\/utfpr.curitiba.br\/wp-content\/uploads\/sites\/113\/2016\/05\/6-240x180.jpg 240w\" sizes=\"(max-width: 514px) 100vw, 514px\" \/><\/p>\n<p style=\"text-align: center;\">Aguarde o procedimento de instala\u00e7\u00e3o<\/p>\n<p style=\"text-align: center;\"><img loading=\"lazy\" decoding=\"async\" class=\"aligncenter size-full wp-image-285\" src=\"http:\/\/utfpr-ct-static-content.s3.amazonaws.com\/utfpr.curitiba.br\/wp-content\/uploads\/sites\/113\/2016\/05\/7.jpg\" alt=\"7\" width=\"518\" height=\"389\" srcset=\"https:\/\/utfpr-ct-static-content.s3.amazonaws.com\/utfpr.curitiba.br\/wp-content\/uploads\/sites\/113\/2016\/05\/7.jpg 518w, https:\/\/utfpr-ct-static-content.s3.amazonaws.com\/utfpr.curitiba.br\/wp-content\/uploads\/sites\/113\/2016\/05\/7-300x225.jpg 300w, https:\/\/utfpr-ct-static-content.s3.amazonaws.com\/utfpr.curitiba.br\/wp-content\/uploads\/sites\/113\/2016\/05\/7-480x360.jpg 480w, https:\/\/utfpr-ct-static-content.s3.amazonaws.com\/utfpr.curitiba.br\/wp-content\/uploads\/sites\/113\/2016\/05\/7-320x240.jpg 320w, https:\/\/utfpr-ct-static-content.s3.amazonaws.com\/utfpr.curitiba.br\/wp-content\/uploads\/sites\/113\/2016\/05\/7-240x180.jpg 240w\" sizes=\"(max-width: 518px) 100vw, 518px\" \/><\/p>\n<p style=\"text-align: center;\">Marque as caixas que deseja e finalize a instala\u00e7\u00e3o<\/p>\n<p style=\"text-align: center;\"><img loading=\"lazy\" decoding=\"async\" class=\"aligncenter size-full wp-image-286\" src=\"http:\/\/utfpr-ct-static-content.s3.amazonaws.com\/utfpr.curitiba.br\/wp-content\/uploads\/sites\/113\/2016\/05\/8.jpg\" alt=\"8\" width=\"516\" height=\"389\" srcset=\"https:\/\/utfpr-ct-static-content.s3.amazonaws.com\/utfpr.curitiba.br\/wp-content\/uploads\/sites\/113\/2016\/05\/8.jpg 516w, https:\/\/utfpr-ct-static-content.s3.amazonaws.com\/utfpr.curitiba.br\/wp-content\/uploads\/sites\/113\/2016\/05\/8-300x226.jpg 300w, https:\/\/utfpr-ct-static-content.s3.amazonaws.com\/utfpr.curitiba.br\/wp-content\/uploads\/sites\/113\/2016\/05\/8-320x240.jpg 320w, https:\/\/utfpr-ct-static-content.s3.amazonaws.com\/utfpr.curitiba.br\/wp-content\/uploads\/sites\/113\/2016\/05\/8-240x180.jpg 240w\" sizes=\"(max-width: 516px) 100vw, 516px\" \/><\/p>\n<p style=\"text-align: center;\">Pronto, agora o Tracker est\u00e1 pronto para ser usado em seu computador.<\/p>\n","protected":false},"excerpt":{"rendered":"<p>Aqui as ultimas vers\u00f5es conforme seu sistema operacional: Windows, Mac OS X,\u00a0Linux 32-bit\u00a0e\u00a0Linux 64-bit Para funcionamento do Tracker tenha em<\/p>\n","protected":false},"author":7,"featured_media":0,"parent":0,"menu_order":0,"comment_status":"closed","ping_status":"closed","template":"","meta":{"colormag_page_container_layout":"default_layout","colormag_page_sidebar_layout":"default_layout","footnotes":""},"class_list":["post-24","page","type-page","status-publish","hentry"],"_links":{"self":[{"href":"https:\/\/utfpr.curitiba.br\/trackerbrasil\/index.php?rest_route=\/wp\/v2\/pages\/24","targetHints":{"allow":["GET"]}}],"collection":[{"href":"https:\/\/utfpr.curitiba.br\/trackerbrasil\/index.php?rest_route=\/wp\/v2\/pages"}],"about":[{"href":"https:\/\/utfpr.curitiba.br\/trackerbrasil\/index.php?rest_route=\/wp\/v2\/types\/page"}],"author":[{"embeddable":true,"href":"https:\/\/utfpr.curitiba.br\/trackerbrasil\/index.php?rest_route=\/wp\/v2\/users\/7"}],"replies":[{"embeddable":true,"href":"https:\/\/utfpr.curitiba.br\/trackerbrasil\/index.php?rest_route=%2Fwp%2Fv2%2Fcomments&post=24"}],"version-history":[{"count":17,"href":"https:\/\/utfpr.curitiba.br\/trackerbrasil\/index.php?rest_route=\/wp\/v2\/pages\/24\/revisions"}],"predecessor-version":[{"id":369,"href":"https:\/\/utfpr.curitiba.br\/trackerbrasil\/index.php?rest_route=\/wp\/v2\/pages\/24\/revisions\/369"}],"wp:attachment":[{"href":"https:\/\/utfpr.curitiba.br\/trackerbrasil\/index.php?rest_route=%2Fwp%2Fv2%2Fmedia&parent=24"}],"curies":[{"name":"wp","href":"https:\/\/api.w.org\/{rel}","templated":true}]}}