{"id":655,"date":"2025-03-19T22:35:16","date_gmt":"2025-03-20T01:35:16","guid":{"rendered":"https:\/\/utfpr.curitiba.br\/tecsolutfprcuritiba\/?page_id=655"},"modified":"2025-04-01T13:55:37","modified_gmt":"2025-04-01T16:55:37","slug":"posts","status":"publish","type":"page","link":"https:\/\/utfpr.curitiba.br\/tecsolutfprcuritiba\/posts\/","title":{"rendered":"Conte\u00fado"},"content":{"rendered":"\t\t<div data-elementor-type=\"wp-page\" data-elementor-id=\"655\" class=\"elementor elementor-655\">\n\t\t\t\t<div class=\"elementor-element elementor-element-77f0ca8d e-flex e-con-boxed wpr-particle-no wpr-jarallax-no wpr-parallax-no wpr-sticky-section-no e-con e-parent\" data-id=\"77f0ca8d\" data-element_type=\"container\" data-e-type=\"container\">\n\t\t\t\t\t<div class=\"e-con-inner\">\n\t\t\t\t<div class=\"elementor-element elementor-element-177dab22 wpr-item-styles-wrapper wpr-grid-columns-3 wpr-grid-columns--tablet2 wpr-grid-columns--mobile1 wpr-grid-pagination-center elementor-widget elementor-widget-wpr-grid\" data-id=\"177dab22\" data-element_type=\"widget\" data-e-type=\"widget\" data-widget_type=\"wpr-grid.default\">\n\t\t\t\t<div class=\"elementor-widget-container\">\n\t\t\t\t\t<ul class=\"wpr-grid-filters elementor-clearfix wpr-grid-filters-sep-right\"><li class=\" wpr-pointer-none wpr-pointer-line-fx wpr-pointer-fx-none\"><span  data-filter=\"*\" class=\"wpr-grid-filters-item wpr-active-filter \">Todos<\/span><em class=\"wpr-grid-filters-sep\"><\/em><\/li><li class=\" wpr-pointer-none wpr-pointer-line-fx wpr-pointer-fx-none\"><span   data-ajax-filter=[\"category\",\"ensino\"]  data-filter=\".category-ensino\">Ensino<\/span><em class=\"wpr-grid-filters-sep\"><\/em><\/li><li class=\" wpr-pointer-none wpr-pointer-line-fx wpr-pointer-fx-none\"><span   data-ajax-filter=[\"category\",\"noticias\"]  data-filter=\".category-noticias\">Not\u00edcias<\/span><em class=\"wpr-grid-filters-sep\"><\/em><\/li><\/ul><section class=\"wpr-grid elementor-clearfix\" data-settings=\"{&quot;layout&quot;:&quot;fitRows&quot;,&quot;stick_last_element_to_bottom&quot;:&quot;&quot;,&quot;columns_desktop&quot;:3,&quot;gutter_hr&quot;:15,&quot;gutter_hr_mobile&quot;:15,&quot;gutter_hr_mobile_extra&quot;:15,&quot;gutter_hr_tablet&quot;:15,&quot;gutter_hr_tablet_extra&quot;:15,&quot;gutter_hr_laptop&quot;:15,&quot;gutter_hr_widescreen&quot;:15,&quot;gutter_vr&quot;:15,&quot;gutter_vr_mobile&quot;:15,&quot;gutter_vr_mobile_extra&quot;:15,&quot;gutter_vr_tablet&quot;:15,&quot;gutter_vr_tablet_extra&quot;:15,&quot;gutter_vr_laptop&quot;:15,&quot;gutter_vr_widescreen&quot;:15,&quot;animation&quot;:&quot;default&quot;,&quot;animation_duration&quot;:0.3,&quot;animation_delay&quot;:0.1,&quot;deeplinking&quot;:&quot;&quot;,&quot;filters_linkable&quot;:&quot;no&quot;,&quot;filters_default_filter&quot;:&quot;&quot;,&quot;filters_count&quot;:&quot;&quot;,&quot;filters_hide_empty&quot;:&quot;no&quot;,&quot;filters_animation&quot;:&quot;default&quot;,&quot;filters_animation_duration&quot;:0.3,&quot;filters_animation_delay&quot;:0.1,&quot;pagination_type&quot;:&quot;load-more&quot;,&quot;pagination_max_pages&quot;:1,&quot;lightbox&quot;:{&quot;selector&quot;:&quot;.wpr-grid-image-wrap&quot;,&quot;iframeMaxWidth&quot;:&quot;60%&quot;,&quot;hash&quot;:false,&quot;autoplay&quot;:&quot;true&quot;,&quot;pause&quot;:5000,&quot;progressBar&quot;:&quot;&quot;,&quot;counter&quot;:&quot;true&quot;,&quot;controls&quot;:&quot;true&quot;,&quot;getCaptionFromTitleOrAlt&quot;:&quot;true&quot;,&quot;thumbnail&quot;:&quot;&quot;,&quot;showThumbByDefault&quot;:&quot;&quot;,&quot;share&quot;:&quot;&quot;,&quot;zoom&quot;:&quot;true&quot;,&quot;fullScreen&quot;:&quot;true&quot;,&quot;download&quot;:&quot;true&quot;}}\" data-advanced-filters=\"no\"><article class=\"wpr-grid-item elementor-clearfix post-166 post type-post status-publish format-standard has-post-thumbnail hentry category-ensino tag-live\"><div class=\"wpr-grid-item-inner\"><div class=\"wpr-grid-item-above-content elementor-clearfix\"><div class=\"wpr-grid-item-category elementor-repeater-item-3a8d365 wpr-grid-item-display-block wpr-grid-item-align-left wpr-pointer-none wpr-pointer-line-fx wpr-pointer-fx-fade wpr-grid-tax-style-2\"><div class=\"inner-block\"><a class=\" wpr-tax-id-4\" href=\"https:\/\/utfpr.curitiba.br\/tecsolutfprcuritiba\/category\/ensino\/\">Ensino<\/a><\/div><\/div><\/div><div class=\"wpr-grid-media-wrap wpr-effect-size-medium \" data-overlay-link=\"yes\"><div class=\"wpr-grid-image-wrap\" data-src=\"https:\/\/utfpr-ct-static-content.s3.amazonaws.com\/utfpr.curitiba.br\/wp-content\/uploads\/sites\/145\/2023\/09\/Captura-de-tela-2023-09-18-170017-1024x392.jpg\" data-img-on-hover=\"\"  data-src-secondary=\"\"><img decoding=\"async\" data-no-lazy=\"1\" src=\"https:\/\/utfpr-ct-static-content.s3.amazonaws.com\/utfpr.curitiba.br\/wp-content\/uploads\/sites\/145\/2023\/09\/Captura-de-tela-2023-09-18-170017-1024x392.jpg\" alt=\"Economia Solid\u00e1ria: Abordagens desde Brasil, Espanha, Portugal e Uruguai\" class=\"wpr-anim-timing-ease-default\"><\/div><div class=\"wpr-grid-media-hover wpr-animation-wrap\"><div class=\"wpr-grid-media-hover-bg  wpr-overlay-fade-in wpr-anim-size-large wpr-anim-timing-ease-default wpr-anim-transparency\" data-url=\"https:\/\/utfpr.curitiba.br\/tecsolutfprcuritiba\/2023\/09\/17\/post-teste-de-ensino\/\"><\/div><\/div><\/div><div class=\"wpr-grid-item-below-content elementor-clearfix\"><h2 class=\"wpr-grid-item-title elementor-repeater-item-d5e3dee wpr-grid-item-display-block wpr-grid-item-align-left wpr-pointer-none wpr-pointer-line-fx wpr-pointer-fx-fade\"><div class=\"inner-block\"><a target=\"_self\"  href=\"https:\/\/utfpr.curitiba.br\/tecsolutfprcuritiba\/2023\/09\/17\/post-teste-de-ensino\/\">Economia Solid\u00e1ria: Abordagens desde Brasil, Espanha, Portugal e Uruguai<\/a><\/div><\/h2><div class=\"wpr-grid-item-date elementor-repeater-item-0e6051a wpr-grid-item-display-inline wpr-grid-item-align-left\"><div class=\"inner-block\"><span>17 de setembro de 2023<span class=\"wpr-grid-extra-text-right\">\/<\/span><\/span><\/div><\/div><div class=\"wpr-grid-item-comments elementor-repeater-item-c315592 wpr-grid-item-display-inline wpr-grid-item-align-left\"><div class=\"inner-block\"><a href=\"https:\/\/utfpr.curitiba.br\/tecsolutfprcuritiba\/2023\/09\/17\/post-teste-de-ensino\/#respond\"><span>Nenhum coment\u00e1rio<\/span><\/a><\/div><\/div><div class=\"wpr-grid-item-excerpt elementor-repeater-item-5c521a3 wpr-grid-item-display-block wpr-grid-item-align-left\"><div class=\"inner-block\"><p>A Rede RIU PR realizou uma Live Especial em comemora\u00e7\u00e3o ao Dia Nacional da Economia Solid\u00e1ria, no dia 15 de...<\/p><\/div><\/div><div class=\"wpr-grid-item-read-more elementor-repeater-item-325b3b3 wpr-grid-item-display-block wpr-grid-item-align-left\"><div class=\"inner-block\"><a target=\"_self\" href=\"https:\/\/utfpr.curitiba.br\/tecsolutfprcuritiba\/2023\/09\/17\/post-teste-de-ensino\/\" class=\"wpr-button-effect wpr-button-none\"><span>Ler mais<\/span><\/a><\/div><\/div><div class=\"wpr-grid-item-post_tag elementor-repeater-item-ec49579 wpr-grid-item-display-block wpr-grid-item-align-left wpr-pointer-none wpr-pointer-line-fx wpr-pointer-fx-fade wpr-grid-tax-style-1\"><div class=\"inner-block\"><a class=\" wpr-tax-id-10\" href=\"https:\/\/utfpr.curitiba.br\/tecsolutfprcuritiba\/tag\/live\/\">Live<\/a><\/div><\/div><\/div><\/div><\/article><\/section>\t\t\t\t<\/div>\n\t\t\t\t<\/div>\n\t\t\t\t\t<\/div>\n\t\t\t\t<\/div>\n\t\t\t\t<\/div>\n\t\t","protected":false},"excerpt":{"rendered":"<p>Todos Ensino Ensino Economia Solid\u00e1ria: Abordagens desde Brasil, Espanha, Portugal e Uruguai 17 de setembro de 2023\/Nenhum coment\u00e1rio A Rede RIU PR realizou uma Live Especial em comemora\u00e7\u00e3o ao Dia Nacional da Economia Solid\u00e1ria, no dia 15 de&hellip; Ler maisLive<\/p>\n","protected":false},"author":73,"featured_media":0,"parent":0,"menu_order":0,"comment_status":"closed","ping_status":"closed","template":"","meta":{"footnotes":""},"class_list":["post-655","page","type-page","status-publish","hentry"],"_links":{"self":[{"href":"https:\/\/utfpr.curitiba.br\/tecsolutfprcuritiba\/wp-json\/wp\/v2\/pages\/655","targetHints":{"allow":["GET"]}}],"collection":[{"href":"https:\/\/utfpr.curitiba.br\/tecsolutfprcuritiba\/wp-json\/wp\/v2\/pages"}],"about":[{"href":"https:\/\/utfpr.curitiba.br\/tecsolutfprcuritiba\/wp-json\/wp\/v2\/types\/page"}],"author":[{"embeddable":true,"href":"https:\/\/utfpr.curitiba.br\/tecsolutfprcuritiba\/wp-json\/wp\/v2\/users\/73"}],"replies":[{"embeddable":true,"href":"https:\/\/utfpr.curitiba.br\/tecsolutfprcuritiba\/wp-json\/wp\/v2\/comments?post=655"}],"version-history":[{"count":11,"href":"https:\/\/utfpr.curitiba.br\/tecsolutfprcuritiba\/wp-json\/wp\/v2\/pages\/655\/revisions"}],"predecessor-version":[{"id":748,"href":"https:\/\/utfpr.curitiba.br\/tecsolutfprcuritiba\/wp-json\/wp\/v2\/pages\/655\/revisions\/748"}],"wp:attachment":[{"href":"https:\/\/utfpr.curitiba.br\/tecsolutfprcuritiba\/wp-json\/wp\/v2\/media?parent=655"}],"curies":[{"name":"wp","href":"https:\/\/api.w.org\/{rel}","templated":true}]}}