{"id":45,"date":"2023-09-04T17:29:10","date_gmt":"2023-09-04T20:29:10","guid":{"rendered":"https:\/\/utfpr.curitiba.br\/tecsolutfprcuritiba\/?page_id=45"},"modified":"2023-09-19T00:25:48","modified_gmt":"2023-09-19T03:25:48","slug":"projetos","status":"publish","type":"page","link":"https:\/\/utfpr.curitiba.br\/tecsolutfprcuritiba\/projetos\/","title":{"rendered":"Projetos"},"content":{"rendered":"\t\t<div data-elementor-type=\"wp-page\" data-elementor-id=\"45\" class=\"elementor elementor-45\">\n\t\t\t\t<div class=\"elementor-element elementor-element-a1af456 e-flex e-con-boxed wpr-particle-no wpr-jarallax-no wpr-parallax-no wpr-sticky-section-no e-con e-parent\" data-id=\"a1af456\" data-element_type=\"container\" data-e-type=\"container\">\n\t\t\t\t\t<div class=\"e-con-inner\">\n\t\t\t\t<div class=\"elementor-element elementor-element-37a0e8e elementor-widget elementor-widget-heading\" data-id=\"37a0e8e\" data-element_type=\"widget\" data-e-type=\"widget\" data-widget_type=\"heading.default\">\n\t\t\t\t<div class=\"elementor-widget-container\">\n\t\t\t\t\t<h2 class=\"elementor-heading-title elementor-size-default\">Projetos<\/h2>\t\t\t\t<\/div>\n\t\t\t\t<\/div>\n\t\t\t\t\t<\/div>\n\t\t\t\t<\/div>\n\t\t<div class=\"elementor-element elementor-element-68f3fee e-flex e-con-boxed wpr-particle-no wpr-jarallax-no wpr-parallax-no wpr-sticky-section-no e-con e-parent\" data-id=\"68f3fee\" data-element_type=\"container\" data-e-type=\"container\">\n\t\t\t\t\t<div class=\"e-con-inner\">\n\t\t\t\t<div class=\"elementor-element elementor-element-c122c67 elementor-widget elementor-widget-text-editor\" data-id=\"c122c67\" data-element_type=\"widget\" data-e-type=\"widget\" data-widget_type=\"text-editor.default\">\n\t\t\t\t<div class=\"elementor-widget-container\">\n\t\t\t\t\t\t\t\t\t<p>2022-Atual<\/p>\t\t\t\t\t\t\t\t<\/div>\n\t\t\t\t<\/div>\n\t\t\t\t<div class=\"elementor-element elementor-element-e1c8f39 elementor-widget elementor-widget-heading\" data-id=\"e1c8f39\" data-element_type=\"widget\" data-e-type=\"widget\" data-widget_type=\"heading.default\">\n\t\t\t\t<div class=\"elementor-widget-container\">\n\t\t\t\t\t<h6 class=\"elementor-heading-title elementor-size-default\">Conselho Estadual de Economia Solid\u00e1ria do Paran\u00e1: a\u00e7\u00f5es para fortalecimento da participa\u00e7\u00e3o popular cidad\u00e3 e da Economia Solid\u00e1ria<\/h6>\t\t\t\t<\/div>\n\t\t\t\t<\/div>\n\t\t\t\t<div class=\"elementor-element elementor-element-c769938 elementor-widget elementor-widget-text-editor\" data-id=\"c769938\" data-element_type=\"widget\" data-e-type=\"widget\" data-widget_type=\"text-editor.default\">\n\t\t\t\t<div class=\"elementor-widget-container\">\n\t\t\t\t\t\t\t\t\t<p>O contexto atual do pa\u00eds \u00e9 de retrocesso nas pol\u00edticas p\u00fablicas em Economia Solid\u00e1ria (ES), aumento do desemprego e da pobreza; precariza\u00e7\u00e3o do trabalho; descaso em rela\u00e7\u00e3o aos direitos humanos, sociais e da natureza e pela fragiliza\u00e7\u00e3o da democracia. Nessa conjuntura, a cria\u00e7\u00e3o da Lei de Economia Solid\u00e1ria no Paran\u00e1 (2019) representa uma importante conquista e a efetiva atua\u00e7\u00e3o do Conselho Estadual de Economia Solid\u00e1ria do Paran\u00e1 (CEES-PR) \u00e9 imprescind\u00edvel para cria\u00e7\u00e3o de Pol\u00edticas P\u00fablicas que promovam a a\u00e7\u00f5es de gera\u00e7\u00e3o de trabalho e renda pautadas nos principios da ES e que atendam prioritariamente mulheres, negros, popula\u00e7\u00e3o LGBTQ+, povos tradicionais, agricultores\/as familiares, jovens, e outras minorias, nas \u00e1reas urbana e rural. Assim, o presente projeto visa promover \u00e0 a\u00e7\u00f5es para consolida\u00e7\u00e3o do (CEES-PR), tais como participa\u00e7\u00e3o nas reuni\u00f5es ordin\u00e1rias e extraordin\u00e1rias, participa\u00e7\u00e3o em GTs, levantamento e an\u00e1lise de planos estaduais de economia solid\u00e1ria para subsidiar elabora\u00e7\u00e3o do plano paranaense, interlocu\u00e7\u00e3o e aproxima\u00e7\u00e3o com conselhos que tenham pautas comuns \u00e0 ES; divulgar a\u00e7\u00f5es do conselho e informa\u00e7\u00f5es sobre seus objetivos e participa\u00e7\u00e3o popular, produzir artigos cientificos sobre o projeto. Projeto vincula-se ao programa de extens\u00e3o &#8220;Tecsol &#8211; incubadora de Economia Solid\u00e1ria da UTFPR- CT&#8221;.<\/p>\t\t\t\t\t\t\t\t<\/div>\n\t\t\t\t<\/div>\n\t\t\t\t<div class=\"elementor-element elementor-element-bb520da elementor-widget elementor-widget-text-editor\" data-id=\"bb520da\" data-element_type=\"widget\" data-e-type=\"widget\" data-widget_type=\"text-editor.default\">\n\t\t\t\t<div class=\"elementor-widget-container\">\n\t\t\t\t\t\t\t\t\t<p><em>Coordena\u00e7\u00e3o Maria Luisa Carvalho<br \/><\/em><\/p>\t\t\t\t\t\t\t\t<\/div>\n\t\t\t\t<\/div>\n\t\t\t\t\t<\/div>\n\t\t\t\t<\/div>\n\t\t<div class=\"elementor-element elementor-element-034bbad e-flex e-con-boxed wpr-particle-no wpr-jarallax-no wpr-parallax-no wpr-sticky-section-no e-con e-parent\" data-id=\"034bbad\" data-element_type=\"container\" data-e-type=\"container\">\n\t\t\t\t\t<div class=\"e-con-inner\">\n\t\t\t\t<div class=\"elementor-element elementor-element-cec8d1e elementor-widget elementor-widget-text-editor\" data-id=\"cec8d1e\" data-element_type=\"widget\" data-e-type=\"widget\" data-widget_type=\"text-editor.default\">\n\t\t\t\t<div class=\"elementor-widget-container\">\n\t\t\t\t\t\t\t\t\t<p>2021-Atual<\/p>\t\t\t\t\t\t\t\t<\/div>\n\t\t\t\t<\/div>\n\t\t\t\t<div class=\"elementor-element elementor-element-d08ac6a elementor-widget elementor-widget-heading\" data-id=\"d08ac6a\" data-element_type=\"widget\" data-e-type=\"widget\" data-widget_type=\"heading.default\">\n\t\t\t\t<div class=\"elementor-widget-container\">\n\t\t\t\t\t<h6 class=\"elementor-heading-title elementor-size-default\">Exerc\u00edcio da cidadania e participa\u00e7\u00e3o pol\u00edtica com trabalhadoras\/es das associa\u00e7\u00f5es de catadores de materiais recicl\u00e1veis de Almirante Tamandar\u00e9<\/h6>\t\t\t\t<\/div>\n\t\t\t\t<\/div>\n\t\t\t\t<div class=\"elementor-element elementor-element-6923bfc elementor-widget elementor-widget-text-editor\" data-id=\"6923bfc\" data-element_type=\"widget\" data-e-type=\"widget\" data-widget_type=\"text-editor.default\">\n\t\t\t\t<div class=\"elementor-widget-container\">\n\t\t\t\t\t\t\t\t\t<p>Contribuir para a melhoria das condi\u00e7\u00f5es de trabalho das associa\u00e7\u00f5es de catadores de materiais recicl\u00e1veis de Almirante Tamandar\u00e9. Trata-se de continua\u00e7\u00e3o de projeto de extens\u00e3o desenvolvido nos \u00faltimos dois anos, que por sua vez, foi uma adequa\u00e7\u00e3o do projeto de extens\u00e3o desenvolvido nos anos 2019 e 2020, com o t\u00edtulo &#8220;Implantar o plano de sustentabilidade da Associa\u00e7\u00e3o de Catadores de Materiais Recicl\u00e1veis de Almirante Tamandar\u00e9 Ilha&#8221;. Este projeto envolve as duas associa\u00e7\u00f5es compostas por catadores de materiais recicl\u00e1veis existentes no munic\u00edpio: a Associa\u00e7\u00e3o de Catadores de Materiais Recicl\u00e1veis de Almirante Tamandar\u00e9 Ilha e a Associa\u00e7\u00e3o de Catadores Reciclar e Limpar.<\/p>\t\t\t\t\t\t\t\t<\/div>\n\t\t\t\t<\/div>\n\t\t\t\t<div class=\"elementor-element elementor-element-0638108 elementor-widget elementor-widget-text-editor\" data-id=\"0638108\" data-element_type=\"widget\" data-e-type=\"widget\" data-widget_type=\"text-editor.default\">\n\t\t\t\t<div class=\"elementor-widget-container\">\n\t\t\t\t\t\t\t\t\t<p><em>Coordena\u00e7\u00e3o Lino Trevisan<br \/><\/em><\/p>\t\t\t\t\t\t\t\t<\/div>\n\t\t\t\t<\/div>\n\t\t\t\t\t<\/div>\n\t\t\t\t<\/div>\n\t\t<div class=\"elementor-element elementor-element-516fb7b e-flex e-con-boxed wpr-particle-no wpr-jarallax-no wpr-parallax-no wpr-sticky-section-no e-con e-parent\" data-id=\"516fb7b\" data-element_type=\"container\" data-e-type=\"container\">\n\t\t\t\t\t<div class=\"e-con-inner\">\n\t\t\t\t<div class=\"elementor-element elementor-element-148a496 elementor-widget elementor-widget-text-editor\" data-id=\"148a496\" data-element_type=\"widget\" data-e-type=\"widget\" data-widget_type=\"text-editor.default\">\n\t\t\t\t<div class=\"elementor-widget-container\">\n\t\t\t\t\t\t\t\t\t<p>2021-2022<\/p>\t\t\t\t\t\t\t\t<\/div>\n\t\t\t\t<\/div>\n\t\t\t\t<div class=\"elementor-element elementor-element-c10ab0a elementor-widget elementor-widget-heading\" data-id=\"c10ab0a\" data-element_type=\"widget\" data-e-type=\"widget\" data-widget_type=\"heading.default\">\n\t\t\t\t<div class=\"elementor-widget-container\">\n\t\t\t\t\t<h6 class=\"elementor-heading-title elementor-size-default\">Incuba\u00e7\u00e3o da Associa\u00e7\u00e3o Feira Permanente de Economia Popular e Solid\u00e1ria: a\u00e7\u00f5es para gerar trabalho e renda no contexto da pandemia Covid-19<\/h6>\t\t\t\t<\/div>\n\t\t\t\t<\/div>\n\t\t\t\t<div class=\"elementor-element elementor-element-95c3964 elementor-widget elementor-widget-text-editor\" data-id=\"95c3964\" data-element_type=\"widget\" data-e-type=\"widget\" data-widget_type=\"text-editor.default\">\n\t\t\t\t<div class=\"elementor-widget-container\">\n\t\t\t\t\t\t\t\t\t<p>Assessora uma associa\u00e7\u00e3o de artes\u00e3s ligadas \u00e0 Economia Solid\u00e1ria, por meio de a\u00e7\u00f5es como acompanhamento de reuni\u00f5es mensais, visitas a feira, capta\u00e7\u00e3o de recursos via editais, organiza\u00e7\u00e3o e gest\u00e3o interna.<\/p>\t\t\t\t\t\t\t\t<\/div>\n\t\t\t\t<\/div>\n\t\t\t\t<div class=\"elementor-element elementor-element-640a592 elementor-widget elementor-widget-text-editor\" data-id=\"640a592\" data-element_type=\"widget\" data-e-type=\"widget\" data-widget_type=\"text-editor.default\">\n\t\t\t\t<div class=\"elementor-widget-container\">\n\t\t\t\t\t\t\t\t\t<p><em>Coordena\u00e7\u00e3o Maria Luisa Carvalho<br \/><\/em><\/p>\t\t\t\t\t\t\t\t<\/div>\n\t\t\t\t<\/div>\n\t\t\t\t\t<\/div>\n\t\t\t\t<\/div>\n\t\t<div class=\"elementor-element elementor-element-b52deec e-flex e-con-boxed wpr-particle-no wpr-jarallax-no wpr-parallax-no wpr-sticky-section-no e-con e-parent\" data-id=\"b52deec\" data-element_type=\"container\" data-e-type=\"container\">\n\t\t\t\t\t<div class=\"e-con-inner\">\n\t\t\t\t<div class=\"elementor-element elementor-element-1022e2c elementor-widget elementor-widget-text-editor\" data-id=\"1022e2c\" data-element_type=\"widget\" data-e-type=\"widget\" data-widget_type=\"text-editor.default\">\n\t\t\t\t<div class=\"elementor-widget-container\">\n\t\t\t\t\t\t\t\t\t<p>2020-2021<\/p>\t\t\t\t\t\t\t\t<\/div>\n\t\t\t\t<\/div>\n\t\t\t\t<div class=\"elementor-element elementor-element-ee10591 elementor-widget elementor-widget-heading\" data-id=\"ee10591\" data-element_type=\"widget\" data-e-type=\"widget\" data-widget_type=\"heading.default\">\n\t\t\t\t<div class=\"elementor-widget-container\">\n\t\t\t\t\t<h6 class=\"elementor-heading-title elementor-size-default\">Rede Mandala: Rede Paranaense de Economia Solid\u00e1ria Campo-Cidade<\/h6>\t\t\t\t<\/div>\n\t\t\t\t<\/div>\n\t\t\t\t<div class=\"elementor-element elementor-element-9db61ad elementor-widget elementor-widget-text-editor\" data-id=\"9db61ad\" data-element_type=\"widget\" data-e-type=\"widget\" data-widget_type=\"text-editor.default\">\n\t\t\t\t<div class=\"elementor-widget-container\">\n\t\t\t\t\t\t\t\t\t<p>O projeto tem como objetivo consolidar uma Rede Estadual de Economia Solid\u00e1ria como estrat\u00e9gia de fortalecimento e amplia\u00e7\u00e3o da produ\u00e7\u00e3o, comercializa\u00e7\u00e3o e consumo na perspectiva do fortalecimento da pol\u00edtica p\u00fablica de Economia Solid\u00e1ria. A articula\u00e7\u00e3o recebeu o nome de Rede Mandala, Rede Paranaense de Economia Solid\u00e1ria Campo-Cidade. A partir da metodologia participativa, o projeto desenvolve instrumentos para apoiar os sujeitos com a cria\u00e7\u00e3o, desenvolvimento e aplica\u00e7\u00e3o de tecnologias sociais com vistas ao alcance dos objetivos dos grupos e na viabilidade do trabalho e renda dentro dos princ\u00edpios da economia solid\u00e1ria.<\/p>\t\t\t\t\t\t\t\t<\/div>\n\t\t\t\t<\/div>\n\t\t\t\t<div class=\"elementor-element elementor-element-a84d72a elementor-widget elementor-widget-text-editor\" data-id=\"a84d72a\" data-element_type=\"widget\" data-e-type=\"widget\" data-widget_type=\"text-editor.default\">\n\t\t\t\t<div class=\"elementor-widget-container\">\n\t\t\t\t\t\t\t\t\t<p><em>Coordena\u00e7\u00e3o Marilene Zazula Beatriz<\/em><\/p>\t\t\t\t\t\t\t\t<\/div>\n\t\t\t\t<\/div>\n\t\t\t\t\t<\/div>\n\t\t\t\t<\/div>\n\t\t\t\t<\/div>\n\t\t","protected":false},"excerpt":{"rendered":"<p>\/*! elementor &#8211; v3.15.0 &#8211; 20-08-2023 *\/ .elementor-heading-title{padding:0;margin:0;line-height:1}.elementor-widget-heading .elementor-heading-title[class*=elementor-size-]&gt;a{color:inherit;font-size:inherit;line-height:inherit}.elementor-widget-heading .elementor-heading-title.elementor-size-small{font-size:15px}.elementor-widget-heading .elementor-heading-title.elementor-size-medium{font-size:19px}.elementor-widget-heading .elementor-heading-title.elementor-size-large{font-size:29px}.elementor-widget-heading .elementor-heading-title.elementor-size-xl{font-size:39px}.elementor-widget-heading .elementor-heading-title.elementor-size-xxl{font-size:59px} Projetos 2022-Atual Conselho Estadual de Economia Solid\u00e1ria do Paran\u00e1: a\u00e7\u00f5es para fortalecimento da participa\u00e7\u00e3o popular cidad\u00e3 e da Economia Solid\u00e1ria O contexto atual do pa\u00eds \u00e9 de retrocesso nas pol\u00edticas p\u00fablicas em Economia Solid\u00e1ria (ES), aumento do desemprego e da pobreza; precariza\u00e7\u00e3o do trabalho; descaso em rela\u00e7\u00e3o aos direitos humanos, sociais e da natureza e pela fragiliza\u00e7\u00e3o da democracia. Nessa conjuntura, a cria\u00e7\u00e3o da Lei de Economia Solid\u00e1ria no Paran\u00e1 (2019) representa uma importante conquista e a efetiva atua\u00e7\u00e3o do Conselho Estadual de Economia Solid\u00e1ria do Paran\u00e1 (CEES-PR) \u00e9 imprescind\u00edvel para cria\u00e7\u00e3o de Pol\u00edticas P\u00fablicas que promovam a a\u00e7\u00f5es de gera\u00e7\u00e3o de trabalho e renda pautadas nos principios da ES e que atendam prioritariamente mulheres, negros, popula\u00e7\u00e3o LGBTQ+, povos tradicionais, agricultores\/as familiares, jovens, e outras minorias, nas \u00e1reas urbana e rural. Assim, o presente projeto visa promover \u00e0 a\u00e7\u00f5es para consolida\u00e7\u00e3o do (CEES-PR), tais como participa\u00e7\u00e3o nas reuni\u00f5es ordin\u00e1rias e extraordin\u00e1rias, participa\u00e7\u00e3o em GTs, levantamento e an\u00e1lise de planos estaduais de economia solid\u00e1ria para subsidiar elabora\u00e7\u00e3o do plano paranaense, interlocu\u00e7\u00e3o e aproxima\u00e7\u00e3o com conselhos que tenham pautas comuns \u00e0 ES; divulgar a\u00e7\u00f5es do conselho e informa\u00e7\u00f5es sobre seus objetivos e participa\u00e7\u00e3o popular, produzir artigos cientificos sobre o projeto. Projeto vincula-se ao programa de extens\u00e3o &#8220;Tecsol &#8211; incubadora de Economia Solid\u00e1ria da UTFPR- CT&#8221;. Coordena\u00e7\u00e3o Maria Luisa Carvalho 2021-Atual Exerc\u00edcio da cidadania e participa\u00e7\u00e3o pol\u00edtica com trabalhadoras\/es das associa\u00e7\u00f5es de catadores de materiais recicl\u00e1veis de Almirante Tamandar\u00e9 Contribuir para a melhoria das condi\u00e7\u00f5es de trabalho das associa\u00e7\u00f5es de catadores de materiais recicl\u00e1veis de Almirante Tamandar\u00e9. Trata-se de continua\u00e7\u00e3o de projeto de extens\u00e3o desenvolvido nos \u00faltimos dois anos, que por sua vez, foi uma adequa\u00e7\u00e3o do projeto de extens\u00e3o desenvolvido nos anos 2019 e 2020, com o t\u00edtulo &#8220;Implantar o plano de sustentabilidade da Associa\u00e7\u00e3o de Catadores de Materiais Recicl\u00e1veis de Almirante Tamandar\u00e9 Ilha&#8221;. Este projeto envolve as duas associa\u00e7\u00f5es compostas por catadores de materiais recicl\u00e1veis existentes no munic\u00edpio: a Associa\u00e7\u00e3o de Catadores de Materiais Recicl\u00e1veis de Almirante Tamandar\u00e9 Ilha e a Associa\u00e7\u00e3o de Catadores Reciclar e Limpar. Coordena\u00e7\u00e3o Lino Trevisan 2021-2022 Incuba\u00e7\u00e3o da Associa\u00e7\u00e3o Feira Permanente de Economia Popular e Solid\u00e1ria: a\u00e7\u00f5es para gerar trabalho e renda no contexto da pandemia Covid-19 Assessora uma associa\u00e7\u00e3o de artes\u00e3s ligadas \u00e0 Economia Solid\u00e1ria, por meio de a\u00e7\u00f5es como acompanhamento de reuni\u00f5es mensais, visitas a feira, capta\u00e7\u00e3o de recursos via editais, organiza\u00e7\u00e3o e gest\u00e3o interna. Coordena\u00e7\u00e3o Maria Luisa Carvalho 2020-2021 Rede Mandala: Rede Paranaense de Economia Solid\u00e1ria Campo-Cidade O projeto tem como objetivo consolidar uma Rede Estadual de Economia Solid\u00e1ria como estrat\u00e9gia de fortalecimento e amplia\u00e7\u00e3o da produ\u00e7\u00e3o, comercializa\u00e7\u00e3o e consumo na perspectiva do fortalecimento da pol\u00edtica p\u00fablica de Economia Solid\u00e1ria. A articula\u00e7\u00e3o recebeu o nome de Rede Mandala, Rede Paranaense de Economia Solid\u00e1ria Campo-Cidade. A partir da metodologia participativa, o projeto desenvolve instrumentos para apoiar os sujeitos com a cria\u00e7\u00e3o, desenvolvimento e aplica\u00e7\u00e3o de tecnologias sociais com vistas ao alcance dos objetivos dos grupos e na viabilidade do trabalho e renda dentro dos princ\u00edpios da economia solid\u00e1ria. Coordena\u00e7\u00e3o Marilene Zazula Beatriz<\/p>\n","protected":false},"author":73,"featured_media":0,"parent":0,"menu_order":0,"comment_status":"closed","ping_status":"closed","template":"","meta":{"footnotes":""},"class_list":["post-45","page","type-page","status-publish","hentry"],"_links":{"self":[{"href":"https:\/\/utfpr.curitiba.br\/tecsolutfprcuritiba\/wp-json\/wp\/v2\/pages\/45","targetHints":{"allow":["GET"]}}],"collection":[{"href":"https:\/\/utfpr.curitiba.br\/tecsolutfprcuritiba\/wp-json\/wp\/v2\/pages"}],"about":[{"href":"https:\/\/utfpr.curitiba.br\/tecsolutfprcuritiba\/wp-json\/wp\/v2\/types\/page"}],"author":[{"embeddable":true,"href":"https:\/\/utfpr.curitiba.br\/tecsolutfprcuritiba\/wp-json\/wp\/v2\/users\/73"}],"replies":[{"embeddable":true,"href":"https:\/\/utfpr.curitiba.br\/tecsolutfprcuritiba\/wp-json\/wp\/v2\/comments?post=45"}],"version-history":[{"count":31,"href":"https:\/\/utfpr.curitiba.br\/tecsolutfprcuritiba\/wp-json\/wp\/v2\/pages\/45\/revisions"}],"predecessor-version":[{"id":560,"href":"https:\/\/utfpr.curitiba.br\/tecsolutfprcuritiba\/wp-json\/wp\/v2\/pages\/45\/revisions\/560"}],"wp:attachment":[{"href":"https:\/\/utfpr.curitiba.br\/tecsolutfprcuritiba\/wp-json\/wp\/v2\/media?parent=45"}],"curies":[{"name":"wp","href":"https:\/\/api.w.org\/{rel}","templated":true}]}}