{"id":43,"date":"2023-09-04T17:28:59","date_gmt":"2023-09-04T20:28:59","guid":{"rendered":"https:\/\/utfpr.curitiba.br\/tecsolutfprcuritiba\/?page_id=43"},"modified":"2023-09-18T23:37:41","modified_gmt":"2023-09-19T02:37:41","slug":"producao-academica","status":"publish","type":"page","link":"https:\/\/utfpr.curitiba.br\/tecsolutfprcuritiba\/producao-academica\/","title":{"rendered":"Produ\u00e7\u00e3o Acad\u00eamica"},"content":{"rendered":"\t\t<div data-elementor-type=\"wp-page\" data-elementor-id=\"43\" class=\"elementor elementor-43\">\n\t\t\t\t<div class=\"elementor-element elementor-element-c09bb8c e-flex e-con-boxed wpr-particle-no wpr-jarallax-no wpr-parallax-no wpr-sticky-section-no e-con e-parent\" data-id=\"c09bb8c\" data-element_type=\"container\" data-e-type=\"container\">\n\t\t\t\t\t<div class=\"e-con-inner\">\n\t\t\t\t<div class=\"elementor-element elementor-element-fd55d41 elementor-widget elementor-widget-heading\" data-id=\"fd55d41\" data-element_type=\"widget\" data-e-type=\"widget\" data-widget_type=\"heading.default\">\n\t\t\t\t<div class=\"elementor-widget-container\">\n\t\t\t\t\t<h2 class=\"elementor-heading-title elementor-size-default\">Produ\u00e7\u00e3o acad\u00eamica<\/h2>\t\t\t\t<\/div>\n\t\t\t\t<\/div>\n\t\t\t\t\t<\/div>\n\t\t\t\t<\/div>\n\t\t<div class=\"elementor-element elementor-element-6044b3f e-flex e-con-boxed wpr-particle-no wpr-jarallax-no wpr-parallax-no wpr-sticky-section-no e-con e-parent\" data-id=\"6044b3f\" data-element_type=\"container\" data-e-type=\"container\" data-settings=\"{&quot;background_background&quot;:&quot;classic&quot;}\">\n\t\t\t\t\t<div class=\"e-con-inner\">\n\t\t\t\t<div class=\"elementor-element elementor-element-c530cf8 elementor-widget elementor-widget-heading\" data-id=\"c530cf8\" data-element_type=\"widget\" data-e-type=\"widget\" data-widget_type=\"heading.default\">\n\t\t\t\t<div class=\"elementor-widget-container\">\n\t\t\t\t\t<h4 class=\"elementor-heading-title elementor-size-default\">Artigos cient\u00edficos<\/h4>\t\t\t\t<\/div>\n\t\t\t\t<\/div>\n\t\t\t\t<div class=\"elementor-element elementor-element-b614f64 elementor-widget elementor-widget-heading\" data-id=\"b614f64\" data-element_type=\"widget\" data-e-type=\"widget\" data-widget_type=\"heading.default\">\n\t\t\t\t<div class=\"elementor-widget-container\">\n\t\t\t\t\t<h6 class=\"elementor-heading-title elementor-size-default\">Limites e possibilidades da educa\u00e7\u00e3o popular no contexto da pandemia covid-19: a experi\u00eancia do curso de comunica\u00e7\u00e3o popular da Rede Mandala<\/h6>\t\t\t\t<\/div>\n\t\t\t\t<\/div>\n\t\t\t\t<div class=\"elementor-element elementor-element-6068a39 elementor-widget elementor-widget-text-editor\" data-id=\"6068a39\" data-element_type=\"widget\" data-e-type=\"widget\" data-widget_type=\"text-editor.default\">\n\t\t\t\t<div class=\"elementor-widget-container\">\n\t\t\t\t\t\t\t\t\t<p>O contexto da pandemia da Covid-19, e as medidas de isolamento social para sua conten\u00e7\u00e3o, fizeram com que os processos formativos dos\/as trabalhadores\/as dos empreendimentos econ\u00f4micos solid\u00e1rios ocorressem remotamente e intermediados por tecnologias de informa\u00e7\u00e3o e comunica\u00e7\u00e3o (TICs). Neste sentido, o objetivo desta pesquisa foi analisar limites e possibilidades da Educa\u00e7\u00e3o Popular no ensino remoto em um curso para trabalhadores\/as de Economia Solid\u00e1ria. Tal an\u00e1lise foi realizada a partir de um curso de extens\u00e3o universit\u00e1ria denominado de Comunica\u00e7\u00e3o Popular para Empreendimentos Econ\u00f4micos Solid\u00e1rios realizado pela Tecsol &#8211; Incubadora de Economia Solid\u00e1ria da UTFPR (Curitiba) e pelo Centro de Forma\u00e7\u00e3o Urbano Rural Irm\u00e3 Ara\u00fajo (Cefuria) dirigido a trabalhadores\/as da Rede Mandala &#8211; Rede Paranaense de Economia Solid\u00e1ria Campo Cidade. Para tanto, a metodologia adotada foi de uma pesquisa qualitativa e explorat\u00f3ria. As fontes de dados foram as avalia\u00e7\u00f5es realizadas pelos educandos\/as (via formul\u00e1rio online) e pela equipe t\u00e9cnica (relato de reuni\u00e3o de avalia\u00e7\u00e3o). Os dados foram analisados por meio da An\u00e1lise de Conte\u00fado e \u00e0 luz de te\u00f3ricos da Educa\u00e7\u00e3o Popular. Como resultados obteve-se quatro categorias de an\u00e1lise: organiza\u00e7\u00e3o e estrutura do curso; processo de aprendizagem; est\u00edmulo \u00e0 reflex\u00e3o; intera\u00e7\u00e3o educador\/a-educando\/a. A falta de conhecimentos dos\/as trabalhadores\/as sobre o uso da plataforma de comunica\u00e7\u00e3o online e dificuldades de acesso \u00e0 internet foram os principais limites. J\u00e1 a intera\u00e7\u00e3o dial\u00f3gica e afetuosa entre educadores\/as e educandos\/as favoreceu a troca de saberes e a reflex\u00e3o, demonstrando possibilidades da Educa\u00e7\u00e3o Popular no ensino remoto.<\/p>\t\t\t\t\t\t\t\t<\/div>\n\t\t\t\t<\/div>\n\t\t\t\t<div class=\"elementor-element elementor-element-47f76d4 elementor-widget elementor-widget-text-editor\" data-id=\"47f76d4\" data-element_type=\"widget\" data-e-type=\"widget\" data-widget_type=\"text-editor.default\">\n\t\t\t\t<div class=\"elementor-widget-container\">\n\t\t\t\t\t\t\t\t\t<p><em>Maria Luisa Carvalho, Marilene Zazula Beatriz, Lino Trevisan, Cec\u00edlia Gomes da Rocha Ferraz Pereira, Rhuan Carlos Borges, Marcos Antonio Silv\u00e9rio<\/em><\/p>\t\t\t\t\t\t\t\t<\/div>\n\t\t\t\t<\/div>\n\t\t\t\t<div class=\"elementor-element elementor-element-1349a15 elementor-widget elementor-widget-text-editor\" data-id=\"1349a15\" data-element_type=\"widget\" data-e-type=\"widget\" data-widget_type=\"text-editor.default\">\n\t\t\t\t<div class=\"elementor-widget-container\">\n\t\t\t\t\t\t\t\t\t<p><a href=\"https:\/\/utfpr-ct-static-content.s3.amazonaws.com\/utfpr.curitiba.br\/wp-content\/uploads\/sites\/145\/2023\/09\/IX-ESOCITE.BR-Virtual-2021.pdf\">IX ESOCITE 2021<\/a><\/p>\t\t\t\t\t\t\t\t<\/div>\n\t\t\t\t<\/div>\n\t\t\t\t\t<\/div>\n\t\t\t\t<\/div>\n\t\t<div class=\"elementor-element elementor-element-915e0db e-flex e-con-boxed wpr-particle-no wpr-jarallax-no wpr-parallax-no wpr-sticky-section-no e-con e-parent\" data-id=\"915e0db\" data-element_type=\"container\" data-e-type=\"container\">\n\t\t\t\t\t<div class=\"e-con-inner\">\n\t\t\t\t<div class=\"elementor-element elementor-element-1f57909 elementor-widget-divider--view-line elementor-widget elementor-widget-divider\" data-id=\"1f57909\" data-element_type=\"widget\" data-e-type=\"widget\" data-widget_type=\"divider.default\">\n\t\t\t\t<div class=\"elementor-widget-container\">\n\t\t\t\t\t\t\t<div class=\"elementor-divider\">\n\t\t\t<span class=\"elementor-divider-separator\">\n\t\t\t\t\t\t<\/span>\n\t\t<\/div>\n\t\t\t\t\t\t<\/div>\n\t\t\t\t<\/div>\n\t\t\t\t\t<\/div>\n\t\t\t\t<\/div>\n\t\t<div class=\"elementor-element elementor-element-00e8f91 e-flex e-con-boxed wpr-particle-no wpr-jarallax-no wpr-parallax-no wpr-sticky-section-no e-con e-parent\" data-id=\"00e8f91\" data-element_type=\"container\" data-e-type=\"container\" data-settings=\"{&quot;background_background&quot;:&quot;classic&quot;}\">\n\t\t\t\t\t<div class=\"e-con-inner\">\n\t\t\t\t<div class=\"elementor-element elementor-element-69a91a1 elementor-widget elementor-widget-heading\" data-id=\"69a91a1\" data-element_type=\"widget\" data-e-type=\"widget\" data-widget_type=\"heading.default\">\n\t\t\t\t<div class=\"elementor-widget-container\">\n\t\t\t\t\t<h4 class=\"elementor-heading-title elementor-size-default\">Trabalhos de Conclus\u00e3o de Curso, Disserta\u00e7\u00f5es, Teses<\/h4>\t\t\t\t<\/div>\n\t\t\t\t<\/div>\n\t\t\t\t<div class=\"elementor-element elementor-element-de143bf elementor-widget elementor-widget-heading\" data-id=\"de143bf\" data-element_type=\"widget\" data-e-type=\"widget\" data-widget_type=\"heading.default\">\n\t\t\t\t<div class=\"elementor-widget-container\">\n\t\t\t\t\t<h6 class=\"elementor-heading-title elementor-size-default\">Design participativo e economia solid\u00e1ria: o papel do designer numa experi\u00eancia de desenvolvimento de material did\u00e1tico<\/h6>\t\t\t\t<\/div>\n\t\t\t\t<\/div>\n\t\t\t\t<div class=\"elementor-element elementor-element-82f5348 elementor-widget__width-initial elementor-widget elementor-widget-text-editor\" data-id=\"82f5348\" data-element_type=\"widget\" data-e-type=\"widget\" data-widget_type=\"text-editor.default\">\n\t\t\t\t<div class=\"elementor-widget-container\">\n\t\t\t\t\t\t\t\t\t<p>Levando em considera\u00e7\u00e3o o papel do designer como projetista das necessidades de consumo da sociedade, prop\u00f5e-se uma reflex\u00e3o sobre seu papel na transforma\u00e7\u00e3o social. O gatilho para o desenvolvimento do presente trabalho vem da experi\u00eancia da autora durante a elabora\u00e7\u00e3o de uma material did\u00e1tico a ser feito de forma autogestion\u00e1ria atrav\u00e9s de Design Participativo, em grupo de trabalho, dentro dos espa\u00e7os da UTFPR, junto a Incubadora de Economia Solid\u00e1ria, TECSOL, e a membros da Rede Mandala de Economia Solid\u00e1ria. Para tanto, \u00e9 feita uma revis\u00e3o de literatura b\u00e1sica acerca dos temas de Economia Solid\u00e1ria e Educa\u00e7\u00e3o Popular, e acrescidas as \u00e1reas de Design Participativo e Design Social, com o objetivo de compreender as possibilidades de a\u00e7\u00e3o do profissional em um meio n\u00e3o convencional, ou seja, em espa\u00e7os que n\u00e3o estejam ligados ao sistema capitalista, que acaba por gerar e perpetuar desigualdades sociais, como forma de ampliar a a\u00e7\u00e3o e a aplica\u00e7\u00e3o do design.<\/p>\t\t\t\t\t\t\t\t<\/div>\n\t\t\t\t<\/div>\n\t\t\t\t<div class=\"elementor-element elementor-element-8ebd36f elementor-widget elementor-widget-text-editor\" data-id=\"8ebd36f\" data-element_type=\"widget\" data-e-type=\"widget\" data-widget_type=\"text-editor.default\">\n\t\t\t\t<div class=\"elementor-widget-container\">\n\t\t\t\t\t\t\t\t\t<p><em>Luciane de Carvalho Hulyk<br \/><\/em><\/p>\t\t\t\t\t\t\t\t<\/div>\n\t\t\t\t<\/div>\n\t\t\t\t<div class=\"elementor-element elementor-element-b2f6073 elementor-widget elementor-widget-text-editor\" data-id=\"b2f6073\" data-element_type=\"widget\" data-e-type=\"widget\" data-widget_type=\"text-editor.default\">\n\t\t\t\t<div class=\"elementor-widget-container\">\n\t\t\t\t\t\t\t\t\t<p><a href=\"https:\/\/utfpr-ct-static-content.s3.amazonaws.com\/utfpr.curitiba.br\/wp-content\/uploads\/sites\/145\/2023\/09\/PF_TCC2019_Luciane-Hulyk.pdf\">Design participativo e economia solid\u00e1ria<\/a><\/p>\t\t\t\t\t\t\t\t<\/div>\n\t\t\t\t<\/div>\n\t\t\t\t<div class=\"elementor-element elementor-element-a21cc9f elementor-widget elementor-widget-heading\" data-id=\"a21cc9f\" data-element_type=\"widget\" data-e-type=\"widget\" data-widget_type=\"heading.default\">\n\t\t\t\t<div class=\"elementor-widget-container\">\n\t\t\t\t\t<h6 class=\"elementor-heading-title elementor-size-default\">Centro p\u00fablico de economia solid\u00e1ria: emancipa\u00e7\u00e3o e desenvolvimento social<\/h6>\t\t\t\t<\/div>\n\t\t\t\t<\/div>\n\t\t\t\t<div class=\"elementor-element elementor-element-fddc007 elementor-widget elementor-widget-text-editor\" data-id=\"fddc007\" data-element_type=\"widget\" data-e-type=\"widget\" data-widget_type=\"text-editor.default\">\n\t\t\t\t<div class=\"elementor-widget-container\">\n\t\t\t\t\t\t\t\t\t<p>A Economia Solid\u00e1ria (Ecosol) \u00e9 uma pr\u00e1tica social baseada na autogest\u00e3o e na horizontalidade das rela\u00e7\u00f5es, exercida por diversos atores que vivenciam diferentes modos de produ\u00e7\u00e3o, comercializa\u00e7\u00e3o e consumo. Tendo em vista a multiplicidade de espa\u00e7os que promovem a\u00e7\u00f5es de est\u00edmulo \u00e0 Ecosol e abrigam suas peculiaridades, faz-se necess\u00e1rio promover estrat\u00e9gias de integra\u00e7\u00e3o entre os grupos envolvidos a fim de fortalecer a Ecosol como alternativa social e econ\u00f4mica. A partir disso, este estudo prop\u00f5e o projeto de um Centro P\u00fablico de Ecosol em Curitiba, que possa abrigar um conjunto de atividades da Economia Solid\u00e1ria, contribuindo nos processos de emancipa\u00e7\u00e3o de seus agentes e no desenvolvimento socioecon\u00f4mico local, alcan\u00e7ando o conjunto da sociedade. Para isso foram realizadas investiga\u00e7\u00f5es a respeito da trajet\u00f3ria do movimento da Ecosol no Paran\u00e1 e em Curitiba, uma an\u00e1lise do perfil de seus atores e de outros centros p\u00fablicos de Ecosol j\u00e1 existentes, a fim de compreender as demandas espaciais, os usu\u00e1rios e como contribuir com a amplia\u00e7\u00e3o do movimento e a efetiva\u00e7\u00e3o da pol\u00edtica de Economia Solid\u00e1ria no Paran\u00e1.<\/p>\t\t\t\t\t\t\t\t<\/div>\n\t\t\t\t<\/div>\n\t\t\t\t<div class=\"elementor-element elementor-element-37eaf7f elementor-widget elementor-widget-text-editor\" data-id=\"37eaf7f\" data-element_type=\"widget\" data-e-type=\"widget\" data-widget_type=\"text-editor.default\">\n\t\t\t\t<div class=\"elementor-widget-container\">\n\t\t\t\t\t\t\t\t\t<p><em>Rayane Souza Costa<br \/><\/em><\/p>\t\t\t\t\t\t\t\t<\/div>\n\t\t\t\t<\/div>\n\t\t\t\t<div class=\"elementor-element elementor-element-a118b9f elementor-widget elementor-widget-text-editor\" data-id=\"a118b9f\" data-element_type=\"widget\" data-e-type=\"widget\" data-widget_type=\"text-editor.default\">\n\t\t\t\t<div class=\"elementor-widget-container\">\n\t\t\t\t\t\t\t\t\t<p><a href=\"https:\/\/utfpr-ct-static-content.s3.amazonaws.com\/utfpr.curitiba.br\/wp-content\/uploads\/sites\/145\/2023\/09\/RAYANE-SOUZA-COSTA-2.pdf\">Centro p\u00fablico de economia solid\u00e1ria<\/a><\/p>\t\t\t\t\t\t\t\t<\/div>\n\t\t\t\t<\/div>\n\t\t\t\t\t<\/div>\n\t\t\t\t<\/div>\n\t\t\t\t<\/div>\n\t\t","protected":false},"excerpt":{"rendered":"<p>\/*! elementor &#8211; v3.15.0 &#8211; 20-08-2023 *\/ .elementor-heading-title{padding:0;margin:0;line-height:1}.elementor-widget-heading .elementor-heading-title[class*=elementor-size-]&gt;a{color:inherit;font-size:inherit;line-height:inherit}.elementor-widget-heading .elementor-heading-title.elementor-size-small{font-size:15px}.elementor-widget-heading .elementor-heading-title.elementor-size-medium{font-size:19px}.elementor-widget-heading .elementor-heading-title.elementor-size-large{font-size:29px}.elementor-widget-heading .elementor-heading-title.elementor-size-xl{font-size:39px}.elementor-widget-heading .elementor-heading-title.elementor-size-xxl{font-size:59px} Produ\u00e7\u00e3o acad\u00eamica Artigos cient\u00edficos Limites e possibilidades da educa\u00e7\u00e3o popular no contexto da pandemia covid-19: a experi\u00eancia do curso de comunica\u00e7\u00e3o popular da Rede Mandala O contexto da pandemia da Covid-19, e as medidas de isolamento social para sua conten\u00e7\u00e3o, fizeram com que os processos formativos dos\/as trabalhadores\/as dos empreendimentos econ\u00f4micos solid\u00e1rios ocorressem remotamente e intermediados por tecnologias de informa\u00e7\u00e3o e comunica\u00e7\u00e3o (TICs). Neste sentido, o objetivo desta pesquisa foi analisar limites e possibilidades da Educa\u00e7\u00e3o Popular no ensino remoto em um curso para trabalhadores\/as de Economia Solid\u00e1ria. Tal an\u00e1lise foi realizada a partir de um curso de extens\u00e3o universit\u00e1ria denominado de Comunica\u00e7\u00e3o Popular para Empreendimentos Econ\u00f4micos Solid\u00e1rios realizado pela Tecsol &#8211; Incubadora de Economia Solid\u00e1ria da UTFPR (Curitiba) e pelo Centro de Forma\u00e7\u00e3o Urbano Rural Irm\u00e3 Ara\u00fajo (Cefuria) dirigido a trabalhadores\/as da Rede Mandala &#8211; Rede Paranaense de Economia Solid\u00e1ria Campo Cidade. Para tanto, a metodologia adotada foi de uma pesquisa qualitativa e explorat\u00f3ria. As fontes de dados foram as avalia\u00e7\u00f5es realizadas pelos educandos\/as (via formul\u00e1rio online) e pela equipe t\u00e9cnica (relato de reuni\u00e3o de avalia\u00e7\u00e3o). Os dados foram analisados por meio da An\u00e1lise de Conte\u00fado e \u00e0 luz de te\u00f3ricos da Educa\u00e7\u00e3o Popular. Como resultados obteve-se quatro categorias de an\u00e1lise: organiza\u00e7\u00e3o e estrutura do curso; processo de aprendizagem; est\u00edmulo \u00e0 reflex\u00e3o; intera\u00e7\u00e3o educador\/a-educando\/a. A falta de conhecimentos dos\/as trabalhadores\/as sobre o uso da plataforma de comunica\u00e7\u00e3o online e dificuldades de acesso \u00e0 internet foram os principais limites. J\u00e1 a intera\u00e7\u00e3o dial\u00f3gica e afetuosa entre educadores\/as e educandos\/as favoreceu a troca de saberes e a reflex\u00e3o, demonstrando possibilidades da Educa\u00e7\u00e3o Popular no ensino remoto. Maria Luisa Carvalho, Marilene Zazula Beatriz, Lino Trevisan, Cec\u00edlia Gomes da Rocha Ferraz Pereira, Rhuan Carlos Borges, Marcos Antonio Silv\u00e9rio IX ESOCITE 2021 \/*! elementor &#8211; v3.15.0 &#8211; 20-08-2023 *\/ .elementor-widget-divider{&#8211;divider-border-style:none;&#8211;divider-border-width:1px;&#8211;divider-color:#0c0d0e;&#8211;divider-icon-size:20px;&#8211;divider-element-spacing:10px;&#8211;divider-pattern-height:24px;&#8211;divider-pattern-size:20px;&#8211;divider-pattern-url:none;&#8211;divider-pattern-repeat:repeat-x}.elementor-widget-divider .elementor-divider{display:flex}.elementor-widget-divider .elementor-divider__text{font-size:15px;line-height:1;max-width:95%}.elementor-widget-divider .elementor-divider__element{margin:0 var(&#8211;divider-element-spacing);flex-shrink:0}.elementor-widget-divider .elementor-icon{font-size:var(&#8211;divider-icon-size)}.elementor-widget-divider .elementor-divider-separator{display:flex;margin:0;direction:ltr}.elementor-widget-divider&#8211;view-line_icon .elementor-divider-separator,.elementor-widget-divider&#8211;view-line_text .elementor-divider-separator{align-items:center}.elementor-widget-divider&#8211;view-line_icon .elementor-divider-separator:after,.elementor-widget-divider&#8211;view-line_icon .elementor-divider-separator:before,.elementor-widget-divider&#8211;view-line_text .elementor-divider-separator:after,.elementor-widget-divider&#8211;view-line_text .elementor-divider-separator:before{display:block;content:&#8221;&#8221;;border-bottom:0;flex-grow:1;border-top:var(&#8211;divider-border-width) var(&#8211;divider-border-style) var(&#8211;divider-color)}.elementor-widget-divider&#8211;element-align-left .elementor-divider .elementor-divider-separator&gt;.elementor-divider__svg:first-of-type{flex-grow:0;flex-shrink:100}.elementor-widget-divider&#8211;element-align-left .elementor-divider-separator:before{content:none}.elementor-widget-divider&#8211;element-align-left .elementor-divider__element{margin-left:0}.elementor-widget-divider&#8211;element-align-right .elementor-divider .elementor-divider-separator&gt;.elementor-divider__svg:last-of-type{flex-grow:0;flex-shrink:100}.elementor-widget-divider&#8211;element-align-right .elementor-divider-separator:after{content:none}.elementor-widget-divider&#8211;element-align-right .elementor-divider__element{margin-right:0}.elementor-widget-divider:not(.elementor-widget-divider&#8211;view-line_text):not(.elementor-widget-divider&#8211;view-line_icon) .elementor-divider-separator{border-top:var(&#8211;divider-border-width) var(&#8211;divider-border-style) var(&#8211;divider-color)}.elementor-widget-divider&#8211;separator-type-pattern{&#8211;divider-border-style:none}.elementor-widget-divider&#8211;separator-type-pattern.elementor-widget-divider&#8211;view-line .elementor-divider-separator,.elementor-widget-divider&#8211;separator-type-pattern:not(.elementor-widget-divider&#8211;view-line) .elementor-divider-separator:after,.elementor-widget-divider&#8211;separator-type-pattern:not(.elementor-widget-divider&#8211;view-line) .elementor-divider-separator:before,.elementor-widget-divider&#8211;separator-type-pattern:not([class*=elementor-widget-divider&#8211;view]) .elementor-divider-separator{width:100%;min-height:var(&#8211;divider-pattern-height);-webkit-mask-size:var(&#8211;divider-pattern-size) 100%;mask-size:var(&#8211;divider-pattern-size) 100%;-webkit-mask-repeat:var(&#8211;divider-pattern-repeat);mask-repeat:var(&#8211;divider-pattern-repeat);background-color:var(&#8211;divider-color);-webkit-mask-image:var(&#8211;divider-pattern-url);mask-image:var(&#8211;divider-pattern-url)}.elementor-widget-divider&#8211;no-spacing{&#8211;divider-pattern-size:auto}.elementor-widget-divider&#8211;bg-round{&#8211;divider-pattern-repeat:round}.rtl .elementor-widget-divider .elementor-divider__text{direction:rtl}.e-con-inner&gt;.elementor-widget-divider,.e-con&gt;.elementor-widget-divider{width:var(&#8211;container-widget-width,100%);&#8211;flex-grow:var(&#8211;container-widget-flex-grow)} Trabalhos de Conclus\u00e3o de Curso, Disserta\u00e7\u00f5es, Teses Design participativo e economia solid\u00e1ria: o papel do designer numa experi\u00eancia de desenvolvimento de material did\u00e1tico Levando em considera\u00e7\u00e3o o papel do designer como projetista das necessidades de consumo da sociedade, prop\u00f5e-se uma reflex\u00e3o sobre seu papel na transforma\u00e7\u00e3o social. O gatilho para o desenvolvimento do presente trabalho vem da experi\u00eancia da autora durante a elabora\u00e7\u00e3o de uma material did\u00e1tico a ser feito de forma autogestion\u00e1ria atrav\u00e9s de Design Participativo, em grupo de trabalho, dentro dos espa\u00e7os da UTFPR, junto a Incubadora de Economia Solid\u00e1ria, TECSOL, e a membros da Rede Mandala de Economia Solid\u00e1ria. Para tanto, \u00e9 feita uma revis\u00e3o de literatura b\u00e1sica acerca dos temas de Economia Solid\u00e1ria e Educa\u00e7\u00e3o Popular, e acrescidas as \u00e1reas de Design Participativo e Design Social, com o objetivo de compreender as possibilidades de a\u00e7\u00e3o do profissional em um meio n\u00e3o convencional, ou seja, em espa\u00e7os que n\u00e3o estejam ligados ao sistema capitalista, que acaba por gerar e perpetuar desigualdades sociais, como forma de ampliar a a\u00e7\u00e3o e a aplica\u00e7\u00e3o do design. Luciane de Carvalho Hulyk Design participativo e economia solid\u00e1ria Centro p\u00fablico de economia solid\u00e1ria: emancipa\u00e7\u00e3o e desenvolvimento social A Economia Solid\u00e1ria (Ecosol) \u00e9 uma pr\u00e1tica social baseada na autogest\u00e3o e na horizontalidade das rela\u00e7\u00f5es, exercida por diversos atores que vivenciam diferentes modos de produ\u00e7\u00e3o, comercializa\u00e7\u00e3o e consumo. Tendo em vista a multiplicidade de espa\u00e7os que promovem a\u00e7\u00f5es de est\u00edmulo \u00e0 Ecosol e abrigam suas peculiaridades, faz-se necess\u00e1rio promover estrat\u00e9gias de integra\u00e7\u00e3o entre os grupos envolvidos a fim de fortalecer a Ecosol como alternativa social e econ\u00f4mica. A partir disso, este estudo prop\u00f5e o projeto de um Centro P\u00fablico de Ecosol em Curitiba, que possa abrigar um conjunto de atividades da Economia Solid\u00e1ria, contribuindo nos processos de emancipa\u00e7\u00e3o de seus agentes e no desenvolvimento socioecon\u00f4mico local, alcan\u00e7ando o conjunto da sociedade. Para isso foram realizadas investiga\u00e7\u00f5es a respeito da trajet\u00f3ria do movimento da Ecosol no Paran\u00e1 e em Curitiba, uma an\u00e1lise do perfil de seus atores e de outros centros p\u00fablicos de Ecosol j\u00e1 existentes, a fim de compreender as demandas espaciais, os usu\u00e1rios e como contribuir com a amplia\u00e7\u00e3o do movimento e a efetiva\u00e7\u00e3o da pol\u00edtica de Economia Solid\u00e1ria no Paran\u00e1. Rayane Souza Costa Centro p\u00fablico de economia solid\u00e1ria<\/p>\n","protected":false},"author":73,"featured_media":0,"parent":0,"menu_order":0,"comment_status":"closed","ping_status":"closed","template":"","meta":{"footnotes":""},"class_list":["post-43","page","type-page","status-publish","hentry"],"_links":{"self":[{"href":"https:\/\/utfpr.curitiba.br\/tecsolutfprcuritiba\/wp-json\/wp\/v2\/pages\/43","targetHints":{"allow":["GET"]}}],"collection":[{"href":"https:\/\/utfpr.curitiba.br\/tecsolutfprcuritiba\/wp-json\/wp\/v2\/pages"}],"about":[{"href":"https:\/\/utfpr.curitiba.br\/tecsolutfprcuritiba\/wp-json\/wp\/v2\/types\/page"}],"author":[{"embeddable":true,"href":"https:\/\/utfpr.curitiba.br\/tecsolutfprcuritiba\/wp-json\/wp\/v2\/users\/73"}],"replies":[{"embeddable":true,"href":"https:\/\/utfpr.curitiba.br\/tecsolutfprcuritiba\/wp-json\/wp\/v2\/comments?post=43"}],"version-history":[{"count":66,"href":"https:\/\/utfpr.curitiba.br\/tecsolutfprcuritiba\/wp-json\/wp\/v2\/pages\/43\/revisions"}],"predecessor-version":[{"id":503,"href":"https:\/\/utfpr.curitiba.br\/tecsolutfprcuritiba\/wp-json\/wp\/v2\/pages\/43\/revisions\/503"}],"wp:attachment":[{"href":"https:\/\/utfpr.curitiba.br\/tecsolutfprcuritiba\/wp-json\/wp\/v2\/media?parent=43"}],"curies":[{"name":"wp","href":"https:\/\/api.w.org\/{rel}","templated":true}]}}