{"id":30,"date":"2023-09-04T17:25:07","date_gmt":"2023-09-04T20:25:07","guid":{"rendered":"https:\/\/utfpr.curitiba.br\/tecsolutfprcuritiba\/?page_id=30"},"modified":"2023-09-22T16:04:40","modified_gmt":"2023-09-22T19:04:40","slug":"biblioteca-digital","status":"publish","type":"page","link":"https:\/\/utfpr.curitiba.br\/tecsolutfprcuritiba\/biblioteca-digital\/","title":{"rendered":"Biblioteca"},"content":{"rendered":"\t\t<div data-elementor-type=\"wp-page\" data-elementor-id=\"30\" class=\"elementor elementor-30\">\n\t\t\t\t<div class=\"elementor-element elementor-element-3f9d3c3 e-flex e-con-boxed wpr-particle-no wpr-jarallax-no wpr-parallax-no wpr-sticky-section-no e-con e-parent\" data-id=\"3f9d3c3\" data-element_type=\"container\" data-e-type=\"container\">\n\t\t\t\t\t<div class=\"e-con-inner\">\n\t\t\t\t<div class=\"elementor-element elementor-element-3be7be3 elementor-widget elementor-widget-heading\" data-id=\"3be7be3\" data-element_type=\"widget\" data-e-type=\"widget\" data-widget_type=\"heading.default\">\n\t\t\t\t<div class=\"elementor-widget-container\">\n\t\t\t\t\t<h2 class=\"elementor-heading-title elementor-size-default\">Biblioteca digital<\/h2>\t\t\t\t<\/div>\n\t\t\t\t<\/div>\n\t\t\t\t<div class=\"elementor-element elementor-element-a324a42 elementor-widget elementor-widget-text-editor\" data-id=\"a324a42\" data-element_type=\"widget\" data-e-type=\"widget\" data-widget_type=\"text-editor.default\">\n\t\t\t\t<div class=\"elementor-widget-container\">\n\t\t\t\t\t\t\t\t\t<p>Essa se\u00e7\u00e3o \u00e9 dedicada a disponibilizar digitalmente os livros produzidos por ou em parceria com a Tecsol.<\/p>\t\t\t\t\t\t\t\t<\/div>\n\t\t\t\t<\/div>\n\t\t\t\t\t<\/div>\n\t\t\t\t<\/div>\n\t\t<div class=\"elementor-element elementor-element-94c0b72 e-flex e-con-boxed wpr-particle-no wpr-jarallax-no wpr-parallax-no wpr-sticky-section-no e-con e-parent\" data-id=\"94c0b72\" data-element_type=\"container\" data-e-type=\"container\">\n\t\t\t\t\t<div class=\"e-con-inner\">\n\t\t\t\t<div class=\"elementor-element elementor-element-b4d2fdf elementor-widget elementor-widget-heading\" data-id=\"b4d2fdf\" data-element_type=\"widget\" data-e-type=\"widget\" data-widget_type=\"heading.default\">\n\t\t\t\t<div class=\"elementor-widget-container\">\n\t\t\t\t\t<h5 class=\"elementor-heading-title elementor-size-default\">Gest\u00e3o Compartilhada para Empreendimentos Econ\u00f4micos Solid\u00e1rios<\/h5>\t\t\t\t<\/div>\n\t\t\t\t<\/div>\n\t\t\t\t<div class=\"elementor-element elementor-element-af56638 elementor-widget elementor-widget-text-editor\" data-id=\"af56638\" data-element_type=\"widget\" data-e-type=\"widget\" data-widget_type=\"text-editor.default\">\n\t\t\t\t<div class=\"elementor-widget-container\">\n\t\t\t\t\t\t\t\t\t<p><a href=\"https:\/\/utfpr-ct-static-content.s3.amazonaws.com\/utfpr.curitiba.br\/wp-content\/uploads\/sites\/145\/2023\/09\/Livro_Gestao-Compartilhada-EES_3.pdf\">Livro Gest\u00e3o Compartilhada<\/a><\/p>\t\t\t\t\t\t\t\t<\/div>\n\t\t\t\t<\/div>\n\t\t\t\t\t<\/div>\n\t\t\t\t<\/div>\n\t\t\t\t<\/div>\n\t\t","protected":false},"excerpt":{"rendered":"<p>\/*! elementor &#8211; v3.15.0 &#8211; 20-08-2023 *\/ .elementor-heading-title{padding:0;margin:0;line-height:1}.elementor-widget-heading .elementor-heading-title[class*=elementor-size-]&gt;a{color:inherit;font-size:inherit;line-height:inherit}.elementor-widget-heading .elementor-heading-title.elementor-size-small{font-size:15px}.elementor-widget-heading .elementor-heading-title.elementor-size-medium{font-size:19px}.elementor-widget-heading .elementor-heading-title.elementor-size-large{font-size:29px}.elementor-widget-heading .elementor-heading-title.elementor-size-xl{font-size:39px}.elementor-widget-heading .elementor-heading-title.elementor-size-xxl{font-size:59px} Biblioteca digital Essa se\u00e7\u00e3o \u00e9 dedicada a disponibilizar digitalmente os livros produzidos por ou em parceria com a Tecsol. Gest\u00e3o Compartilhada para Empreendimentos Econ\u00f4micos Solid\u00e1rios Livro Gest\u00e3o Compartilhada<\/p>\n","protected":false},"author":73,"featured_media":0,"parent":0,"menu_order":0,"comment_status":"closed","ping_status":"closed","template":"","meta":{"footnotes":""},"class_list":["post-30","page","type-page","status-publish","hentry"],"_links":{"self":[{"href":"https:\/\/utfpr.curitiba.br\/tecsolutfprcuritiba\/wp-json\/wp\/v2\/pages\/30","targetHints":{"allow":["GET"]}}],"collection":[{"href":"https:\/\/utfpr.curitiba.br\/tecsolutfprcuritiba\/wp-json\/wp\/v2\/pages"}],"about":[{"href":"https:\/\/utfpr.curitiba.br\/tecsolutfprcuritiba\/wp-json\/wp\/v2\/types\/page"}],"author":[{"embeddable":true,"href":"https:\/\/utfpr.curitiba.br\/tecsolutfprcuritiba\/wp-json\/wp\/v2\/users\/73"}],"replies":[{"embeddable":true,"href":"https:\/\/utfpr.curitiba.br\/tecsolutfprcuritiba\/wp-json\/wp\/v2\/comments?post=30"}],"version-history":[{"count":11,"href":"https:\/\/utfpr.curitiba.br\/tecsolutfprcuritiba\/wp-json\/wp\/v2\/pages\/30\/revisions"}],"predecessor-version":[{"id":580,"href":"https:\/\/utfpr.curitiba.br\/tecsolutfprcuritiba\/wp-json\/wp\/v2\/pages\/30\/revisions\/580"}],"wp:attachment":[{"href":"https:\/\/utfpr.curitiba.br\/tecsolutfprcuritiba\/wp-json\/wp\/v2\/media?parent=30"}],"curies":[{"name":"wp","href":"https:\/\/api.w.org\/{rel}","templated":true}]}}