{"id":26,"date":"2023-09-04T17:24:38","date_gmt":"2023-09-04T20:24:38","guid":{"rendered":"https:\/\/utfpr.curitiba.br\/tecsolutfprcuritiba\/?page_id=26"},"modified":"2023-09-18T19:59:20","modified_gmt":"2023-09-18T22:59:20","slug":"producao","status":"publish","type":"page","link":"https:\/\/utfpr.curitiba.br\/tecsolutfprcuritiba\/producao\/","title":{"rendered":"Produ\u00e7\u00e3o"},"content":{"rendered":"\t\t<div data-elementor-type=\"wp-page\" data-elementor-id=\"26\" class=\"elementor elementor-26\">\n\t\t\t\t<div class=\"elementor-element elementor-element-5aa5550 e-flex e-con-boxed wpr-particle-no wpr-jarallax-no wpr-parallax-no wpr-sticky-section-no e-con e-parent\" data-id=\"5aa5550\" data-element_type=\"container\" data-e-type=\"container\">\n\t\t\t\t\t<div class=\"e-con-inner\">\n\t\t\t\t<div class=\"elementor-element elementor-element-3c3b4ba elementor-widget elementor-widget-heading\" data-id=\"3c3b4ba\" data-element_type=\"widget\" data-e-type=\"widget\" data-widget_type=\"heading.default\">\n\t\t\t\t<div class=\"elementor-widget-container\">\n\t\t\t\t\t<h2 class=\"elementor-heading-title elementor-size-default\">Produ\u00e7\u00e3o<\/h2>\t\t\t\t<\/div>\n\t\t\t\t<\/div>\n\t\t\t\t\t<\/div>\n\t\t\t\t<\/div>\n\t\t<div class=\"elementor-element elementor-element-7c13353 e-flex e-con-boxed wpr-particle-no wpr-jarallax-no wpr-parallax-no wpr-sticky-section-no e-con e-parent\" data-id=\"7c13353\" data-element_type=\"container\" data-e-type=\"container\">\n\t\t\t\t\t<div class=\"e-con-inner\">\n\t\t\t\t<div class=\"elementor-element elementor-element-890d04f elementor-widget__width-initial elementor-widget elementor-widget-text-editor\" data-id=\"890d04f\" data-element_type=\"widget\" data-e-type=\"widget\" data-widget_type=\"text-editor.default\">\n\t\t\t\t<div class=\"elementor-widget-container\">\n\t\t\t\t\t\t\t\t\t<p>A produ\u00e7\u00e3o no \u00e2mbito do ensino, pesquisa e extens\u00e3o engloba a incuba\u00e7\u00e3o de projetos; a produ\u00e7\u00e3o de livros e cap\u00edtulos de livros; artigos cient\u00edficos; eventos; disciplinas e a\u00e7\u00f5es extensionistas; participa\u00e7\u00e3o pol\u00edtica; grupos de estudos e de pesquisa e atividades de forma\u00e7\u00e3o. Navegue na se\u00e7\u00e3o produ\u00e7\u00e3o para conhecer as iniciativas.<\/p>\t\t\t\t\t\t\t\t<\/div>\n\t\t\t\t<\/div>\n\t\t\t\t\t<\/div>\n\t\t\t\t<\/div>\n\t\t\t\t<\/div>\n\t\t","protected":false},"excerpt":{"rendered":"<p>\/*! elementor &#8211; v3.15.0 &#8211; 20-08-2023 *\/ .elementor-heading-title{padding:0;margin:0;line-height:1}.elementor-widget-heading .elementor-heading-title[class*=elementor-size-]&gt;a{color:inherit;font-size:inherit;line-height:inherit}.elementor-widget-heading .elementor-heading-title.elementor-size-small{font-size:15px}.elementor-widget-heading .elementor-heading-title.elementor-size-medium{font-size:19px}.elementor-widget-heading .elementor-heading-title.elementor-size-large{font-size:29px}.elementor-widget-heading .elementor-heading-title.elementor-size-xl{font-size:39px}.elementor-widget-heading .elementor-heading-title.elementor-size-xxl{font-size:59px} Produ\u00e7\u00e3o A produ\u00e7\u00e3o no \u00e2mbito do ensino, pesquisa e extens\u00e3o engloba a incuba\u00e7\u00e3o de projetos; a produ\u00e7\u00e3o de livros e cap\u00edtulos de livros; artigos cient\u00edficos; eventos; disciplinas e a\u00e7\u00f5es extensionistas; participa\u00e7\u00e3o pol\u00edtica; grupos de estudos e de pesquisa e atividades de forma\u00e7\u00e3o. Navegue na se\u00e7\u00e3o produ\u00e7\u00e3o para conhecer as iniciativas.<\/p>\n","protected":false},"author":73,"featured_media":0,"parent":0,"menu_order":0,"comment_status":"closed","ping_status":"closed","template":"","meta":{"footnotes":""},"class_list":["post-26","page","type-page","status-publish","hentry"],"_links":{"self":[{"href":"https:\/\/utfpr.curitiba.br\/tecsolutfprcuritiba\/wp-json\/wp\/v2\/pages\/26","targetHints":{"allow":["GET"]}}],"collection":[{"href":"https:\/\/utfpr.curitiba.br\/tecsolutfprcuritiba\/wp-json\/wp\/v2\/pages"}],"about":[{"href":"https:\/\/utfpr.curitiba.br\/tecsolutfprcuritiba\/wp-json\/wp\/v2\/types\/page"}],"author":[{"embeddable":true,"href":"https:\/\/utfpr.curitiba.br\/tecsolutfprcuritiba\/wp-json\/wp\/v2\/users\/73"}],"replies":[{"embeddable":true,"href":"https:\/\/utfpr.curitiba.br\/tecsolutfprcuritiba\/wp-json\/wp\/v2\/comments?post=26"}],"version-history":[{"count":7,"href":"https:\/\/utfpr.curitiba.br\/tecsolutfprcuritiba\/wp-json\/wp\/v2\/pages\/26\/revisions"}],"predecessor-version":[{"id":430,"href":"https:\/\/utfpr.curitiba.br\/tecsolutfprcuritiba\/wp-json\/wp\/v2\/pages\/26\/revisions\/430"}],"wp:attachment":[{"href":"https:\/\/utfpr.curitiba.br\/tecsolutfprcuritiba\/wp-json\/wp\/v2\/media?parent=26"}],"curies":[{"name":"wp","href":"https:\/\/api.w.org\/{rel}","templated":true}]}}