{"id":32,"date":"2022-03-31T11:15:51","date_gmt":"2022-03-31T14:15:51","guid":{"rendered":"https:\/\/utfpr.curitiba.br\/sulpet2021\/?page_id=32"},"modified":"2022-04-01T10:08:23","modified_gmt":"2022-04-01T13:08:23","slug":"principal","status":"publish","type":"page","link":"https:\/\/utfpr.curitiba.br\/sulpet2021\/","title":{"rendered":"XXIV SULPET"},"content":{"rendered":"\n<p class=\"has-text-align-center has-white-color has-text-color has-extra-large-font-size\"><strong>Universidade p\u00fablica, resili\u00eancia e democracia<\/strong><\/p>\n\n\n\n<div class=\"wp-block-buttons is-layout-flex wp-block-buttons-is-layout-flex\"><\/div>\n\n\n\n<div class=\"wp-block-buttons is-content-justification-center is-layout-flex wp-container-core-buttons-is-layout-16018d1d wp-block-buttons-is-layout-flex\">\n<div class=\"wp-block-button\"><a class=\"wp-block-button__link has-white-color has-text-color has-background\" href=\"https:\/\/utfpr.curitiba.br\/sulpet2021\/anais-do-evento\/\" style=\"background-color:#0b365b\" target=\"_blank\" rel=\"noopener\">Consultar Anais<\/a><\/div>\n\n\n\n<div class=\"wp-block-button\"><a class=\"wp-block-button__link has-background\" href=\"https:\/\/utfpr.curitiba.br\/sulpet2021\/registro\/\" style=\"background-color:#0b365b\" target=\"_blank\" rel=\"noreferrer noopener\">Programa\u00e7\u00e3o<\/a><\/div>\n\n\n\n<div class=\"wp-block-button\"><a class=\"wp-block-button__link has-white-color has-text-color has-background\" href=\"https:\/\/www.youtube.com\/channel\/UCLjA8XEh_1c-c-Z1GIBXqxQ\/featured\" style=\"background-color:#0b365b\" target=\"_blank\" rel=\"noreferrer noopener\">Apresenta\u00e7\u00f5es<\/a><\/div>\n<\/div>\n\n\n\n<p class=\"has-text-align-center has-yellow-color has-text-color\"><\/p>\n\n\n\n<div class=\"wp-block-group alignwide\"><div class=\"wp-block-group__inner-container is-layout-flow wp-block-group-is-layout-flow\">\n<h2 class=\"has-yellow-color has-text-color wp-block-heading\">Organiza\u00e7\u00e3o<\/h2>\n<\/div><\/div>\n\n\n\n<figure class=\"wp-block-gallery has-nested-images columns-default wp-block-gallery-1 is-layout-flex wp-block-gallery-is-layout-flex\">\n<figure class=\"wp-block-image size-large\"><img fetchpriority=\"high\" decoding=\"async\" width=\"500\" height=\"500\" data-id=\"46\" src=\"https:\/\/utfpr-ct-static-content.s3.amazonaws.com\/utfpr.curitiba.br\/wp-content\/uploads\/sites\/45\/2022\/03\/Logo-PET-Civil.png\" alt=\"\" class=\"wp-image-46\" srcset=\"https:\/\/utfpr-ct-static-content.s3.amazonaws.com\/utfpr.curitiba.br\/wp-content\/uploads\/sites\/45\/2022\/03\/Logo-PET-Civil.png 500w, https:\/\/utfpr-ct-static-content.s3.amazonaws.com\/utfpr.curitiba.br\/wp-content\/uploads\/sites\/45\/2022\/03\/Logo-PET-Civil-300x300.png 300w, https:\/\/utfpr-ct-static-content.s3.amazonaws.com\/utfpr.curitiba.br\/wp-content\/uploads\/sites\/45\/2022\/03\/Logo-PET-Civil-150x150.png 150w\" sizes=\"(max-width: 500px) 100vw, 500px\" \/><\/figure>\n\n\n\n<figure class=\"wp-block-image size-large\"><img decoding=\"async\" width=\"500\" height=\"500\" data-id=\"49\" src=\"https:\/\/utfpr-ct-static-content.s3.amazonaws.com\/utfpr.curitiba.br\/wp-content\/uploads\/sites\/45\/2022\/03\/Logo-PETAMB.png\" alt=\"\" class=\"wp-image-49\" srcset=\"https:\/\/utfpr-ct-static-content.s3.amazonaws.com\/utfpr.curitiba.br\/wp-content\/uploads\/sites\/45\/2022\/03\/Logo-PETAMB.png 500w, https:\/\/utfpr-ct-static-content.s3.amazonaws.com\/utfpr.curitiba.br\/wp-content\/uploads\/sites\/45\/2022\/03\/Logo-PETAMB-300x300.png 300w, https:\/\/utfpr-ct-static-content.s3.amazonaws.com\/utfpr.curitiba.br\/wp-content\/uploads\/sites\/45\/2022\/03\/Logo-PETAMB-150x150.png 150w\" sizes=\"(max-width: 500px) 100vw, 500px\" \/><\/figure>\n\n\n\n<figure class=\"wp-block-image size-large\"><img decoding=\"async\" width=\"500\" height=\"500\" data-id=\"47\" src=\"https:\/\/utfpr-ct-static-content.s3.amazonaws.com\/utfpr.curitiba.br\/wp-content\/uploads\/sites\/45\/2022\/03\/logo-PETECO.png\" alt=\"\" class=\"wp-image-47\" srcset=\"https:\/\/utfpr-ct-static-content.s3.amazonaws.com\/utfpr.curitiba.br\/wp-content\/uploads\/sites\/45\/2022\/03\/logo-PETECO.png 500w, https:\/\/utfpr-ct-static-content.s3.amazonaws.com\/utfpr.curitiba.br\/wp-content\/uploads\/sites\/45\/2022\/03\/logo-PETECO-300x300.png 300w, https:\/\/utfpr-ct-static-content.s3.amazonaws.com\/utfpr.curitiba.br\/wp-content\/uploads\/sites\/45\/2022\/03\/logo-PETECO-150x150.png 150w\" sizes=\"(max-width: 500px) 100vw, 500px\" \/><\/figure>\n\n\n\n<figure class=\"wp-block-image size-large\"><img loading=\"lazy\" decoding=\"async\" width=\"500\" height=\"500\" data-id=\"50\" src=\"https:\/\/utfpr-ct-static-content.s3.amazonaws.com\/utfpr.curitiba.br\/wp-content\/uploads\/sites\/45\/2022\/03\/Logo-PET-Tecnologia-em-Alimentos.png\" alt=\"\" class=\"wp-image-50\" srcset=\"https:\/\/utfpr-ct-static-content.s3.amazonaws.com\/utfpr.curitiba.br\/wp-content\/uploads\/sites\/45\/2022\/03\/Logo-PET-Tecnologia-em-Alimentos.png 500w, https:\/\/utfpr-ct-static-content.s3.amazonaws.com\/utfpr.curitiba.br\/wp-content\/uploads\/sites\/45\/2022\/03\/Logo-PET-Tecnologia-em-Alimentos-300x300.png 300w, https:\/\/utfpr-ct-static-content.s3.amazonaws.com\/utfpr.curitiba.br\/wp-content\/uploads\/sites\/45\/2022\/03\/Logo-PET-Tecnologia-em-Alimentos-150x150.png 150w\" sizes=\"(max-width: 500px) 100vw, 500px\" \/><\/figure>\n\n\n\n<figure class=\"wp-block-image size-large\"><img loading=\"lazy\" decoding=\"async\" width=\"1024\" height=\"1020\" data-id=\"43\" src=\"https:\/\/utfpr-ct-static-content.s3.amazonaws.com\/utfpr.curitiba.br\/wp-content\/uploads\/sites\/45\/2022\/03\/LOGO_PETEE_red1-1024x1020.jpg\" alt=\"\" class=\"wp-image-43\" srcset=\"https:\/\/utfpr-ct-static-content.s3.amazonaws.com\/utfpr.curitiba.br\/wp-content\/uploads\/sites\/45\/2022\/03\/LOGO_PETEE_red1-1024x1020.jpg 1024w, https:\/\/utfpr-ct-static-content.s3.amazonaws.com\/utfpr.curitiba.br\/wp-content\/uploads\/sites\/45\/2022\/03\/LOGO_PETEE_red1-300x300.jpg 300w, https:\/\/utfpr-ct-static-content.s3.amazonaws.com\/utfpr.curitiba.br\/wp-content\/uploads\/sites\/45\/2022\/03\/LOGO_PETEE_red1-150x150.jpg 150w, https:\/\/utfpr-ct-static-content.s3.amazonaws.com\/utfpr.curitiba.br\/wp-content\/uploads\/sites\/45\/2022\/03\/LOGO_PETEE_red1-768x765.jpg 768w, https:\/\/utfpr-ct-static-content.s3.amazonaws.com\/utfpr.curitiba.br\/wp-content\/uploads\/sites\/45\/2022\/03\/LOGO_PETEE_red1.jpg 1460w\" sizes=\"(max-width: 1024px) 100vw, 1024px\" \/><\/figure>\n\n\n\n<figure class=\"wp-block-image size-full\"><img loading=\"lazy\" decoding=\"async\" width=\"500\" height=\"500\" data-id=\"69\" src=\"https:\/\/utfpr-ct-static-content.s3.amazonaws.com\/utfpr.curitiba.br\/wp-content\/uploads\/sites\/45\/2022\/03\/Logo-PET_CoCE-para-fundos-claros-1.png\" alt=\"\" class=\"wp-image-69\" srcset=\"https:\/\/utfpr-ct-static-content.s3.amazonaws.com\/utfpr.curitiba.br\/wp-content\/uploads\/sites\/45\/2022\/03\/Logo-PET_CoCE-para-fundos-claros-1.png 500w, https:\/\/utfpr-ct-static-content.s3.amazonaws.com\/utfpr.curitiba.br\/wp-content\/uploads\/sites\/45\/2022\/03\/Logo-PET_CoCE-para-fundos-claros-1-300x300.png 300w, https:\/\/utfpr-ct-static-content.s3.amazonaws.com\/utfpr.curitiba.br\/wp-content\/uploads\/sites\/45\/2022\/03\/Logo-PET_CoCE-para-fundos-claros-1-150x150.png 150w\" sizes=\"(max-width: 500px) 100vw, 500px\" \/><\/figure>\n\n\n\n<figure class=\"wp-block-image size-large\"><img loading=\"lazy\" decoding=\"async\" width=\"500\" height=\"500\" data-id=\"48\" src=\"https:\/\/utfpr-ct-static-content.s3.amazonaws.com\/utfpr.curitiba.br\/wp-content\/uploads\/sites\/45\/2022\/03\/LogoPET_Zootecnia.png\" alt=\"\" class=\"wp-image-48\" srcset=\"https:\/\/utfpr-ct-static-content.s3.amazonaws.com\/utfpr.curitiba.br\/wp-content\/uploads\/sites\/45\/2022\/03\/LogoPET_Zootecnia.png 500w, https:\/\/utfpr-ct-static-content.s3.amazonaws.com\/utfpr.curitiba.br\/wp-content\/uploads\/sites\/45\/2022\/03\/LogoPET_Zootecnia-300x300.png 300w, https:\/\/utfpr-ct-static-content.s3.amazonaws.com\/utfpr.curitiba.br\/wp-content\/uploads\/sites\/45\/2022\/03\/LogoPET_Zootecnia-150x150.png 150w\" sizes=\"(max-width: 500px) 100vw, 500px\" \/><\/figure>\n\n\n\n<figure class=\"wp-block-image size-large\"><img loading=\"lazy\" decoding=\"async\" width=\"484\" height=\"481\" data-id=\"39\" src=\"https:\/\/utfpr-ct-static-content.s3.amazonaws.com\/utfpr.curitiba.br\/wp-content\/uploads\/sites\/45\/2022\/03\/Logo-PET-AF.jpeg\" alt=\"\" class=\"wp-image-39\" srcset=\"https:\/\/utfpr-ct-static-content.s3.amazonaws.com\/utfpr.curitiba.br\/wp-content\/uploads\/sites\/45\/2022\/03\/Logo-PET-AF.jpeg 484w, https:\/\/utfpr-ct-static-content.s3.amazonaws.com\/utfpr.curitiba.br\/wp-content\/uploads\/sites\/45\/2022\/03\/Logo-PET-AF-300x298.jpeg 300w, https:\/\/utfpr-ct-static-content.s3.amazonaws.com\/utfpr.curitiba.br\/wp-content\/uploads\/sites\/45\/2022\/03\/Logo-PET-AF-150x150.jpeg 150w\" sizes=\"(max-width: 484px) 100vw, 484px\" \/><\/figure>\n\n\n\n<figure class=\"wp-block-image size-full\"><img loading=\"lazy\" decoding=\"async\" width=\"500\" height=\"500\" data-id=\"70\" src=\"https:\/\/utfpr-ct-static-content.s3.amazonaws.com\/utfpr.curitiba.br\/wp-content\/uploads\/sites\/45\/2022\/03\/Logo-PET-PP-1.png\" alt=\"\" class=\"wp-image-70\" srcset=\"https:\/\/utfpr-ct-static-content.s3.amazonaws.com\/utfpr.curitiba.br\/wp-content\/uploads\/sites\/45\/2022\/03\/Logo-PET-PP-1.png 500w, https:\/\/utfpr-ct-static-content.s3.amazonaws.com\/utfpr.curitiba.br\/wp-content\/uploads\/sites\/45\/2022\/03\/Logo-PET-PP-1-300x300.png 300w, https:\/\/utfpr-ct-static-content.s3.amazonaws.com\/utfpr.curitiba.br\/wp-content\/uploads\/sites\/45\/2022\/03\/Logo-PET-PP-1-150x150.png 150w\" sizes=\"(max-width: 500px) 100vw, 500px\" \/><\/figure>\n\n\n\n<figure class=\"wp-block-image size-large\"><img loading=\"lazy\" decoding=\"async\" width=\"500\" height=\"500\" data-id=\"45\" src=\"https:\/\/utfpr-ct-static-content.s3.amazonaws.com\/utfpr.curitiba.br\/wp-content\/uploads\/sites\/45\/2022\/03\/Logotipo-pet-alimentos-FB.png\" alt=\"\" class=\"wp-image-45\" srcset=\"https:\/\/utfpr-ct-static-content.s3.amazonaws.com\/utfpr.curitiba.br\/wp-content\/uploads\/sites\/45\/2022\/03\/Logotipo-pet-alimentos-FB.png 500w, https:\/\/utfpr-ct-static-content.s3.amazonaws.com\/utfpr.curitiba.br\/wp-content\/uploads\/sites\/45\/2022\/03\/Logotipo-pet-alimentos-FB-300x300.png 300w, https:\/\/utfpr-ct-static-content.s3.amazonaws.com\/utfpr.curitiba.br\/wp-content\/uploads\/sites\/45\/2022\/03\/Logotipo-pet-alimentos-FB-150x150.png 150w\" sizes=\"(max-width: 500px) 100vw, 500px\" \/><\/figure>\n\n\n\n<figure class=\"wp-block-image size-full\"><img loading=\"lazy\" decoding=\"async\" width=\"500\" height=\"500\" data-id=\"71\" src=\"https:\/\/utfpr-ct-static-content.s3.amazonaws.com\/utfpr.curitiba.br\/wp-content\/uploads\/sites\/45\/2022\/03\/PET-EQ-1.png\" alt=\"\" class=\"wp-image-71\" srcset=\"https:\/\/utfpr-ct-static-content.s3.amazonaws.com\/utfpr.curitiba.br\/wp-content\/uploads\/sites\/45\/2022\/03\/PET-EQ-1.png 500w, https:\/\/utfpr-ct-static-content.s3.amazonaws.com\/utfpr.curitiba.br\/wp-content\/uploads\/sites\/45\/2022\/03\/PET-EQ-1-300x300.png 300w, https:\/\/utfpr-ct-static-content.s3.amazonaws.com\/utfpr.curitiba.br\/wp-content\/uploads\/sites\/45\/2022\/03\/PET-EQ-1-150x150.png 150w\" sizes=\"(max-width: 500px) 100vw, 500px\" \/><\/figure>\n\n\n\n<figure class=\"wp-block-image size-large\"><img loading=\"lazy\" decoding=\"async\" width=\"500\" height=\"500\" data-id=\"51\" src=\"https:\/\/utfpr-ct-static-content.s3.amazonaws.com\/utfpr.curitiba.br\/wp-content\/uploads\/sites\/45\/2022\/03\/Logo-PET-Producao-Leiteira.png\" alt=\"\" class=\"wp-image-51\" srcset=\"https:\/\/utfpr-ct-static-content.s3.amazonaws.com\/utfpr.curitiba.br\/wp-content\/uploads\/sites\/45\/2022\/03\/Logo-PET-Producao-Leiteira.png 500w, https:\/\/utfpr-ct-static-content.s3.amazonaws.com\/utfpr.curitiba.br\/wp-content\/uploads\/sites\/45\/2022\/03\/Logo-PET-Producao-Leiteira-300x300.png 300w, https:\/\/utfpr-ct-static-content.s3.amazonaws.com\/utfpr.curitiba.br\/wp-content\/uploads\/sites\/45\/2022\/03\/Logo-PET-Producao-Leiteira-150x150.png 150w\" sizes=\"(max-width: 500px) 100vw, 500px\" \/><\/figure>\n<\/figure>\n\n\n\n<p>Grupos PET da Universidade Tecnol\u00f3gica Federal do Paran\u00e1<\/p>\n\n\n\n<figure class=\"wp-block-image size-large is-resized\"><img loading=\"lazy\" decoding=\"async\" src=\"https:\/\/utfpr-ct-static-content.s3.amazonaws.com\/utfpr.curitiba.br\/wp-content\/uploads\/sites\/45\/2022\/04\/logo_utf-1024x408.png\" alt=\"\" class=\"wp-image-138\" width=\"184\" height=\"73\" srcset=\"https:\/\/utfpr-ct-static-content.s3.amazonaws.com\/utfpr.curitiba.br\/wp-content\/uploads\/sites\/45\/2022\/04\/logo_utf-1024x408.png 1024w, https:\/\/utfpr-ct-static-content.s3.amazonaws.com\/utfpr.curitiba.br\/wp-content\/uploads\/sites\/45\/2022\/04\/logo_utf-300x119.png 300w, https:\/\/utfpr-ct-static-content.s3.amazonaws.com\/utfpr.curitiba.br\/wp-content\/uploads\/sites\/45\/2022\/04\/logo_utf-768x306.png 768w, https:\/\/utfpr-ct-static-content.s3.amazonaws.com\/utfpr.curitiba.br\/wp-content\/uploads\/sites\/45\/2022\/04\/logo_utf-1536x611.png 1536w, https:\/\/utfpr-ct-static-content.s3.amazonaws.com\/utfpr.curitiba.br\/wp-content\/uploads\/sites\/45\/2022\/04\/logo_utf-2048x815.png 2048w, https:\/\/utfpr-ct-static-content.s3.amazonaws.com\/utfpr.curitiba.br\/wp-content\/uploads\/sites\/45\/2022\/04\/logo_utf-1568x624.png 1568w\" sizes=\"(max-width: 184px) 100vw, 184px\" \/><\/figure>\n\n\n\n<p><\/p>\n","protected":false},"excerpt":{"rendered":"<p>Universidade p\u00fablica, resili\u00eancia e democracia Organiza\u00e7\u00e3o Grupos PET da Universidade Tecnol\u00f3gica Federal do Paran\u00e1<\/p>\n","protected":false},"author":29,"featured_media":0,"parent":0,"menu_order":0,"comment_status":"closed","ping_status":"closed","template":"","meta":{"footnotes":""},"class_list":["post-32","page","type-page","status-publish","hentry","entry"],"_links":{"self":[{"href":"https:\/\/utfpr.curitiba.br\/sulpet2021\/wp-json\/wp\/v2\/pages\/32","targetHints":{"allow":["GET"]}}],"collection":[{"href":"https:\/\/utfpr.curitiba.br\/sulpet2021\/wp-json\/wp\/v2\/pages"}],"about":[{"href":"https:\/\/utfpr.curitiba.br\/sulpet2021\/wp-json\/wp\/v2\/types\/page"}],"author":[{"embeddable":true,"href":"https:\/\/utfpr.curitiba.br\/sulpet2021\/wp-json\/wp\/v2\/users\/29"}],"replies":[{"embeddable":true,"href":"https:\/\/utfpr.curitiba.br\/sulpet2021\/wp-json\/wp\/v2\/comments?post=32"}],"version-history":[{"count":26,"href":"https:\/\/utfpr.curitiba.br\/sulpet2021\/wp-json\/wp\/v2\/pages\/32\/revisions"}],"predecessor-version":[{"id":139,"href":"https:\/\/utfpr.curitiba.br\/sulpet2021\/wp-json\/wp\/v2\/pages\/32\/revisions\/139"}],"wp:attachment":[{"href":"https:\/\/utfpr.curitiba.br\/sulpet2021\/wp-json\/wp\/v2\/media?parent=32"}],"curies":[{"name":"wp","href":"https:\/\/api.w.org\/{rel}","templated":true}]}}