{"id":8004,"date":"2026-03-12T10:26:11","date_gmt":"2026-03-12T13:26:11","guid":{"rendered":"https:\/\/utfpr.curitiba.br\/sprint\/?page_id=8004"},"modified":"2026-03-23T11:57:20","modified_gmt":"2026-03-23T14:57:20","slug":"confirmacao-de-codigo","status":"publish","type":"page","link":"https:\/\/utfpr.curitiba.br\/sprint\/?page_id=8004","title":{"rendered":"Agendar visita"},"content":{"rendered":"\t\t<div data-elementor-type=\"wp-page\" data-elementor-id=\"8004\" class=\"elementor elementor-8004\">\n\t\t\t\t<div class=\"elementor-element elementor-element-2926f7b e-flex e-con-boxed wpr-particle-no wpr-jarallax-no wpr-parallax-no wpr-sticky-section-no wpr-equal-height-no e-con e-parent\" data-id=\"2926f7b\" data-element_type=\"container\" data-e-type=\"container\">\n\t\t\t\t\t<div class=\"e-con-inner\">\n\t\t\t\t<div class=\"elementor-element elementor-element-dcf917b elementor-widget elementor-widget-html\" data-id=\"dcf917b\" data-element_type=\"widget\" data-e-type=\"widget\" data-settings=\"{&quot;htmega_fe&quot;:&quot;no&quot;}\" data-widget_type=\"html.default\">\n\t\t\t\t<div class=\"elementor-widget-container\">\n\t\t\t\t\t<div class=\"visita-container\">\r\n\r\n<h2>Como agendar uma visita \u00e0 SprinT-CT<\/h2>\r\n\r\n<div class=\"timeline\">\r\n\r\n<div class=\"etapa\">\r\n<div class=\"numero\">1<\/div>\r\n<div class=\"conteudo\">\r\n<h3>Envie um e-mail solicitando a visita e a data<\/h3>\r\n<p>O respons\u00e1vel pelo agendamento da visita deve enviar um e-mail solicitando o dia e hor\u00e1rio da mesma.<\/p>\r\n<\/div>\r\n<\/div>\r\n\r\n<div class=\"etapa\">\r\n<div class=\"numero\">2<\/div>\r\n<div class=\"conteudo\">\r\n<h3>Verifica\u00e7\u00e3o de disponibilidade<\/h3>\r\n<p>A equipe da SprinT verificar\u00e1 a disponibilidade.<\/p>\r\n<\/div>\r\n<\/div>\r\n\r\n<div class=\"etapa\">\r\n<div class=\"numero\">3<\/div>\r\n<div class=\"conteudo\">\r\n<h3>Confirma\u00e7\u00e3o da visita<\/h3>\r\n<p>Se houver disponibilidade, voc\u00ea receber\u00e1 um e-mail confirmando o dia e hor\u00e1rio.<\/p>\r\n<\/div>\r\n<\/div>\r\n\r\n<div class=\"etapa\">\r\n<div class=\"numero\">4<\/div>\r\n<div class=\"conteudo\">\r\n<h3>Recebimento do c\u00f3digo<\/h3>\r\n<p>No e-mail de confirma\u00e7\u00e3o ser\u00e1 enviado um c\u00f3digo de acesso ao formul\u00e1rio.<\/p>\r\n<\/div>\r\n<\/div>\r\n\r\n<div class=\"etapa\">\r\n<div class=\"numero\">5<\/div>\r\n<div class=\"conteudo\">\r\n<h3>Preenchimento do formul\u00e1rio<\/h3>\r\n<p>Ap\u00f3s inserir o c\u00f3digo, preencha os campos solicitados com os dados necess\u00e1rios para a visita.<\/p>\r\n<\/div>\r\n<\/div>\r\n\r\n<\/div>\r\n\r\n<\/div>\t\t\t\t<\/div>\n\t\t\t\t<\/div>\n\t\t\t\t\t<\/div>\n\t\t\t\t<\/div>\n\t\t<div class=\"elementor-element elementor-element-4319a8c e-flex e-con-boxed wpr-particle-no wpr-jarallax-no wpr-parallax-no wpr-sticky-section-no wpr-equal-height-no e-con e-parent\" data-id=\"4319a8c\" data-element_type=\"container\" data-e-type=\"container\">\n\t\t\t\t\t<div class=\"e-con-inner\">\n\t\t\t\t<div class=\"elementor-element elementor-element-a836806 elementor-widget elementor-widget-html\" data-id=\"a836806\" data-element_type=\"widget\" data-e-type=\"widget\" data-settings=\"{&quot;htmega_fe&quot;:&quot;no&quot;}\" data-widget_type=\"html.default\">\n\t\t\t\t<div class=\"elementor-widget-container\">\n\t\t\t\t\t<div class=\"acoes-visita\">\r\n\r\n<div class=\"box-acao\">\r\n\r\n<h3>SOLICITAR VISITA<\/h3>\r\n\r\n<p>\r\nEnvie um e-mail para a equipe da SprinT-CT solicitando a disponibilidade de data e hor\u00e1rio para a visita.\r\n<\/p>\r\n\r\n<a class=\"botao-acao\" href=\"https:\/\/mail.google.com\/mail\/?view=cm&amp;fs=1&amp;to=sprint-ct@utfpr.edu.br&amp;su=Solicita%C3%A7%C3%A3o%20de%20visita%20%C3%A0%20SprinT-CT&amp;body=Ol%C3%A1%2C%20gostaria%20de%20solicitar%20uma%20visita%20%C3%A0%20SprinT-CT.%0A%0AData%20sugerida:%0AHor%C3%A1rio%20sugerido:\" target=\"_blank\">\r\nEnviar e-mail\r\n<\/a>\r\n\r\n<\/div>\r\n\r\n<div class=\"box-acao\">\r\n\r\n<h3>FORMUL\u00c1RIO<\/h3>\r\n\r\n<p>\r\nSe voc\u00ea j\u00e1 recebeu o c\u00f3digo de acesso por e-mail, clique abaixo para acessar o formul\u00e1rio e informar os dados da visita.\r\n<\/p>\r\n\r\n<a href=\"https:\/\/forms.gle\/FZJ6xcTv6QHkyt3X9\" class=\"botao-acao\">\r\nAcessar formul\u00e1rio\r\n<\/a>\r\n\r\n<\/div>\r\n\r\n<\/div>\t\t\t\t<\/div>\n\t\t\t\t<\/div>\n\t\t\t\t\t<\/div>\n\t\t\t\t<\/div>\n\t\t\t\t<\/div>\n\t\t","protected":false},"excerpt":{"rendered":"<p>Como agendar uma visita \u00e0 SprinT-CT 1 Envie um e-mail solicitando a visita e a data O respons\u00e1vel pelo agendamento da visita deve enviar um e-mail solicitando o dia e<\/p>\n","protected":false},"author":394,"featured_media":0,"parent":0,"menu_order":0,"comment_status":"closed","ping_status":"closed","template":"","meta":{"breadcrumbs_single_post":"","page_title_panel":"","breadcrumbs_single_page":"","single_page_alignment":"","single_page_margin":"","page_structure_type":"","content_style_source":"","content_style":"","blog_post_streched_ed":"","blog_page_streched_ed":"","has_transparent_header":"","disable_transparent_header":"","vertical_spacing_source":"","content_area_spacing":"","single_post_content_background":"","single_page_content_background":"","single_post_boxed_content_spacing":"","single_page_boxed_content_spacing":"","single_post_content_boxed_radius":"","single_page_content_boxed_radius":"","disable_featured_image":"","disable_post_tags":"","disable_author_box":"","disable_posts_navigation":"","disable_comments":"","disable_related_posts":"","disable_header":"","disable_footer":"","footnotes":""},"class_list":["post-8004","page","type-page","status-publish","hentry","rishi-post","no-post-thumbnail"],"_links":{"self":[{"href":"https:\/\/utfpr.curitiba.br\/sprint\/index.php?rest_route=\/wp\/v2\/pages\/8004","targetHints":{"allow":["GET"]}}],"collection":[{"href":"https:\/\/utfpr.curitiba.br\/sprint\/index.php?rest_route=\/wp\/v2\/pages"}],"about":[{"href":"https:\/\/utfpr.curitiba.br\/sprint\/index.php?rest_route=\/wp\/v2\/types\/page"}],"author":[{"embeddable":true,"href":"https:\/\/utfpr.curitiba.br\/sprint\/index.php?rest_route=\/wp\/v2\/users\/394"}],"replies":[{"embeddable":true,"href":"https:\/\/utfpr.curitiba.br\/sprint\/index.php?rest_route=%2Fwp%2Fv2%2Fcomments&post=8004"}],"version-history":[{"count":37,"href":"https:\/\/utfpr.curitiba.br\/sprint\/index.php?rest_route=\/wp\/v2\/pages\/8004\/revisions"}],"predecessor-version":[{"id":8073,"href":"https:\/\/utfpr.curitiba.br\/sprint\/index.php?rest_route=\/wp\/v2\/pages\/8004\/revisions\/8073"}],"wp:attachment":[{"href":"https:\/\/utfpr.curitiba.br\/sprint\/index.php?rest_route=%2Fwp%2Fv2%2Fmedia&parent=8004"}],"curies":[{"name":"wp","href":"https:\/\/api.w.org\/{rel}","templated":true}]}}