{"id":4913,"date":"2023-03-31T08:46:42","date_gmt":"2023-03-31T11:46:42","guid":{"rendered":"https:\/\/sprint.td.utfpr.edu.br\/?page_id=4913"},"modified":"2026-03-23T11:34:37","modified_gmt":"2026-03-23T14:34:37","slug":"inscricao","status":"publish","type":"page","link":"https:\/\/utfpr.curitiba.br\/sprint\/?page_id=4913","title":{"rendered":"Inscri\u00e7\u00e3o"},"content":{"rendered":"\t\t<div data-elementor-type=\"wp-page\" data-elementor-id=\"4913\" class=\"elementor elementor-4913\">\n\t\t\t\t\t\t<section class=\"elementor-section elementor-top-section elementor-element elementor-element-8de0dee elementor-section-boxed elementor-section-height-default elementor-section-height-default wpr-particle-no wpr-jarallax-no wpr-parallax-no wpr-sticky-section-no\" data-id=\"8de0dee\" data-element_type=\"section\" data-e-type=\"section\">\n\t\t\t\t\t\t<div class=\"elementor-container elementor-column-gap-default\">\n\t\t\t\t\t<div class=\"elementor-column elementor-col-100 elementor-top-column elementor-element elementor-element-1b939dd\" data-id=\"1b939dd\" data-element_type=\"column\" data-e-type=\"column\">\n\t\t\t<div class=\"elementor-widget-wrap elementor-element-populated\">\n\t\t\t\t\t\t<div class=\"elementor-element elementor-element-7c8b7b4 elementor-widget elementor-widget-text-editor\" data-id=\"7c8b7b4\" data-element_type=\"widget\" data-e-type=\"widget\" data-settings=\"{&quot;htmega_fe&quot;:&quot;no&quot;}\" data-widget_type=\"text-editor.default\">\n\t\t\t\t<div class=\"elementor-widget-container\">\n\t\t\t\t\t\t\t\t\t<h3>\u00a0<\/h3><p>Caro Empreendedor,\u00a0<\/p><p>Voc\u00ea est\u00e1 tendo acesso ao formul\u00e1rio de inscri\u00e7\u00e3o<b>\u00a0<\/b>da Incubadora de Inova\u00e7\u00f5es Tecnol\u00f3gicas da UTFPR \u2013 Campus Curitiba, o instrumento que \u00e9 a porta de entrada para o nosso processo de incuba\u00e7\u00e3o de empreendimentos. Ele \u00e9 a pe\u00e7a central do nosso processo seletivo e por isso temos algumas recomenda\u00e7\u00f5es para que voc\u00ea consiga apresentar seu projeto da melhor maneira poss\u00edvel e, com isso, ser aprovado nas etapas de sele\u00e7\u00e3o. S\u00e3o elas:<\/p><ul><li><p>A utiliza\u00e7\u00e3o deste formul\u00e1rio padronizado \u00e9\u00a0<b>OBRIGAT\u00d3RIA<\/b>. \u00c9 nele que voc\u00ea vai apresentar o que queremos saber sobre seu empreendimento ou ideia de neg\u00f3cio.\u00a0<\/p><\/li><li><p>Todos os campos possuem orienta\u00e7\u00f5es sobre o que deve ser abordado em cada t\u00f3pico. Portanto, atente-se a isso e procure refletir e responder a todos os pontos.<\/p><\/li><li>A determina\u00e7\u00e3o se o empreendimento selecionado ocupar\u00e1 uma vaga no N\u00edvel 1 ou no N\u00edvel 2 depende do est\u00e1gio de maturidade do projeto\/empreendimento, conforme apresentado no formul\u00e1rio de inscri\u00e7\u00e3o e ap\u00f3s apresenta\u00e7\u00e3o \u00e0 banca de avalia\u00e7\u00e3o.<\/li><\/ul>\t\t\t\t\t\t\t\t<\/div>\n\t\t\t\t<\/div>\n\t\t\t\t<div class=\"elementor-element elementor-element-ef11acc elementor-align-center elementor-widget elementor-widget-button\" data-id=\"ef11acc\" data-element_type=\"widget\" data-e-type=\"widget\" data-settings=\"{&quot;htmega_fe&quot;:&quot;no&quot;}\" data-widget_type=\"button.default\">\n\t\t\t\t<div class=\"elementor-widget-container\">\n\t\t\t\t\t\t\t\t\t<div class=\"elementor-button-wrapper\">\n\t\t\t\t\t<a class=\"elementor-button elementor-button-link elementor-size-lg\" href=\"https:\/\/utfpr.curitiba.br\/sprint\/?page_id=7524\">\n\t\t\t\t\t\t<span class=\"elementor-button-content-wrapper\">\n\t\t\t\t\t\t\t\t\t<span class=\"elementor-button-text\">Iniciar<\/span>\n\t\t\t\t\t<\/span>\n\t\t\t\t\t<\/a>\n\t\t\t\t<\/div>\n\t\t\t\t\t\t\t\t<\/div>\n\t\t\t\t<\/div>\n\t\t\t\t\t<\/div>\n\t\t<\/div>\n\t\t\t\t\t<\/div>\n\t\t<\/section>\n\t\t\t\t<\/div>\n\t\t","protected":false},"excerpt":{"rendered":"<p>\u00a0 Caro Empreendedor,\u00a0 Voc\u00ea est\u00e1 tendo acesso ao formul\u00e1rio de inscri\u00e7\u00e3o\u00a0da Incubadora de Inova\u00e7\u00f5es Tecnol\u00f3gicas da UTFPR \u2013 Campus Curitiba, o instrumento que \u00e9 a porta de entrada para o<\/p>\n","protected":false},"author":394,"featured_media":0,"parent":0,"menu_order":0,"comment_status":"closed","ping_status":"closed","template":"elementor_header_footer","meta":{"breadcrumbs_single_post":"","page_title_panel":"","breadcrumbs_single_page":"","single_page_alignment":"","single_page_margin":"","page_structure_type":"","content_style_source":"","content_style":"","blog_post_streched_ed":"","blog_page_streched_ed":"","has_transparent_header":"","disable_transparent_header":"","vertical_spacing_source":"","content_area_spacing":"","single_post_content_background":"","single_page_content_background":"","single_post_boxed_content_spacing":"","single_page_boxed_content_spacing":"","single_post_content_boxed_radius":"","single_page_content_boxed_radius":"","disable_featured_image":"","disable_post_tags":"","disable_author_box":"","disable_posts_navigation":"","disable_comments":"","disable_related_posts":"","disable_header":"","disable_footer":"","footnotes":""},"class_list":["post-4913","page","type-page","status-publish","hentry","rishi-post","no-post-thumbnail"],"_links":{"self":[{"href":"https:\/\/utfpr.curitiba.br\/sprint\/index.php?rest_route=\/wp\/v2\/pages\/4913","targetHints":{"allow":["GET"]}}],"collection":[{"href":"https:\/\/utfpr.curitiba.br\/sprint\/index.php?rest_route=\/wp\/v2\/pages"}],"about":[{"href":"https:\/\/utfpr.curitiba.br\/sprint\/index.php?rest_route=\/wp\/v2\/types\/page"}],"author":[{"embeddable":true,"href":"https:\/\/utfpr.curitiba.br\/sprint\/index.php?rest_route=\/wp\/v2\/users\/394"}],"replies":[{"embeddable":true,"href":"https:\/\/utfpr.curitiba.br\/sprint\/index.php?rest_route=%2Fwp%2Fv2%2Fcomments&post=4913"}],"version-history":[{"count":25,"href":"https:\/\/utfpr.curitiba.br\/sprint\/index.php?rest_route=\/wp\/v2\/pages\/4913\/revisions"}],"predecessor-version":[{"id":8070,"href":"https:\/\/utfpr.curitiba.br\/sprint\/index.php?rest_route=\/wp\/v2\/pages\/4913\/revisions\/8070"}],"wp:attachment":[{"href":"https:\/\/utfpr.curitiba.br\/sprint\/index.php?rest_route=%2Fwp%2Fv2%2Fmedia&parent=4913"}],"curies":[{"name":"wp","href":"https:\/\/api.w.org\/{rel}","templated":true}]}}