{"id":83,"date":"2015-07-03T17:27:09","date_gmt":"2015-07-03T17:27:09","guid":{"rendered":"http:\/\/200.19.73.116\/anais2\/?page_id=83"},"modified":"2020-05-18T21:55:26","modified_gmt":"2020-05-18T21:55:26","slug":"endereco-de-contato","status":"publish","type":"page","link":"https:\/\/utfpr.curitiba.br\/snpd\/index.php\/endereco-de-contato\/","title":{"rendered":"Endere\u00e7o de contato"},"content":{"rendered":"<table style=\"height: 258px;\" border=\"0\" width=\"711\" cellspacing=\"0\" cellpadding=\"0\" align=\"center\" bgcolor=\"#FFFFFF\">\n<tbody>\n<tr>\n<td valign=\"top\" width=\"726\">Telefone: \u00a0+55 41 3310-4611 \u2013 DAGEE\/PGP<br \/>\ne-mail: \u00a0snpd@utfpr.edu.br<br \/>\nEndere\u00e7o:Universidade Tecnol\u00f3gica Federal do Paran\u00e1 (UTFPR)<\/p>\n<p>Programa de Mestrado em Planejamento e Governan\u00e7a P\u00fablica (PGP)<\/p>\n<p>Departamento Acad\u00eamico de Gest\u00e3o e Economia (DAGEE).<br \/>\nAv. sete de Setembro, 3265 \u2013 Centro<br \/>\n80230-901 \u2013 Curitiba \u2013 PR<\/td>\n<\/tr>\n<\/tbody>\n<\/table>\n","protected":false},"excerpt":{"rendered":"<p>Telefone: \u00a0+55 41 3310-4611 \u2013 DAGEE\/PGP e-mail: \u00a0snpd@utfpr.edu.br Endere\u00e7o:Universidade Tecnol\u00f3gica Federal do Paran\u00e1 (UTFPR) Programa de Mestrado em Planejamento e<\/p>\n","protected":false},"author":5,"featured_media":0,"parent":0,"menu_order":0,"comment_status":"closed","ping_status":"open","template":"","meta":{"colormag_page_container_layout":"default_layout","colormag_page_sidebar_layout":"default_layout","footnotes":""},"class_list":["post-83","page","type-page","status-publish","hentry"],"_links":{"self":[{"href":"https:\/\/utfpr.curitiba.br\/snpd\/index.php\/wp-json\/wp\/v2\/pages\/83","targetHints":{"allow":["GET"]}}],"collection":[{"href":"https:\/\/utfpr.curitiba.br\/snpd\/index.php\/wp-json\/wp\/v2\/pages"}],"about":[{"href":"https:\/\/utfpr.curitiba.br\/snpd\/index.php\/wp-json\/wp\/v2\/types\/page"}],"author":[{"embeddable":true,"href":"https:\/\/utfpr.curitiba.br\/snpd\/index.php\/wp-json\/wp\/v2\/users\/5"}],"replies":[{"embeddable":true,"href":"https:\/\/utfpr.curitiba.br\/snpd\/index.php\/wp-json\/wp\/v2\/comments?post=83"}],"version-history":[{"count":3,"href":"https:\/\/utfpr.curitiba.br\/snpd\/index.php\/wp-json\/wp\/v2\/pages\/83\/revisions"}],"predecessor-version":[{"id":118,"href":"https:\/\/utfpr.curitiba.br\/snpd\/index.php\/wp-json\/wp\/v2\/pages\/83\/revisions\/118"}],"wp:attachment":[{"href":"https:\/\/utfpr.curitiba.br\/snpd\/index.php\/wp-json\/wp\/v2\/media?parent=83"}],"curies":[{"name":"wp","href":"https:\/\/api.w.org\/{rel}","templated":true}]}}