{"id":80,"date":"2015-07-03T17:26:24","date_gmt":"2015-07-03T17:26:24","guid":{"rendered":"http:\/\/200.19.73.116\/anais2\/?page_id=80"},"modified":"2021-10-05T21:45:30","modified_gmt":"2021-10-05T21:45:30","slug":"edicoes-anteriores","status":"publish","type":"page","link":"https:\/\/utfpr.curitiba.br\/snpd\/index.php\/edicoes-anteriores\/","title":{"rendered":"Edi\u00e7\u00e3o 2013"},"content":{"rendered":"<table style=\"height: 4341px;\" border=\"0\" width=\"644\" cellspacing=\"0\" cellpadding=\"0\" align=\"center\" bgcolor=\"#FFFFFF\">\n<tbody>\n<tr>\n<td valign=\"top\" width=\"728\">\n<h3>Edi\u00e7\u00e3o 2013 &#8211; Anais do SNPD. Volume 1, N\u00famero 1. Curitiba: Programa de P\u00f3s-Gradua\u00e7\u00e3o em Planejamento e Governan\u00e7a P\u00fablica &#8211; PPGPGP, 2013.<\/h3>\n<p>Mais informa\u00e7\u00f5es: <a href=\"\/snpd\/\" target=\"_blank\" rel=\"noopener noreferrer\">snpd.ct.utfpr.edu.br<\/a><\/p>\n<p><strong>Sum\u00e1rio<\/strong><\/p>\n<p><strong><a href=\"\/snpd\/?p=393\">Editorial<\/a><\/strong><\/p>\n<p><strong><a href=\"\/snpd\/?p=384\">Corpo Editorial<\/a><\/strong><\/p>\n<p>Artigos desta edi\u00e7\u00e3o<\/p>\n<p class=\"txt12\"><em>Aldo Tostes de Almeida, Rodrigo Machado Vilani<\/em><br \/>\n<a href=\"https:\/\/utfpr-ct-static-content.s3.amazonaws.com\/utfpr.curitiba.br\/wp-content\/uploads\/sites\/20\/2015\/08\/Aldo_Tostes_de_Almeida.pdf\">O PAPEL DOS GRUPOS DE PRESS\u00c3O: UMA AN\u00c1LISE DE POSS\u00cdVEIS RELA\u00c7\u00d5ES DOS CUSTOS ELEITORAIS ELEVADOS E RENDAS PETROL\u00cdFERAS MUNICIPAIS<\/a><\/p>\n<p class=\"txt12\"><em>Ana Cristina Macedo Magalh\u00e3es, Hena Levi Bastos Oliveira Cunha, Jorge Carlos Correa Guerra<\/em><br \/>\n<a href=\"https:\/\/utfpr-ct-static-content.s3.amazonaws.com\/utfpr.curitiba.br\/wp-content\/uploads\/sites\/20\/2015\/08\/Ana_Cristina_Macedo_Magalhaes.pdf\">PROGRAMA JOVENS EMPREENDEDORES: PARCERIA ENTRE O SEBRAE E REDE P\u00daBLICA DE EDUCA\u00c7\u00c3O DE ITAPETININGA (SP)<\/a><\/p>\n<p class=\"txt12\"><em>Ana Paula Rangel de Andrade, Ros\u00e9lia Piquet<\/em><br \/>\n<a href=\"https:\/\/utfpr-ct-static-content.s3.amazonaws.com\/utfpr.curitiba.br\/wp-content\/uploads\/sites\/20\/2015\/08\/Ana_Paula_Rangel_de_Andrade.pdf\">A EDUCA\u00c7\u00c3O MATEM\u00c1TICA E AS NOVAS DEMANDAS DO MUNDO DO TRABALHO<\/a><\/p>\n<p class=\"txt12\"><em>Andrea Martinesco Coelho Martins<\/em><br \/>\n<a href=\"https:\/\/utfpr-ct-static-content.s3.amazonaws.com\/utfpr.curitiba.br\/wp-content\/uploads\/sites\/20\/2015\/08\/Andrea_Martinesco.pdf\">QUEST\u00d5ES SOBRE A INTEGRA\u00c7\u00c3O DE NOVOS MEIOS DE MOBILIDADE AO PLANO DE MOBILIDADE URBANA E TRANSPORTE<br \/>\nDE CURITIBA<\/a><\/p>\n<p class=\"txt12\"><em>Andrei Eduardo Bajerski,Bruna Dala Corte<\/em><br \/>\n<a href=\"https:\/\/utfpr-ct-static-content.s3.amazonaws.com\/utfpr.curitiba.br\/wp-content\/uploads\/sites\/20\/2015\/08\/Andrei_Eduardo_Bajerski.pdf\">UM ESTUDO SOBRE A PRODU\u00c7\u00c3O ACAD\u00caMICA DA REVISTA DE ADMINISTRA\u00c7\u00c3O P\u00daBLICA EM 2012<\/a><\/p>\n<p class=\"txt12\"><em>Arthur Rezende da Silva, Denise Cunha Tavares Terra<\/em><br \/>\n<a href=\"https:\/\/utfpr-ct-static-content.s3.amazonaws.com\/utfpr.curitiba.br\/wp-content\/uploads\/sites\/20\/2015\/08\/Arthur_Rezende.pdf\">A EXPANS\u00c3O DOS INSTITUTOS FEDERAIS DE EDUCA\u00c7\u00c3O, CI\u00caNCIA E TECNOLOGIA E OS DESAFIOS NA CONTRIBUI\u00c7\u00c3O PARA<br \/>\nO DESENVOLVIMENTO LOCAL E REGIONAL<\/a><\/p>\n<p class=\"txt12\"><em>Beatriz Jackiu Pisa,Antonio Gon\u00e7alves de Oliveira <\/em><br \/>\n<a href=\"https:\/\/utfpr-ct-static-content.s3.amazonaws.com\/utfpr.curitiba.br\/wp-content\/uploads\/sites\/20\/2015\/08\/Beatriz_Jackiu.pdf\">GEST\u00c3O DE PROJETOS NA ADMINISTRA\u00c7\u00c3O P\u00daBLICA: UM INSTRUMENTO PARA O PLANEJAMENTO E DESENVOLVIMENTO<\/a><\/p>\n<p class=\"txt12\"><em>Camila Capucho Cury-Mendes, Leslie de Oliveira Bocchino, Carlos Alberto Nepomuceno Filho<\/em><br \/>\n<a href=\"https:\/\/utfpr-ct-static-content.s3.amazonaws.com\/utfpr.curitiba.br\/wp-content\/uploads\/sites\/20\/2015\/08\/Camila_Capucho.pdf\">O MANDADO DE SEGURAN\u00c7A SOB A \u00d3TICA DO PRINC\u00cdPIO DA LEGALIDADE, QUANTO AOS ATOS PRATICADOS EM<br \/>\nINSTITUI\u00c7\u00d5ES P\u00daBLICAS: A ADMINSTRA\u00c7\u00c3O P\u00daBLICA \u00c9 COLOCADA EM CONFRONTO COM A MATERIALIZA\u00c7AO DE SUAS ATIVIDADES?<\/a><\/p>\n<p class=\"txt12\"><em>Caren Freitas de Lima<\/em><br \/>\n<a href=\"https:\/\/utfpr-ct-static-content.s3.amazonaws.com\/utfpr.curitiba.br\/wp-content\/uploads\/sites\/20\/2015\/08\/Caren_Freitas_de_Lima.pdf\">AS RELA\u00c7\u00d5ES ECON\u00d4MICAS DA REGI\u00c3O TRANSFRONTEIRI\u00c7A<\/a><\/p>\n<p class=\"txt12\"><em>Diego Buligon, Antonio Gon\u00e7alves de Oliveira<\/em><br \/>\n<a href=\"https:\/\/utfpr-ct-static-content.s3.amazonaws.com\/utfpr.curitiba.br\/wp-content\/uploads\/sites\/20\/2015\/08\/Diego_Buligon.pdf\">CONTROLE INTERNO NA ADMINISTRA\u00c7\u00c3O P\u00daBLICA: A TARDIA IMPLANTA\u00c7\u00c3O NOS MUN\u00cdCIPIOS PARANAENSES E SUAS IMPLICA\u00c7\u00d5ES COMO FERRAMENTA DE GOVERNAN\u00c7A E GOVERNABILIDADE<\/a><\/p>\n<p class=\"txt12\"><em>Dione Paula Ludwig, Claudio Machado Maia<\/em><br \/>\n<a href=\"https:\/\/utfpr-ct-static-content.s3.amazonaws.com\/utfpr.curitiba.br\/wp-content\/uploads\/sites\/20\/2015\/08\/Dione_Paula_Ludwig.pdf\">NOVAS TERRITORIALIDADES REGIONAIS NO OESTE CATARINENSE: REESTRUTURA\u00c7\u00c3O PRODUTIVA E URBANA DAS<br \/>\nCIDADES DE MAIOR INFLU\u00caNCIA DA REGI\u00c3O<\/a><\/p>\n<p class=\"txt12\"><em>Eduarda de Lima Andrade<\/em><br \/>\n<a href=\"https:\/\/utfpr-ct-static-content.s3.amazonaws.com\/utfpr.curitiba.br\/wp-content\/uploads\/sites\/20\/2015\/08\/Eduarda_de_Lima_Andrade.pdf\">PLANEJAMENTO E DESENVOLVIMENTO CULTURAL EM \u00c1REAS TRADICIONAIS<\/a><\/p>\n<p class=\"txt12\"><em>Elgson Decarle de Oliveira, Eloy F. Casagrande Jr.<\/em><br \/>\n<a href=\"https:\/\/utfpr-ct-static-content.s3.amazonaws.com\/utfpr.curitiba.br\/wp-content\/uploads\/sites\/20\/2015\/08\/Elgson_Decarle_de_Oliveira.pdf\">O DESENVOLVIMENTO LOCAL E A SUSTENTABILIDADE DA ASSOCIA\u00c7\u00c3O DE CATADORES DE MATERIAIS RECICL\u00c1VEIS DE COLOMBO (RESOL)<\/a><\/p>\n<p class=\"txt12\"><em>Gabriel Barbosa<\/em><br \/>\n<a href=\"https:\/\/utfpr-ct-static-content.s3.amazonaws.com\/utfpr.curitiba.br\/wp-content\/uploads\/sites\/20\/2015\/08\/Gabriel_de_Souza_Barbosa.pdf\">FEDERALISMO COOPERATIVO E O PLANEJAMENTO REGIONAL \u00c0 LUZ DOS PROCESSOS DE CENTRALIZA\u00c7\u00c3O X DESCENTRALIZA\u00c7\u00c3O NO BRASIL<\/a><\/p>\n<p class=\"txt12\"><em>Gabriel Barbosa<\/em><br \/>\n<a href=\"https:\/\/utfpr-ct-static-content.s3.amazonaws.com\/utfpr.curitiba.br\/wp-content\/uploads\/sites\/20\/2015\/08\/Gabriel_de_Souza_Barbosa2.pdf\">NOVOS ASPECTOS DAS RELA\u00c7\u00d5ES FEDERATIVAS NO BRASIL SOB A PERSPECTIVA REGIONAL: UM ESTUDO SOBRE CONS\u00d3RCIOS P\u00daBLICOS INTERMUNICIPAIS E DESENVOLVIMENTO REGIONAL<\/a><\/p>\n<p class=\"txt12\"><em>Gracieli Aparecida Wolfart, G. M. da Silva, C. M. Schmidt<\/em><br \/>\n<a href=\"https:\/\/utfpr-ct-static-content.s3.amazonaws.com\/utfpr.curitiba.br\/wp-content\/uploads\/sites\/20\/2015\/08\/Gracieli_Aparecida.pdf\">INCENTIVOS SELETIVOS ATRAV\u00c9S DO CONS\u00d3RCIO INTERMUNICIPAL DE SA\u00daDE COSTA OESTE DO PARAN\u00c1<\/a><\/p>\n<p class=\"txt12\"><em>Gustavo Adolfo Gomes Scholz, Ivan Carlos Vicentin<\/em><br \/>\n<a href=\"https:\/\/utfpr-ct-static-content.s3.amazonaws.com\/utfpr.curitiba.br\/wp-content\/uploads\/sites\/20\/2015\/08\/Gustavo_Adolfo-Scholz.pdf\">ESCOLA DE GOVERNO NO PARAN\u00c1 E A FORMA\u00c7\u00c3O PARA PROJETOS<\/a><\/p>\n<p class=\"txt12\"><em>Josu\u00e9 Alexandre Sander, Joso\u00e9 Reinaldo Pedralli<\/em><br \/>\n<a href=\"https:\/\/utfpr-ct-static-content.s3.amazonaws.com\/utfpr.curitiba.br\/wp-content\/uploads\/sites\/20\/2015\/08\/Josue_Alexandre_Sander.pdf\">AS AUDI\u00caNCIAS P\u00daBLICAS ENQUANTO PR\u00c1TICAS CERIMONIAIS. COMO TORN\u00c1-LAS DE FATO P\u00daBLICAS?<\/a><\/p>\n<p class=\"txt12\"><em>Juca Ulhoa Cintra<\/em><br \/>\n<a href=\"https:\/\/utfpr-ct-static-content.s3.amazonaws.com\/utfpr.curitiba.br\/wp-content\/uploads\/sites\/20\/2015\/08\/Juca_Ulhoa_Cintra.pdf\">ECOLOGIA DE PAISAGEM E DESENVOLVIMENTO TERRITORIAL EM INTERDISCIPLINARIDADE NO ZONEAMENTO ECOL\u00d3GICO ECON\u00d4MICO<\/a><\/p>\n<p class=\"txt12\"><em>Kelly Roberta Ferracini<\/em><br \/>\n<a href=\"https:\/\/utfpr-ct-static-content.s3.amazonaws.com\/utfpr.curitiba.br\/wp-content\/uploads\/sites\/20\/2015\/08\/Kelly_Roberta_Ferracini.pdf\">DESAFIOS DO CONS\u00d3RCIO INTERMUNICIPAL DO ABC \u2013 DE ARTICULADOR PARA EXECUTOR DE POLITICAS PUBLICAS DE INTERESSE?<\/a><\/p>\n<p class=\"txt12\"><em>Luci Nychai, Am\u00e1lia Maria Goldberg Godoy, Maria Luzia Lombat<\/em><br \/>\n<a href=\"https:\/\/utfpr-ct-static-content.s3.amazonaws.com\/utfpr.curitiba.br\/wp-content\/uploads\/sites\/20\/2015\/08\/Luci_Nychai.pdf\">DENSIDADE DO FUNCIONALISMO P\u00daBLICO DA ADMINISTRA\u00c7\u00c3O DIRETA MUNICIPAL BRASILEIRA NA PERSPECTIVA DA DIMENS\u00c3O POPULACIONAL<\/a><\/p>\n<p class=\"txt12\"><em>L\u00facio Carlos Gon\u00e7alves, Eduardo Bernardes de Castro<\/em><br \/>\n<a href=\"https:\/\/utfpr-ct-static-content.s3.amazonaws.com\/utfpr.curitiba.br\/wp-content\/uploads\/sites\/20\/2015\/08\/Lucio_Carlos_Goncalves.pdf\">GEST\u00c3O P\u00daBLICA EM S\u00c3O JOS\u00c9 DOS CAMPOS: UMA AN\u00c1LISE DOS PROCESSOS DE COMPRAS DO BI\u00caNIO 2011-2012<\/a><\/p>\n<p class=\"txt12\"><em>Marina Duarte Gomes Silva, Elis de Ara\u00fajo Miranda<\/em><br \/>\n<a href=\"https:\/\/utfpr-ct-static-content.s3.amazonaws.com\/utfpr.curitiba.br\/wp-content\/uploads\/sites\/20\/2015\/08\/Marina_Duarte_Gomes.pdf\">PLANEJAMENTO DO TURISMO PARA O DESENVOLVIMENTO LOCAL<\/a><\/p>\n<p class=\"txt12\"><em>Mario Procopiuck, Schirlei Mari Freder<\/em><br \/>\n<a href=\"https:\/\/utfpr-ct-static-content.s3.amazonaws.com\/utfpr.curitiba.br\/wp-content\/uploads\/sites\/20\/2015\/08\/Mario_Procopiuck.pdf\">POL\u00cdTICAS P\u00daBLICAS DE FOMENTO \u00c0 ECONOMIA CRIATIVA: CURITIBA E CONTEXTO NACIONAL E INTERNACIONAL<\/a><\/p>\n<p class=\"txt12\"><em>Markos Flavio Bock Gau de Oliveira<\/em><br \/>\n<a href=\"https:\/\/utfpr-ct-static-content.s3.amazonaws.com\/utfpr.curitiba.br\/wp-content\/uploads\/sites\/20\/2015\/08\/Markos_Flavio_Oliveira.pdf\">O PAPEL DO MUNIC\u00cdPIO NA GEST\u00c3O DE RES\u00cdDUOS S\u00d3LIDOS: PROGRAMAS E PROJETOS DA PREFEITURA DE CURITIBA<\/a><\/p>\n<p class=\"txt12\"><em>Marta Chaves Vasconcelos, Let\u00edcia Sayuri Kumegawa, Christian Luiz da Silva<\/em><br \/>\n<a href=\"https:\/\/utfpr-ct-static-content.s3.amazonaws.com\/utfpr.curitiba.br\/wp-content\/uploads\/sites\/20\/2015\/08\/Marta_Chaves.pdf\">GOVERNAN\u00c7A P\u00daBLICA E GOVERNO ELETR\u00d4NICO: UMA AVALIA\u00c7\u00c3O DA C\u00c2MARA MUNICIPAL DE CURITIBA A PARTIR DE 2008<\/a><\/p>\n<p class=\"txt12\"><em>Marta Chaves Vasconcelos, Ana Cristina Macedo Magalh\u00e3es, Eduardo Bernardes de Castro<\/em><br \/>\n<a href=\"https:\/\/utfpr-ct-static-content.s3.amazonaws.com\/utfpr.curitiba.br\/wp-content\/uploads\/sites\/20\/2015\/08\/Marta_Chaves2.pdf\">A IMPORT\u00c2NCIA DO PERFIL DOS VEREADORES NA GOVERNAN\u00c7A P\u00daBLICA. O CASO DE CURITIBA NO ANO DE 2013<\/a><\/p>\n<p class=\"txt12\"><em>Mateus Boldrine Abrita<\/em><br \/>\n<a href=\"https:\/\/utfpr-ct-static-content.s3.amazonaws.com\/utfpr.curitiba.br\/wp-content\/uploads\/sites\/20\/2015\/08\/Mateus_Boldrine_Abrita.pdf\">AN\u00c1LISE DO INVESTIMENTO P\u00daBLICO EM EDUCA\u00c7\u00c3O NO BRASIL DE 2000 AT\u00c9 2011: UMA ABORDAGEM DE ELASTICIDADE-RENDA<\/a><\/p>\n<p class=\"txt12\"><em>Paula Regina Jardim Campos, Sandra Aparecida de Jesus Oliveira, Andreza Xavier de Lima, Andrea Balke da Silva, Valquiza Ribas Castro Vieira<\/em><br \/>\n<a href=\"https:\/\/utfpr-ct-static-content.s3.amazonaws.com\/utfpr.curitiba.br\/wp-content\/uploads\/sites\/20\/2015\/08\/Paula_Regina_Jardim_Campos.pdf\">ATUA\u00c7\u00c3O FONOAUDIOL\u00d3GICA NA ATEN\u00c7\u00c3O PRIM\u00c1RIA \u00c0 SA\u00daDE PROPOSTA PARA PREFEITURA MUNICIPAL DE CURITIBA &#8211; PR<\/a><\/p>\n<p class=\"txt12\"><em>Renato Alves de Oliveira<\/em><br \/>\n<a href=\"https:\/\/utfpr-ct-static-content.s3.amazonaws.com\/utfpr.curitiba.br\/wp-content\/uploads\/sites\/20\/2015\/08\/Renato_Alves_de_Oliveira.pdf\">PLANEJAMENTO DA CONVERS\u00c3O DO CAF\u00c9 CONVENCIONAL PARA O ORG\u00c2NICO: UM ESTUDO DE CASO<\/a><\/p>\n<p class=\"txt12\"><em>Rosana Dalla Costa F\u00e9lix, Mois\u00e9s Francisco Farah J\u00fanior <\/em><br \/>\n<a href=\"https:\/\/utfpr-ct-static-content.s3.amazonaws.com\/utfpr.curitiba.br\/wp-content\/uploads\/sites\/20\/2015\/08\/Rosana_Dalla_Felix.pdf\">EMPREENDEDORISMO E DESENVOLVIMENTO NOS MUNIC\u00cdPIOS PARANAENSES \u2013 UMA AN\u00c1LISE DOS INDICADORES RECENTES<\/a><\/p>\n<p class=\"txt12\"><em>Sidarta Ruthes, Gabriel Fugii, N\u00e1dia Solange Schmidt Bassi, Christian Luiz Silva<\/em><br \/>\n<a href=\"https:\/\/utfpr-ct-static-content.s3.amazonaws.com\/utfpr.curitiba.br\/wp-content\/uploads\/sites\/20\/2015\/08\/Sidarta_Ruthes_de_Lima.pdf\">PROSPECTIVA ESTRAT\u00c9GICA COMO FERRAMENTA DE AN\u00c1LISE DE POL\u00cdTICAS P\u00daBLICAS<\/a><\/p>\n<p class=\"txt12\"><em>Silvana Nakamori<\/em><br \/>\n<a href=\"https:\/\/utfpr-ct-static-content.s3.amazonaws.com\/utfpr.curitiba.br\/wp-content\/uploads\/sites\/20\/2015\/08\/Silvana_Nakamori.pdf\">PROGRAMA DE EXTENS\u00c3O UNIVERSIT\u00c1RIA CICLOVIDA: UMA PROPOSTA PARA AS UNIVERSIDADES BRASILEIRAS<\/a><\/p>\n<p class=\"txt12\"><em>Tatiane Dinca, Silvio Ant\u00f4nio Colognese<\/em><br \/>\n<a href=\"https:\/\/utfpr-ct-static-content.s3.amazonaws.com\/utfpr.curitiba.br\/wp-content\/uploads\/sites\/20\/2015\/08\/Tatiane_Dinca.pdf\">CAPITAL SOCIAL: ESTUDO DOS MUNIC\u00cdPIOS DE PATO BRAGADO E S\u00c3O JOS\u00c9 DAS PALMEIRAS NO OESTE PARANAENSE<\/a><\/p>\n<p class=\"txt12\"><em>Thiago Frederic Albert Fijor, Maria L\u00facia Figueiredo Gomes de Meza<\/em><br \/>\n<a href=\"https:\/\/utfpr-ct-static-content.s3.amazonaws.com\/utfpr.curitiba.br\/wp-content\/uploads\/sites\/20\/2015\/08\/Thiago_Frederic_Fijor.pdf\">ESTRAT\u00c9GIA SA\u00daDE DA FAM\u00cdLIA: UMA FERRAMENTA PARA A GOVERNAN\u00c7A COMUNIT\u00c1RIA<\/a><\/p>\n<p class=\"txt12\"><em>Tiago Niwa, I. A. Lima <\/em><br \/>\n<a href=\"https:\/\/utfpr-ct-static-content.s3.amazonaws.com\/utfpr.curitiba.br\/wp-content\/uploads\/sites\/20\/2015\/08\/Tiago_Niwa.pdf\">O DESENVOLVIMENTO E OS ATUAIS DESAFIOS PARA A CONSOLIDA\u00c7\u00c3O DA TRANSPAR\u00caNCIA NA<br \/>\nADMINISTRA\u00c7\u00c3O P\u00daBLICA<\/a><\/p>\n<\/td>\n<\/tr>\n<\/tbody>\n<\/table>\n","protected":false},"excerpt":{"rendered":"<p>Edi\u00e7\u00e3o 2013 &#8211; Anais do SNPD. Volume 1, N\u00famero 1. Curitiba: Programa de P\u00f3s-Gradua\u00e7\u00e3o em Planejamento e Governan\u00e7a P\u00fablica &#8211;<\/p>\n","protected":false},"author":5,"featured_media":0,"parent":0,"menu_order":0,"comment_status":"closed","ping_status":"open","template":"","meta":{"colormag_page_container_layout":"default_layout","colormag_page_sidebar_layout":"default_layout","footnotes":""},"class_list":["post-80","page","type-page","status-publish","hentry"],"_links":{"self":[{"href":"https:\/\/utfpr.curitiba.br\/snpd\/index.php\/wp-json\/wp\/v2\/pages\/80","targetHints":{"allow":["GET"]}}],"collection":[{"href":"https:\/\/utfpr.curitiba.br\/snpd\/index.php\/wp-json\/wp\/v2\/pages"}],"about":[{"href":"https:\/\/utfpr.curitiba.br\/snpd\/index.php\/wp-json\/wp\/v2\/types\/page"}],"author":[{"embeddable":true,"href":"https:\/\/utfpr.curitiba.br\/snpd\/index.php\/wp-json\/wp\/v2\/users\/5"}],"replies":[{"embeddable":true,"href":"https:\/\/utfpr.curitiba.br\/snpd\/index.php\/wp-json\/wp\/v2\/comments?post=80"}],"version-history":[{"count":18,"href":"https:\/\/utfpr.curitiba.br\/snpd\/index.php\/wp-json\/wp\/v2\/pages\/80\/revisions"}],"predecessor-version":[{"id":651,"href":"https:\/\/utfpr.curitiba.br\/snpd\/index.php\/wp-json\/wp\/v2\/pages\/80\/revisions\/651"}],"wp:attachment":[{"href":"https:\/\/utfpr.curitiba.br\/snpd\/index.php\/wp-json\/wp\/v2\/media?parent=80"}],"curies":[{"name":"wp","href":"https:\/\/api.w.org\/{rel}","templated":true}]}}