{"id":409,"date":"2017-02-10T20:10:55","date_gmt":"2017-02-10T20:10:55","guid":{"rendered":"http:\/\/200.19.73.116\/anais2\/?page_id=409"},"modified":"2020-05-18T21:55:27","modified_gmt":"2020-05-18T21:55:27","slug":"corpo-editorial-2016","status":"publish","type":"page","link":"https:\/\/utfpr.curitiba.br\/snpd\/index.php\/edicao-atual-2016\/corpo-editorial-2016\/","title":{"rendered":"Corpo Editorial 2016"},"content":{"rendered":"<h3>COMIT\u00ca ORGANIZADOR<\/h3>\n<h6><strong>\u00a0 \u00a0 \u00a0\u00a0<\/strong><a href=\"http:\/\/buscatextual.cnpq.br\/buscatextual\/visualizacv.do?metodo=apresentar&amp;id=K4787471J1\" target=\"_blank\" rel=\"noopener noreferrer\"><strong>Ros\u00e9lia Periss\u00e9 da Silva Piquet &#8211; UCAM (Coordenadora Geral)<\/strong><\/a><\/h6>\n<ul id=\"organizadores\">\n<li>Doutora em Economia<br \/>\nUniversidade Federal do Rio de Janeiro (UFRJ &#8211; Brasil)<\/li>\n<li><strong><a href=\"http:\/\/buscatextual.cnpq.br\/buscatextual\/visualizacv.do?metodo=apresentar&amp;id=K4765678P3\" target=\"_blank\" rel=\"noopener noreferrer\">Rodrigo Anido Lira &#8211; UCAM (Coordenador Executivo)<br \/>\n<\/a><\/strong>Doutor em Sociologia Pol\u00edtica<br \/>\nUniversidade Estadual do Norte Fluminense (UENF)<\/li>\n<li><strong><a href=\"http:\/\/buscatextual.cnpq.br\/buscatextual\/visualizacv.do?id=K4708099Y5\" target=\"_blank\" rel=\"noopener noreferrer\">D\u00fania Comerlatto &#8211; Unochapec\u00f3<\/a><\/strong><br \/>\nDoutora em Servi\u00e7o Social pela Pontif\u00edcia<br \/>\nUniversidade Cat\u00f3lica do Rio Grande do Sul (PUCRS)<\/li>\n<li><strong><a href=\"http:\/\/buscatextual.cnpq.br\/buscatextual\/visualizacv.do?id=K4138127H4\" target=\"_blank\" rel=\"noopener noreferrer\">Ant\u00f4nio de Oliveira \u2013 UFTPR<\/a><\/strong><br \/>\nDoutor em Engenharia de Produ\u00e7\u00e3o<br \/>\nUniversidade Federal de Santa Catarina<\/li>\n<li><strong><a href=\"http:\/\/buscatextual.cnpq.br\/buscatextual\/visualizacv.do?id=K4703500Z9\" target=\"_blank\" rel=\"noopener noreferrer\">Jos\u00e9 Luis Vianna da Cruz &#8211; UCAM<\/a><\/strong><br \/>\nDoutor em Planejamento Urbano e Regional<br \/>\nUniversidade Federal do Rio de Janeiro (UFRJ)<\/li>\n<li><strong><a href=\"http:\/\/buscatextual.cnpq.br\/buscatextual\/visualizacv.do?id=K4786082P0\" target=\"_blank\" rel=\"noopener noreferrer\">Isa de Oliveira \u2013 UDESC<br \/>\n<\/a><\/strong>Doutora em Geografia (Geografia Humana)<br \/>\nUniversidade de S\u00e3o Paulo (USP)<strong><a href=\"http:\/\/buscatextual.cnpq.br\/buscatextual\/visualizacv.do?id=K4786082P0\" target=\"_blank\" rel=\"noopener noreferrer\"><br \/>\n<\/a><\/strong><\/li>\n<\/ul>\n<h3>CORPO EDITORIAL<\/h3>\n<ul id=\"organizadores\">\n<li><strong><a href=\"http:\/\/buscatextual.cnpq.br\/buscatextual\/visualizacv.do?id=K4703500Z9\" target=\"_blank\" rel=\"noopener noreferrer\">Jos\u00e9 Luis Vianna da Cruz, UCAM (coordenador)<\/a><a href=\"http:\/\/buscatextual.cnpq.br\/buscatextual\/visualizacv.do?metodo=apresentar&amp;id=K4787471J1\" target=\"_blank\" rel=\"noopener noreferrer\"><br \/>\n<\/a><\/strong>Doutor em Planejamento Urbano e Regional<br \/>\nUniversidade Federal do Rio de Janeiro (UFRJ)<\/li>\n<li><strong><a href=\"\/\/buscatextual.cnpq.br\/buscatextual\/visualizacv.do?id=K4735838Y0\" target=\"_blank\" rel=\"noopener noreferrer\">Jefferson de Azevedo \u2013 Instituto Federal Fluminense<br \/>\n<\/a><\/strong>Doutor em Engenharia de Sistemas e Computa\u00e7\u00e3o<br \/>\nUniversidade Federal do Rio de Janeiro (UFRJ)<\/li>\n<li><strong><a href=\"http:\/\/buscatextual.cnpq.br\/buscatextual\/visualizacv.do?id=K4737009A7\" target=\"_blank\" rel=\"noopener noreferrer\">Clarete Trzcinski &#8211; Unochapec\u00f3<\/a><\/strong><br \/>\nDoutora em Engenharia de Produ\u00e7\u00e3o<br \/>\nUniversidade Federal do Rio Grande do Sul (UFRS)<\/li>\n<li><strong><a href=\"http:\/\/buscatextual.cnpq.br\/buscatextual\/visualizacv.do?id=K4783327Y3\" target=\"_blank\" rel=\"noopener noreferrer\">Lia Hasenclever &#8211; UCAM<\/a><\/strong><br \/>\nDoutora em Engenharia de Produ\u00e7\u00e3o<br \/>\nUniversidade Federal do Rio de Janeiro (UFRJ)<\/li>\n<li><strong><a href=\"http:\/\/buscatextual.cnpq.br\/buscatextual\/visualizacv.do?id=K4727932T0\" target=\"_blank\" rel=\"noopener noreferrer\">Maria Elisabeth Kleba da Silva \u2013 Unochapec\u00f3<\/a><\/strong><br \/>\nDoutora em Filosofia<br \/>\nUniversit\u00e4t Bremen<\/li>\n<li><strong><a href=\"http:\/\/buscatextual.cnpq.br\/buscatextual\/visualizacv.do?id=K4791115E8\" target=\"_blank\" rel=\"noopener noreferrer\">Eduardo Shimoda &#8211; UCAM<\/a><\/strong><br \/>\nDoutor em Ci\u00eancia Animal<br \/>\nUniversidade Estadual do Norte Fluminense Darcy Ribeiro (UENF)<\/li>\n<li><strong><a href=\"http:\/\/buscatextual.cnpq.br\/buscatextual\/visualizacv.do?id=K4758450H9\" target=\"_blank\" rel=\"noopener noreferrer\">Denise Terra \u2013 UENF<\/a><\/strong><br \/>\nDoutora em Geografia<br \/>\nUniversidade Federal do Rio de Janeiro (UFRJ)<\/li>\n<li><strong><a href=\"http:\/\/buscatextual.cnpq.br\/buscatextual\/visualizacv.do?id=K4756206Y0\" target=\"_blank\" rel=\"noopener noreferrer\">M\u00e1rcia Luiza Dal Magro &#8211; Unochapec\u00f3<\/a><\/strong><br \/>\nDoutora em Psicologia<br \/>\nUniversidade Federal de Santa Catarina (UFSC)<\/li>\n<li><strong><a href=\"http:\/\/buscatextual.cnpq.br\/buscatextual\/visualizacv.do?id=K4138127H4\" target=\"_blank\" rel=\"noopener noreferrer\">Ant\u00f4nio Gon\u00e7alves Oliveira &#8211; UTFPR<\/a><\/strong><br \/>\nDoutor em Engenharia de Produ\u00e7\u00e3o<br \/>\nUniversidade Federal de Santa Catarina (UFSC)<\/li>\n<li><strong><a href=\"http:\/\/buscatextual.cnpq.br\/buscatextual\/visualizacv.do?id=K4704783Z6\" target=\"_blank\" rel=\"noopener noreferrer\">Antenora Maria da Mata Siqueira &#8211; UFF<\/a><\/strong><br \/>\nDoutora em Engenharia Agr\u00edcola<br \/>\nUniversidade Estadual de Campinas (UNICAMP)<\/li>\n<li><strong><a href=\"http:\/\/buscatextual.cnpq.br\/buscatextual\/visualizacv.do?id=K4779438H9\" target=\"_blank\" rel=\"noopener noreferrer\">Ludmila Da Matta \u2013 UCAM<\/a><\/strong><br \/>\nDoutora em Sociologia Pol\u00edtica<br \/>\nUniversidade Estadual do Norte Fluminense Darcy Ribeiro (UENF)<\/li>\n<li><strong><a href=\"http:\/\/buscatextual.cnpq.br\/buscatextual\/visualizacv.do?id=K4154202E8\" target=\"_blank\" rel=\"noopener noreferrer\">Ana Paula Arruda &#8211; UCAM<\/a><\/strong><br \/>\nDoutora em Sociologia Pol\u00edtica<br \/>\nUniversidade Estadual do Norte Fluminense Darcy Ribeiro (UENF)<\/li>\n<li><strong><a href=\"http:\/\/buscatextual.cnpq.br\/buscatextual\/visualizacv.do?id=K4787461P7\" target=\"_blank\" rel=\"noopener noreferrer\">Ronaldo Sousa Ara\u00fajo &#8211; UCAM<\/a><\/strong><br \/>\nDoutor em Gest\u00e3o e Valora\u00e7\u00e3o Urbana<br \/>\nUniversitat Polit\u00e8cnica de Catalunya<\/li>\n<li><strong><a href=\"http:\/\/buscatextual.cnpq.br\/buscatextual\/visualizacv.do?id=K4716792Y6\" target=\"_blank\" rel=\"noopener noreferrer\">Valdir Junio dos Santos &#8211; UCAM<\/a><\/strong><br \/>\nDoutor em Servi\u00e7o Social<br \/>\nUniversidade do Estado do Rio de Janeiro (UERJ)<\/li>\n<\/ul>\n","protected":false},"excerpt":{"rendered":"<p>COMIT\u00ca ORGANIZADOR \u00a0 \u00a0 \u00a0\u00a0Ros\u00e9lia Periss\u00e9 da Silva Piquet &#8211; UCAM (Coordenadora Geral) Doutora em Economia Universidade Federal do Rio<\/p>\n","protected":false},"author":5,"featured_media":0,"parent":399,"menu_order":0,"comment_status":"closed","ping_status":"open","template":"","meta":{"colormag_page_container_layout":"default_layout","colormag_page_sidebar_layout":"default_layout","footnotes":""},"class_list":["post-409","page","type-page","status-publish","hentry"],"_links":{"self":[{"href":"https:\/\/utfpr.curitiba.br\/snpd\/index.php\/wp-json\/wp\/v2\/pages\/409","targetHints":{"allow":["GET"]}}],"collection":[{"href":"https:\/\/utfpr.curitiba.br\/snpd\/index.php\/wp-json\/wp\/v2\/pages"}],"about":[{"href":"https:\/\/utfpr.curitiba.br\/snpd\/index.php\/wp-json\/wp\/v2\/types\/page"}],"author":[{"embeddable":true,"href":"https:\/\/utfpr.curitiba.br\/snpd\/index.php\/wp-json\/wp\/v2\/users\/5"}],"replies":[{"embeddable":true,"href":"https:\/\/utfpr.curitiba.br\/snpd\/index.php\/wp-json\/wp\/v2\/comments?post=409"}],"version-history":[{"count":4,"href":"https:\/\/utfpr.curitiba.br\/snpd\/index.php\/wp-json\/wp\/v2\/pages\/409\/revisions"}],"predecessor-version":[{"id":631,"href":"https:\/\/utfpr.curitiba.br\/snpd\/index.php\/wp-json\/wp\/v2\/pages\/409\/revisions\/631"}],"up":[{"embeddable":true,"href":"https:\/\/utfpr.curitiba.br\/snpd\/index.php\/wp-json\/wp\/v2\/pages\/399"}],"wp:attachment":[{"href":"https:\/\/utfpr.curitiba.br\/snpd\/index.php\/wp-json\/wp\/v2\/media?parent=409"}],"curies":[{"name":"wp","href":"https:\/\/api.w.org\/{rel}","templated":true}]}}