{"id":399,"date":"2017-02-10T17:38:45","date_gmt":"2017-02-10T17:38:45","guid":{"rendered":"http:\/\/200.19.73.116\/anais2\/?page_id=399"},"modified":"2021-10-06T00:19:50","modified_gmt":"2021-10-06T03:19:50","slug":"edicao-atual-2016","status":"publish","type":"page","link":"https:\/\/utfpr.curitiba.br\/snpd\/index.php\/edicao-atual-2016\/","title":{"rendered":"Edi\u00e7\u00e3o 2016"},"content":{"rendered":"<div class=\"entry-content\">\n<p><a href=\"https:\/\/utfpr-ct-static-content.s3.amazonaws.com\/utfpr.curitiba.br\/wp-content\/uploads\/sites\/20\/2017\/02\/Sem-t\u00edtulo.png\"><img decoding=\"async\" class=\" size-full wp-image-406 aligncenter\" src=\"https:\/\/utfpr-ct-static-content.s3.amazonaws.com\/utfpr.curitiba.br\/wp-content\/uploads\/sites\/20\/2017\/02\/Sem-t\u00edtulo.png\" alt=\"Sem t\u00edtulo\" width=\"268\" height=\"104\" \/><\/a><\/p>\n<h3><a href=\"https:\/\/utfpr-ct-static-content.s3.amazonaws.com\/utfpr.curitiba.br\/wp-content\/uploads\/sites\/20\/2017\/02\/snpd_com.png\"><img decoding=\"async\" class=\"alignnone  wp-image-405\" src=\"https:\/\/utfpr-ct-static-content.s3.amazonaws.com\/utfpr.curitiba.br\/wp-content\/uploads\/sites\/20\/2017\/02\/snpd_com-300x37.png\" alt=\"snpd_com\" width=\"454\" height=\"56\" srcset=\"https:\/\/utfpr-ct-static-content.s3.amazonaws.com\/utfpr.curitiba.br\/wp-content\/uploads\/sites\/20\/2017\/02\/snpd_com-300x37.png 300w, https:\/\/utfpr-ct-static-content.s3.amazonaws.com\/utfpr.curitiba.br\/wp-content\/uploads\/sites\/20\/2017\/02\/snpd_com.png 672w\" sizes=\"(max-width: 454px) 100vw, 454px\" \/><\/a><\/h3>\n<h3>Edi\u00e7\u00e3o 2016 \u2013 Anais do SNPD. Volume 3, N\u00famero 3. Campos dos Goytacazes: 3<strong>\u00ba Semin\u00e1rio Nacional de Planejamento e Desenvolvimento (SNPD)<\/strong><\/h3>\n<p>Mais informa\u00e7\u00f5es:\u00a0<a href=\"http:\/\/snpd.ucam-campos.br\/\">http:\/\/snpd.ucam-campos.br\/<\/a><\/p>\n<p><strong>Sum\u00e1rio<\/strong><\/p>\n<p><strong><a href=\"\/snpd\/index.php\/edicao-atual-2016\/corpo-editorial-2016\/\">Corpo Editorial 2016<\/a><\/strong><\/p>\n<p>Artigos desta edi\u00e7\u00e3o<\/p>\n<p><strong>Conflitos Sociais e Econ\u00f4micos no Territ\u00f3rio<\/strong><\/p>\n<p class=\"txt12\"><em>Marl\u00facia Junger Lumbreras<\/em><\/p>\n<p class=\"txt12\"><a href=\"https:\/\/utfpr-ct-static-content.s3.amazonaws.com\/utfpr.curitiba.br\/wp-content\/uploads\/sites\/20\/2017\/02\/MUDAN\u00c7AS-RECENTES-NO-ENSINO-SUPERIOR-BRASILEIRO-2.pdf\">MUDAN\u00c7AS RECENTES NO ENSINO SUPERIOR BRASILEIRO E SUA RELA\u00c7\u00c3O COM O DESENVOLVIMENTO<\/a><\/p>\n<p class=\"txt12\"><em>Jo\u00e3o Andr\u00e9 Nascimento Ribas e\u00a0Maria Lucia Figueiredo Gomes de Meza<\/em><\/p>\n<p class=\"txt12\"><a href=\"https:\/\/utfpr-ct-static-content.s3.amazonaws.com\/utfpr.curitiba.br\/wp-content\/uploads\/sites\/20\/2017\/02\/O-CRESCIMENTO-ECON\u00d4MICO-DURANTE-O-GOVERNO-DO-PARTIDO-DOS-TRABALHADORES.pdf\">O CRESCIMENTO ECON\u00d4MICO DURANTE O GOVERNO DO PARTIDO DOS TRABALHADORES<\/a><\/p>\n<\/div>\n<p class=\"txt12\"><em>Adriana Peixoto de Oliveira e\u00a0Ludmila da Matta<\/em><\/p>\n<p class=\"txt12\"><a href=\"https:\/\/utfpr-ct-static-content.s3.amazonaws.com\/utfpr.curitiba.br\/wp-content\/uploads\/sites\/20\/2017\/02\/OS-CONFLITOS-ENTRE-OS-DIFERENTES-PROJETOS.pdf\">OS CONFLITOS ENTRE OS DIFERENTES PROJETOS DE SOCIEDADE E OS IMPACTOS NA EDUCA\u00c7\u00c3O PROFISSIONAL E TECNOL\u00d3GICA (EPT)<\/a><\/p>\n<p class=\"txt12\">\u00a0<em>Viviane Oliveira Lopes de Souza<\/em><\/p>\n<p class=\"txt12\"><a href=\"https:\/\/utfpr-ct-static-content.s3.amazonaws.com\/utfpr.curitiba.br\/wp-content\/uploads\/sites\/20\/2017\/02\/TRABALHO-PREC\u00c1RIO-E-SOFRIMENTO-PS\u00cdQUICO.pdf\">TRABALHO PREC\u00c1RIO E SOFRIMENTO PS\u00cdQUICO: REFLEXOS DOS INTERESSES ANTAG\u00d4NICOS DA RELA\u00c7\u00c3O ENTRE O CAPITAL E O TRABALHADOR<\/a><\/p>\n<p class=\"txt12\"><em>Herbert Etges Zandomeneco e\u00a0Isaura Alberton de Lima<\/em><\/p>\n<p class=\"txt12\"><a href=\"https:\/\/utfpr-ct-static-content.s3.amazonaws.com\/utfpr.curitiba.br\/wp-content\/uploads\/sites\/20\/2017\/02\/UM-OUTRO-SOCIALISMO-DO-S\u00c9CULO-XXI.pdf\">UM OUTRO SOCIALISMO DO S\u00c9CULO XXI: A REDU\u00c7\u00c3O DA POBREZA NO URUGUAI CONTEMPOR\u00c2NEO<\/a><\/p>\n<p class=\"txt12\"><em>Bianca Siqueira Gon\u00e7alves<\/em><\/p>\n<p class=\"txt12\"><a href=\"https:\/\/utfpr-ct-static-content.s3.amazonaws.com\/utfpr.curitiba.br\/wp-content\/uploads\/sites\/20\/2017\/02\/A-CIDADE-COMO-PRODU\u00c7\u00c3O-SOCIAL.pdf\">A CIDADE COMO PRODU\u00c7\u00c3O SOCIAL: AGENTES, INTERESSES E CONFLITOS<\/a><\/p>\n<p class=\"txt12\"><em>Joseph Estrela Rodrigues Torres e\u00a0Ivan Carlos Vicentin<\/em><\/p>\n<p class=\"txt12\"><a href=\"https:\/\/utfpr-ct-static-content.s3.amazonaws.com\/utfpr.curitiba.br\/wp-content\/uploads\/sites\/20\/2017\/02\/A-PRIVATIZA\u00c7\u00c3O-COMO-SOLU\u00c7\u00c3O-AOS-ENTRAVES.pdf\">A PRIVATIZA\u00c7\u00c3O COMO SOLU\u00c7\u00c3O AOS ENTRAVES DO SANEAMENTO B\u00c1SICO<\/a><\/p>\n<p class=\"txt12\"><em>Wagner Muniz<\/em><\/p>\n<p class=\"txt12\"><a href=\"https:\/\/utfpr-ct-static-content.s3.amazonaws.com\/utfpr.curitiba.br\/wp-content\/uploads\/sites\/20\/2017\/02\/MODERNIZA\u00c7\u00c3O-RURAL.pdf\">MODERNIZA\u00c7\u00c3O RURAL: PONTOS E CONTRAPONTOS COM A QUEST\u00c3O URBANA<\/a><\/p>\n<p class=\"txt12\"><em>Riyuzo Ikeda J\u00fanior<\/em><\/p>\n<p class=\"txt12\"><a href=\"https:\/\/utfpr-ct-static-content.s3.amazonaws.com\/utfpr.curitiba.br\/wp-content\/uploads\/sites\/20\/2017\/02\/UM-OLHAR-SOBRE-A-CARACTERIZA\u00c7\u00c3O-DO-TERRIT\u00d3RIO.pdf\">UM OLHAR SOBRE A CARACTERIZA\u00c7\u00c3O DO TERRIT\u00d3RIO DOS MEGAEMPREENDIMENTOS ATRAV\u00c9S DA PARTICIPA\u00c7\u00c3O SOCIAL<\/a><\/p>\n<p class=\"txt12\"><strong>Impactos e Conflitos Socioambientais no Territ\u00f3rio<\/strong><\/p>\n<p class=\"txt12\"><em>Claudio Luiz Melo de Souza,\u00a0Aldo Shimoya,\u00a0Ricardo Luiz Pessanha Chagas,\u00a0Luiz L\u00facio de Arag\u00e3o Pedroso,\u00a0Igor Cassiano Rangel,\u00a0Fabr\u00edcio Freitas da Silva,\u00a0Geisa Pereira Marcilio e\u00a0Jefferson Piedade Sardinha<\/em><\/p>\n<p class=\"txt12\"><a href=\"https:\/\/utfpr-ct-static-content.s3.amazonaws.com\/utfpr.curitiba.br\/wp-content\/uploads\/sites\/20\/2017\/02\/AGROENERGIA-_IN_-SUSTENT\u00c1VEL-NO-SETOR-SUCROALCOOLEIRO.pdf\">AGROENERGIA (IN) SUSTENT\u00c1VEL NO SETOR SUCROALCOOLEIRO: IMPACTOS E CONFLITOS SOCIOAMBIENTAIS NO BRASIL E A SAFRA DE 2015\/2016<\/a><\/p>\n<p class=\"txt12\"><em>Viviani Cristine de Oliveira e Simone Aparecida Polli<\/em><\/p>\n<p class=\"txt12\"><a href=\"https:\/\/utfpr-ct-static-content.s3.amazonaws.com\/utfpr.curitiba.br\/wp-content\/uploads\/sites\/20\/2017\/02\/AVALIA\u00c7\u00c3O-DO-PLANO-DE-ARBORIZA\u00c7\u00c3O-DE-VIAS.pdf\">AVALIA\u00c7\u00c3O DO PLANO DE ARBORIZA\u00c7\u00c3O DE VIAS P\u00daBLICAS DE S\u00c3O JOS\u00c9 DOS PINHAIS \u2013 PR<\/a><\/p>\n<p class=\"txt12\"><em>Ednilson Gomes de Souza Junior e\u00a0Vicente de Paulo Santos de Oliveira<\/em><\/p>\n<p class=\"txt12\"><a href=\"https:\/\/utfpr-ct-static-content.s3.amazonaws.com\/utfpr.curitiba.br\/wp-content\/uploads\/sites\/20\/2017\/02\/CONFLITOS-SOCIOAMBIENTAIS.pdf\">CONFLITOS SOCIOAMBIENTAIS NO BAIXO ITABAPOANA: ESTUDO DE CASO SOBRE A PCH PEDRA DO GARRAF\u00c3O<\/a><\/p>\n<p class=\"txt12\"><em>Renata Souza Poubel de Paula,\u00a0Eduardo Shimoda,\u00a0F\u00e1bio Barbosa Batista e Paulo Jonas dos Santos J\u00fanior<\/em><\/p>\n<p class=\"txt12\"><a href=\"https:\/\/utfpr-ct-static-content.s3.amazonaws.com\/utfpr.curitiba.br\/wp-content\/uploads\/sites\/20\/2017\/02\/INDICADORES-BIBLIOM\u00c9TRICOS-DAS-PUBLICA\u00c7\u00d5ES.pdf\">INDICADORES BIBLIOM\u00c9TRICOS DAS PUBLICA\u00c7\u00d5ES SOBRE O TEMA \u201cECONOMIA AMBIENTAL\u201d NA BASE SCOPUS<\/a><\/p>\n<p class=\"txt12\"><em>Dayanne Vieira Maia,\u00a0Ros\u00e9lia Periss\u00e9 da Silva Piquet e\u00a0Eduardo Shimoda<\/em><\/p>\n<p class=\"txt12\"><a href=\"https:\/\/utfpr-ct-static-content.s3.amazonaws.com\/utfpr.curitiba.br\/wp-content\/uploads\/sites\/20\/2017\/02\/PORTO-DO-A\u00c7U-UMA-AN\u00c1LISE-DE-CONTE\u00daDO.pdf\">PORTO DO A\u00c7U: UMA AN\u00c1LISE DE CONTE\u00daDO DAS NOT\u00cdCIAS NA M\u00cdDIA IMPRESSA REGIONAL<\/a><\/p>\n<p class=\"txt12\"><strong>Impactos e Conflitos Urbanos<\/strong><\/p>\n<p class=\"txt12\"><em>Helen Carneiro Manh\u00e3es Siqueira<\/em><\/p>\n<p class=\"txt12\"><a href=\"https:\/\/utfpr-ct-static-content.s3.amazonaws.com\/utfpr.curitiba.br\/wp-content\/uploads\/sites\/20\/2017\/02\/A-AUTONOMIA-MUNICIPAL-E-A-EFETIVIDADE.pdf\">A AUTONOMIA MUNICIPAL E A EFETIVIDADE DA FUN\u00c7\u00c3O SOCIAL DA PROPRIEDADE &#8211; O CASO CAMPOS DOS GOYTACAZES<\/a><\/p>\n<p class=\"txt12\"><em>\u00c9rica Terezinha Vieira de Almeida<\/em><\/p>\n<p class=\"txt12\"><a href=\"https:\/\/utfpr-ct-static-content.s3.amazonaws.com\/utfpr.curitiba.br\/wp-content\/uploads\/sites\/20\/2017\/02\/A-DISPUTA-PELO-LIXO-E-A-RESIST\u00caNCIA-DOS-CATADORES.pdf\">A DISPUTA PELO LIXO E A RESIST\u00caNCIA DOS CATADORES EM CONTEXTOS DE SEGREGA\u00c7\u00c3O SOCIOESPACIAL<\/a><\/p>\n<p class=\"txt12\"><em>Carlos Eloiso Bastos Pires e\u00a0Rodrigo Anido Lira<\/em><\/p>\n<p class=\"txt12\"><a href=\"https:\/\/utfpr-ct-static-content.s3.amazonaws.com\/utfpr.curitiba.br\/wp-content\/uploads\/sites\/20\/2017\/02\/CIDADANIA-E-ACESSO-\u00c0-JUSTI\u00c7A.pdf\">CIDADANIA E ACESSO \u00c0 JUSTI\u00c7A: O PAPEL DOS N\u00daCLEOS DE PR\u00c1TICA JUR\u00cdDICA<\/a><\/p>\n<p class=\"txt12\"><em>Paulo Jonas dos Santos J\u00fanior,\u00a0F\u00e1bio Barbosa Batista,\u00a0Renata Souza Poubel de Paula e\u00a0Ludmila Gon\u00e7alves da Matta<\/em><\/p>\n<p class=\"txt12\"><a href=\"https:\/\/utfpr-ct-static-content.s3.amazonaws.com\/utfpr.curitiba.br\/wp-content\/uploads\/sites\/20\/2017\/02\/UMA-REFLEX\u00c3O-DOS-IMPACTOS-DA-FAVELIZA\u00c7\u00c3O-NO-NORTE-FLUMINENSE.pdf\">UMA REFLEX\u00c3O DOS IMPACTOS DA FAVELIZA\u00c7\u00c3O NO NORTE FLUMINENSE<\/a><\/p>\n<p class=\"txt12\"><strong>Potencialidades e Limites das Pol\u00edticas P\u00fablicas de Gest\u00e3o do Territ\u00f3rio<\/strong><\/p>\n<p class=\"txt12\"><em>Lu\u00edza Cassiano Rangel e\u00a0Ludmila Gon\u00e7alves da Matta<\/em><\/p>\n<p class=\"txt12\"><a href=\"https:\/\/utfpr-ct-static-content.s3.amazonaws.com\/utfpr.curitiba.br\/wp-content\/uploads\/sites\/20\/2017\/02\/AN\u00c1LISE-QUALITATIVA-COMPARATIVA.pdf\">AN\u00c1LISE QUALITATIVA COMPARATIVA (QCA) DE VARI\u00c1VEIS QUE INFLUENCIAM A QUALIDADE DA EDUCA\u00c7\u00c3O NOS MUNIC\u00cdPIOS BRASILEIROS E O \u00cdNDICE DE DESENVOLVIMENTO DA EDUCA\u00c7\u00c3O B\u00c1SICA (IDEB)<\/a><\/p>\n<p class=\"txt12\"><em>Carla Nogueira Patr\u00e3o,\u00a0Luiz Augusto Caldas Pereira e\u00a0Milton Erthal<\/em><\/p>\n<p class=\"txt12\"><a href=\"https:\/\/utfpr-ct-static-content.s3.amazonaws.com\/utfpr.curitiba.br\/wp-content\/uploads\/sites\/20\/2017\/02\/MODELAGEM-MULTICRIT\u00c9RIO.pdf\">MODELAGEM MULTICRIT\u00c9RIO PARA LOCALIZA\u00c7\u00c3O DE POLOS DE APOIO PRESENCIAL EM EDUCA\u00c7\u00c3O A DIST\u00c2NCIA NO TERRIT\u00d3RIO DE ATUA\u00c7\u00c3O DO INSTITUTO FEDERAL FLUMINENSE<\/a><\/p>\n<p class=\"txt12\"><em>Daniel Ribeiro Barcelos e\u00a0Leandro Bruno Santos<\/em><\/p>\n<p class=\"txt12\"><a href=\"https:\/\/utfpr-ct-static-content.s3.amazonaws.com\/utfpr.curitiba.br\/wp-content\/uploads\/sites\/20\/2017\/02\/POL\u00cdTICA-DE-SUBS\u00cdDIO-FISCAL.pdf\">POL\u00cdTICA DE SUBS\u00cdDIO FISCAL E ORDENAMENTO DO TERRIT\u00d3RIO FLUMINENSE NO IN\u00cdCIO DO S\u00c9CULO XXI<\/a><\/p>\n<p class=\"txt12\"><em>Dayane Cristina de Queiroz,\u00a0Arion Bastos e\u00a0Maria Lucia Figueiredo Gomes de Meza<\/em><\/p>\n<p class=\"txt12\"><a href=\"https:\/\/utfpr-ct-static-content.s3.amazonaws.com\/utfpr.curitiba.br\/wp-content\/uploads\/sites\/20\/2017\/02\/POL\u00cdTICAS-NACIONAIS-DE-CI\u00caNCIA.pdf\">POL\u00cdTICAS NACIONAIS DE CI\u00caNCIA E TECNOLOGIA E O DESENVOLVIMENTO ECON\u00d4MICO SUSTENT\u00c1VEL<\/a><\/p>\n<p class=\"txt12\"><em>Adriana Ripka,\u00a0Christian Luiz da Silva,\u00a0Alain Hern\u00e1ndez Santoyo,\u00a0Weimar Freire da Rocha Junior e\u00a0Mayra Casas Vilardell<\/em><\/p>\n<p class=\"txt12\"><a href=\"https:\/\/utfpr-ct-static-content.s3.amazonaws.com\/utfpr.curitiba.br\/wp-content\/uploads\/sites\/20\/2017\/02\/POTENCIALIDADE-E-LIMITE-DO-USO-DE-INDICADORES.pdf\">POTENCIALIDADE E LIMITE DO USO DE INDICADORES ENERG\u00c9TICOS COMO CONTRIBUI\u00c7\u00c3O DE POL\u00cdTICAS P\u00daBLICAS PARA O DESENVOLVIMENTO SUSTENT\u00c1VEL<\/a><\/p>\n<p class=\"txt12\"><em>Fransin\u00eas T. S. Vaz Grokoski,\u00a0Neusa Moscon Suzana e Clarete Trzcinski<\/em><\/p>\n<p class=\"txt12\"><a href=\"https:\/\/utfpr-ct-static-content.s3.amazonaws.com\/utfpr.curitiba.br\/wp-content\/uploads\/sites\/20\/2017\/02\/UMA-ABORDAGEM-TERRITORIAL.pdf\">UMA ABORDAGEM TERRITORIAL ACERCA DA CONTRIBUI\u00c7\u00c3O DO COLEGIADO MICRORREGIONAL DE ASSIST\u00caNCIA SOCIAL<\/a><\/p>\n<p class=\"txt12\"><em>Amanda Cristina Pasqualini Peron,\u00a0Cleiton Sacoman,\u00a0D\u00e9cio Est\u00eav\u00e3o do Nascimento,\u00a0Marcus Vinicius Gon\u00e7alves da Silva e\u00a0Maria L\u00facia Figueiredo Gomes de Meza<\/em><\/p>\n<p class=\"txt12\"><a href=\"https:\/\/utfpr-ct-static-content.s3.amazonaws.com\/utfpr.curitiba.br\/wp-content\/uploads\/sites\/20\/2017\/02\/A-GOVERNAN\u00c7A-METROPOLITANA.pdf\">A GOVERNAN\u00c7A METROPOLITANA E O DESAFIO DA INTEGRA\u00c7\u00c3O NA LEI 13.089\/2015<\/a><\/p>\n<p class=\"txt12\"><em>L\u00edvia Antunes e\u00a0Danielle Faria Peixoto<\/em><\/p>\n<p class=\"txt12\"><a href=\"https:\/\/utfpr-ct-static-content.s3.amazonaws.com\/utfpr.curitiba.br\/wp-content\/uploads\/sites\/20\/2017\/02\/A-PRODU\u00c7\u00c3O-SOCIOESPACIAL-DA-CRISE-H\u00cdDRICA.pdf\">A PRODU\u00c7\u00c3O SOCIOESPACIAL DA CRISE H\u00cdDRICA: INSTITUCIONALIDADES, ARENAS SOCIAIS E CONFLITOS NA BA\u00cdA DA ILHA GRANDE, RJ<\/a><\/p>\n<p class=\"txt12\"><em>Rainer Randolph e\u00a0Gabriel Azevedo Magalh\u00e3es<\/em><\/p>\n<p class=\"txt12\"><a href=\"https:\/\/utfpr-ct-static-content.s3.amazonaws.com\/utfpr.curitiba.br\/wp-content\/uploads\/sites\/20\/2017\/02\/GOVERNAN\u00c7A-TERRITORIAL.pdf\">GOVERNAN\u00c7A TERRITORIAL E SEUS DESAFIOS. REFLEX\u00d5ES SOBRE CONS\u00d3RCIOS INTERMUNICIPAIS E COMIT\u00caS HIDROGR\u00c1FICAS<\/a><\/p>\n<p class=\"txt12\"><em>Rubens Staloch,\u00a0Isa de Oliveira Rocha e\u00a0Cl\u00f3vis Reis<\/em><\/p>\n<p class=\"txt12\"><a href=\"https:\/\/utfpr-ct-static-content.s3.amazonaws.com\/utfpr.curitiba.br\/wp-content\/uploads\/sites\/20\/2017\/02\/O-CIBERESPA\u00c7O-COMO-POSSIBILIDADE.pdf\">O CIBERESPA\u00c7O COMO POSSIBILIDADE PARA O PLANEJAMENTO TERRITORIAL PARTICIPATIVO: AS REDES SOCIAIS VIRTUAIS<\/a><\/p>\n<p class=\"txt12\"><em>\u00c9rica Werneck,\u00a0Flavianne Brito,\u00a0Isabela Vila\u00e7a,\u00a0Qu\u00e9zia Manuela Laurindo,\u00a0Roberto Acruche,\u00a0Aldo Shimoya,\u00a0Eduardo Shimoda,\u00a0\u00cdtalo de Oliveira Matias e\u00a0Milton Erthal Jr.<\/em><\/p>\n<p class=\"txt12\"><a href=\"https:\/\/utfpr-ct-static-content.s3.amazonaws.com\/utfpr.curitiba.br\/wp-content\/uploads\/sites\/20\/2017\/02\/O-USO-DO-M\u00c9TODO-AHP-PARA-AVALIAR.pdf\">O USO DO M\u00c9TODO AHP PARA AVALIAR O DESEMPENHO DOS MUNIC\u00cdPIOS DA REGI\u00c3O NORTE FLUMINENSE QUE SE BENEFICIARAM COM OS ROYALTIES DO PETR\u00d3LEO<\/a><\/p>\n<p class=\"txt12\"><em>Livia Maria de Souza Almeida Coura e\u00a0Ana Paula Serpa Nogueira de Arruda<\/em><\/p>\n<p class=\"txt12\"><a href=\"https:\/\/utfpr-ct-static-content.s3.amazonaws.com\/utfpr.curitiba.br\/wp-content\/uploads\/sites\/20\/2017\/02\/POLITICAS-P\u00daBLICAS-E-HABITA\u00c7\u00c3O-POPULAR.pdf\">POLITICAS P\u00daBLICAS E HABITA\u00c7\u00c3O POPULAR: UM ESTUDO DE CASO DE PROGRAMAS HABITACIONAIS EM MURIA\u00c9\/MG<\/a><\/p>\n<p class=\"txt12\"><em>Andrea Traub e\u00a0Ana Paula Myszczuk<\/em><\/p>\n<p class=\"txt12\"><a href=\"https:\/\/utfpr-ct-static-content.s3.amazonaws.com\/utfpr.curitiba.br\/wp-content\/uploads\/sites\/20\/2017\/02\/TERRITORIALIDADE-E-FORMA\u00c7\u00c3O-DO-SERVIDOR.pdf\">TERRITORIALIDADE E FORMA\u00c7\u00c3O DO SERVIDOR NO CONTEXTO DA METR\u00d3POLE: AN\u00c1LISE A PARTIR DO CASO DA REGI\u00c3O METROPOLITANA DE CURITIBA<\/a><\/p>\n<p class=\"txt12\"><em>Marcos Antonio Nunes,\u00a0Dunia Comerlatto e\u00a0Maria Elisabeth Kleba<\/em><\/p>\n<p class=\"txt12\"><a href=\"https:\/\/utfpr-ct-static-content.s3.amazonaws.com\/utfpr.curitiba.br\/wp-content\/uploads\/sites\/20\/2017\/02\/ATUA\u00c7\u00c3O-E-DESAFIOS-DO-CONSELHO-MUNICIPAL-.pdf\">ATUA\u00c7\u00c3O E DESAFIOS DO CONSELHO MUNICIPAL DE ASSIST\u00caNCIA SOCIAL DE CHAPEC\u00d3 (SC)<\/a><\/p>\n<p class=\"txt12\"><em>Emerson Rogerio Moleta,\u00a0Ant\u00f4nio Gon\u00e7alves de Oliveira,\u00a0Anderson Catapan,\u00a0Simone Aparecida Polli e\u00a0Cledson Luiz Soares da Silva<\/em><\/p>\n<p class=\"txt12\"><a href=\"https:\/\/utfpr-ct-static-content.s3.amazonaws.com\/utfpr.curitiba.br\/wp-content\/uploads\/sites\/20\/2017\/02\/CADASTRO-MULTIFINALIT\u00c1RIO.pdf\">CADASTRO MULTIFINALIT\u00c1RIO COMO INSTRUMENTO DE RESPONSABILIDADE FISCAL E GEST\u00c3O URBANA: AN\u00c1LISE DA VIABILIDADE DE SUA IMPLANTA\u00c7\u00c3O<\/a><\/p>\n<p class=\"txt12\"><em>Nelson Crespo Pinto Pimentel e\u00a0Denise Costa de Brito<\/em><\/p>\n<p class=\"txt12\"><a href=\"https:\/\/utfpr-ct-static-content.s3.amazonaws.com\/utfpr.curitiba.br\/wp-content\/uploads\/sites\/20\/2017\/02\/DE-VOLTA-AO-COME\u00c7O.pdf\">DE VOLTA AO COME\u00c7O: A CRIA\u00c7\u00c3O DE UM OBSERVAT\u00d3RIO DE POL\u00cdTICAS P\u00daBLICAS COMO RENOVA\u00c7\u00c3O DA IDENTIDADE DO INSTITUTO FEDERAL FLUMINENSE<\/a><\/p>\n<p class=\"txt12\"><em>Carlos Alberto Tanaka,\u00a0Ant\u00f4nio Gon\u00e7alves de Oliveira e\u00a0Anderson Catapan<\/em><\/p>\n<p class=\"txt12\"><a href=\"https:\/\/utfpr-ct-static-content.s3.amazonaws.com\/utfpr.curitiba.br\/wp-content\/uploads\/sites\/20\/2017\/02\/GEST\u00c3O-DE-PROJETOS-P\u00daBLICOS-E-SICONV.pdf\">GEST\u00c3O DE PROJETOS P\u00daBLICOS E SICONV: UM PANORAMA DA AVALIA\u00c7\u00c3O DE PROPOSTAS APRESENTADAS POR MUNIC\u00cdPIOS NO SISTEMA DE GEST\u00c3O DE CONV\u00caNIOS E CONTRATOS DE REPASSE<\/a><\/p>\n<p class=\"txt12\"><em>Vanessa Carla\u00a0Neckel e Dunia Comerlatto<\/em><\/p>\n<p class=\"txt12\"><a href=\"https:\/\/utfpr-ct-static-content.s3.amazonaws.com\/utfpr.curitiba.br\/wp-content\/uploads\/sites\/20\/2017\/02\/OS-INSTITUTOS-FEDERAIS-DE-EDUCA\u00c7\u00c3O.pdf\">OS INSTITUTOS FEDERAIS DE EDUCA\u00c7\u00c3O, CI\u00caNCIA E TECNOLOGIA E O DESENVOLVIMENTO REGIONAL<\/a><\/p>\n<p class=\"txt12\"><em>Diogo Jord\u00e3o Silva<\/em><\/p>\n<p class=\"txt12\"><a href=\"https:\/\/utfpr-ct-static-content.s3.amazonaws.com\/utfpr.curitiba.br\/wp-content\/uploads\/sites\/20\/2017\/02\/TERRIT\u00d3RIO-E-CIDADANIA.pdf\">TERRIT\u00d3RIO E CIDADANIA: BREVE AN\u00c1LISE SOBRE O ACESSO AO SANEAMENTO B\u00c1SICO NO BRASIL<\/a><\/p>\n<p class=\"txt12\"><strong>An\u00e1lise de Experi\u00eancias de Gest\u00e3o do Planejamento do Desenvolvimento Regional<\/strong><\/p>\n<p class=\"txt12\"><em>Nelson Crespo Pinto Pimentel e\u00a0Elisabeth Soares Rocha<\/em><\/p>\n<p class=\"txt12\"><a href=\"https:\/\/utfpr-ct-static-content.s3.amazonaws.com\/utfpr.curitiba.br\/wp-content\/uploads\/sites\/20\/2017\/02\/A-ARTE-COMO-VIS\u00c3O-CR\u00cdTICA-CULTURA-E-POL\u00cdTICAS-P\u00daBLICAS.pdf\">A ARTE COMO VIS\u00c3O CR\u00cdTICA, CULTURA E POL\u00cdTICAS P\u00daBLICAS: UMA GRANDE \u201cAUS\u00caNCIA\u201d NAS PERSPECTIVAS DE DESENVOLVIMENTO REGIONAL PARA O NORTE FLUMINENSE<\/a><\/p>\n<p class=\"txt12\"><em>Nath\u00e1lia Figueiredo de Azevedo<\/em><\/p>\n<p class=\"txt12\"><a href=\"https:\/\/utfpr-ct-static-content.s3.amazonaws.com\/utfpr.curitiba.br\/wp-content\/uploads\/sites\/20\/2017\/02\/A-GOVERNAN\u00c7A-METROPOLITANA-NO-BRASIL.pdf\">A GOVERNAN\u00c7A METROPOLITANA NO BRASIL: BALAN\u00c7O E AN\u00c1LISE CR\u00cdTICA<\/a><\/p>\n<p class=\"txt12\"><em>Gabriel de Souza Barbosa e\u00a0Helena Dias da Costa<\/em><\/p>\n<p class=\"txt12\"><a href=\"https:\/\/utfpr-ct-static-content.s3.amazonaws.com\/utfpr.curitiba.br\/wp-content\/uploads\/sites\/20\/2017\/02\/COOPERA\u00c7\u00c3O-NO-LESTE-DA-METR\u00d3POLE-FLUMINENSE.pdf\">COOPERA\u00c7\u00c3O NO LESTE DA METR\u00d3POLE FLUMINENSE: DESAFIOS PARA A GOVERNAN\u00c7A REGIONAL<\/a><\/p>\n<p class=\"txt12\"><em>Alcimar das Chagas Ribeiro e\u00a0Lia Hasenclever<\/em><\/p>\n<p class=\"txt12\"><a href=\"https:\/\/utfpr-ct-static-content.s3.amazonaws.com\/utfpr.curitiba.br\/wp-content\/uploads\/sites\/20\/2017\/02\/EXTERNALIDADES-EM-AGLOMERA\u00c7\u00d5ES-PRODUTIVAS-E-CAPACIDADE-DE-ABSOR\u00c7\u00c3O.pdf\">EXTERNALIDADES EM AGLOMERA\u00c7\u00d5ES PRODUTIVAS E CAPACIDADE DE ABSOR\u00c7\u00c3O: ESTUDO DE CASO EM S\u00c3O JO\u00c3O DA BARRA-RJ<\/a><\/p>\n<p class=\"txt12\"><em>Luana de Assis<\/em><\/p>\n<p class=\"txt12\"><a href=\"https:\/\/utfpr-ct-static-content.s3.amazonaws.com\/utfpr.curitiba.br\/wp-content\/uploads\/sites\/20\/2017\/02\/IMPACTOS-DO-FINANCIAMENTO-DO-PROGRAMA-REHUF.pdf\">IMPACTOS DO FINANCIAMENTO DO PROGRAMA REHUF NO ATENDIMENTO DOS HOSPITAIS UNIVERSIT\u00c1RIOS FEDERAIS E A PERCEP\u00c7\u00c3O DOS USU\u00c1RIOS<\/a><\/p>\n<p class=\"txt12\"><em>Vladimir Oganauskas Filho,\u00a0Ademir Antonio Cazella,\u00a0F\u00e1bio Luiz B\u00farigo e\u00a0Andr\u00e9ia Tecchio<\/em><\/p>\n<p class=\"txt12\"><a href=\"https:\/\/utfpr-ct-static-content.s3.amazonaws.com\/utfpr.curitiba.br\/wp-content\/uploads\/sites\/20\/2017\/02\/DESCENTRALIZA\u00c7\u00c3O-ADMINISTRATIVA-EM-SANTA-CATARINA.pdf\">DESCENTRALIZA\u00c7\u00c3O ADMINISTRATIVA EM SANTA CATARINA: A DIMENS\u00c3O POL\u00cdTICA DO PLANEJAMENTO REGIONAL<\/a><\/p>\n<p class=\"txt12\"><em>Maria Carolina Gon\u00e7alves Oliveira e\u00a0Ludmila Gon\u00e7alves da Mata<\/em><\/p>\n<p class=\"txt12\"><a href=\"https:\/\/utfpr-ct-static-content.s3.amazonaws.com\/utfpr.curitiba.br\/wp-content\/uploads\/sites\/20\/2017\/02\/INDICADORES-DE-SA\u00daDE-E-A-REALIDADE-EM-N\u00daMEROS.pdf\">INDICADORES DE SA\u00daDE E A REALIDADE EM N\u00daMEROS: UMA AN\u00c1LISE DA POL\u00cdTICA DE SA\u00daDE DO MUNIC\u00cdPIO DE CAMPOS DOS GOYTACAZES ATRAV\u00c9S DE SEUS INSTRUMENTOS DO PLANEJAMENTO<\/a><\/p>\n<p class=\"txt12\"><em>Giully de Oliveira<\/em><\/p>\n<p class=\"txt12\"><a href=\"https:\/\/utfpr-ct-static-content.s3.amazonaws.com\/utfpr.curitiba.br\/wp-content\/uploads\/sites\/20\/2017\/02\/PRODUTOS-TRADICIONAIS.pdf\">PRODUTOS TRADICIONAIS COMO PROMOTORES DO DESENVOLVIMENTO LOCAL: A EXPERI\u00caNCIA DE S\u00c3O BONIF\u00c1CIO (SC)<\/a><\/p>\n<p class=\"txt12\"><em>Robson Santos Dias<\/em><\/p>\n<p class=\"txt12\"><a href=\"https:\/\/utfpr-ct-static-content.s3.amazonaws.com\/utfpr.curitiba.br\/wp-content\/uploads\/sites\/20\/2017\/02\/UM-ESTADO-SEM-PLANEJAMENTO-URBANO-E-REGIONAL.pdf\">UM ESTADO SEM PLANEJAMENTO URBANO E REGIONAL: A SAGA DA FUNDREM NO ESTADO DO RIO DE JANEIRO<\/a><\/p>\n<p class=\"txt12\">\n","protected":false},"excerpt":{"rendered":"<p>Edi\u00e7\u00e3o 2016 \u2013 Anais do SNPD. Volume 3, N\u00famero 3. Campos dos Goytacazes: 3\u00ba Semin\u00e1rio Nacional de Planejamento e Desenvolvimento<\/p>\n","protected":false},"author":5,"featured_media":0,"parent":0,"menu_order":1,"comment_status":"closed","ping_status":"closed","template":"","meta":{"colormag_page_container_layout":"default_layout","colormag_page_sidebar_layout":"default_layout","footnotes":""},"class_list":["post-399","page","type-page","status-publish","hentry"],"_links":{"self":[{"href":"https:\/\/utfpr.curitiba.br\/snpd\/index.php\/wp-json\/wp\/v2\/pages\/399","targetHints":{"allow":["GET"]}}],"collection":[{"href":"https:\/\/utfpr.curitiba.br\/snpd\/index.php\/wp-json\/wp\/v2\/pages"}],"about":[{"href":"https:\/\/utfpr.curitiba.br\/snpd\/index.php\/wp-json\/wp\/v2\/types\/page"}],"author":[{"embeddable":true,"href":"https:\/\/utfpr.curitiba.br\/snpd\/index.php\/wp-json\/wp\/v2\/users\/5"}],"replies":[{"embeddable":true,"href":"https:\/\/utfpr.curitiba.br\/snpd\/index.php\/wp-json\/wp\/v2\/comments?post=399"}],"version-history":[{"count":21,"href":"https:\/\/utfpr.curitiba.br\/snpd\/index.php\/wp-json\/wp\/v2\/pages\/399\/revisions"}],"predecessor-version":[{"id":654,"href":"https:\/\/utfpr.curitiba.br\/snpd\/index.php\/wp-json\/wp\/v2\/pages\/399\/revisions\/654"}],"wp:attachment":[{"href":"https:\/\/utfpr.curitiba.br\/snpd\/index.php\/wp-json\/wp\/v2\/media?parent=399"}],"curies":[{"name":"wp","href":"https:\/\/api.w.org\/{rel}","templated":true}]}}