{"id":2,"date":"2015-06-25T16:54:23","date_gmt":"2015-06-25T16:54:23","guid":{"rendered":"http:\/\/200.19.73.116\/anais2\/?page_id=2"},"modified":"2020-05-18T21:55:27","modified_gmt":"2020-05-18T21:55:27","slug":"pagina-exemplo","status":"publish","type":"page","link":"https:\/\/utfpr.curitiba.br\/snpd\/","title":{"rendered":"Sobre o evento"},"content":{"rendered":"<h1 style=\"text-align: center;\"><\/h1>\n<hr \/>\n<p>&nbsp;<\/p>\n<h1 style=\"padding-left: 30px; text-align: center;\"><\/h1>\n<h1 style=\"padding-left: 30px; text-align: center;\"><\/h1>\n<h1 style=\"padding-left: 30px; text-align: center;\">Apresenta\u00e7\u00e3o<\/h1>\n<p style=\"padding-left: 30px; text-align: justify;\">\u00a0 O Semin\u00e1rio Nacional de Planejamento e Desenvolvimento (SNPD), realizado pelo Programa de P\u00f3s-Gradua\u00e7\u00e3o em Planejamento e Governan\u00e7a P\u00fablica (PPGPGP) da Universidade Tecnol\u00f3gica Federal do Paran\u00e1 (UTFPR), \u00e9 evento de grande import\u00e2ncia e relev\u00e2ncia para a comunidade acad\u00eamica-profissional com proximidade tem\u00e1tica ao Planejamento e Desenvolvimento Local e Regional, Governan\u00e7a P\u00fablica e \u00e1reas afins.<\/p>\n<hr \/>\n<h2 style=\"padding-left: 30px; text-align: center;\"><\/h2>\n<p>&nbsp;<\/p>\n<h2 style=\"padding-left: 30px; text-align: center;\">Objetivo<\/h2>\n<p style=\"padding-left: 30px; text-align: justify;\">\u00a0 Trata-se de evento \u00edmpar para a uni\u00e3o de esfor\u00e7os em busca de solu\u00e7\u00f5es e proposi\u00e7\u00f5es, cujo objetivo \u00e9 sempre possibilitar aos participantes um <em>locus <\/em>de discuss\u00e3o e desenvolvimento acad\u00eamico-profissional, com a promo\u00e7\u00e3o, difus\u00e3o e di\u00e1logo de produ\u00e7\u00f5es cient\u00edficas geradas na academia e no mundo do trabalho, relacionadas \u00e0s tem\u00e1ticas abrangidas.<\/p>\n<hr \/>\n<h2 style=\"padding-left: 30px; text-align: center;\"><\/h2>\n<p>&nbsp;<\/p>\n<h2 style=\"padding-left: 30px; text-align: center;\">P\u00fablico Alvo<\/h2>\n<p style=\"padding-left: 30px; text-align: justify;\">\u00a0 Os Anais do SNPD \u00e9 uma publica\u00e7\u00e3o anual do PPGP\/UTFPR que publica os trabalhos apresentados, que constituem vers\u00f5es do est\u00e1gio atual de pesquisas desenvolvidas por estudantes de gradua\u00e7\u00e3o e de p\u00f3s-gradua\u00e7\u00e3o,\u00a0professores, pesquisadores, servidores p\u00fablicos e profissionais das diversas \u00e1reas do conhecimento que desenvolvem atividades relacionadas ao Planejamento e\/ou Desenvolvimento Local e Regional, Governan\u00e7a e Gest\u00e3o de Pol\u00edticas P\u00fablicas, Gest\u00e3o P\u00fablica e \u00c1reas afins.<\/p>\n<hr \/>\n<p align=\"right\">Professor Doutor Antonio Gon\u00e7alves de Oliveira<\/p>\n<p align=\"right\">Coordenador do SNPD<\/p>\n","protected":false},"excerpt":{"rendered":"<p>&nbsp; Apresenta\u00e7\u00e3o \u00a0 O Semin\u00e1rio Nacional de Planejamento e Desenvolvimento (SNPD), realizado pelo Programa de P\u00f3s-Gradua\u00e7\u00e3o em Planejamento e Governan\u00e7a<\/p>\n","protected":false},"author":5,"featured_media":0,"parent":0,"menu_order":0,"comment_status":"closed","ping_status":"open","template":"","meta":{"colormag_page_container_layout":"default_layout","colormag_page_sidebar_layout":"default_layout","footnotes":""},"class_list":["post-2","page","type-page","status-publish","hentry"],"_links":{"self":[{"href":"https:\/\/utfpr.curitiba.br\/snpd\/index.php\/wp-json\/wp\/v2\/pages\/2","targetHints":{"allow":["GET"]}}],"collection":[{"href":"https:\/\/utfpr.curitiba.br\/snpd\/index.php\/wp-json\/wp\/v2\/pages"}],"about":[{"href":"https:\/\/utfpr.curitiba.br\/snpd\/index.php\/wp-json\/wp\/v2\/types\/page"}],"author":[{"embeddable":true,"href":"https:\/\/utfpr.curitiba.br\/snpd\/index.php\/wp-json\/wp\/v2\/users\/5"}],"replies":[{"embeddable":true,"href":"https:\/\/utfpr.curitiba.br\/snpd\/index.php\/wp-json\/wp\/v2\/comments?post=2"}],"version-history":[{"count":5,"href":"https:\/\/utfpr.curitiba.br\/snpd\/index.php\/wp-json\/wp\/v2\/pages\/2\/revisions"}],"predecessor-version":[{"id":353,"href":"https:\/\/utfpr.curitiba.br\/snpd\/index.php\/wp-json\/wp\/v2\/pages\/2\/revisions\/353"}],"wp:attachment":[{"href":"https:\/\/utfpr.curitiba.br\/snpd\/index.php\/wp-json\/wp\/v2\/media?parent=2"}],"curies":[{"name":"wp","href":"https:\/\/api.w.org\/{rel}","templated":true}]}}