{"id":42,"date":"2022-06-11T15:28:57","date_gmt":"2022-06-11T18:28:57","guid":{"rendered":"https:\/\/utfpr.curitiba.br\/simdaqbi\/?page_id=42"},"modified":"2022-11-22T17:59:05","modified_gmt":"2022-11-22T20:59:05","slug":"v-simdaqbi-2022","status":"publish","type":"page","link":"https:\/\/utfpr.curitiba.br\/simdaqbi\/v-simdaqbi-2022\/","title":{"rendered":"V SIMDAQBI &#8211; 2022"},"content":{"rendered":"\n<p>A volta do evento ao formato presencial, ap\u00f3s duas edi\u00e7\u00f5es <em>on-line,<\/em> trouxe novos desafios \u201cp\u00f3s-pandemia\u201d para a comiss\u00e3o organizadora, mas promoveu uma intera\u00e7\u00e3o maior entre estudantes e profissionais participantes.<\/p>\n\n\n\n<p>O evento contou com 311 inscritos, motivados por uma programa\u00e7\u00e3o diversificada e atrativa, que contou com convidados de prestigiado conhecimento cient\u00edfico. Foram 389 participantes, sendo 311 inscritos; desses, 5 inscri\u00e7\u00f5es foram de alunos do ensino m\u00e9dio\/t\u00e9cnico, 255 de estudantes de gradua\u00e7\u00e3o (sendo desses 64 calouros da UTFPR), 15 de alunos da p\u00f3s-gradua\u00e7\u00e3o e 36 de profissionais.<\/p>\n\n\n\n<p>\u00a0A palestra de abertura foi proferida pelo Professor da Universidade Federal do Paran\u00e1 (UFPR), do Departamento de Qu\u00edmica, Dr. Aldo Jose Gorgatti Zarbin entitulada: Preparando e Processando Materiais em Interface L\u00edquidas.<\/p>\n\n\n\n<p>A palestra de encerramento foi conduzida pelo diretor do Centro de Apoio Cient\u00edfico em Desastres (CENACID) e professor da Universidade Federal do Paran\u00e1 (UFPR), Prof. Renato Eug\u00eanio com t\u00edtulo:\u00a0 Desastres ambientais naturais: experi\u00eancias nacionais e internacionais, trazendo \u00e0 tona a import\u00e2ncia de discutir os principais desastres ambientais naturais que impactaram a sociedade e o papel da ci\u00eancia na resposta a esses grandes desastres.<\/p>\n\n\n\n<p>A programa\u00e7\u00e3o do SIMDAQBI sempre considerou o lema da UTFPR &#8220;Tecnologia e Humanismo&#8221;, e nessa quinta edi\u00e7\u00e3o abordou quest\u00f5es cient\u00edficas\/tecnol\u00f3gicas (palestras, minicursos, oficinas, apresenta\u00e7\u00f5es orais de 22 trabalhos cient\u00edficos), de extens\u00e3o (com a divulga\u00e7\u00e3o de trabalhos de extens\u00e3o desenvolvidos pelo DAQBI e exposi\u00e7\u00e3o do Projeto Meros do Brasil), mas tamb\u00e9m quest\u00f5es culturais, com apresenta\u00e7\u00e3o de m\u00fasicos e roda de conversa sobre a import\u00e2ncia da universidade na perspectiva do docente e discente, tanto no contexto profissional, quanto pessoal.<\/p>\n\n\n\n<p><\/p>\n","protected":false},"excerpt":{"rendered":"<p>A volta do evento ao formato presencial, ap\u00f3s duas edi\u00e7\u00f5es on-line, trouxe novos desafios \u201cp\u00f3s-pandemia\u201d para a comiss\u00e3o organizadora, mas promoveu uma intera\u00e7\u00e3o maior entre estudantes e profissionais participantes. O evento contou com 311 inscritos, motivados por uma programa\u00e7\u00e3o diversificada &hellip; <a href=\"https:\/\/utfpr.curitiba.br\/simdaqbi\/v-simdaqbi-2022\/\">Continue lendo <span class=\"meta-nav\">&rarr;<\/span><\/a><\/p>\n","protected":false},"author":81,"featured_media":0,"parent":0,"menu_order":8,"comment_status":"closed","ping_status":"closed","template":"","meta":{"footnotes":""},"class_list":["post-42","page","type-page","status-publish","hentry"],"_links":{"self":[{"href":"https:\/\/utfpr.curitiba.br\/simdaqbi\/wp-json\/wp\/v2\/pages\/42","targetHints":{"allow":["GET"]}}],"collection":[{"href":"https:\/\/utfpr.curitiba.br\/simdaqbi\/wp-json\/wp\/v2\/pages"}],"about":[{"href":"https:\/\/utfpr.curitiba.br\/simdaqbi\/wp-json\/wp\/v2\/types\/page"}],"author":[{"embeddable":true,"href":"https:\/\/utfpr.curitiba.br\/simdaqbi\/wp-json\/wp\/v2\/users\/81"}],"replies":[{"embeddable":true,"href":"https:\/\/utfpr.curitiba.br\/simdaqbi\/wp-json\/wp\/v2\/comments?post=42"}],"version-history":[{"count":6,"href":"https:\/\/utfpr.curitiba.br\/simdaqbi\/wp-json\/wp\/v2\/pages\/42\/revisions"}],"predecessor-version":[{"id":174,"href":"https:\/\/utfpr.curitiba.br\/simdaqbi\/wp-json\/wp\/v2\/pages\/42\/revisions\/174"}],"wp:attachment":[{"href":"https:\/\/utfpr.curitiba.br\/simdaqbi\/wp-json\/wp\/v2\/media?parent=42"}],"curies":[{"name":"wp","href":"https:\/\/api.w.org\/{rel}","templated":true}]}}