{"id":34,"date":"2022-06-11T12:32:16","date_gmt":"2022-06-11T15:32:16","guid":{"rendered":"https:\/\/utfpr.curitiba.br\/simdaqbi\/?page_id=34"},"modified":"2022-06-12T14:48:29","modified_gmt":"2022-06-12T17:48:29","slug":"i-simdaqbi-2018","status":"publish","type":"page","link":"https:\/\/utfpr.curitiba.br\/simdaqbi\/i-simdaqbi-2018\/","title":{"rendered":"I SIMDAQBI &#8211; 2018"},"content":{"rendered":"\n<p>O I SIMDAQBI ocorreu entre os dias 27 a 31 de agosto de 2018, na Universidade Tecnol\u00f3gica Federal do Paran\u00e1, C\u00e2mpus Curitiba, Sede Ecoville.<\/p>\n\n\n\n<p>Al\u00e9m de proporcionar \u00e0 comunidade acad\u00eamica local um ambiente de atualiza\u00e7\u00e3o e aperfei\u00e7oamento cient\u00edfico e oportunizar a intera\u00e7\u00e3o com outras institui\u00e7\u00f5es, o prop\u00f3sito concentrou-se na busca por momentos de reflex\u00e3o dos estudantes sobre o seu relacionamento com a universidade, seja pela participa\u00e7\u00e3o nos eventos acad\u00eamicos, extra-curriculares ou desportivos, e sobre o seu papel na evolu\u00e7\u00e3o da universidade, de modo que a forma\u00e7\u00e3o acad\u00eamica tenha maior qualidade, e sua atua\u00e7\u00e3o na sociedade.<\/p>\n\n\n\n<p>A&nbsp;programa\u00e7\u00e3o do evento consistiu&nbsp;de atividades diversificadas como palestras e minicursos nas \u00e1reas de Qu\u00edmica, Ensino e Meio Ambiente, duas visitas t\u00e9cnicas e mesa redonda, propiciando a multidisciplinaridade e intera\u00e7\u00e3o.&nbsp;<\/p>\n\n\n\n<p>O I Simp\u00f3sio de Gradua\u00e7\u00e3o e P\u00f3s-Gradua\u00e7\u00e3o do DAQBI contou&nbsp;com palestrantes de outras institui\u00e7\u00f5es, inclusive das \u00e1reas de gest\u00e3o de pessoas,&nbsp;coaching&nbsp;e empreendedorismo, minicursos de t\u00e9cnicas de fermenta\u00e7\u00e3o, qu\u00edmica ambiental e processador de textos &#8211; LaTex, al\u00e9m de visitas t\u00e9cnicas e a mesa redonda \u201cMulheres na Ci\u00eancia\u201d.&nbsp;Neste evento foram&nbsp;abordados&nbsp;temas de interesse das diversas \u00e1reas da qu\u00edmica e meio ambiente (qu\u00edmica inorg\u00e2nica, RMN, microscopia eletr\u00f4nica, qualidade do ar, solos, log\u00edstica reversa, pol\u00edmeros biodegrad\u00e1veis).&nbsp;<\/p>\n\n\n\n<p>A palestra de abertura foi proferida pelo Prof. Dr. Juan Jos\u00e9 Rodr\u00edguez &#8211; Ex-engenheiro da NASA,  Professor Titular da Universidade Cat\u00f3lica Santo Ant\u00f3nio de M\u00farcia, Espanha, com o t\u00edtulo: <em>Qual vai ser a sua vis\u00e3o para o futuro?<\/em><\/p>\n\n\n\n<p>A palestra de Encerramento foi proferida pelo Prof. Dr. Thiago Jos\u00e9 de Almeida Mori do Laborat\u00f3rio Nacional de Luz S\u00edncrotron (LNLS | Campinas &#8211; SP).<\/p>\n\n\n\n<p>A realiza\u00e7\u00e3o I Simp\u00f3sio de Gradua\u00e7\u00e3o e P\u00f3s-Gradua\u00e7\u00e3o do DAQBI&nbsp;foi um importante&nbsp;momento de intera\u00e7\u00e3o e oportunidades para o contexto acad\u00eamico e para a comunidade, com a participa\u00e7\u00e3o efetiva dos estudantes, docentes e o envolvimento de toda&nbsp;a institui\u00e7\u00e3o.&nbsp;<\/p>\n\n\n\n<figure class=\"wp-block-image size-large\"><a href=\"https:\/\/doity.com.br\/i-simdaqbi\/\"><img fetchpriority=\"high\" decoding=\"async\" width=\"1024\" height=\"389\" src=\"https:\/\/utfpr-ct-static-content.s3.amazonaws.com\/utfpr.curitiba.br\/wp-content\/uploads\/sites\/50\/2022\/06\/I-SIMDAQBI-logo-sem-data-1024x389.png\" alt=\"\" class=\"wp-image-68\" srcset=\"https:\/\/utfpr-ct-static-content.s3.amazonaws.com\/utfpr.curitiba.br\/wp-content\/uploads\/sites\/50\/2022\/06\/I-SIMDAQBI-logo-sem-data-1024x389.png 1024w, https:\/\/utfpr-ct-static-content.s3.amazonaws.com\/utfpr.curitiba.br\/wp-content\/uploads\/sites\/50\/2022\/06\/I-SIMDAQBI-logo-sem-data-300x114.png 300w, https:\/\/utfpr-ct-static-content.s3.amazonaws.com\/utfpr.curitiba.br\/wp-content\/uploads\/sites\/50\/2022\/06\/I-SIMDAQBI-logo-sem-data-768x292.png 768w, https:\/\/utfpr-ct-static-content.s3.amazonaws.com\/utfpr.curitiba.br\/wp-content\/uploads\/sites\/50\/2022\/06\/I-SIMDAQBI-logo-sem-data-1536x584.png 1536w, https:\/\/utfpr-ct-static-content.s3.amazonaws.com\/utfpr.curitiba.br\/wp-content\/uploads\/sites\/50\/2022\/06\/I-SIMDAQBI-logo-sem-data-2048x779.png 2048w\" sizes=\"(max-width: 1024px) 100vw, 1024px\" \/><\/a><figcaption>Clicando na figura acima voc\u00ea ser\u00e1 direcionado \u00e0 p\u00e1gina do evento.<\/figcaption><\/figure>\n\n\n\n<p><\/p>\n","protected":false},"excerpt":{"rendered":"<p>O I SIMDAQBI ocorreu entre os dias 27 a 31 de agosto de 2018, na Universidade Tecnol\u00f3gica Federal do Paran\u00e1, C\u00e2mpus Curitiba, Sede Ecoville. Al\u00e9m de proporcionar \u00e0 comunidade acad\u00eamica local um ambiente de atualiza\u00e7\u00e3o e aperfei\u00e7oamento cient\u00edfico e oportunizar &hellip; <a href=\"https:\/\/utfpr.curitiba.br\/simdaqbi\/i-simdaqbi-2018\/\">Continue lendo <span class=\"meta-nav\">&rarr;<\/span><\/a><\/p>\n","protected":false},"author":81,"featured_media":0,"parent":0,"menu_order":5,"comment_status":"closed","ping_status":"closed","template":"","meta":{"footnotes":""},"class_list":["post-34","page","type-page","status-publish","hentry"],"_links":{"self":[{"href":"https:\/\/utfpr.curitiba.br\/simdaqbi\/wp-json\/wp\/v2\/pages\/34","targetHints":{"allow":["GET"]}}],"collection":[{"href":"https:\/\/utfpr.curitiba.br\/simdaqbi\/wp-json\/wp\/v2\/pages"}],"about":[{"href":"https:\/\/utfpr.curitiba.br\/simdaqbi\/wp-json\/wp\/v2\/types\/page"}],"author":[{"embeddable":true,"href":"https:\/\/utfpr.curitiba.br\/simdaqbi\/wp-json\/wp\/v2\/users\/81"}],"replies":[{"embeddable":true,"href":"https:\/\/utfpr.curitiba.br\/simdaqbi\/wp-json\/wp\/v2\/comments?post=34"}],"version-history":[{"count":5,"href":"https:\/\/utfpr.curitiba.br\/simdaqbi\/wp-json\/wp\/v2\/pages\/34\/revisions"}],"predecessor-version":[{"id":118,"href":"https:\/\/utfpr.curitiba.br\/simdaqbi\/wp-json\/wp\/v2\/pages\/34\/revisions\/118"}],"wp:attachment":[{"href":"https:\/\/utfpr.curitiba.br\/simdaqbi\/wp-json\/wp\/v2\/media?parent=34"}],"curies":[{"name":"wp","href":"https:\/\/api.w.org\/{rel}","templated":true}]}}