{"id":32,"date":"2022-06-11T12:33:12","date_gmt":"2022-06-11T15:33:12","guid":{"rendered":"https:\/\/utfpr.curitiba.br\/simdaqbi\/?page_id=32"},"modified":"2022-06-12T14:49:08","modified_gmt":"2022-06-12T17:49:08","slug":"ii-simdaqbi-2019","status":"publish","type":"page","link":"https:\/\/utfpr.curitiba.br\/simdaqbi\/ii-simdaqbi-2019\/","title":{"rendered":"II SIMDAQBI &#8211; 2019"},"content":{"rendered":"\n<p>O II Simp\u00f3sio de Gradua\u00e7\u00e3o e P\u00f3s-Gradua\u00e7\u00e3o do DAQBI aconteceu nos dias 2 a 6 de setembro de 2019, na sede Ecoville da Universidade Tecnol\u00f3gica Federal do Paran\u00e1, Campus Curitiba.<\/p>\n\n\n\n<p>O evento reuniu  quase 300 participantes e 58 trabalhos cient\u00edficos, que foram aceitos para apresenta\u00e7\u00e3o nas formas oral\/painel. <\/p>\n\n\n\n<p>A programa\u00e7\u00e3o contou com dez palestras de diversas \u00e1reas de qu\u00edmica, biologia e ensino de ci\u00eancias, cinco minicursos, apresenta\u00e7\u00e3o de trabalhos cient\u00edficos, visitas t\u00e9cnicas, mostra de p\u00f3s-gradua\u00e7\u00e3o, viv\u00eancias e oficinas.<\/p>\n\n\n\n<p>A palestra de abertura foi proferida pelo Prof. Dr. Oswaldo Luiz Alves, Professor Titular e Decano do Departamento de Qu\u00edmica Inorg\u00e2nica do Instituto de Qu\u00edmica da UNICAMP, com o t\u00edtulo: <em>Nanotecnologia nas Coisas (NoT) &#8211; a emerg\u00eancia da inter, multi e transdisciplinaridade<\/em>.<\/p>\n\n\n\n<p>A palestra de encerramento foi proferida pela Dra. Yvonne Primerano Mascarenhas, Professora do Instituto de F\u00edsica de S\u00e3o Carlos da Universidade de S\u00e3o Paulo (USP), com o t\u00edtulo: <em>A Interdisciplinaridade entre Cristalografia, Qu\u00edmica e Biologi<\/em>a.<\/p>\n\n\n\n<p>Al\u00e9m disso, o II SIMDAQBI incluiu em sua programa\u00e7\u00e3o o Pr\u00e9-SICITE (Semin\u00e1rio de Inicia\u00e7\u00e3o Cient\u00edfica e Tecnol\u00f3gica da UTFPR) e a Mostra dos Programas de P\u00f3s-Gradua\u00e7\u00e3o ligados ao Departamento.<\/p>\n\n\n\n<figure class=\"wp-block-image size-full\"><a href=\"https:\/\/doity.com.br\/ii-simdaqbi\/\"><img fetchpriority=\"high\" decoding=\"async\" width=\"815\" height=\"324\" src=\"https:\/\/utfpr-ct-static-content.s3.amazonaws.com\/utfpr.curitiba.br\/wp-content\/uploads\/sites\/50\/2022\/06\/II-SIMDAQBI-logo-sem-data.png\" alt=\"\" class=\"wp-image-71\" srcset=\"https:\/\/utfpr-ct-static-content.s3.amazonaws.com\/utfpr.curitiba.br\/wp-content\/uploads\/sites\/50\/2022\/06\/II-SIMDAQBI-logo-sem-data.png 815w, https:\/\/utfpr-ct-static-content.s3.amazonaws.com\/utfpr.curitiba.br\/wp-content\/uploads\/sites\/50\/2022\/06\/II-SIMDAQBI-logo-sem-data-300x119.png 300w, https:\/\/utfpr-ct-static-content.s3.amazonaws.com\/utfpr.curitiba.br\/wp-content\/uploads\/sites\/50\/2022\/06\/II-SIMDAQBI-logo-sem-data-768x305.png 768w\" sizes=\"(max-width: 815px) 100vw, 815px\" \/><\/a><figcaption>Clicando na figura acima voc\u00ea ser\u00e1 direcionado \u00e0 p\u00e1gina do evento.<\/figcaption><\/figure>\n\n\n\n<p><\/p>\n","protected":false},"excerpt":{"rendered":"<p>O II Simp\u00f3sio de Gradua\u00e7\u00e3o e P\u00f3s-Gradua\u00e7\u00e3o do DAQBI aconteceu nos dias 2 a 6 de setembro de 2019, na sede Ecoville da Universidade Tecnol\u00f3gica Federal do Paran\u00e1, Campus Curitiba. O evento reuniu quase 300 participantes e 58 trabalhos cient\u00edficos, &hellip; <a href=\"https:\/\/utfpr.curitiba.br\/simdaqbi\/ii-simdaqbi-2019\/\">Continue lendo <span class=\"meta-nav\">&rarr;<\/span><\/a><\/p>\n","protected":false},"author":81,"featured_media":0,"parent":0,"menu_order":5,"comment_status":"closed","ping_status":"closed","template":"","meta":{"footnotes":""},"class_list":["post-32","page","type-page","status-publish","hentry"],"_links":{"self":[{"href":"https:\/\/utfpr.curitiba.br\/simdaqbi\/wp-json\/wp\/v2\/pages\/32","targetHints":{"allow":["GET"]}}],"collection":[{"href":"https:\/\/utfpr.curitiba.br\/simdaqbi\/wp-json\/wp\/v2\/pages"}],"about":[{"href":"https:\/\/utfpr.curitiba.br\/simdaqbi\/wp-json\/wp\/v2\/types\/page"}],"author":[{"embeddable":true,"href":"https:\/\/utfpr.curitiba.br\/simdaqbi\/wp-json\/wp\/v2\/users\/81"}],"replies":[{"embeddable":true,"href":"https:\/\/utfpr.curitiba.br\/simdaqbi\/wp-json\/wp\/v2\/comments?post=32"}],"version-history":[{"count":5,"href":"https:\/\/utfpr.curitiba.br\/simdaqbi\/wp-json\/wp\/v2\/pages\/32\/revisions"}],"predecessor-version":[{"id":119,"href":"https:\/\/utfpr.curitiba.br\/simdaqbi\/wp-json\/wp\/v2\/pages\/32\/revisions\/119"}],"wp:attachment":[{"href":"https:\/\/utfpr.curitiba.br\/simdaqbi\/wp-json\/wp\/v2\/media?parent=32"}],"curies":[{"name":"wp","href":"https:\/\/api.w.org\/{rel}","templated":true}]}}