{"id":27,"date":"2022-06-11T15:28:39","date_gmt":"2022-06-11T18:28:39","guid":{"rendered":"https:\/\/utfpr.curitiba.br\/simdaqbi\/?page_id=27"},"modified":"2022-06-12T15:01:29","modified_gmt":"2022-06-12T18:01:29","slug":"iv-simdaqbi-2021","status":"publish","type":"page","link":"https:\/\/utfpr.curitiba.br\/simdaqbi\/iv-simdaqbi-2021\/","title":{"rendered":"IV SIMDAQBI &#8211; 2021"},"content":{"rendered":"\n<p>O IV SIMDAQBI foi realizado entre os dias 23 e 27 de agosto de 2021, de forma <em>on-line<\/em> e gratuita. <\/p>\n\n\n\n<p class=\"has-text-align-left\">O evento foi um sucesso, comntando com 1.629 inscritos de 6 pa\u00edses (Bol\u00edvia, Col\u00f4mbia, Espanha, Inglaterra, Paraguai e Brasil), sendo que no Brasil foram 26 estados representados, al\u00e9m do Distrito Federal. Fizeram-se representar 271 institui\u00e7\u00f5es de ensino e algumas empresas, tendo sido apresentados 108 trabalhos cient\u00edficos, nas formas de p\u00f4ster e <em>pitch<\/em>. Com a vers\u00e3o do SIMDAQBI no formato <em>on-line<\/em> desde sua edi\u00e7\u00e3o anterior, como consequ\u00eancia do distanciamento social imposto pelo Covid-19, observa-se o constante crescimento no n\u00famero de inscritos no evento e maior abrang\u00eancia deste em termos geogr\u00e1ficos<\/p>\n\n\n\n<p>A programa\u00e7\u00e3o nesta quarta edi\u00e7\u00e3o abordou quest\u00f5es cient\u00edficas\/tecnol\u00f3gicas em 9 palestras, 8 minicursos, 2 oficinas e mostra de trabalhos cient\u00edficos, al\u00e9m da divulga\u00e7\u00e3o de projetos de extens\u00e3o desenvolvidos pelo DAQBI, mas tamb\u00e9m quest\u00f5es culturais como mostra de fotografias, apresenta\u00e7\u00e3o de m\u00fasicos e de outras atividades art\u00edsticas pela comunidade UTFPR e atividades de percep\u00e7\u00e3o corporal e consci\u00eancia de si. As oficinas nesta quarta edi\u00e7\u00e3o, de modo in\u00e9dito, proporcionaram a intera\u00e7\u00e3o, o di\u00e1logo e o entrosamento do p\u00fablico, entre si e com os ministrantes, em sala de ambiente virtual do <em>Google Meet<\/em>. <\/p>\n\n\n\n<p>Desta forma, o IV SIMDAQBI, devido \u00e0 robustez e qualidade de atividades que se desenvolveram em cinco dias de evento, muito pode ser comparado a um congresso.<\/p>\n\n\n\n<p>A palestra de abertura foi proferida pelo Professor da Universidade da Calif\u00f3rnia (UC Davis), do Departamento de Qu\u00edmica, PhD. Dean J. Tantillo  entitulada: <em>Walking in the Woods with Quantum Chemistry \u2013 Dynamic Effects on Organic Reactions<\/em>.<\/p>\n\n\n\n<p>A palestra de encerramento foi entijucada <em>Monitoramento do Esgoto como Ferramenta de Vigil\u00e2ncia para a COVID-19<\/em>, tendo sido proferida por um grupo de Professores\/Pesquisadores participantes da Rede Monitoramento Covid Esgotos:  Dra. Juliana Calabria de Ara\u00fajo, Dr. Carlos Augusto de Lemos Chernicharo, Dra. Caroline Rigotto e Dra. Vania Aparecida Vicente.  A Rede Monitoramento Covid Esgotos foi criada com o intuito de ampliar a disponibilidade de informa\u00e7\u00f5es para o enfrentamento da pandemia de Covid- 19 por meio do monitoramento do SARS-CoV-2 nos esgotos de importantes capitais brasileiras (Belo Horizonte &#8211; MG, Bras\u00edlia \u2013 DF, Curitiba &#8211; PR, Fortaleza &#8211; CE, Recife &#8211; PE e Rio de Janeiro &#8211; RJ). As informa\u00e7\u00f5es geradas no projeto visam contribuir para a tomada de decis\u00f5es por parte das autoridades de sa\u00fade, incluindo a defini\u00e7\u00e3o de a\u00e7\u00f5es para o combate \u00e0 pandemia de Covid- 19.<\/p>\n\n\n\n<p>Os&nbsp;trabalhos cient\u00edficos submetidos&nbsp;ao IV SIMDAQBI foram correlacionados com&nbsp;os&nbsp;Objetivos de Desenvolvimento Sustent\u00e1vel (ODS), alinhados \u00e0&nbsp;Agenda&nbsp;2030 da Organiza\u00e7\u00e3o das Na\u00e7\u00f5es Unidas (ONU), refletindo as a\u00e7\u00f5es da UTFPR nesse sentido.&nbsp;A agenda cont\u00e9m o conjunto de&nbsp;17 objetivos&nbsp;que devem ser&nbsp;implementados&nbsp;em todos os pa\u00edses do mundo at\u00e9 2030.<\/p>\n\n\n\n<p>&nbsp;Nesta quarta edi\u00e7\u00e3o, os melhores resumos expandidos do Simp\u00f3sio foram convidados para publica\u00e7\u00e3o de artigo completo em Edi\u00e7\u00e3o especial de dois peri\u00f3dicos vinculados \u00e0 UTFPR: a Revista Tecnologia e Sociedade e a Revista Eletr\u00f4nica, Cient\u00edfica, Inova\u00e7\u00e3o e Tecnologia.<\/p>\n\n\n\n<figure class=\"wp-block-image size-full\"><img fetchpriority=\"high\" decoding=\"async\" width=\"402\" height=\"154\" src=\"https:\/\/utfpr-ct-static-content.s3.amazonaws.com\/utfpr.curitiba.br\/wp-content\/uploads\/sites\/50\/2022\/06\/IV-SIMDAQBI-logo-sem-data.png\" alt=\"\" class=\"wp-image-124\" srcset=\"https:\/\/utfpr-ct-static-content.s3.amazonaws.com\/utfpr.curitiba.br\/wp-content\/uploads\/sites\/50\/2022\/06\/IV-SIMDAQBI-logo-sem-data.png 402w, https:\/\/utfpr-ct-static-content.s3.amazonaws.com\/utfpr.curitiba.br\/wp-content\/uploads\/sites\/50\/2022\/06\/IV-SIMDAQBI-logo-sem-data-300x115.png 300w\" sizes=\"(max-width: 402px) 100vw, 402px\" \/><figcaption>Clicando na imagem voc\u00ea ser\u00e1 direcionado \u00e0 p\u00e1gina do evento.<\/figcaption><\/figure>\n\n\n\n<p><\/p>\n","protected":false},"excerpt":{"rendered":"<p>O IV SIMDAQBI foi realizado entre os dias 23 e 27 de agosto de 2021, de forma on-line e gratuita. O evento foi um sucesso, comntando com 1.629 inscritos de 6 pa\u00edses (Bol\u00edvia, Col\u00f4mbia, Espanha, Inglaterra, Paraguai e Brasil), sendo &hellip; <a href=\"https:\/\/utfpr.curitiba.br\/simdaqbi\/iv-simdaqbi-2021\/\">Continue lendo <span class=\"meta-nav\">&rarr;<\/span><\/a><\/p>\n","protected":false},"author":81,"featured_media":0,"parent":0,"menu_order":7,"comment_status":"closed","ping_status":"closed","template":"","meta":{"footnotes":""},"class_list":["post-27","page","type-page","status-publish","hentry"],"_links":{"self":[{"href":"https:\/\/utfpr.curitiba.br\/simdaqbi\/wp-json\/wp\/v2\/pages\/27","targetHints":{"allow":["GET"]}}],"collection":[{"href":"https:\/\/utfpr.curitiba.br\/simdaqbi\/wp-json\/wp\/v2\/pages"}],"about":[{"href":"https:\/\/utfpr.curitiba.br\/simdaqbi\/wp-json\/wp\/v2\/types\/page"}],"author":[{"embeddable":true,"href":"https:\/\/utfpr.curitiba.br\/simdaqbi\/wp-json\/wp\/v2\/users\/81"}],"replies":[{"embeddable":true,"href":"https:\/\/utfpr.curitiba.br\/simdaqbi\/wp-json\/wp\/v2\/comments?post=27"}],"version-history":[{"count":5,"href":"https:\/\/utfpr.curitiba.br\/simdaqbi\/wp-json\/wp\/v2\/pages\/27\/revisions"}],"predecessor-version":[{"id":125,"href":"https:\/\/utfpr.curitiba.br\/simdaqbi\/wp-json\/wp\/v2\/pages\/27\/revisions\/125"}],"wp:attachment":[{"href":"https:\/\/utfpr.curitiba.br\/simdaqbi\/wp-json\/wp\/v2\/media?parent=27"}],"curies":[{"name":"wp","href":"https:\/\/api.w.org\/{rel}","templated":true}]}}