{"id":25,"date":"2022-06-11T12:31:26","date_gmt":"2022-06-11T15:31:26","guid":{"rendered":"https:\/\/utfpr.curitiba.br\/simdaqbi\/?page_id=25"},"modified":"2022-11-22T18:00:09","modified_gmt":"2022-11-22T21:00:09","slug":"edicao-normas-para-a-submissao-de-trabalhos-cientificos","status":"publish","type":"page","link":"https:\/\/utfpr.curitiba.br\/simdaqbi\/edicao-normas-para-a-submissao-de-trabalhos-cientificos\/","title":{"rendered":"Normas para a submiss\u00e3o de trabalhos cient\u00edficos"},"content":{"rendered":"\n<p>Todos os trabalhos cient\u00edficos submetidos no evento dever\u00e3o seguir as orienta\u00e7\u00f5es disponibilizadas pela Comiss\u00e3o Cient\u00edfica, descritas em detalhes nas p\u00e1ginas de cada edi\u00e7\u00e3o. <br>E-mail para contato: cientifica.simdaqbi@gmail.com<\/p>\n\n\n\n<p><\/p>\n\n\n\n<p><\/p>\n","protected":false},"excerpt":{"rendered":"<p>Todos os trabalhos cient\u00edficos submetidos no evento dever\u00e3o seguir as orienta\u00e7\u00f5es disponibilizadas pela Comiss\u00e3o Cient\u00edfica, descritas em detalhes nas p\u00e1ginas de cada edi\u00e7\u00e3o. E-mail para contato: cientifica.simdaqbi@gmail.com<\/p>\n","protected":false},"author":81,"featured_media":0,"parent":0,"menu_order":3,"comment_status":"closed","ping_status":"closed","template":"","meta":{"footnotes":""},"class_list":["post-25","page","type-page","status-publish","hentry"],"_links":{"self":[{"href":"https:\/\/utfpr.curitiba.br\/simdaqbi\/wp-json\/wp\/v2\/pages\/25","targetHints":{"allow":["GET"]}}],"collection":[{"href":"https:\/\/utfpr.curitiba.br\/simdaqbi\/wp-json\/wp\/v2\/pages"}],"about":[{"href":"https:\/\/utfpr.curitiba.br\/simdaqbi\/wp-json\/wp\/v2\/types\/page"}],"author":[{"embeddable":true,"href":"https:\/\/utfpr.curitiba.br\/simdaqbi\/wp-json\/wp\/v2\/users\/81"}],"replies":[{"embeddable":true,"href":"https:\/\/utfpr.curitiba.br\/simdaqbi\/wp-json\/wp\/v2\/comments?post=25"}],"version-history":[{"count":9,"href":"https:\/\/utfpr.curitiba.br\/simdaqbi\/wp-json\/wp\/v2\/pages\/25\/revisions"}],"predecessor-version":[{"id":175,"href":"https:\/\/utfpr.curitiba.br\/simdaqbi\/wp-json\/wp\/v2\/pages\/25\/revisions\/175"}],"wp:attachment":[{"href":"https:\/\/utfpr.curitiba.br\/simdaqbi\/wp-json\/wp\/v2\/media?parent=25"}],"curies":[{"name":"wp","href":"https:\/\/api.w.org\/{rel}","templated":true}]}}