{"id":23,"date":"2022-06-11T12:30:40","date_gmt":"2022-06-11T15:30:40","guid":{"rendered":"https:\/\/utfpr.curitiba.br\/simdaqbi\/?page_id=23"},"modified":"2025-12-11T18:56:12","modified_gmt":"2025-12-11T21:56:12","slug":"edicao-anais-do-simdaqbi","status":"publish","type":"page","link":"https:\/\/utfpr.curitiba.br\/simdaqbi\/edicao-anais-do-simdaqbi\/","title":{"rendered":"Anais do SIMDAQBI"},"content":{"rendered":"\n<p>Os Anais do Simp\u00f3sio de Gradua\u00e7\u00e3o e P\u00f3s-Gradua\u00e7\u00e3o do Departamento Acad\u00eamico de Qu\u00edmica e Biologia (SIMDAQBI), da Universidade Tecnol\u00f3gica Federal do Paran\u00e1 (UTFPR) &#8211; Campus Curitiba, se prop\u00f5em a divulgar e incentivar o desenvolvimento da ci\u00eancia, da pesquisa e da tecnologia  em diversas \u00e1reas relacionadas \u00e0 Qu\u00edmica e ao Meio Ambiente. <\/p>\n\n\n\n<p>A equipe de avaliadores dos trabalhos cient\u00edficos envolve pesquisadores e consultores <em>ad Hoc<\/em>, permitindo a submiss\u00e3o de trabalhos que contribuem com o desenvolvimento da sociedade e da ci\u00eancia.<\/p>\n\n\n\n<p>Os Anais do SIMDAQBI recebem trabalhos em portugu\u00eas, sendo emitidos anualmente, ap\u00f3s cada edi\u00e7\u00e3o do Evento, podendo ser acessados atrav\u00e9s dos <em>links<\/em> abaixo:<\/p>\n\n\n\n<p>ANAIS DO SIMDAQBI &#8211; 2025<br><a href=\"https:\/\/drive.google.com\/file\/d\/11JnazO-soGZ14N_T5zok9PJvPu-fyNlt\/view\">VIII SIMDAQBI &#8211; 2025<\/a><br><br>ANAIS DO SIMDAQBI &#8211; 2024<br><a href=\"https:\/\/drive.google.com\/file\/d\/101sM-_ePGsR6bSbX1sUGvYY-rPvRJ955\/view?usp=sharing\">VII SIMDAQBI &#8211; 2024<\/a><\/p>\n\n\n\n<p>ANAIS DO SIMDAQBI &#8211; 2023<br><a href=\"https:\/\/drive.google.com\/file\/d\/1gINcrhO_7x3Ml8QWPOKHPaFvojRfyYhm\/view?usp=sharing\">VI SIMDAQBI &#8211; 2023<\/a><\/p>\n\n\n\n<p>ANAIS DO SIMDAQBI &#8211; 2022<br><a href=\"https:\/\/drive.google.com\/file\/d\/1T4OXditQc06dJHrqtxF5BPYssCtQ3ygh\/view?usp=sharing\">V SIMDAQBI &#8211; 2022 <\/a><\/p>\n\n\n\n<p>ANAIS DO SIMDAQBI &#8211; 2021<br><a href=\"https:\/\/drive.google.com\/file\/d\/1pMht-s0upbzkNP_Y4H8GYerxWdKZCP-J\/view?usp=sharing\" target=\"_blank\" rel=\"noreferrer noopener\">IV SIMDAQBI &#8211; 2021 <\/a><\/p>\n\n\n\n<p>ANAIS DO SIMDAQBI &#8211; 2020<br><a href=\"https:\/\/drive.google.com\/file\/d\/1hL4-fH0fCXRk_JucEK3_5wEW5mwc1d3s\/view?usp=sharing\">III SIMDAQBI &#8211; 2020<\/a><\/p>\n\n\n\n<p>ANAIS DO SIMDAQBI &#8211; 2019 <br><a href=\"https:\/\/drive.google.com\/file\/d\/1p1IXNv4-sJhcpgZ2pKY4nxkv4O7BQz5M\/view?usp=sharing\">II SIMDAQBI &#8211; 2019<\/a><\/p>\n\n\n\n<p>ANAIS DO SIMDAQBI &#8211; 2018 <br><a href=\"https:\/\/drive.google.com\/file\/d\/1co14Oc-wne2zJAkSepYHR4_K7r59JBqi\/view?usp=sharing\">I SIMDAQBI &#8211; 2018<\/a><\/p>\n\n\n","protected":false},"excerpt":{"rendered":"<p>Os Anais do Simp\u00f3sio de Gradua\u00e7\u00e3o e P\u00f3s-Gradua\u00e7\u00e3o do Departamento Acad\u00eamico de Qu\u00edmica e Biologia (SIMDAQBI), da Universidade Tecnol\u00f3gica Federal do Paran\u00e1 (UTFPR) &#8211; Campus Curitiba, se prop\u00f5em a divulgar e incentivar o desenvolvimento da ci\u00eancia, da pesquisa e da &hellip; <a href=\"https:\/\/utfpr.curitiba.br\/simdaqbi\/edicao-anais-do-simdaqbi\/\">Continue lendo <span class=\"meta-nav\">&rarr;<\/span><\/a><\/p>\n","protected":false},"author":81,"featured_media":0,"parent":0,"menu_order":2,"comment_status":"closed","ping_status":"closed","template":"","meta":{"footnotes":""},"class_list":["post-23","page","type-page","status-publish","hentry"],"_links":{"self":[{"href":"https:\/\/utfpr.curitiba.br\/simdaqbi\/wp-json\/wp\/v2\/pages\/23","targetHints":{"allow":["GET"]}}],"collection":[{"href":"https:\/\/utfpr.curitiba.br\/simdaqbi\/wp-json\/wp\/v2\/pages"}],"about":[{"href":"https:\/\/utfpr.curitiba.br\/simdaqbi\/wp-json\/wp\/v2\/types\/page"}],"author":[{"embeddable":true,"href":"https:\/\/utfpr.curitiba.br\/simdaqbi\/wp-json\/wp\/v2\/users\/81"}],"replies":[{"embeddable":true,"href":"https:\/\/utfpr.curitiba.br\/simdaqbi\/wp-json\/wp\/v2\/comments?post=23"}],"version-history":[{"count":12,"href":"https:\/\/utfpr.curitiba.br\/simdaqbi\/wp-json\/wp\/v2\/pages\/23\/revisions"}],"predecessor-version":[{"id":271,"href":"https:\/\/utfpr.curitiba.br\/simdaqbi\/wp-json\/wp\/v2\/pages\/23\/revisions\/271"}],"wp:attachment":[{"href":"https:\/\/utfpr.curitiba.br\/simdaqbi\/wp-json\/wp\/v2\/media?parent=23"}],"curies":[{"name":"wp","href":"https:\/\/api.w.org\/{rel}","templated":true}]}}