{"id":185,"date":"2023-09-04T11:10:13","date_gmt":"2023-09-04T14:10:13","guid":{"rendered":"https:\/\/utfpr.curitiba.br\/simdaqbi\/?page_id=185"},"modified":"2023-09-06T13:58:12","modified_gmt":"2023-09-06T16:58:12","slug":"vi-simdaqbi-2023","status":"publish","type":"page","link":"https:\/\/utfpr.curitiba.br\/simdaqbi\/vi-simdaqbi-2023\/","title":{"rendered":"VI SIMDAQBI &#8211; 2023"},"content":{"rendered":"\n<p>A sexta edi\u00e7\u00e3o do Simp\u00f3sio da Gradua\u00e7\u00e3o e P\u00f3s-Gradua\u00e7\u00e3o do Departamento Acad\u00eamico de Qu\u00edmica e Biologia (DAQBI) da Universidade Tecnol\u00f3gica Federal do Paran\u00e1 t\u00eam a inten\u00e7\u00e3o de promover um ambiente de reflex\u00e3o, troca de experi\u00eancias e debates que incentivem todos os participantes (alunos de gradua\u00e7\u00e3o, p\u00f3s-gradua\u00e7\u00e3o, professores, pesquisadores, ind\u00fastria) a ampliarem a percep\u00e7\u00e3o de seu papel enquanto agente multiplicador de conhecimentos e quanto \u00e0 responsabilidade profissional. Na \u00faltima edi\u00e7\u00e3o recebemos 320 inscritos e isso demonstra como o evento \u00e9 refer\u00eancia para os cursos de gradua\u00e7\u00e3o e p\u00f3s-gradua\u00e7\u00e3o do DAQBI. O evento ocorrer\u00e1 entre os dias 12 \u00e0 15 de setembro de 2023 na UTFPR, Campus Curitiba, Ecoville. A programa\u00e7\u00e3o est\u00e1 sendo detalhadamente elaborada para atender, com m\u00e1xima qualidade, aos anseios da comunidade acad\u00eamica e conta com a participa\u00e7\u00e3o de profissionais de renome no \u00e2mbito nacional e internacional, tais como: Prof. Dr. Thiago Regis Longo Cesar de Paix\u00e3o (Coordenador da \u00c1rea de Qu\u00edmica junto \u00e0 CAPES); Prof. Dr. Paulo Henrique Gorgatti Zarbin (Pesquisador de renome internacional na \u00c1rea de Ecologia Qu\u00edmica, editor da Revista Nature); Prof. Dr Marco Tadeu Grassi (Pesquisador de renome internacional na \u00c1rea de Qu\u00edmica Ambiental), dentre outros profissionais. O evento conta com a participa\u00e7\u00e3o dos seguintes cursos de gradua\u00e7\u00e3o: Bacharelado em Qu\u00edmica, Licenciatura em Qu\u00edmica, Qu\u00edmica Ambiental, Engenharia Sanit\u00e1ria e Ambiental e dos seguintes cursos de P\u00f3s-Gradua\u00e7\u00e3o: PPGQ, PPGCTA e PPGFCET. O intuito \u00e9 proporcionar o contato com trabalhos de profissionais de diferentes \u00e1reas do conhecimento.<\/p>\n\n\n\n<p>Confira mais em:<\/p>\n\n\n\n<p><a href=\"https:\/\/www.even3.com.br\/vi-simdaqbi-340914\/\">https:\/\/www.even3.com.br\/vi-simdaqbi-340914\/<\/a><\/p>\n","protected":false},"excerpt":{"rendered":"<p>A sexta edi\u00e7\u00e3o do Simp\u00f3sio da Gradua\u00e7\u00e3o e P\u00f3s-Gradua\u00e7\u00e3o do Departamento Acad\u00eamico de Qu\u00edmica e Biologia (DAQBI) da Universidade Tecnol\u00f3gica Federal do Paran\u00e1 t\u00eam a inten\u00e7\u00e3o de promover um ambiente de reflex\u00e3o, troca de experi\u00eancias e debates que incentivem todos &hellip; <a href=\"https:\/\/utfpr.curitiba.br\/simdaqbi\/vi-simdaqbi-2023\/\">Continue lendo <span class=\"meta-nav\">&rarr;<\/span><\/a><\/p>\n","protected":false},"author":251,"featured_media":0,"parent":0,"menu_order":0,"comment_status":"closed","ping_status":"closed","template":"","meta":{"footnotes":""},"class_list":["post-185","page","type-page","status-publish","hentry"],"_links":{"self":[{"href":"https:\/\/utfpr.curitiba.br\/simdaqbi\/wp-json\/wp\/v2\/pages\/185","targetHints":{"allow":["GET"]}}],"collection":[{"href":"https:\/\/utfpr.curitiba.br\/simdaqbi\/wp-json\/wp\/v2\/pages"}],"about":[{"href":"https:\/\/utfpr.curitiba.br\/simdaqbi\/wp-json\/wp\/v2\/types\/page"}],"author":[{"embeddable":true,"href":"https:\/\/utfpr.curitiba.br\/simdaqbi\/wp-json\/wp\/v2\/users\/251"}],"replies":[{"embeddable":true,"href":"https:\/\/utfpr.curitiba.br\/simdaqbi\/wp-json\/wp\/v2\/comments?post=185"}],"version-history":[{"count":4,"href":"https:\/\/utfpr.curitiba.br\/simdaqbi\/wp-json\/wp\/v2\/pages\/185\/revisions"}],"predecessor-version":[{"id":211,"href":"https:\/\/utfpr.curitiba.br\/simdaqbi\/wp-json\/wp\/v2\/pages\/185\/revisions\/211"}],"wp:attachment":[{"href":"https:\/\/utfpr.curitiba.br\/simdaqbi\/wp-json\/wp\/v2\/media?parent=185"}],"curies":[{"name":"wp","href":"https:\/\/api.w.org\/{rel}","templated":true}]}}