{"id":14,"date":"2022-06-11T12:30:19","date_gmt":"2022-06-11T15:30:19","guid":{"rendered":"https:\/\/utfpr.curitiba.br\/simdaqbi\/?page_id=14"},"modified":"2022-06-13T14:43:24","modified_gmt":"2022-06-13T17:43:24","slug":"apresentacao-simdaqbi","status":"publish","type":"page","link":"https:\/\/utfpr.curitiba.br\/simdaqbi\/","title":{"rendered":"Apresenta\u00e7\u00e3o &#8211;  SIMDAQBI"},"content":{"rendered":"\n<p>O Simp\u00f3sio de Gradua\u00e7\u00e3o e P\u00f3s-Gradua\u00e7\u00e3o do Departamento Acad\u00eamico de Qu\u00edmica e Biologia (SIMDAQBI), da Universidade Tecnol\u00f3gica Federal do Paran\u00e1 (UTFPR) &#8211; Campus Curitiba, visa proporcionar uma reflex\u00e3o sobre o papel dos profissionais das \u00e1reas de Qu\u00edmica e de Meio Ambiente na sociedade, na ind\u00fastria e na universidade.<\/p>\n\n\n\n<p>No ano de 2018, o SIMDAQBI foi criado com o objetivo de unificar os eventos anuais ou bianuais que ocorriam em cada um dos cursos gradua\u00e7\u00e3o e de p\u00f3s-gradua\u00e7\u00e3o vinculados ao DAQBI; desde ent\u00e3o o simp\u00f3sio acontece anualmente, estando em sua quinta edi\u00e7\u00e3o.<\/p>\n\n\n\n<p>O objetivo do evento \u00e9 a integra\u00e7\u00e3o dos cursos de gradua\u00e7\u00e3o e de p\u00f3s-gradua\u00e7\u00e3o do Departamento, promovendo a intera\u00e7\u00e3o dos alunos de Engenharia Ambiental e Sanit\u00e1ria, de Tecnologia em Processos Ambientais (curso alterado para Bacharelado em Qu\u00edmica Ambiental), de Qu\u00edmica (Bacharelado e Licenciatura) e dos cursos de P\u00f3s-Gradua\u00e7\u00e3o em Qu\u00edmica e em Ci\u00eancia e Tecnologia Ambiental. Al\u00e9m disso, pelo car\u00e1ter multidisciplinar, o Simp\u00f3sio procura envolver todos os setores da sociedade e profissionais\/alunos de outras \u00e1reas.<\/p>\n\n\n\n<p>O SIMDAQBI se caracteriza por ser din\u00e2mico, contendo na programa\u00e7\u00e3o: palestras, mesa-redonda, visitas t\u00e9cnicas, mini-cursos, viv\u00eancias, apresenta\u00e7\u00e3o de trabalhos cient\u00edficos, divulga\u00e7\u00f5es das p\u00f3s-gradua\u00e7\u00e3o, concursos e momento cultural, sempre propondo a discuss\u00e3o e a reflex\u00e3o sobre temas relevantes.<\/p>\n\n\n\n<p>A partir do IV SIMDAQBI os trabalhos submetidos est\u00e3o alinhados com a Agenda 2030 da Organiza\u00e7\u00e3o das Na\u00e7\u00f5es Unidas (ONU), por meio dos 17 Objetivos do Desenvolvimento Sustent\u00e1vel (ODS),  que devem ser implementados em todo o mundo at\u00e9 2030. Mais informa\u00e7\u00f5es dispon\u00edveis em: <em><a href=\"https:\/\/brasil.un.org\/pt-br\/sdgs\">https:\/\/brasil.un.org\/pt-br\/sdgs<\/a><\/em><\/p>\n\n\n\n<p><\/p>\n\n\n\n<p>Siga as m\u00eddias sociais do evento ! Acesse clicando nas imagens:<\/p>\n\n\n\n<figure class=\"wp-block-image size-full\"><a href=\"https:\/\/www.youtube.com\/c\/SIMPOSIODAQBI\"><img decoding=\"async\" width=\"97\" height=\"89\" src=\"https:\/\/utfpr-ct-static-content.s3.amazonaws.com\/utfpr.curitiba.br\/wp-content\/uploads\/sites\/50\/2022\/06\/YouTube-pequeno.jpg\" alt=\"\" class=\"wp-image-67\"\/><\/a><\/figure>\n\n\n\n<figure class=\"wp-block-image size-full\"><a href=\"https:\/\/www.facebook.com\/SIMDAQBI\/\"><img decoding=\"async\" width=\"99\" height=\"91\" src=\"https:\/\/utfpr-ct-static-content.s3.amazonaws.com\/utfpr.curitiba.br\/wp-content\/uploads\/sites\/50\/2022\/06\/Facebook-pequenpo.png\" alt=\"\" class=\"wp-image-127\"\/><\/a><\/figure>\n\n\n\n<figure class=\"wp-block-image size-full\"><a href=\"https:\/\/www.instagram.com\/simdaqbi\/\"><img decoding=\"async\" width=\"100\" height=\"93\" src=\"https:\/\/utfpr-ct-static-content.s3.amazonaws.com\/utfpr.curitiba.br\/wp-content\/uploads\/sites\/50\/2022\/06\/Instagram-menor.png\" alt=\"\" class=\"wp-image-142\"\/><\/a><\/figure>\n","protected":false},"excerpt":{"rendered":"<p>O Simp\u00f3sio de Gradua\u00e7\u00e3o e P\u00f3s-Gradua\u00e7\u00e3o do Departamento Acad\u00eamico de Qu\u00edmica e Biologia (SIMDAQBI), da Universidade Tecnol\u00f3gica Federal do Paran\u00e1 (UTFPR) &#8211; Campus Curitiba, visa proporcionar uma reflex\u00e3o sobre o papel dos profissionais das \u00e1reas de Qu\u00edmica e de Meio &hellip; <a href=\"https:\/\/utfpr.curitiba.br\/simdaqbi\/\">Continue lendo <span class=\"meta-nav\">&rarr;<\/span><\/a><\/p>\n","protected":false},"author":81,"featured_media":0,"parent":0,"menu_order":0,"comment_status":"closed","ping_status":"closed","template":"","meta":{"footnotes":""},"class_list":["post-14","page","type-page","status-publish","hentry"],"_links":{"self":[{"href":"https:\/\/utfpr.curitiba.br\/simdaqbi\/wp-json\/wp\/v2\/pages\/14","targetHints":{"allow":["GET"]}}],"collection":[{"href":"https:\/\/utfpr.curitiba.br\/simdaqbi\/wp-json\/wp\/v2\/pages"}],"about":[{"href":"https:\/\/utfpr.curitiba.br\/simdaqbi\/wp-json\/wp\/v2\/types\/page"}],"author":[{"embeddable":true,"href":"https:\/\/utfpr.curitiba.br\/simdaqbi\/wp-json\/wp\/v2\/users\/81"}],"replies":[{"embeddable":true,"href":"https:\/\/utfpr.curitiba.br\/simdaqbi\/wp-json\/wp\/v2\/comments?post=14"}],"version-history":[{"count":7,"href":"https:\/\/utfpr.curitiba.br\/simdaqbi\/wp-json\/wp\/v2\/pages\/14\/revisions"}],"predecessor-version":[{"id":154,"href":"https:\/\/utfpr.curitiba.br\/simdaqbi\/wp-json\/wp\/v2\/pages\/14\/revisions\/154"}],"wp:attachment":[{"href":"https:\/\/utfpr.curitiba.br\/simdaqbi\/wp-json\/wp\/v2\/media?parent=14"}],"curies":[{"name":"wp","href":"https:\/\/api.w.org\/{rel}","templated":true}]}}