{"id":114,"date":"2022-06-12T14:44:29","date_gmt":"2022-06-12T17:44:29","guid":{"rendered":"https:\/\/utfpr.curitiba.br\/simdaqbi\/?page_id=114"},"modified":"2025-12-11T18:39:47","modified_gmt":"2025-12-11T21:39:47","slug":"daqbi","status":"publish","type":"page","link":"https:\/\/utfpr.curitiba.br\/simdaqbi\/daqbi\/","title":{"rendered":"DAQBI &#8211; Cursos"},"content":{"rendered":"\n<p><\/p>\n\n\n\n<p>Clique nas imagens abaixo para acessar as p\u00e1ginas dos cursos de gradua\u00e7\u00e3o e de p\u00f3s-gradua\u00e7\u00e3o vinculados ao DAQBI, UTFPR-CT.<\/p>\n\n\n\n<figure class=\"wp-block-image size-full\"><a href=\"http:\/\/www.utfpr.edu.br\/cursos\/coordenacoes\/graduacao\/curitiba\/ct-licenciatura-em-quimica\"><img fetchpriority=\"high\" decoding=\"async\" width=\"709\" height=\"151\" src=\"https:\/\/utfpr-ct-static-content.s3.amazonaws.com\/utfpr.curitiba.br\/wp-content\/uploads\/sites\/50\/2022\/06\/Licenciatura-em-Quimica.png\" alt=\"\" class=\"wp-image-134\" srcset=\"https:\/\/utfpr-ct-static-content.s3.amazonaws.com\/utfpr.curitiba.br\/wp-content\/uploads\/sites\/50\/2022\/06\/Licenciatura-em-Quimica.png 709w, https:\/\/utfpr-ct-static-content.s3.amazonaws.com\/utfpr.curitiba.br\/wp-content\/uploads\/sites\/50\/2022\/06\/Licenciatura-em-Quimica-300x64.png 300w, https:\/\/utfpr-ct-static-content.s3.amazonaws.com\/utfpr.curitiba.br\/wp-content\/uploads\/sites\/50\/2022\/06\/Licenciatura-em-Quimica-500x106.png 500w\" sizes=\"(max-width: 709px) 100vw, 709px\" \/><\/a><\/figure>\n\n\n\n<figure class=\"wp-block-image size-full\"><a href=\"https:\/\/portal.utfpr.edu.br\/cursos\/coordenacoes\/graduacao\/curitiba\/ct-bacharelado-em-quimica\"><img decoding=\"async\" width=\"666\" height=\"145\" src=\"https:\/\/utfpr-ct-static-content.s3.amazonaws.com\/utfpr.curitiba.br\/wp-content\/uploads\/sites\/50\/2022\/06\/Bacharelado-em-Quimica.png\" alt=\"\" class=\"wp-image-133\" srcset=\"https:\/\/utfpr-ct-static-content.s3.amazonaws.com\/utfpr.curitiba.br\/wp-content\/uploads\/sites\/50\/2022\/06\/Bacharelado-em-Quimica.png 666w, https:\/\/utfpr-ct-static-content.s3.amazonaws.com\/utfpr.curitiba.br\/wp-content\/uploads\/sites\/50\/2022\/06\/Bacharelado-em-Quimica-300x65.png 300w, https:\/\/utfpr-ct-static-content.s3.amazonaws.com\/utfpr.curitiba.br\/wp-content\/uploads\/sites\/50\/2022\/06\/Bacharelado-em-Quimica-500x109.png 500w\" sizes=\"(max-width: 666px) 100vw, 666px\" \/><\/a><\/figure>\n\n\n\n<figure class=\"wp-block-image size-full\"><a href=\"http:\/\/www.utfpr.edu.br\/icones\/cursos-de-graduacao\/ct\/tecnologia-em-processos-ambientais-ct\/view\"><img decoding=\"async\" width=\"721\" height=\"113\" src=\"https:\/\/utfpr-ct-static-content.s3.amazonaws.com\/utfpr.curitiba.br\/wp-content\/uploads\/sites\/50\/2022\/06\/TPA.png\" alt=\"\" class=\"wp-image-139\" srcset=\"https:\/\/utfpr-ct-static-content.s3.amazonaws.com\/utfpr.curitiba.br\/wp-content\/uploads\/sites\/50\/2022\/06\/TPA.png 721w, https:\/\/utfpr-ct-static-content.s3.amazonaws.com\/utfpr.curitiba.br\/wp-content\/uploads\/sites\/50\/2022\/06\/TPA-300x47.png 300w, https:\/\/utfpr-ct-static-content.s3.amazonaws.com\/utfpr.curitiba.br\/wp-content\/uploads\/sites\/50\/2022\/06\/TPA-500x78.png 500w\" sizes=\"(max-width: 721px) 100vw, 721px\" \/><\/a><\/figure>\n\n\n\n<figure class=\"wp-block-image size-full\"><a href=\"http:\/\/portal.utfpr.edu.br\/cursos\/coordenacoes\/graduacao\/curitiba\/ct-engenharia-ambiental-e-sanitaria\"><img loading=\"lazy\" decoding=\"async\" width=\"797\" height=\"151\" src=\"https:\/\/utfpr-ct-static-content.s3.amazonaws.com\/utfpr.curitiba.br\/wp-content\/uploads\/sites\/50\/2022\/06\/Engenharoia-Ambiental-e-Sanitaria.png\" alt=\"\" class=\"wp-image-135\" srcset=\"https:\/\/utfpr-ct-static-content.s3.amazonaws.com\/utfpr.curitiba.br\/wp-content\/uploads\/sites\/50\/2022\/06\/Engenharoia-Ambiental-e-Sanitaria.png 797w, https:\/\/utfpr-ct-static-content.s3.amazonaws.com\/utfpr.curitiba.br\/wp-content\/uploads\/sites\/50\/2022\/06\/Engenharoia-Ambiental-e-Sanitaria-300x57.png 300w, https:\/\/utfpr-ct-static-content.s3.amazonaws.com\/utfpr.curitiba.br\/wp-content\/uploads\/sites\/50\/2022\/06\/Engenharoia-Ambiental-e-Sanitaria-768x146.png 768w, https:\/\/utfpr-ct-static-content.s3.amazonaws.com\/utfpr.curitiba.br\/wp-content\/uploads\/sites\/50\/2022\/06\/Engenharoia-Ambiental-e-Sanitaria-500x95.png 500w\" sizes=\"(max-width: 797px) 100vw, 797px\" \/><\/a><figcaption>Este curso \u00e9 bidepartamental, envolvendo o Departamento Acad\u00eamico de Qu\u00edmica e Biologia (DAQBI) e o Departamento Acad\u00eamico de Constru\u00e7\u00e3o Civil (DACOC), da UTFPR-CT<\/figcaption><\/figure>\n\n\n\n<figure class=\"wp-block-image size-full\"><a href=\"http:\/\/www.utfpr.edu.br\/cursos\/coordenacoes\/stricto-sensu\/ppgcta-ct\/ppgmodelo\"><img loading=\"lazy\" decoding=\"async\" width=\"731\" height=\"149\" src=\"https:\/\/utfpr-ct-static-content.s3.amazonaws.com\/utfpr.curitiba.br\/wp-content\/uploads\/sites\/50\/2022\/06\/PPGCTA.png\" alt=\"\" class=\"wp-image-131\" srcset=\"https:\/\/utfpr-ct-static-content.s3.amazonaws.com\/utfpr.curitiba.br\/wp-content\/uploads\/sites\/50\/2022\/06\/PPGCTA.png 731w, https:\/\/utfpr-ct-static-content.s3.amazonaws.com\/utfpr.curitiba.br\/wp-content\/uploads\/sites\/50\/2022\/06\/PPGCTA-300x61.png 300w, https:\/\/utfpr-ct-static-content.s3.amazonaws.com\/utfpr.curitiba.br\/wp-content\/uploads\/sites\/50\/2022\/06\/PPGCTA-500x102.png 500w\" sizes=\"(max-width: 731px) 100vw, 731px\" \/><\/a><\/figure>\n\n\n\n<figure class=\"wp-block-image size-full\"><a href=\"http:\/\/www.utfpr.edu.br\/cursos\/coordenacoes\/stricto-sensu\/ppgq\/ppgq\"><img loading=\"lazy\" decoding=\"async\" width=\"694\" height=\"152\" src=\"https:\/\/utfpr-ct-static-content.s3.amazonaws.com\/utfpr.curitiba.br\/wp-content\/uploads\/sites\/50\/2022\/06\/PPGQ.png\" alt=\"\" class=\"wp-image-132\" srcset=\"https:\/\/utfpr-ct-static-content.s3.amazonaws.com\/utfpr.curitiba.br\/wp-content\/uploads\/sites\/50\/2022\/06\/PPGQ.png 694w, https:\/\/utfpr-ct-static-content.s3.amazonaws.com\/utfpr.curitiba.br\/wp-content\/uploads\/sites\/50\/2022\/06\/PPGQ-300x66.png 300w, https:\/\/utfpr-ct-static-content.s3.amazonaws.com\/utfpr.curitiba.br\/wp-content\/uploads\/sites\/50\/2022\/06\/PPGQ-500x110.png 500w\" sizes=\"(max-width: 694px) 100vw, 694px\" \/><\/a><\/figure>\n\n\n\n<figure class=\"wp-block-image size-full\"><a href=\"http:\/\/www.utfpr.edu.br\/cursos\/coordenacoes\/stricto-sensu\/ppgfcet\/home\"><img loading=\"lazy\" decoding=\"async\" width=\"953\" height=\"140\" src=\"https:\/\/utfpr-ct-static-content.s3.amazonaws.com\/utfpr.curitiba.br\/wp-content\/uploads\/sites\/50\/2022\/06\/PPGFCET.png\" alt=\"\" class=\"wp-image-136\" srcset=\"https:\/\/utfpr-ct-static-content.s3.amazonaws.com\/utfpr.curitiba.br\/wp-content\/uploads\/sites\/50\/2022\/06\/PPGFCET.png 953w, https:\/\/utfpr-ct-static-content.s3.amazonaws.com\/utfpr.curitiba.br\/wp-content\/uploads\/sites\/50\/2022\/06\/PPGFCET-300x44.png 300w, https:\/\/utfpr-ct-static-content.s3.amazonaws.com\/utfpr.curitiba.br\/wp-content\/uploads\/sites\/50\/2022\/06\/PPGFCET-768x113.png 768w, https:\/\/utfpr-ct-static-content.s3.amazonaws.com\/utfpr.curitiba.br\/wp-content\/uploads\/sites\/50\/2022\/06\/PPGFCET-500x73.png 500w\" sizes=\"(max-width: 953px) 100vw, 953px\" \/><\/a><figcaption>Este Programa envolve diferentes departamentos da UTFPR <\/figcaption><\/figure>\n","protected":false},"excerpt":{"rendered":"<p>Clique nas imagens abaixo para acessar as p\u00e1ginas dos cursos de gradua\u00e7\u00e3o e de p\u00f3s-gradua\u00e7\u00e3o vinculados ao DAQBI, UTFPR-CT.<\/p>\n","protected":false},"author":81,"featured_media":0,"parent":0,"menu_order":4,"comment_status":"closed","ping_status":"closed","template":"","meta":{"footnotes":""},"class_list":["post-114","page","type-page","status-publish","hentry"],"_links":{"self":[{"href":"https:\/\/utfpr.curitiba.br\/simdaqbi\/wp-json\/wp\/v2\/pages\/114","targetHints":{"allow":["GET"]}}],"collection":[{"href":"https:\/\/utfpr.curitiba.br\/simdaqbi\/wp-json\/wp\/v2\/pages"}],"about":[{"href":"https:\/\/utfpr.curitiba.br\/simdaqbi\/wp-json\/wp\/v2\/types\/page"}],"author":[{"embeddable":true,"href":"https:\/\/utfpr.curitiba.br\/simdaqbi\/wp-json\/wp\/v2\/users\/81"}],"replies":[{"embeddable":true,"href":"https:\/\/utfpr.curitiba.br\/simdaqbi\/wp-json\/wp\/v2\/comments?post=114"}],"version-history":[{"count":5,"href":"https:\/\/utfpr.curitiba.br\/simdaqbi\/wp-json\/wp\/v2\/pages\/114\/revisions"}],"predecessor-version":[{"id":269,"href":"https:\/\/utfpr.curitiba.br\/simdaqbi\/wp-json\/wp\/v2\/pages\/114\/revisions\/269"}],"wp:attachment":[{"href":"https:\/\/utfpr.curitiba.br\/simdaqbi\/wp-json\/wp\/v2\/media?parent=114"}],"curies":[{"name":"wp","href":"https:\/\/api.w.org\/{rel}","templated":true}]}}