{"id":1261,"date":"2022-11-09T14:41:44","date_gmt":"2022-11-09T17:41:44","guid":{"rendered":"https:\/\/utfpr.curitiba.br\/sejautfpr\/?page_id=1261"},"modified":"2022-11-11T11:41:51","modified_gmt":"2022-11-11T14:41:51","slug":"campus-curitiba-ecoville","status":"publish","type":"page","link":"https:\/\/utfpr.curitiba.br\/sejautfpr\/campus-curitiba-ecoville\/","title":{"rendered":"Campus Curitiba Sede Ecoville"},"content":{"rendered":"\t\t<div data-elementor-type=\"wp-page\" data-elementor-id=\"1261\" class=\"elementor elementor-1261\">\n\t\t\t\t\t\t<section class=\"elementor-section elementor-top-section elementor-element elementor-element-6f431d1 elementor-section-boxed elementor-section-height-default elementor-section-height-default\" data-id=\"6f431d1\" data-element_type=\"section\" data-e-type=\"section\">\n\t\t\t\t\t\t<div class=\"elementor-container elementor-column-gap-default\">\n\t\t\t\t\t<div class=\"elementor-column elementor-col-100 elementor-top-column elementor-element elementor-element-a16a95e\" data-id=\"a16a95e\" data-element_type=\"column\" data-e-type=\"column\">\n\t\t\t<div class=\"elementor-widget-wrap elementor-element-populated\">\n\t\t\t\t\t\t<div class=\"elementor-element elementor-element-e83df26 elementor-widget elementor-widget-heading\" data-id=\"e83df26\" data-element_type=\"widget\" data-e-type=\"widget\" data-widget_type=\"heading.default\">\n\t\t\t\t<div class=\"elementor-widget-container\">\n\t\t\t\t\t<h2 class=\"elementor-heading-title elementor-size-default\">Campus Curitiba Sede Ecoville<\/h2>\t\t\t\t<\/div>\n\t\t\t\t<\/div>\n\t\t\t\t<div class=\"elementor-element elementor-element-c7eff4a elementor-widget elementor-widget-text-editor\" data-id=\"c7eff4a\" data-element_type=\"widget\" data-e-type=\"widget\" data-widget_type=\"text-editor.default\">\n\t\t\t\t<div class=\"elementor-widget-container\">\n\t\t\t\t\t\t\t\t\t<p>A hist\u00f3ria do Campus Curitiba, da Universidade Tecnol\u00f3gica Federal do Paran\u00e1 \u2013 UTFPR, teve in\u00edcio no s\u00e9culo passado.\u00a0 Sua trajet\u00f3ria come\u00e7ou com a cria\u00e7\u00e3o das Escolas de Aprendizes Art\u00edfices em v\u00e1rias capitais do pa\u00eds pelo ent\u00e3o presidente, Nilo Pe\u00e7anha, em 23 de setembro de 1909. No Paran\u00e1, a escola foi inaugurada no dia 16 de janeiro de 1910, em um pr\u00e9dio da Pra\u00e7a Carlos Gomes.<\/p><p><span style=\"background-color: var(--ast-global-color-5); color: var( --e-global-color-text ); font-style: inherit; font-weight: inherit;\">\u00a0At\u00e9 o in\u00edcio dos anos 2000, o ent\u00e3o Cefet-PR era dirigido administrativamente pela sua Unidade Sede em Curitiba &#8211; onde funcionava a Diretoria-Geral &#8211; e por mais cinco UNEDs (Unidades de Ensino Descentralizadas) nas cidades de Medianeira, Corn\u00e9lio Proc\u00f3pio, Pato Branco, Ponta Grossa e Campo Mour\u00e3o, cada qual com sua Diretoria de Unidade. Atendendo em parte \u00e0 press\u00e3o exercida pelas UNEDs, a ent\u00e3o Unidade Curitiba do Cefet-PR foi idealizada e implantada oficialmente, em 24 de mar\u00e7o daquele ano, desmembrando-se da Diretoria-Geral e passando a ter administra\u00e7\u00e3o pr\u00f3pria, cujo objetivo era o de permitir que as a\u00e7\u00f5es daquela ocorressem de forma mais equitativa em rela\u00e7\u00e3o a todos os campi.<\/span><\/p>\t\t\t\t\t\t\t\t<\/div>\n\t\t\t\t<\/div>\n\t\t\t\t\t<\/div>\n\t\t<\/div>\n\t\t\t\t\t<\/div>\n\t\t<\/section>\n\t\t\t\t<section class=\"elementor-section elementor-top-section elementor-element elementor-element-86f2f09 elementor-section-boxed elementor-section-height-default elementor-section-height-default\" data-id=\"86f2f09\" data-element_type=\"section\" data-e-type=\"section\">\n\t\t\t\t\t\t<div class=\"elementor-container elementor-column-gap-default\">\n\t\t\t\t\t<div class=\"elementor-column elementor-col-33 elementor-top-column elementor-element elementor-element-ec9d804\" data-id=\"ec9d804\" data-element_type=\"column\" data-e-type=\"column\">\n\t\t\t<div class=\"elementor-widget-wrap elementor-element-populated\">\n\t\t\t\t\t\t<div class=\"elementor-element elementor-element-ae00098 elementor-widget elementor-widget-accordion\" data-id=\"ae00098\" data-element_type=\"widget\" data-e-type=\"widget\" data-widget_type=\"accordion.default\">\n\t\t\t\t<div class=\"elementor-widget-container\">\n\t\t\t\t\t\t\t<div class=\"elementor-accordion\">\n\t\t\t\t\t\t\t<div class=\"elementor-accordion-item\">\n\t\t\t\t\t<div id=\"elementor-tab-title-1821\" class=\"elementor-tab-title\" data-tab=\"1\" role=\"button\" aria-controls=\"elementor-tab-content-1821\" aria-expanded=\"false\">\n\t\t\t\t\t\t\t\t\t\t\t\t\t<span class=\"elementor-accordion-icon elementor-accordion-icon-left\" aria-hidden=\"true\">\n\t\t\t\t\t\t\t\t\t\t\t\t\t\t\t<span class=\"elementor-accordion-icon-closed\"><svg xmlns=\"http:\/\/www.w3.org\/2000\/svg\" xmlns:xlink=\"http:\/\/www.w3.org\/1999\/xlink\" id=\"Camada_1\" x=\"0px\" y=\"0px\" viewBox=\"0 0 383.31 319.33\" xml:space=\"preserve\"><g>\t<path d=\"M0,71.97c1.87-4.95,5.67-7.38,10.56-9.1C68.95,42.38,127.3,21.76,185.64,1.1c4.1-1.45,7.93-1.46,12.01-0.02  c58.58,20.71,117.18,41.37,175.77,62.06c8.34,2.94,11.8,9.27,8.85,15.98c-1.77,4.03-5.3,5.69-9.16,7.06  c-26.41,9.35-52.8,18.75-79.2,28.13c-32.03,11.38-64.08,22.72-96.08,34.19c-4.22,1.51-8.08,1.51-12.32,0  C126.75,127.51,67.97,106.6,9.16,85.8C4.66,84.21,1.78,81.43,0,77.21C0,75.46,0,73.71,0,71.97z\"><\/path>\t<path d=\"M78.9,134.4c13.92,4.93,27.05,9.57,40.17,14.24c19.94,7.09,39.89,14.15,59.8,21.34c8.98,3.25,17.71,2.84,26.64-0.37  c31.39-11.29,62.86-22.39,94.3-33.55c1.27-0.45,2.55-0.88,4.3-1.48c0.1,1.51,0.24,2.68,0.24,3.85c0.02,14.34-0.12,28.69,0.06,43.03  c0.1,7.44-2.77,13.27-8.29,17.99c-8.62,7.37-18.92,11.45-29.53,14.79c-28.25,8.91-57.28,11.76-86.76,10.52  c-25.8-1.09-51.11-4.95-75.05-15.08c-6.23-2.63-12.09-6.42-17.59-10.39c-5.88-4.25-8.43-10.46-8.33-17.9  c0.19-14.22,0.06-28.44,0.06-42.65C78.9,137.53,78.9,136.32,78.9,134.4z\"><\/path>\t<path d=\"M333.84,123.95c7.42-2.64,14.65-5.21,22.46-7.99c0,1.71,0,3,0,4.29c0,30.07,0.02,60.13-0.05,90.2  c-0.01,2.32,0.63,3.75,2.53,5.24c11.93,9.37,11.67,26.43-0.24,35.87c-1.2,0.95-2.14,3-2.15,4.54c-0.15,17.09-0.05,34.18-0.12,51.27  c-0.03,8.01-6.43,13.32-13.8,11.63c-5.21-1.19-8.61-5.68-8.62-11.61c-0.03-16.84-0.06-33.68,0.04-50.53  c0.02-2.58-0.61-4.23-2.77-5.91c-11.44-8.86-11.51-26-0.1-35.01c2.27-1.79,2.86-3.56,2.85-6.21c-0.07-27.2-0.04-54.39-0.04-81.59  C333.84,126.81,333.84,125.45,333.84,123.95z\"><\/path><\/g><\/svg><\/span>\n\t\t\t\t\t\t\t\t<span class=\"elementor-accordion-icon-opened\"><svg xmlns=\"http:\/\/www.w3.org\/2000\/svg\" xmlns:xlink=\"http:\/\/www.w3.org\/1999\/xlink\" id=\"Camada_1\" x=\"0px\" y=\"0px\" viewBox=\"0 0 383.31 319.33\" xml:space=\"preserve\"><g>\t<path d=\"M0,71.97c1.87-4.95,5.67-7.38,10.56-9.1C68.95,42.38,127.3,21.76,185.64,1.1c4.1-1.45,7.93-1.46,12.01-0.02  c58.58,20.71,117.18,41.37,175.77,62.06c8.34,2.94,11.8,9.27,8.85,15.98c-1.77,4.03-5.3,5.69-9.16,7.06  c-26.41,9.35-52.8,18.75-79.2,28.13c-32.03,11.38-64.08,22.72-96.08,34.19c-4.22,1.51-8.08,1.51-12.32,0  C126.75,127.51,67.97,106.6,9.16,85.8C4.66,84.21,1.78,81.43,0,77.21C0,75.46,0,73.71,0,71.97z\"><\/path>\t<path d=\"M78.9,134.4c13.92,4.93,27.05,9.57,40.17,14.24c19.94,7.09,39.89,14.15,59.8,21.34c8.98,3.25,17.71,2.84,26.64-0.37  c31.39-11.29,62.86-22.39,94.3-33.55c1.27-0.45,2.55-0.88,4.3-1.48c0.1,1.51,0.24,2.68,0.24,3.85c0.02,14.34-0.12,28.69,0.06,43.03  c0.1,7.44-2.77,13.27-8.29,17.99c-8.62,7.37-18.92,11.45-29.53,14.79c-28.25,8.91-57.28,11.76-86.76,10.52  c-25.8-1.09-51.11-4.95-75.05-15.08c-6.23-2.63-12.09-6.42-17.59-10.39c-5.88-4.25-8.43-10.46-8.33-17.9  c0.19-14.22,0.06-28.44,0.06-42.65C78.9,137.53,78.9,136.32,78.9,134.4z\"><\/path>\t<path d=\"M333.84,123.95c7.42-2.64,14.65-5.21,22.46-7.99c0,1.71,0,3,0,4.29c0,30.07,0.02,60.13-0.05,90.2  c-0.01,2.32,0.63,3.75,2.53,5.24c11.93,9.37,11.67,26.43-0.24,35.87c-1.2,0.95-2.14,3-2.15,4.54c-0.15,17.09-0.05,34.18-0.12,51.27  c-0.03,8.01-6.43,13.32-13.8,11.63c-5.21-1.19-8.61-5.68-8.62-11.61c-0.03-16.84-0.06-33.68,0.04-50.53  c0.02-2.58-0.61-4.23-2.77-5.91c-11.44-8.86-11.51-26-0.1-35.01c2.27-1.79,2.86-3.56,2.85-6.21c-0.07-27.2-0.04-54.39-0.04-81.59  C333.84,126.81,333.84,125.45,333.84,123.95z\"><\/path><\/g><\/svg><\/span>\n\t\t\t\t\t\t\t\t\t\t\t\t\t\t<\/span>\n\t\t\t\t\t\t\t\t\t\t\t\t<a class=\"elementor-accordion-title\" tabindex=\"0\">Bacharelado<\/a>\n\t\t\t\t\t<\/div>\n\t\t\t\t\t<div id=\"elementor-tab-content-1821\" class=\"elementor-tab-content elementor-clearfix\" data-tab=\"1\" role=\"region\" aria-labelledby=\"elementor-tab-title-1821\"><ul><li><a href=\"\/sejautfpr\/bacharelado-em-arquitetura-e-urbanismo\">Arquitetura e Urbanismo<\/a><\/li><li><a href=\"\/sejautfpr\/bacharelado-em-engenharia-ambiental-e-sanitaria\">Engenharia Ambiental e Sanit\u00e1ria<\/a><\/li><li><a href=\"http:\/\/bacharelado-em-engenharia-civil\" data-wplink-url-error=\"true\">Engenharia Civ\u00edl<\/a><\/li><li><a href=\"\/sejautfpr\/bacharelado-em-engenharia-mecanica\">Engenharia Mec\u00e2nica<\/a><\/li><li><a href=\"\/sejautfpr\/bacharelado-em-engenharia-mecatronica\">Engenharia Mecatr\u00f4nica<\/a><\/li><li><a href=\"\/sejautfpr\/bacharelado-em-engenharia-quimica-ambiental\">Qu\u00edmica Ambiental<\/a><\/li><li><a href=\"\/sejautfpr\/bacharelado-em-engenharia-quimica\">Qu\u00edmica<\/a><\/li><\/ul><\/div>\n\t\t\t\t<\/div>\n\t\t\t\t\t\t\t\t<\/div>\n\t\t\t\t\t\t<\/div>\n\t\t\t\t<\/div>\n\t\t\t\t\t<\/div>\n\t\t<\/div>\n\t\t\t\t<div class=\"elementor-column elementor-col-33 elementor-top-column elementor-element elementor-element-87aae58\" data-id=\"87aae58\" data-element_type=\"column\" data-e-type=\"column\">\n\t\t\t<div class=\"elementor-widget-wrap elementor-element-populated\">\n\t\t\t\t\t\t<div class=\"elementor-element elementor-element-76838f4 elementor-widget elementor-widget-accordion\" data-id=\"76838f4\" data-element_type=\"widget\" data-e-type=\"widget\" data-widget_type=\"accordion.default\">\n\t\t\t\t<div class=\"elementor-widget-container\">\n\t\t\t\t\t\t\t<div class=\"elementor-accordion\">\n\t\t\t\t\t\t\t<div class=\"elementor-accordion-item\">\n\t\t\t\t\t<div id=\"elementor-tab-title-1241\" class=\"elementor-tab-title\" data-tab=\"1\" role=\"button\" aria-controls=\"elementor-tab-content-1241\" aria-expanded=\"false\">\n\t\t\t\t\t\t\t\t\t\t\t\t\t<span class=\"elementor-accordion-icon elementor-accordion-icon-left\" aria-hidden=\"true\">\n\t\t\t\t\t\t\t\t\t\t\t\t\t\t\t<span class=\"elementor-accordion-icon-closed\"><svg xmlns=\"http:\/\/www.w3.org\/2000\/svg\" xmlns:xlink=\"http:\/\/www.w3.org\/1999\/xlink\" id=\"Camada_1\" x=\"0px\" y=\"0px\" viewBox=\"0 0 383.31 319.33\" xml:space=\"preserve\"><g>\t<path d=\"M0,71.97c1.87-4.95,5.67-7.38,10.56-9.1C68.95,42.38,127.3,21.76,185.64,1.1c4.1-1.45,7.93-1.46,12.01-0.02  c58.58,20.71,117.18,41.37,175.77,62.06c8.34,2.94,11.8,9.27,8.85,15.98c-1.77,4.03-5.3,5.69-9.16,7.06  c-26.41,9.35-52.8,18.75-79.2,28.13c-32.03,11.38-64.08,22.72-96.08,34.19c-4.22,1.51-8.08,1.51-12.32,0  C126.75,127.51,67.97,106.6,9.16,85.8C4.66,84.21,1.78,81.43,0,77.21C0,75.46,0,73.71,0,71.97z\"><\/path>\t<path d=\"M78.9,134.4c13.92,4.93,27.05,9.57,40.17,14.24c19.94,7.09,39.89,14.15,59.8,21.34c8.98,3.25,17.71,2.84,26.64-0.37  c31.39-11.29,62.86-22.39,94.3-33.55c1.27-0.45,2.55-0.88,4.3-1.48c0.1,1.51,0.24,2.68,0.24,3.85c0.02,14.34-0.12,28.69,0.06,43.03  c0.1,7.44-2.77,13.27-8.29,17.99c-8.62,7.37-18.92,11.45-29.53,14.79c-28.25,8.91-57.28,11.76-86.76,10.52  c-25.8-1.09-51.11-4.95-75.05-15.08c-6.23-2.63-12.09-6.42-17.59-10.39c-5.88-4.25-8.43-10.46-8.33-17.9  c0.19-14.22,0.06-28.44,0.06-42.65C78.9,137.53,78.9,136.32,78.9,134.4z\"><\/path>\t<path d=\"M333.84,123.95c7.42-2.64,14.65-5.21,22.46-7.99c0,1.71,0,3,0,4.29c0,30.07,0.02,60.13-0.05,90.2  c-0.01,2.32,0.63,3.75,2.53,5.24c11.93,9.37,11.67,26.43-0.24,35.87c-1.2,0.95-2.14,3-2.15,4.54c-0.15,17.09-0.05,34.18-0.12,51.27  c-0.03,8.01-6.43,13.32-13.8,11.63c-5.21-1.19-8.61-5.68-8.62-11.61c-0.03-16.84-0.06-33.68,0.04-50.53  c0.02-2.58-0.61-4.23-2.77-5.91c-11.44-8.86-11.51-26-0.1-35.01c2.27-1.79,2.86-3.56,2.85-6.21c-0.07-27.2-0.04-54.39-0.04-81.59  C333.84,126.81,333.84,125.45,333.84,123.95z\"><\/path><\/g><\/svg><\/span>\n\t\t\t\t\t\t\t\t<span class=\"elementor-accordion-icon-opened\"><svg xmlns=\"http:\/\/www.w3.org\/2000\/svg\" xmlns:xlink=\"http:\/\/www.w3.org\/1999\/xlink\" id=\"Camada_1\" x=\"0px\" y=\"0px\" viewBox=\"0 0 383.31 319.33\" xml:space=\"preserve\"><g>\t<path d=\"M0,71.97c1.87-4.95,5.67-7.38,10.56-9.1C68.95,42.38,127.3,21.76,185.64,1.1c4.1-1.45,7.93-1.46,12.01-0.02  c58.58,20.71,117.18,41.37,175.77,62.06c8.34,2.94,11.8,9.27,8.85,15.98c-1.77,4.03-5.3,5.69-9.16,7.06  c-26.41,9.35-52.8,18.75-79.2,28.13c-32.03,11.38-64.08,22.72-96.08,34.19c-4.22,1.51-8.08,1.51-12.32,0  C126.75,127.51,67.97,106.6,9.16,85.8C4.66,84.21,1.78,81.43,0,77.21C0,75.46,0,73.71,0,71.97z\"><\/path>\t<path d=\"M78.9,134.4c13.92,4.93,27.05,9.57,40.17,14.24c19.94,7.09,39.89,14.15,59.8,21.34c8.98,3.25,17.71,2.84,26.64-0.37  c31.39-11.29,62.86-22.39,94.3-33.55c1.27-0.45,2.55-0.88,4.3-1.48c0.1,1.51,0.24,2.68,0.24,3.85c0.02,14.34-0.12,28.69,0.06,43.03  c0.1,7.44-2.77,13.27-8.29,17.99c-8.62,7.37-18.92,11.45-29.53,14.79c-28.25,8.91-57.28,11.76-86.76,10.52  c-25.8-1.09-51.11-4.95-75.05-15.08c-6.23-2.63-12.09-6.42-17.59-10.39c-5.88-4.25-8.43-10.46-8.33-17.9  c0.19-14.22,0.06-28.44,0.06-42.65C78.9,137.53,78.9,136.32,78.9,134.4z\"><\/path>\t<path d=\"M333.84,123.95c7.42-2.64,14.65-5.21,22.46-7.99c0,1.71,0,3,0,4.29c0,30.07,0.02,60.13-0.05,90.2  c-0.01,2.32,0.63,3.75,2.53,5.24c11.93,9.37,11.67,26.43-0.24,35.87c-1.2,0.95-2.14,3-2.15,4.54c-0.15,17.09-0.05,34.18-0.12,51.27  c-0.03,8.01-6.43,13.32-13.8,11.63c-5.21-1.19-8.61-5.68-8.62-11.61c-0.03-16.84-0.06-33.68,0.04-50.53  c0.02-2.58-0.61-4.23-2.77-5.91c-11.44-8.86-11.51-26-0.1-35.01c2.27-1.79,2.86-3.56,2.85-6.21c-0.07-27.2-0.04-54.39-0.04-81.59  C333.84,126.81,333.84,125.45,333.84,123.95z\"><\/path><\/g><\/svg><\/span>\n\t\t\t\t\t\t\t\t\t\t\t\t\t\t<\/span>\n\t\t\t\t\t\t\t\t\t\t\t\t<a class=\"elementor-accordion-title\" tabindex=\"0\">Licenciatura<\/a>\n\t\t\t\t\t<\/div>\n\t\t\t\t\t<div id=\"elementor-tab-content-1241\" class=\"elementor-tab-content elementor-clearfix\" data-tab=\"1\" role=\"region\" aria-labelledby=\"elementor-tab-title-1241\"><ul><li><a href=\"\/sejautfpr\/licenciatura-em-quimica\">Qu\u00edmica<\/a><\/li><\/ul><\/div>\n\t\t\t\t<\/div>\n\t\t\t\t\t\t\t\t<\/div>\n\t\t\t\t\t\t<\/div>\n\t\t\t\t<\/div>\n\t\t\t\t\t<\/div>\n\t\t<\/div>\n\t\t\t\t<div class=\"elementor-column elementor-col-33 elementor-top-column elementor-element elementor-element-a58a1aa\" data-id=\"a58a1aa\" data-element_type=\"column\" data-e-type=\"column\">\n\t\t\t<div class=\"elementor-widget-wrap\">\n\t\t\t\t\t\t\t<\/div>\n\t\t<\/div>\n\t\t\t\t\t<\/div>\n\t\t<\/section>\n\t\t\t\t<section class=\"elementor-section elementor-top-section elementor-element elementor-element-339473e elementor-section-boxed elementor-section-height-default elementor-section-height-default\" data-id=\"339473e\" data-element_type=\"section\" data-e-type=\"section\">\n\t\t\t\t\t\t<div class=\"elementor-container elementor-column-gap-default\">\n\t\t\t\t\t<div class=\"elementor-column elementor-col-33 elementor-top-column elementor-element elementor-element-fed8ae7\" data-id=\"fed8ae7\" data-element_type=\"column\" data-e-type=\"column\">\n\t\t\t<div class=\"elementor-widget-wrap elementor-element-populated\">\n\t\t\t\t\t\t<div class=\"elementor-element elementor-element-e3a3725 elementor-widget elementor-widget-heading\" data-id=\"e3a3725\" data-element_type=\"widget\" data-e-type=\"widget\" data-widget_type=\"heading.default\">\n\t\t\t\t<div class=\"elementor-widget-container\">\n\t\t\t\t\t<h2 class=\"elementor-heading-title elementor-size-default\">Constru\u00e7\u00e3o Civil, Qu\u00edmica, <br>Biologia e Mec\u00e2nica<\/h2>\t\t\t\t<\/div>\n\t\t\t\t<\/div>\n\t\t\t\t<div class=\"elementor-element elementor-element-732830d elementor-align-start elementor-icon-list--layout-traditional elementor-list-item-link-full_width elementor-widget elementor-widget-icon-list\" data-id=\"732830d\" data-element_type=\"widget\" data-e-type=\"widget\" data-widget_type=\"icon-list.default\">\n\t\t\t\t<div class=\"elementor-widget-container\">\n\t\t\t\t\t\t\t<ul class=\"elementor-icon-list-items\">\n\t\t\t\t\t\t\t<li class=\"elementor-icon-list-item\">\n\t\t\t\t\t\t\t\t\t\t\t<span class=\"elementor-icon-list-icon\">\n\t\t\t\t\t\t\t<i aria-hidden=\"true\" class=\"fas fa-phone-alt\"><\/i>\t\t\t\t\t\t<\/span>\n\t\t\t\t\t\t\t\t\t\t<span class=\"elementor-icon-list-text\">+55 (41) 3279-6800<\/span>\n\t\t\t\t\t\t\t\t\t<\/li>\n\t\t\t\t\t\t\t\t<li class=\"elementor-icon-list-item\">\n\t\t\t\t\t\t\t\t\t\t\t<span class=\"elementor-icon-list-icon\">\n\t\t\t\t\t\t\t<i aria-hidden=\"true\" class=\"fas fa-map-pin\"><\/i>\t\t\t\t\t\t<\/span>\n\t\t\t\t\t\t\t\t\t\t<span class=\"elementor-icon-list-text\">Rua Deputado Heitor Alencar Furtado, 5000 - Ecoville CEP 81280-340 - Curitiba - PR - Brasil<\/span>\n\t\t\t\t\t\t\t\t\t<\/li>\n\t\t\t\t\t\t<\/ul>\n\t\t\t\t\t\t<\/div>\n\t\t\t\t<\/div>\n\t\t\t\t\t<\/div>\n\t\t<\/div>\n\t\t\t\t<div class=\"elementor-column elementor-col-66 elementor-top-column elementor-element elementor-element-673611e\" data-id=\"673611e\" data-element_type=\"column\" data-e-type=\"column\">\n\t\t\t<div class=\"elementor-widget-wrap elementor-element-populated\">\n\t\t\t\t\t\t<div class=\"elementor-element elementor-element-9cffd91 elementor-widget elementor-widget-google_maps\" data-id=\"9cffd91\" data-element_type=\"widget\" data-e-type=\"widget\" data-widget_type=\"google_maps.default\">\n\t\t\t\t<div class=\"elementor-widget-container\">\n\t\t\t\t\t\t\t<div class=\"elementor-custom-embed\">\n\t\t\t<iframe loading=\"lazy\"\n\t\t\t\t\tsrc=\"https:\/\/maps.google.com\/maps?q=UTFPR%20Curitiba%20-%20Sede%20Ecoville&#038;t=m&#038;z=13&#038;output=embed&#038;iwloc=near\"\n\t\t\t\t\ttitle=\"UTFPR Curitiba - Sede Ecoville\"\n\t\t\t\t\taria-label=\"UTFPR Curitiba - Sede Ecoville\"\n\t\t\t><\/iframe>\n\t\t<\/div>\n\t\t\t\t\t\t<\/div>\n\t\t\t\t<\/div>\n\t\t\t\t\t<\/div>\n\t\t<\/div>\n\t\t\t\t\t<\/div>\n\t\t<\/section>\n\t\t\t\t<section class=\"elementor-section elementor-top-section elementor-element elementor-element-ffef39e elementor-section-boxed elementor-section-height-default elementor-section-height-default\" data-id=\"ffef39e\" data-element_type=\"section\" data-e-type=\"section\">\n\t\t\t\t\t\t<div class=\"elementor-container elementor-column-gap-default\">\n\t\t\t\t\t<div class=\"elementor-column elementor-col-100 elementor-top-column elementor-element elementor-element-176ec9f\" data-id=\"176ec9f\" data-element_type=\"column\" data-e-type=\"column\">\n\t\t\t<div class=\"elementor-widget-wrap elementor-element-populated\">\n\t\t\t\t\t\t<section class=\"elementor-section elementor-inner-section elementor-element elementor-element-f8e9982 elementor-section-boxed elementor-section-height-default elementor-section-height-default\" data-id=\"f8e9982\" data-element_type=\"section\" data-e-type=\"section\">\n\t\t\t\t\t\t<div class=\"elementor-container elementor-column-gap-default\">\n\t\t\t\t\t<div class=\"elementor-column elementor-col-50 elementor-inner-column elementor-element elementor-element-6682631\" data-id=\"6682631\" data-element_type=\"column\" data-e-type=\"column\">\n\t\t\t<div class=\"elementor-widget-wrap elementor-element-populated\">\n\t\t\t\t\t\t<div class=\"elementor-element elementor-element-d2d9e69 elementor-hidden-mobile elementor-view-default elementor-invisible elementor-widget elementor-widget-icon\" data-id=\"d2d9e69\" data-element_type=\"widget\" data-e-type=\"widget\" data-settings=\"{&quot;_animation&quot;:&quot;fadeInLeft&quot;}\" data-widget_type=\"icon.default\">\n\t\t\t\t<div class=\"elementor-widget-container\">\n\t\t\t\t\t\t\t<div class=\"elementor-icon-wrapper\">\n\t\t\t<div class=\"elementor-icon\">\n\t\t\t<i aria-hidden=\"true\" class=\"fas fa-arrow-circle-right\"><\/i>\t\t\t<\/div>\n\t\t<\/div>\n\t\t\t\t\t\t<\/div>\n\t\t\t\t<\/div>\n\t\t\t\t<div class=\"elementor-element elementor-element-8de4507 animated-fast elementor-invisible elementor-widget elementor-widget-heading\" data-id=\"8de4507\" data-element_type=\"widget\" data-e-type=\"widget\" data-settings=\"{&quot;_animation&quot;:&quot;fadeInLeft&quot;}\" data-widget_type=\"heading.default\">\n\t\t\t\t<div class=\"elementor-widget-container\">\n\t\t\t\t\t<h2 class=\"elementor-heading-title elementor-size-default\">Conhe\u00e7a outras sedes<\/h2>\t\t\t\t<\/div>\n\t\t\t\t<\/div>\n\t\t\t\t\t<\/div>\n\t\t<\/div>\n\t\t\t\t<div class=\"elementor-column elementor-col-50 elementor-inner-column elementor-element elementor-element-b55bdbd\" data-id=\"b55bdbd\" data-element_type=\"column\" data-e-type=\"column\">\n\t\t\t<div class=\"elementor-widget-wrap elementor-element-populated\">\n\t\t\t\t\t\t<div class=\"elementor-element elementor-element-7ba1d48 animated-slow elementor-invisible elementor-widget elementor-widget-shortcode\" data-id=\"7ba1d48\" data-element_type=\"widget\" data-e-type=\"widget\" data-settings=\"{&quot;_animation&quot;:&quot;zoomIn&quot;,&quot;_animation_delay&quot;:100}\" data-widget_type=\"shortcode.default\">\n\t\t\t\t<div class=\"elementor-widget-container\">\n\t\t\t\t\t\t\t<div class=\"elementor-shortcode\">[drawattention]<\/div>\n\t\t\t\t\t\t<\/div>\n\t\t\t\t<\/div>\n\t\t\t\t\t<\/div>\n\t\t<\/div>\n\t\t\t\t\t<\/div>\n\t\t<\/section>\n\t\t\t\t\t<\/div>\n\t\t<\/div>\n\t\t\t\t\t<\/div>\n\t\t<\/section>\n\t\t\t\t<\/div>\n\t\t","protected":false},"excerpt":{"rendered":"<p>Campus Curitiba Sede Ecoville A hist\u00f3ria do Campus Curitiba, da Universidade Tecnol\u00f3gica Federal do Paran\u00e1 \u2013 UTFPR, teve in\u00edcio no s\u00e9culo passado.\u00a0 Sua trajet\u00f3ria come\u00e7ou com a cria\u00e7\u00e3o das Escolas de Aprendizes Art\u00edfices em v\u00e1rias capitais do pa\u00eds pelo ent\u00e3o presidente, Nilo Pe\u00e7anha, em 23 de setembro de 1909. No Paran\u00e1, a escola foi inaugurada [&hellip;]<\/p>\n","protected":false},"author":85,"featured_media":0,"parent":0,"menu_order":0,"comment_status":"closed","ping_status":"closed","template":"","meta":{"site-sidebar-layout":"no-sidebar","site-content-layout":"page-builder","ast-site-content-layout":"default","site-content-style":"default","site-sidebar-style":"default","ast-global-header-display":"","ast-banner-title-visibility":"","ast-main-header-display":"","ast-hfb-above-header-display":"","ast-hfb-below-header-display":"","ast-hfb-mobile-header-display":"","site-post-title":"disabled","ast-breadcrumbs-content":"","ast-featured-img":"disabled","footer-sml-layout":"","ast-disable-related-posts":"","theme-transparent-header-meta":"","adv-header-id-meta":"","stick-header-meta":"","header-above-stick-meta":"","header-main-stick-meta":"","header-below-stick-meta":"","astra-migrate-meta-layouts":"default","ast-page-background-enabled":"default","ast-page-background-meta":{"desktop":{"background-color":"var(--ast-global-color-4)","background-image":"","background-repeat":"repeat","background-position":"center center","background-size":"auto","background-attachment":"scroll","background-type":"","background-media":"","overlay-type":"","overlay-color":"","overlay-opacity":"","overlay-gradient":""},"tablet":{"background-color":"","background-image":"","background-repeat":"repeat","background-position":"center center","background-size":"auto","background-attachment":"scroll","background-type":"","background-media":"","overlay-type":"","overlay-color":"","overlay-opacity":"","overlay-gradient":""},"mobile":{"background-color":"","background-image":"","background-repeat":"repeat","background-position":"center center","background-size":"auto","background-attachment":"scroll","background-type":"","background-media":"","overlay-type":"","overlay-color":"","overlay-opacity":"","overlay-gradient":""}},"ast-content-background-meta":{"desktop":{"background-color":"var(--ast-global-color-5)","background-image":"","background-repeat":"repeat","background-position":"center center","background-size":"auto","background-attachment":"scroll","background-type":"","background-media":"","overlay-type":"","overlay-color":"","overlay-opacity":"","overlay-gradient":""},"tablet":{"background-color":"var(--ast-global-color-5)","background-image":"","background-repeat":"repeat","background-position":"center center","background-size":"auto","background-attachment":"scroll","background-type":"","background-media":"","overlay-type":"","overlay-color":"","overlay-opacity":"","overlay-gradient":""},"mobile":{"background-color":"var(--ast-global-color-5)","background-image":"","background-repeat":"repeat","background-position":"center center","background-size":"auto","background-attachment":"scroll","background-type":"","background-media":"","overlay-type":"","overlay-color":"","overlay-opacity":"","overlay-gradient":""}},"footnotes":""},"class_list":["post-1261","page","type-page","status-publish","hentry"],"_links":{"self":[{"href":"https:\/\/utfpr.curitiba.br\/sejautfpr\/wp-json\/wp\/v2\/pages\/1261","targetHints":{"allow":["GET"]}}],"collection":[{"href":"https:\/\/utfpr.curitiba.br\/sejautfpr\/wp-json\/wp\/v2\/pages"}],"about":[{"href":"https:\/\/utfpr.curitiba.br\/sejautfpr\/wp-json\/wp\/v2\/types\/page"}],"author":[{"embeddable":true,"href":"https:\/\/utfpr.curitiba.br\/sejautfpr\/wp-json\/wp\/v2\/users\/85"}],"replies":[{"embeddable":true,"href":"https:\/\/utfpr.curitiba.br\/sejautfpr\/wp-json\/wp\/v2\/comments?post=1261"}],"version-history":[{"count":22,"href":"https:\/\/utfpr.curitiba.br\/sejautfpr\/wp-json\/wp\/v2\/pages\/1261\/revisions"}],"predecessor-version":[{"id":1412,"href":"https:\/\/utfpr.curitiba.br\/sejautfpr\/wp-json\/wp\/v2\/pages\/1261\/revisions\/1412"}],"wp:attachment":[{"href":"https:\/\/utfpr.curitiba.br\/sejautfpr\/wp-json\/wp\/v2\/media?parent=1261"}],"curies":[{"name":"wp","href":"https:\/\/api.w.org\/{rel}","templated":true}]}}