{"id":303,"date":"2013-10-17T19:17:39","date_gmt":"2013-10-17T22:17:39","guid":{"rendered":"http:\/\/rle.dainf.ct.utfpr.edu.br\/?page_id=303"},"modified":"2021-04-14T09:42:39","modified_gmt":"2021-04-14T12:42:39","slug":"informacoes","status":"publish","type":"page","link":"https:\/\/utfpr.curitiba.br\/rle\/informacoes\/","title":{"rendered":"Informa\u00e7\u00f5es"},"content":{"rendered":"<p style=\"text-align: center;\"><a href=\"http:\/\/utfpr-ct-static-content.s3.amazonaws.com\/utfpr.curitiba.br\/wp-content\/uploads\/sites\/141\/2013\/10\/lol.png\"><img fetchpriority=\"high\" decoding=\"async\" alt=\"lol\" src=\"http:\/\/utfpr-ct-static-content.s3.amazonaws.com\/utfpr.curitiba.br\/wp-content\/uploads\/sites\/141\/2013\/10\/lol-300x225.png\" width=\"300\" height=\"225\" \/><\/a>.<\/p>\n<hr style=\"border: 3px solid #666; border-radius: 300px\/10px; height: 0px; text-align: center;\" \/>\n<p style=\"text-align: center;\"><strong>Informa\u00e7\u00f5es do Campeonato<\/strong><\/p>\n<p>Local: Universidade Tecnol\u00f3gica Federal do Paran\u00e1<\/p>\n<p>Datas: 23\/11\/2013 e 30\/11\/2013<\/p>\n<p>\u263c\u00a0<a href=\"http:\/\/challonge.com\/1UTFPR\" target=\"nueva\" rel=\"noopener\">Chaveamento<\/a>\u00a0\u263c<\/p>\n<p>&nbsp;<\/p>\n<hr style=\"border: 3px solid #666; border-radius: 300px\/10px; height: 0px; text-align: center;\" \/>\n<p>&nbsp;<\/p>\n<p>Regras:<\/p>\n<ul>\n<li>O jogador deve possuir no m\u00ednimo 16 Campe\u00f5es entre adquiridos + rota\u00e7\u00e3o gr\u00e1tis semanal (Pr\u00e9 Requisito para jogar Tournament Draft-Pick)<\/li>\n<li>Somente o dono da conta registrada pela equipe pode jogar com a conta.<\/li>\n<li>N\u00e3o ser\u00e1 permitida troca de membros durante o evento.<\/li>\n<li>Ser\u00e1 permitido qualquer n\u00edvel de invocador, por\u00e9m o mesmo ter\u00e1 de arcar com as suas respectivas desvantagens, por exemplo, Runas e Talentos.<\/li>\n<li>\u00a0Cada partida dever\u00e1 contar com no m\u00ednimo 2 invocadores da UTFPR, seja ex aluno ou aluno do t\u00e9cnico\/m\u00e9dio ou superior.<\/li>\n<li>Cada equipe poder\u00e1 pausar o jogo por 10 minutos no m\u00e1ximo para se recuperar de desconex\u00f5es, travamentos e eventos adversos que possam prejudicar o andamento da partida.<\/li>\n<li>A organiza\u00e7\u00e3o tem direito de pausar a partida por 10 minutos se achar necess\u00e1rio por quaisquer motivos.<\/li>\n<li>Partidas realizadas no mapa Summoner&#8217;s Rift de 5 contra 5 at\u00e9 que uma equipe seja declarada vencedora.<\/li>\n<li>Para uma equipe ser declarada vencedora: Se esta derrubar o nexus inimigo, se a equipe advers\u00e1ria se render.<\/li>\n<li>Ser\u00e1 contabilizado W.O. (walkover) caso a equipe n\u00e3o esteja\u00a0<strong>completa<\/strong>\u00a0quando der o tempo de inicio da partida da mesma na rodada. N\u00e3o ser\u00e3o perdoados atrasos.<\/li>\n<li>Qualquer jogador que tentar se utilizar de programa n\u00e3o permitido pela organiza\u00e7\u00e3o ter\u00e1 seu time automaticamente desclassificado da competi\u00e7\u00e3o.<\/li>\n<li><strong>Todo programa<\/strong>\u00a0fora o client do League of Legends que for utilizado por qualquer membro da equipe deve ser pedido a organiza\u00e7\u00e3o, sem o aval ele n\u00e3o poder\u00e1 ser usado.<\/li>\n<li>Nos dois dias o Torneio e a\u00a0<strong>primeira rodada<\/strong>\u00a0come\u00e7a a 13:00 da tarde, cheguem antes para n\u00e3o terem problemas.<\/li>\n<li>Todos que comparecerem devem trazer RG pois, para permanecer na universidade de fim de semana precisa-se de documento autorizado na portaria(todos que quiserem comparecer ao evento devem mandar seus RG&#8217;s a portaria s\u00f3 permite entrada sem documento autorizado at\u00e9 12:00)<\/li>\n<li>\u2022\u00a0O times que est\u00e3o com a vaga garantida e n\u00e3o comparecem no dia, nem avisarem sua desist\u00eancia pra que possamos inscrever algu\u00e9m da reserva, perderam a oportunidade de participar de eventos futuros.<\/li>\n<li>Times que n\u00e3o enviarem todos os dados pedidos no prazo determinado ser\u00e3o considerados desistentes.<\/li>\n<li>Quanto aos reservas:<\/li>\n<li>Podem ter qualquer n\u00famero de reservas inscritos no time, as premia\u00e7\u00f5es ser\u00e3o dadas aos 5 que participarem no dia do torneio, os 5 do primeiro jogo receberam o premio qualquer troca de jogador por qualquer motivo \u00e9 v\u00e1lida(desde que ele tenha sido inscrito),\u00a0<strong>mas este(s) n\u00e3o receber\u00e1(\u00e3o) premia\u00e7\u00e3o.<\/strong><\/li>\n<\/ul>\n<p>&nbsp;<\/p>\n<hr style=\"border: 3px solid #666; border-radius: 300px\/10px; height: 0px; text-align: center;\" \/>\n","protected":false},"excerpt":{"rendered":"<p>. Informa\u00e7\u00f5es do Campeonato Local: Universidade Tecnol\u00f3gica Federal do Paran\u00e1 Datas: 23\/11\/2013 e 30\/11\/2013 \u263c\u00a0Chaveamento\u00a0\u263c &nbsp; &nbsp; Regras: O jogador deve possuir no m\u00ednimo 16 Campe\u00f5es entre adquiridos + rota\u00e7\u00e3o gr\u00e1tis semanal (Pr\u00e9 Requisito para jogar Tournament Draft-Pick) Somente o dono da conta registrada pela equipe pode jogar com a conta. N\u00e3o ser\u00e1 permitida troca &hellip; <a href=\"https:\/\/utfpr.curitiba.br\/rle\/informacoes\/\" class=\"more-link\">Continue lendo <span class=\"screen-reader-text\">Informa\u00e7\u00f5es<\/span> <span class=\"meta-nav\">&rarr;<\/span><\/a><\/p>\n","protected":false},"author":2,"featured_media":0,"parent":0,"menu_order":0,"comment_status":"closed","ping_status":"closed","template":"","meta":{"footnotes":""},"class_list":["post-303","page","type-page","status-publish","hentry"],"_links":{"self":[{"href":"https:\/\/utfpr.curitiba.br\/rle\/wp-json\/wp\/v2\/pages\/303","targetHints":{"allow":["GET"]}}],"collection":[{"href":"https:\/\/utfpr.curitiba.br\/rle\/wp-json\/wp\/v2\/pages"}],"about":[{"href":"https:\/\/utfpr.curitiba.br\/rle\/wp-json\/wp\/v2\/types\/page"}],"author":[{"embeddable":true,"href":"https:\/\/utfpr.curitiba.br\/rle\/wp-json\/wp\/v2\/users\/2"}],"replies":[{"embeddable":true,"href":"https:\/\/utfpr.curitiba.br\/rle\/wp-json\/wp\/v2\/comments?post=303"}],"version-history":[{"count":17,"href":"https:\/\/utfpr.curitiba.br\/rle\/wp-json\/wp\/v2\/pages\/303\/revisions"}],"predecessor-version":[{"id":382,"href":"https:\/\/utfpr.curitiba.br\/rle\/wp-json\/wp\/v2\/pages\/303\/revisions\/382"}],"wp:attachment":[{"href":"https:\/\/utfpr.curitiba.br\/rle\/wp-json\/wp\/v2\/media?parent=303"}],"curies":[{"name":"wp","href":"https:\/\/api.w.org\/{rel}","templated":true}]}}