{"id":176,"date":"2012-05-24T17:34:56","date_gmt":"2012-05-24T17:34:56","guid":{"rendered":"http:\/\/rle.dainf.ct.utfpr.edu.br\/?page_id=176"},"modified":"2021-04-14T09:42:39","modified_gmt":"2021-04-14T12:42:39","slug":"suporte","status":"publish","type":"page","link":"https:\/\/utfpr.curitiba.br\/rle\/suporte\/","title":{"rendered":"Suporte"},"content":{"rendered":"<p>Voc\u00ea, aluno e usu\u00e1rio do nosso laborat\u00f3rio, pode nos ajudar com a manuten\u00e7\u00e3o dos equipamentos e instala\u00e7\u00f5es.<\/p>\n<p>Caso tenha visto algum defeito, problema, ato de vandalismo, esp\u00edritos errantes, ou simplesmente queira dar uma sugest\u00e3o \u00e0 equipe de suporte, basta acessar o link abaixo e efetuar o login com o seu usu\u00e1rio do <strong>sistema acad\u00eamico<\/strong>.<\/p>\n<p>&nbsp;<\/p>\n<p style=\"text-align: center; font-size: large;\"><a title=\"http:\/\/rle.dainf.ct.utfpr.edu.br\/suporte\" href=\"http:\/\/rle.dainf.ct.utfpr.edu.br\/suporte\" target=\"new_rle\" rel=\"noopener\">http:\/\/rle.dainf.ct.utfpr.edu.br\/suporte<\/a><\/p>\n<p>&nbsp;<\/p>\n<p><em>* Por enquanto o acesso ao sistema de suporte s\u00f3 \u00e9 poss\u00edvel atrav\u00e9s da rede dos nossos laborat\u00f3rios (sim, pela Niflheim funfa).<\/em><\/p>\n","protected":false},"excerpt":{"rendered":"<p>Voc\u00ea, aluno e usu\u00e1rio do nosso laborat\u00f3rio, pode nos ajudar com a manuten\u00e7\u00e3o dos equipamentos e instala\u00e7\u00f5es. Caso tenha visto algum defeito, problema, ato de vandalismo, esp\u00edritos errantes, ou simplesmente queira dar uma sugest\u00e3o \u00e0 equipe de suporte, basta acessar o link abaixo e efetuar o login com o seu usu\u00e1rio do sistema acad\u00eamico. &nbsp; &hellip; <a href=\"https:\/\/utfpr.curitiba.br\/rle\/suporte\/\" class=\"more-link\">Continue lendo <span class=\"screen-reader-text\">Suporte<\/span> <span class=\"meta-nav\">&rarr;<\/span><\/a><\/p>\n","protected":false},"author":2,"featured_media":0,"parent":0,"menu_order":0,"comment_status":"closed","ping_status":"open","template":"","meta":{"footnotes":""},"class_list":["post-176","page","type-page","status-publish","hentry"],"_links":{"self":[{"href":"https:\/\/utfpr.curitiba.br\/rle\/wp-json\/wp\/v2\/pages\/176","targetHints":{"allow":["GET"]}}],"collection":[{"href":"https:\/\/utfpr.curitiba.br\/rle\/wp-json\/wp\/v2\/pages"}],"about":[{"href":"https:\/\/utfpr.curitiba.br\/rle\/wp-json\/wp\/v2\/types\/page"}],"author":[{"embeddable":true,"href":"https:\/\/utfpr.curitiba.br\/rle\/wp-json\/wp\/v2\/users\/2"}],"replies":[{"embeddable":true,"href":"https:\/\/utfpr.curitiba.br\/rle\/wp-json\/wp\/v2\/comments?post=176"}],"version-history":[{"count":9,"href":"https:\/\/utfpr.curitiba.br\/rle\/wp-json\/wp\/v2\/pages\/176\/revisions"}],"predecessor-version":[{"id":384,"href":"https:\/\/utfpr.curitiba.br\/rle\/wp-json\/wp\/v2\/pages\/176\/revisions\/384"}],"wp:attachment":[{"href":"https:\/\/utfpr.curitiba.br\/rle\/wp-json\/wp\/v2\/media?parent=176"}],"curies":[{"name":"wp","href":"https:\/\/api.w.org\/{rel}","templated":true}]}}