{"id":135,"date":"2012-05-15T17:50:09","date_gmt":"2012-05-15T17:50:09","guid":{"rendered":"http:\/\/200.134.10.33\/wprle\/?page_id=135"},"modified":"2021-04-14T09:42:39","modified_gmt":"2021-04-14T12:42:39","slug":"horarios-laboratorios-3","status":"publish","type":"page","link":"https:\/\/utfpr.curitiba.br\/rle\/horarios-laboratorios-3\/","title":{"rendered":"Hor\u00e1rios Laborat\u00f3rios"},"content":{"rendered":"<p><strong>Esta p\u00e1gina \u00e9 destinada a exibir os hor\u00e1rios atuais dos laborat\u00f3rios do DAINF.<\/strong><\/p>\n<p><a href=\"http:\/\/www2.dainf.ct.utfpr.edu.br\/praticas\/ocupacao-dos-laboratorios\" target=\"_blank\" rel=\"noopener\">Hor\u00e1rios das Salas<\/a><\/p>\n<p>&nbsp;<\/p>\n","protected":false},"excerpt":{"rendered":"<p>Esta p\u00e1gina \u00e9 destinada a exibir os hor\u00e1rios atuais dos laborat\u00f3rios do DAINF. Hor\u00e1rios das Salas &nbsp;<\/p>\n","protected":false},"author":2,"featured_media":0,"parent":0,"menu_order":0,"comment_status":"closed","ping_status":"open","template":"","meta":{"footnotes":""},"class_list":["post-135","page","type-page","status-publish","hentry"],"_links":{"self":[{"href":"https:\/\/utfpr.curitiba.br\/rle\/wp-json\/wp\/v2\/pages\/135","targetHints":{"allow":["GET"]}}],"collection":[{"href":"https:\/\/utfpr.curitiba.br\/rle\/wp-json\/wp\/v2\/pages"}],"about":[{"href":"https:\/\/utfpr.curitiba.br\/rle\/wp-json\/wp\/v2\/types\/page"}],"author":[{"embeddable":true,"href":"https:\/\/utfpr.curitiba.br\/rle\/wp-json\/wp\/v2\/users\/2"}],"replies":[{"embeddable":true,"href":"https:\/\/utfpr.curitiba.br\/rle\/wp-json\/wp\/v2\/comments?post=135"}],"version-history":[{"count":14,"href":"https:\/\/utfpr.curitiba.br\/rle\/wp-json\/wp\/v2\/pages\/135\/revisions"}],"predecessor-version":[{"id":381,"href":"https:\/\/utfpr.curitiba.br\/rle\/wp-json\/wp\/v2\/pages\/135\/revisions\/381"}],"wp:attachment":[{"href":"https:\/\/utfpr.curitiba.br\/rle\/wp-json\/wp\/v2\/media?parent=135"}],"curies":[{"name":"wp","href":"https:\/\/api.w.org\/{rel}","templated":true}]}}