{"id":9,"date":"2016-02-05T15:38:54","date_gmt":"2016-02-05T15:38:54","guid":{"rendered":"http:\/\/blogs.ct.utfpr.edu.br\/redes\/?page_id=9"},"modified":"2021-04-17T23:14:18","modified_gmt":"2021-04-18T02:14:18","slug":"home","status":"publish","type":"page","link":"https:\/\/utfpr.curitiba.br\/redes\/","title":{"rendered":"Curso"},"content":{"rendered":"<p>T\u00edtulo: <strong>Curso de Especializa\u00e7\u00e3o em Redes de Computadores e Internet de Todas as Coisas<br \/>\n<\/strong>\u00c1rea do conhecimento: Engenharias IV, Engenharia El\u00e9trica, Telecomunica\u00e7\u00f5es<br \/>\nN\u00edvel: Especializa\u00e7\u00e3o (P\u00f3s-Gradua\u00e7\u00e3o \u201cLato-Sensu\u201d)<\/p>\n<p><span style=\"text-decoration: underline;\"><strong>Objetivos<\/strong><\/span><br \/>\nO objetivo desse curso \u00e9 oferecer aos alunos condi\u00e7\u00f5es de conectar: pessoas, processos, dados e coisas. Desta forma teremos disciplinas de redes de computadores, com enfoque em: IPv6, Big Data, computa\u00e7\u00e3o em nuvem, data-center\u00a0 entre outras. Tamb\u00e9m temos como objetivo fazer uma reciclagem nos mais diversos profissionais que se encontram a alguns anos no mercado de trabalho sem atualiza\u00e7\u00e3o. A aplicabilidade das ferramentas expostas no curso tem um grande leque nos diversos ramos profissionais: ind\u00fastria, com\u00e9rcio, agricultura, setor automobil\u00edstico, log\u00edstica entre outros.<br \/>\nOutro objetivo do curso \u00e9 preparar o profissional possa obter a certifica\u00e7\u00e3o CCNA CISCO, visto que os quatro m\u00f3dulos ser\u00e3o ofertados durante o curso.<\/p>\n<p><span style=\"text-decoration: underline;\"><strong>P\u00fablico-Alvo<\/strong><\/span><br \/>\nO curso se destina, preferencialmente, \u00e0 portadores de diploma de cursos reconhecidos pelo MEC, Engenharia (eletr\u00f4nica, el\u00e9trica, da computa\u00e7\u00e3o), em inform\u00e1tica (Sistema de Informa\u00e7\u00e3o, Ci\u00eancia da Computa\u00e7\u00e3o, Tecnologia em Processamento de Dados, Telecomunica\u00e7\u00f5es) ou \u00e1reas afins, que desejam atualizar e aumentar seus conhecimentos, possibilitando seu ingresso no setor de comunica\u00e7\u00e3o de dados, redes de computadores e telecomunica\u00e7\u00f5es.<\/p>\n<p><span style=\"text-decoration: underline;\"><strong>Instala\u00e7\u00f5es e equipamentos<\/strong><\/span><br \/>\nAs aulas te\u00f3ricas e pr\u00e1ticas ser\u00e3o ministradas no laborat\u00f3rio Q-204, bloco Q, UTFPR \u2013 C\u00e2mpus Sede \u2013 Curitiba (Centro), localizada na Av. Sete de Setembro, 3165, Rebou\u00e7as.<\/p>\n<p><span style=\"text-decoration: underline;\"><strong>Carga hor\u00e1ria e hor\u00e1rio das aulas<\/strong><\/span><br \/>\nA carga hor\u00e1ria total do curso \u00e9 de <strong>360 <\/strong>horas, sendo que as aulas ser\u00e3o ministradas \u00e0s <em>sextas-feiras<\/em> \u00e0 noite (das 18:40 \u00e0s 23:00) e aos <em>s\u00e1bados<\/em>, no turno da manh\u00e3 e tarde (das 08:20 \u00e0s 17:30), preferencialmente de forma quinzenal.<\/p>\n<p><a href=\"http:\/\/portal.utfpr.edu.br\/\"><img decoding=\"async\" class=\"alignnone size-full wp-image-150\" src=\"https:\/\/utfpr-ct-static-content.s3.amazonaws.com\/utfpr.curitiba.br\/wp-content\/uploads\/sites\/32\/2019\/03\/UTFPR.png\" alt=\"\" width=\"202\" height=\"92\" \/><\/a><a href=\"http:\/\/www.funtefpr.org.br\/\"><img decoding=\"async\" class=\"alignnone size-full wp-image-149\" src=\"https:\/\/utfpr-ct-static-content.s3.amazonaws.com\/utfpr.curitiba.br\/wp-content\/uploads\/sites\/32\/2019\/03\/FUNTEF.png\" alt=\"\" width=\"202\" height=\"92\" \/><\/a><a href=\"https:\/\/www.gov.br\/mec\/pt-br\"><img decoding=\"async\" class=\"alignnone size-medium wp-image-197\" src=\"https:\/\/utfpr-ct-static-content.s3.amazonaws.com\/utfpr.curitiba.br\/wp-content\/uploads\/sites\/32\/2019\/07\/Brasil-300x84.jpg\" alt=\"\" width=\"300\" height=\"84\" srcset=\"https:\/\/utfpr-ct-static-content.s3.amazonaws.com\/utfpr.curitiba.br\/wp-content\/uploads\/sites\/32\/2019\/07\/Brasil-300x84.jpg 300w, https:\/\/utfpr-ct-static-content.s3.amazonaws.com\/utfpr.curitiba.br\/wp-content\/uploads\/sites\/32\/2019\/07\/Brasil.jpg 424w\" sizes=\"(max-width: 300px) 100vw, 300px\" \/><\/a><\/p>\n","protected":false},"excerpt":{"rendered":"<p>T\u00edtulo: Curso de Especializa\u00e7\u00e3o em Redes de Computadores e Internet de Todas as Coisas \u00c1rea do conhecimento: Engenharias IV, Engenharia El\u00e9trica, Telecomunica\u00e7\u00f5es N\u00edvel: Especializa\u00e7\u00e3o (P\u00f3s-Gradua\u00e7\u00e3o \u201cLato-Sensu\u201d) Objetivos O objetivo desse curso \u00e9 oferecer aos alunos condi\u00e7\u00f5es de conectar: pessoas, processos, &hellip; <a href=\"https:\/\/utfpr.curitiba.br\/redes\/\">Continue lendo <span class=\"meta-nav\">&rarr;<\/span><\/a><\/p>\n","protected":false},"author":4,"featured_media":0,"parent":0,"menu_order":0,"comment_status":"closed","ping_status":"closed","template":"","meta":{"footnotes":""},"class_list":["post-9","page","type-page","status-publish","hentry"],"_links":{"self":[{"href":"https:\/\/utfpr.curitiba.br\/redes\/wp-json\/wp\/v2\/pages\/9","targetHints":{"allow":["GET"]}}],"collection":[{"href":"https:\/\/utfpr.curitiba.br\/redes\/wp-json\/wp\/v2\/pages"}],"about":[{"href":"https:\/\/utfpr.curitiba.br\/redes\/wp-json\/wp\/v2\/types\/page"}],"author":[{"embeddable":true,"href":"https:\/\/utfpr.curitiba.br\/redes\/wp-json\/wp\/v2\/users\/4"}],"replies":[{"embeddable":true,"href":"https:\/\/utfpr.curitiba.br\/redes\/wp-json\/wp\/v2\/comments?post=9"}],"version-history":[{"count":14,"href":"https:\/\/utfpr.curitiba.br\/redes\/wp-json\/wp\/v2\/pages\/9\/revisions"}],"predecessor-version":[{"id":351,"href":"https:\/\/utfpr.curitiba.br\/redes\/wp-json\/wp\/v2\/pages\/9\/revisions\/351"}],"wp:attachment":[{"href":"https:\/\/utfpr.curitiba.br\/redes\/wp-json\/wp\/v2\/media?parent=9"}],"curies":[{"name":"wp","href":"https:\/\/api.w.org\/{rel}","templated":true}]}}