{"id":85,"date":"2016-02-19T18:32:50","date_gmt":"2016-02-19T18:32:50","guid":{"rendered":"http:\/\/blogs.ct.utfpr.edu.br\/redes\/?page_id=85"},"modified":"2021-04-28T10:44:42","modified_gmt":"2021-04-28T13:44:42","slug":"informacoes","status":"publish","type":"page","link":"https:\/\/utfpr.curitiba.br\/redes\/informacoes\/","title":{"rendered":"Contatos"},"content":{"rendered":"<p>Universidade Tecnol\u00f3gica Federal do Paran\u00e1 \u2013 UTFPR \u2013 C\u00e2mpus Curitiba<br \/>\nDepartamento Acad\u00eamico de Eletr\u00f4nica \u2013 DAELN<br \/>\nN\u00facleo Avan\u00e7ado de Tecnologia de Comunica\u00e7\u00f5es \u2013 NATEC<\/p>\n<p>Av. Sete de Setembro, 3165 \u2013 Rebou\u00e7as<br \/>\nCEP: 80230-901 \u2013 Curitiba \u2013 Paran\u00e1<\/p>\n<p>Coordena\u00e7\u00e3o:<br \/>\nProf. Dr. Augusto Foronda (<a href=\"mailto:foronda@utfpr.edu.br\">foronda@utfpr.edu.br<\/a>)<br \/>\n<strong>Prof. Dr. Kleber Kendy Horikawa Nabas<\/strong> (<a href=\"mailto:kleber@utfpr.edu.br\">kleber@utfpr.edu.br<\/a>)<\/p>\n<p>Contatos:<br \/>\n(41) 99603-1790, Prof. Kleber Nabas<br \/>\n(41) 3310-4767, Laborat\u00f3rio NATEC<\/p>\n","protected":false},"excerpt":{"rendered":"<p>Universidade Tecnol\u00f3gica Federal do Paran\u00e1 \u2013 UTFPR \u2013 C\u00e2mpus Curitiba Departamento Acad\u00eamico de Eletr\u00f4nica \u2013 DAELN N\u00facleo Avan\u00e7ado de Tecnologia de Comunica\u00e7\u00f5es \u2013 NATEC Av. Sete de Setembro, 3165 \u2013 Rebou\u00e7as CEP: 80230-901 \u2013 Curitiba \u2013 Paran\u00e1 Coordena\u00e7\u00e3o: Prof. Dr. &hellip; <a href=\"https:\/\/utfpr.curitiba.br\/redes\/informacoes\/\">Continue lendo <span class=\"meta-nav\">&rarr;<\/span><\/a><\/p>\n","protected":false},"author":4,"featured_media":0,"parent":0,"menu_order":0,"comment_status":"closed","ping_status":"closed","template":"","meta":{"footnotes":""},"class_list":["post-85","page","type-page","status-publish","hentry"],"_links":{"self":[{"href":"https:\/\/utfpr.curitiba.br\/redes\/wp-json\/wp\/v2\/pages\/85","targetHints":{"allow":["GET"]}}],"collection":[{"href":"https:\/\/utfpr.curitiba.br\/redes\/wp-json\/wp\/v2\/pages"}],"about":[{"href":"https:\/\/utfpr.curitiba.br\/redes\/wp-json\/wp\/v2\/types\/page"}],"author":[{"embeddable":true,"href":"https:\/\/utfpr.curitiba.br\/redes\/wp-json\/wp\/v2\/users\/4"}],"replies":[{"embeddable":true,"href":"https:\/\/utfpr.curitiba.br\/redes\/wp-json\/wp\/v2\/comments?post=85"}],"version-history":[{"count":12,"href":"https:\/\/utfpr.curitiba.br\/redes\/wp-json\/wp\/v2\/pages\/85\/revisions"}],"predecessor-version":[{"id":353,"href":"https:\/\/utfpr.curitiba.br\/redes\/wp-json\/wp\/v2\/pages\/85\/revisions\/353"}],"wp:attachment":[{"href":"https:\/\/utfpr.curitiba.br\/redes\/wp-json\/wp\/v2\/media?parent=85"}],"curies":[{"name":"wp","href":"https:\/\/api.w.org\/{rel}","templated":true}]}}