{"id":83,"date":"2016-02-19T18:29:16","date_gmt":"2016-02-19T18:29:16","guid":{"rendered":"http:\/\/blogs.ct.utfpr.edu.br\/redes\/?page_id=83"},"modified":"2019-11-14T14:47:30","modified_gmt":"2019-11-14T14:47:30","slug":"disciplinas-e-carga-horaria","status":"publish","type":"page","link":"https:\/\/utfpr.curitiba.br\/redes\/disciplinas-e-carga-horaria\/","title":{"rendered":"Disciplinas"},"content":{"rendered":"<p style=\"text-align: justify;\">1. <strong>Redes de Computadores<\/strong>: 45h<br \/>\n2. <strong>Conceitos de Roteadores e Roteamento<\/strong>: 45h<br \/>\n3. <strong>Dimensionamento de Redes<\/strong>: 45h<br \/>\n4. <strong>Conex\u00e3o de Rede<\/strong>: 45h<br \/>\n5. <strong>Introdu\u00e7\u00e3o a Internet de Todas as Coisas<\/strong>: 15h<br \/>\n6. <strong>Data Center &#8211; Planejamento e Projeto de Infraestrutura<\/strong>: 30h<br \/>\n7. <strong>Tecnologia em Big Data<\/strong>: 30h<br \/>\n8. <strong>Introdu\u00e7\u00e3o ao Sistema Operacional Linux<\/strong>: 20h<br \/>\n9. <strong>Computa\u00e7\u00e3o em Nuvem<\/strong>: 30h<br \/>\n10. <strong>Semin\u00e1rios Direcionados<\/strong>: 55h<\/p>\n","protected":false},"excerpt":{"rendered":"<p>1. Redes de Computadores: 45h 2. Conceitos de Roteadores e Roteamento: 45h 3. Dimensionamento de Redes: 45h 4. Conex\u00e3o de Rede: 45h 5. Introdu\u00e7\u00e3o a Internet de Todas as Coisas: 15h 6. Data Center &#8211; Planejamento e Projeto de Infraestrutura: &hellip; <a href=\"https:\/\/utfpr.curitiba.br\/redes\/disciplinas-e-carga-horaria\/\">Continue lendo <span class=\"meta-nav\">&rarr;<\/span><\/a><\/p>\n","protected":false},"author":4,"featured_media":0,"parent":0,"menu_order":0,"comment_status":"closed","ping_status":"closed","template":"","meta":{"footnotes":""},"class_list":["post-83","page","type-page","status-publish","hentry"],"_links":{"self":[{"href":"https:\/\/utfpr.curitiba.br\/redes\/wp-json\/wp\/v2\/pages\/83","targetHints":{"allow":["GET"]}}],"collection":[{"href":"https:\/\/utfpr.curitiba.br\/redes\/wp-json\/wp\/v2\/pages"}],"about":[{"href":"https:\/\/utfpr.curitiba.br\/redes\/wp-json\/wp\/v2\/types\/page"}],"author":[{"embeddable":true,"href":"https:\/\/utfpr.curitiba.br\/redes\/wp-json\/wp\/v2\/users\/4"}],"replies":[{"embeddable":true,"href":"https:\/\/utfpr.curitiba.br\/redes\/wp-json\/wp\/v2\/comments?post=83"}],"version-history":[{"count":6,"href":"https:\/\/utfpr.curitiba.br\/redes\/wp-json\/wp\/v2\/pages\/83\/revisions"}],"predecessor-version":[{"id":227,"href":"https:\/\/utfpr.curitiba.br\/redes\/wp-json\/wp\/v2\/pages\/83\/revisions\/227"}],"wp:attachment":[{"href":"https:\/\/utfpr.curitiba.br\/redes\/wp-json\/wp\/v2\/media?parent=83"}],"curies":[{"name":"wp","href":"https:\/\/api.w.org\/{rel}","templated":true}]}}