{"id":81,"date":"2016-02-19T18:20:02","date_gmt":"2016-02-19T18:20:02","guid":{"rendered":"http:\/\/blogs.ct.utfpr.edu.br\/redes\/?page_id=81"},"modified":"2019-07-15T20:02:29","modified_gmt":"2019-07-15T20:02:29","slug":"condicoes-para-inscricao-e-criterios-de-selecao","status":"publish","type":"page","link":"https:\/\/utfpr.curitiba.br\/redes\/condicoes-para-inscricao-e-criterios-de-selecao\/","title":{"rendered":"Condi\u00e7\u00f5es para Inscri\u00e7\u00e3o e Crit\u00e9rios de Sele\u00e7\u00e3o"},"content":{"rendered":"<p style=\"text-align: justify;\">O candidato interessado em participar do processo de classifica\u00e7\u00e3o, para ingressar no presente curso, dever\u00e1 atender \u00e0s seguintes situa\u00e7\u00f5es:<br \/>\n&#8211; Preenchimento da ficha de inscri\u00e7\u00e3o via internet no site <a href=\"http:\/\/pos.funtefpr.org.br\/index.php?componente=Candidato&amp;controle=candidato&amp;acao=inscricao&amp;CURSO_ID=276\">http:\/\/pos.funtefpr.org.br &#8211; C\u00e2mpus Sede Curitiba<\/a>.<br \/>\n&#8211; Emiss\u00e3o e pagamento do boleto da taxa de inscri\u00e7\u00e3o no valor de R$ 50,00 (cinquenta reais).<br \/>\n&#8211; Encaminhamento da documenta\u00e7\u00e3o solicitada (ver quadro abaixo) ao endere\u00e7o indicado no site da inscri\u00e7\u00e3o at\u00e9 \u00e0s 18 horas do dia 05\/08\/2019, \u00faltimo dia da inscri\u00e7\u00e3o.<\/p>\n<p style=\"text-align: justify;\">* Fotoc\u00f3pia do comprovante de pagamento da taxa de inscri\u00e7\u00e3o;<br \/>\n* Fotoc\u00f3pia autenticada do diploma ou certificado de conclus\u00e3o do curso de gradua\u00e7\u00e3o;<br \/>\n* Fotoc\u00f3pia autenticada do hist\u00f3rico escolar do curso de gradua\u00e7\u00e3o;<br \/>\n* Curriculum Vitae;<br \/>\n* Fotoc\u00f3pia da Carteira de Identidade;<br \/>\n* Fotoc\u00f3pia do CPF;<br \/>\n* Documenta\u00e7\u00e3o complementar para estrangeiros;<br \/>\n* Para estrangeiro, poder\u00e1 ser solicitada documenta\u00e7\u00e3o complementar.<\/p>\n<p style=\"text-align: justify;\">A Sele\u00e7\u00e3o dos Candidatos obedecer\u00e1 \u00e0 seguinte prioridade:<br \/>\n&#8211; Cursos de gradua\u00e7\u00e3o nas \u00e1reas de Telecomunica\u00e7\u00f5es e Ci\u00eancia da Computa\u00e7\u00e3o, Inform\u00e1tica, Engenharia, Licenciatura.<br \/>\n&#8211; Curriculum Vitae.<br \/>\n&#8211; Hist\u00f3rico escolar.<\/p>\n<p style=\"text-align: justify;\">Site para inscri\u00e7\u00e3o: <a href=\"http:\/\/pos.funtefpr.org.br\/index.php?componente=Curso&amp;CURSO_ID=276\">http:\/\/pos.funtefpr.org.br\/ &#8211; C\u00e2mpus Sede Curitiba<\/a><\/p>\n","protected":false},"excerpt":{"rendered":"<p>O candidato interessado em participar do processo de classifica\u00e7\u00e3o, para ingressar no presente curso, dever\u00e1 atender \u00e0s seguintes situa\u00e7\u00f5es: &#8211; Preenchimento da ficha de inscri\u00e7\u00e3o via internet no site http:\/\/pos.funtefpr.org.br &#8211; C\u00e2mpus Sede Curitiba. &#8211; Emiss\u00e3o e pagamento do boleto &hellip; <a href=\"https:\/\/utfpr.curitiba.br\/redes\/condicoes-para-inscricao-e-criterios-de-selecao\/\">Continue lendo <span class=\"meta-nav\">&rarr;<\/span><\/a><\/p>\n","protected":false},"author":4,"featured_media":0,"parent":0,"menu_order":0,"comment_status":"closed","ping_status":"closed","template":"","meta":{"footnotes":""},"class_list":["post-81","page","type-page","status-publish","hentry"],"_links":{"self":[{"href":"https:\/\/utfpr.curitiba.br\/redes\/wp-json\/wp\/v2\/pages\/81","targetHints":{"allow":["GET"]}}],"collection":[{"href":"https:\/\/utfpr.curitiba.br\/redes\/wp-json\/wp\/v2\/pages"}],"about":[{"href":"https:\/\/utfpr.curitiba.br\/redes\/wp-json\/wp\/v2\/types\/page"}],"author":[{"embeddable":true,"href":"https:\/\/utfpr.curitiba.br\/redes\/wp-json\/wp\/v2\/users\/4"}],"replies":[{"embeddable":true,"href":"https:\/\/utfpr.curitiba.br\/redes\/wp-json\/wp\/v2\/comments?post=81"}],"version-history":[{"count":9,"href":"https:\/\/utfpr.curitiba.br\/redes\/wp-json\/wp\/v2\/pages\/81\/revisions"}],"predecessor-version":[{"id":200,"href":"https:\/\/utfpr.curitiba.br\/redes\/wp-json\/wp\/v2\/pages\/81\/revisions\/200"}],"wp:attachment":[{"href":"https:\/\/utfpr.curitiba.br\/redes\/wp-json\/wp\/v2\/media?parent=81"}],"curies":[{"name":"wp","href":"https:\/\/api.w.org\/{rel}","templated":true}]}}