{"id":245,"date":"2019-12-20T13:26:11","date_gmt":"2019-12-20T13:26:11","guid":{"rendered":"http:\/\/redes.ct.utfpr.edu.br\/?page_id=245"},"modified":"2022-08-17T17:01:19","modified_gmt":"2022-08-17T20:01:19","slug":"inscricoes","status":"publish","type":"page","link":"https:\/\/utfpr.curitiba.br\/redes\/inscricoes\/","title":{"rendered":"Inscri\u00e7\u00f5es (a partir de Novembro\/2022)"},"content":{"rendered":"<p><strong><span id=\"ctl00_ContentPlaceHolder1_lblNomeEvento\">Curso de Especializa\u00e7\u00e3o em Internet das Coisas<\/span><\/strong><br \/>\n(Turma II &#8211; In\u00edcio das Atividades Letivas em <span style=\"color: #ff0000;\"><strong>18\/03\/2022<\/strong><\/span>)<\/p>\n<p>A carga hor\u00e1ria total do curso \u00e9 de <strong>360 horas<\/strong>, sendo que as aulas ser\u00e3o ministradas<br \/>\nquinzenalmente nas sextas-feiras no turno da noite (das 18:40 \u00e0s 23:00) e aos s\u00e1bados pela manh\u00e3 e tarde (das 08:20 \u00e0s 17:30).<\/p>\n<table class=\"wp-block-table\">\n<tbody>\n<tr>\n<td>Per\u00edodo de Inscri\u00e7\u00e3o<\/td>\n<td><b>10\/11\/2021 \u00e0 <span style=\"color: #0000ff;\">01\/03\/2022<\/span><\/b><\/td>\n<\/tr>\n<tr>\n<td>Resultado da classifica\u00e7\u00e3o<\/td>\n<td><b>02\/03\/2022&nbsp;<\/b><\/td>\n<\/tr>\n<tr>\n<td>Interposi\u00e7\u00e3o de Recurso<\/td>\n<td><strong>05\/03\/2022 \u00e0 08\/03\/2022<\/strong><\/td>\n<\/tr>\n<tr>\n<td>Per\u00edodo de Matr\u00edcula<\/td>\n<td><strong>09\/03\/2022 \u00e0 15\/03\/2022<\/strong><\/td>\n<\/tr>\n<tr>\n<td>Segunda chamada para matr\u00edcula<\/td>\n<td><strong>15\/03\/2022 \u00e0 16\/03\/2022<\/strong><\/td>\n<\/tr>\n<\/tbody>\n<\/table>\n<p><span style=\"color: #ff0000;\"><strong>Site para inscri\u00e7\u00f5es aqui<\/strong><\/span>: <a href=\"http:\/\/conveniar.funtefpr.org.br\/eventos\/Forms\/Servicos\/EventoDados.aspx?action=851\">FUNTEF \u2013 PR, C\u00e2mpus Sede Curitiba<\/a><\/p>\n","protected":false},"excerpt":{"rendered":"<p>Curso de Especializa\u00e7\u00e3o em Internet das Coisas (Turma II &#8211; In\u00edcio das Atividades Letivas em 18\/03\/2022) A carga hor\u00e1ria total do curso \u00e9 de 360 horas, sendo que as aulas ser\u00e3o ministradas quinzenalmente nas sextas-feiras no turno da noite (das &hellip; <a href=\"https:\/\/utfpr.curitiba.br\/redes\/inscricoes\/\">Continue lendo <span class=\"meta-nav\">&rarr;<\/span><\/a><\/p>\n","protected":false},"author":4,"featured_media":0,"parent":0,"menu_order":0,"comment_status":"closed","ping_status":"closed","template":"","meta":{"footnotes":""},"class_list":["post-245","page","type-page","status-publish","hentry"],"_links":{"self":[{"href":"https:\/\/utfpr.curitiba.br\/redes\/wp-json\/wp\/v2\/pages\/245","targetHints":{"allow":["GET"]}}],"collection":[{"href":"https:\/\/utfpr.curitiba.br\/redes\/wp-json\/wp\/v2\/pages"}],"about":[{"href":"https:\/\/utfpr.curitiba.br\/redes\/wp-json\/wp\/v2\/types\/page"}],"author":[{"embeddable":true,"href":"https:\/\/utfpr.curitiba.br\/redes\/wp-json\/wp\/v2\/users\/4"}],"replies":[{"embeddable":true,"href":"https:\/\/utfpr.curitiba.br\/redes\/wp-json\/wp\/v2\/comments?post=245"}],"version-history":[{"count":7,"href":"https:\/\/utfpr.curitiba.br\/redes\/wp-json\/wp\/v2\/pages\/245\/revisions"}],"predecessor-version":[{"id":389,"href":"https:\/\/utfpr.curitiba.br\/redes\/wp-json\/wp\/v2\/pages\/245\/revisions\/389"}],"wp:attachment":[{"href":"https:\/\/utfpr.curitiba.br\/redes\/wp-json\/wp\/v2\/media?parent=245"}],"curies":[{"name":"wp","href":"https:\/\/api.w.org\/{rel}","templated":true}]}}