{"id":102,"date":"2017-11-14T13:05:10","date_gmt":"2017-11-14T13:05:10","guid":{"rendered":"http:\/\/blogs.ct.utfpr.edu.br\/redes\/?page_id=102"},"modified":"2022-08-17T17:03:22","modified_gmt":"2022-08-17T20:03:22","slug":"cronograma","status":"publish","type":"page","link":"https:\/\/utfpr.curitiba.br\/redes\/cronograma\/","title":{"rendered":"Cronograma"},"content":{"rendered":"<p><span style=\"text-decoration: underline; color: #0000ff;\"><strong>2021<br \/>\n<\/strong><\/span><del><\/del><strong>Arquitetura de Datacenter &#8211; Planejamento e Projeto de Infraestrutura<\/strong>: 30 h<strong><br \/>\n<\/strong><em>Prof. Joilson Alvers Junior<\/em><br \/>\nOutubro: <span style=\"color: #000000;\">16\/10 (s\u00e1b)<\/span>; <span style=\"color: #000000;\">30\/10 (s\u00e1b)<\/span><br \/>\n<span style=\"color: #000000;\">Novembro: 13\/11 (s\u00e1b)<\/span><strong><br \/>\n<\/strong><\/p>\n<p><strong>Virtualiza\u00e7\u00e3o<\/strong>: 30 h<br \/>\n<em>Prof. Luiz Gustavo Barros<\/em><br \/>\nFevereiro: 27\/02 (s\u00e1b)<br \/>\nMar\u00e7o: 13\/03 (s\u00e1b); 27\/03 (s\u00e1b)<\/p>\n<p><strong>Computa\u00e7\u00e3o em Nuvem<\/strong>: 30 h<br \/>\n<em>Prof. Mauricio Leal de Souza Ramos<\/em><br \/>\nAbril: 10\/04 (s\u00e1b); 24\/04 (s\u00e1b)<br \/>\nMaio: 15\/05 (s\u00e1b)<\/p>\n<p><strong>Introdu\u00e7\u00e3o a Internet de Todas as Coisas<\/strong>: 15h<br \/>\n<em>Prof. Luis Jos\u00e9 Rohling (ljrohling@hotmail.com)<\/em><br \/>\n<span style=\"color: #000000;\">Maio: 29\/05 (s\u00e1b)<\/span><br \/>\n<span style=\"color: #000000;\">Junho: 12\/06 (s\u00e1b); 26\/06 (s\u00e1b)<\/span><\/p>\n<p><strong>Gerenciamento de Servidores Linux<\/strong>: 30 h<br \/>\n<em>Prof. Mauricio Leal de Souza Ramos<\/em><br \/>\nAgosto: 14\/08 (s\u00e1b); 28\/08 (s\u00e1b)<br \/>\nSetembro: 11\/09 (s\u00e1b)<\/p>\n<p><strong><span style=\"text-decoration: underline; color: #0000ff;\">2020<br \/>\n<\/span><\/strong><del><\/del><strong>Dimensionamento de Redes (Cisco M\u00f3dulo 3)<\/strong>: 45 h<br \/>\n<em>Prof. FABIANO Scriptore de Carvalho<\/em><br \/>\nJunho: 26\/06 (sex)<br \/>\nJulho: 04\/07 (s\u00e1b); 10\/07 (sex); 18\/07 (s\u00e1b); 24\/07 (sex)<br \/>\nAgosto: 01\/08 (s\u00e1b)<\/p>\n<p><strong>Conex\u00e3o de Rede (Cisco M\u00f3dulo 4)<\/strong>: 45 h<br \/>\n<em>Prof. JULIANO de Mello Pedroso<\/em><br \/>\nAgosto: 08\/08 (s\u00e1b); <span style=\"color: #000000;\">22\/08 (s\u00e1b)<\/span><br \/>\n<span style=\"color: #000000;\">Setembro: 12\/09 (s\u00e1b); 19\/09 (s\u00e1b)<\/span><br \/>\n<span style=\"color: #000000;\">Outubro: 02\/10 (sex)<\/span><\/p>\n<p><strong>[Semin\u00e1rios Direcionados I] Seguran\u00e7a em redes<\/strong>: 30h<br \/>\n<em>Prof. JOILSON Alves J\u00fanior<\/em><br \/>\n<span style=\"color: #000000;\">Agosto: 29\/08 (10h s\u00e1bado)<\/span><br \/>\n<span style=\"color: #000000;\">Setembro: 26\/09 (10h s\u00e1bado)<\/span><br \/>\nOutubro: <span style=\"color: #000000;\">31\/10 (10h s\u00e1bado)<\/span><\/p>\n<p><strong>Tecnologia em Big Data<\/strong>: 30h<br \/>\n<em>Prof. CLAYTON Kossoski<\/em><br \/>\n<span style=\"color: #000000;\">Outubro: 03\/10 (5h s\u00e1bado de manh\u00e3); 17\/10 (5h s\u00e1bado de manh\u00e3)<\/span><br \/>\nNovembro: <span style=\"color: #000000;\">07\/11 (5h s\u00e1bado de manh\u00e3)<\/span>; <span style=\"color: #000000;\">21\/11 (5h s\u00e1bado de manh\u00e3)<\/span><br \/>\nDezembro: <span style=\"color: #000000;\">05\/12 (10h s\u00e1bado)<\/span><\/p>\n<p><strong>[Semin\u00e1rios Direcionados II] Programa\u00e7\u00e3o para Dispositivos M\u00f3veis<\/strong>: 30h<br \/>\n<em>Prof. JO\u00c3O Guilherme BRASIL Pichetti<\/em><br \/>\nOutubro: <span style=\"color: #000000;\">10\/10 (05h s\u00e1bado)<\/span>; <span style=\"color: #000000;\">24\/10<\/span> <span style=\"color: #000000;\">(10h<\/span><span style=\"color: #000000;\"> s\u00e1bado)<\/span><br \/>\nNovembro: <span style=\"color: #000000;\">14\/11 (05h s\u00e1bado)<\/span>; <span style=\"color: #000000;\">28\/11 (10h s\u00e1bado)<\/span><\/p>\n","protected":false},"excerpt":{"rendered":"<p>2021 Arquitetura de Datacenter &#8211; Planejamento e Projeto de Infraestrutura: 30 h Prof. Joilson Alvers Junior Outubro: 16\/10 (s\u00e1b); 30\/10 (s\u00e1b) Novembro: 13\/11 (s\u00e1b) Virtualiza\u00e7\u00e3o: 30 h Prof. Luiz Gustavo Barros Fevereiro: 27\/02 (s\u00e1b) Mar\u00e7o: 13\/03 (s\u00e1b); 27\/03 (s\u00e1b) Computa\u00e7\u00e3o &hellip; <a href=\"https:\/\/utfpr.curitiba.br\/redes\/cronograma\/\">Continue lendo <span class=\"meta-nav\">&rarr;<\/span><\/a><\/p>\n","protected":false},"author":4,"featured_media":0,"parent":0,"menu_order":0,"comment_status":"closed","ping_status":"closed","template":"","meta":{"footnotes":""},"class_list":["post-102","page","type-page","status-publish","hentry"],"_links":{"self":[{"href":"https:\/\/utfpr.curitiba.br\/redes\/wp-json\/wp\/v2\/pages\/102","targetHints":{"allow":["GET"]}}],"collection":[{"href":"https:\/\/utfpr.curitiba.br\/redes\/wp-json\/wp\/v2\/pages"}],"about":[{"href":"https:\/\/utfpr.curitiba.br\/redes\/wp-json\/wp\/v2\/types\/page"}],"author":[{"embeddable":true,"href":"https:\/\/utfpr.curitiba.br\/redes\/wp-json\/wp\/v2\/users\/4"}],"replies":[{"embeddable":true,"href":"https:\/\/utfpr.curitiba.br\/redes\/wp-json\/wp\/v2\/comments?post=102"}],"version-history":[{"count":103,"href":"https:\/\/utfpr.curitiba.br\/redes\/wp-json\/wp\/v2\/pages\/102\/revisions"}],"predecessor-version":[{"id":391,"href":"https:\/\/utfpr.curitiba.br\/redes\/wp-json\/wp\/v2\/pages\/102\/revisions\/391"}],"wp:attachment":[{"href":"https:\/\/utfpr.curitiba.br\/redes\/wp-json\/wp\/v2\/media?parent=102"}],"curies":[{"name":"wp","href":"https:\/\/api.w.org\/{rel}","templated":true}]}}