{"id":40,"date":"2023-06-12T16:49:50","date_gmt":"2023-06-12T19:49:50","guid":{"rendered":"https:\/\/utfpr.curitiba.br\/recursosdigitais\/?page_id=40"},"modified":"2023-06-16T09:35:09","modified_gmt":"2023-06-16T12:35:09","slug":"cursos-e-oficinas","status":"publish","type":"page","link":"https:\/\/utfpr.curitiba.br\/recursosdigitais\/cursos-e-oficinas\/","title":{"rendered":"Cursos e oficinas"},"content":{"rendered":"\n<p>No curso de Letras Portugu\u00eas da UTFPR-Curitiba, temos a disciplina extensionista &#8220;Multimodalidade e ensino n\u00e3o presencial&#8221;. Esta disciplina est\u00e1 vinculada ao Projeto de extens\u00e3o &#8220;Cursos e oficinas em estudos de linguagens&#8221;, coordenado pelo professor <a href=\"http:\/\/www.gustavonishida.com\" data-type=\"URL\" data-id=\"www.gustavonishida.com\">Gustavo Nishida<\/a>. Nessa mat\u00e9ria, os alunos produzem uma oficina vinculada aos estudos de linguagem e ofertam para a comunidade interna e externa. Os participantes ganham certificados de participa\u00e7\u00e3o e t\u00eam a possibilidade de entrar em contato com os conhecimentos e reflex\u00f5es desenvolvidas na UTFPR acerca de linguagens.<\/p>\n\n\n\n<p>As oficinas s\u00e3o ofertadas \u00e0 medida que elas s\u00e3o finalizadas. Se interessou? Cadastre seu email <a href=\"https:\/\/forms.gle\/S2BKsvKMtn9nZBh29\" data-type=\"URL\" data-id=\"https:\/\/forms.gle\/S2BKsvKMtn9nZBh29\" target=\"_blank\" rel=\"noreferrer noopener\">aqui<\/a> para receber em primeira m\u00e3o as ofertas de cursos e oficinas!<\/p>\n\n\n\n<p><\/p>\n\n\n\n<h2 class=\"has-text-align-center wp-block-heading\"><a href=\"https:\/\/cloud.utfpr.edu.br\/index.php\/s\/HcBn5GD7TPuHKEG\" data-type=\"URL\" data-id=\"https:\/\/cloud.utfpr.edu.br\/index.php\/s\/HcBn5GD7TPuHKEG\" target=\"_blank\" rel=\"noreferrer noopener\">CAT\u00c1LOGO DE CURSOS (atualiza\u00e7\u00e3o de 16\/06\/2023)<\/a><\/h2>\n\n\n\n<p><\/p>\n\n\n\n<p><strong>Alguns cursos j\u00e1 ofertados:<\/strong><\/p>\n\n\n\n<ul class=\"wp-block-list\"><li>Introdu\u00e7\u00e3o \u00e0 obra de Carolina Maria de Jesus;<\/li><li>Oficina Tessitura de escrita criativa;<\/li><li>Introdu\u00e7\u00e3o ao Afrofuturismo;<\/li><li>Introdu\u00e7\u00e3o aos quadrinhos alternativos;<\/li><li>Projeto Saci-fi.<\/li><\/ul>\n\n\n\n<figure class=\"wp-block-gallery has-nested-images columns-default is-cropped wp-block-gallery-1 is-layout-flex wp-block-gallery-is-layout-flex\">\n<figure class=\"wp-block-image size-large\"><img fetchpriority=\"high\" decoding=\"async\" width=\"818\" height=\"1024\" data-id=\"141\" src=\"https:\/\/utfpr-ct-static-content.s3.amazonaws.com\/utfpr.curitiba.br\/wp-content\/uploads\/sites\/154\/2023\/06\/CAROLINA-MARIA-DE-JESUS-2-2-818x1024.png\" alt=\"\" class=\"wp-image-141\" srcset=\"https:\/\/utfpr-ct-static-content.s3.amazonaws.com\/utfpr.curitiba.br\/wp-content\/uploads\/sites\/154\/2023\/06\/CAROLINA-MARIA-DE-JESUS-2-2-818x1024.png 818w, https:\/\/utfpr-ct-static-content.s3.amazonaws.com\/utfpr.curitiba.br\/wp-content\/uploads\/sites\/154\/2023\/06\/CAROLINA-MARIA-DE-JESUS-2-2-240x300.png 240w, https:\/\/utfpr-ct-static-content.s3.amazonaws.com\/utfpr.curitiba.br\/wp-content\/uploads\/sites\/154\/2023\/06\/CAROLINA-MARIA-DE-JESUS-2-2-768x961.png 768w, https:\/\/utfpr-ct-static-content.s3.amazonaws.com\/utfpr.curitiba.br\/wp-content\/uploads\/sites\/154\/2023\/06\/CAROLINA-MARIA-DE-JESUS-2-2-1227x1536.png 1227w, https:\/\/utfpr-ct-static-content.s3.amazonaws.com\/utfpr.curitiba.br\/wp-content\/uploads\/sites\/154\/2023\/06\/CAROLINA-MARIA-DE-JESUS-2-2.png 1301w\" sizes=\"(max-width: 818px) 100vw, 818px\" \/><\/figure>\n\n\n\n<figure class=\"wp-block-image size-large\"><img decoding=\"async\" width=\"724\" height=\"1024\" data-id=\"142\" src=\"https:\/\/utfpr-ct-static-content.s3.amazonaws.com\/utfpr.curitiba.br\/wp-content\/uploads\/sites\/154\/2023\/06\/FOLDER-OFICINA-FCBR-724x1024.png\" alt=\"\" class=\"wp-image-142\" srcset=\"https:\/\/utfpr-ct-static-content.s3.amazonaws.com\/utfpr.curitiba.br\/wp-content\/uploads\/sites\/154\/2023\/06\/FOLDER-OFICINA-FCBR-724x1024.png 724w, https:\/\/utfpr-ct-static-content.s3.amazonaws.com\/utfpr.curitiba.br\/wp-content\/uploads\/sites\/154\/2023\/06\/FOLDER-OFICINA-FCBR-212x300.png 212w, https:\/\/utfpr-ct-static-content.s3.amazonaws.com\/utfpr.curitiba.br\/wp-content\/uploads\/sites\/154\/2023\/06\/FOLDER-OFICINA-FCBR-768x1086.png 768w, https:\/\/utfpr-ct-static-content.s3.amazonaws.com\/utfpr.curitiba.br\/wp-content\/uploads\/sites\/154\/2023\/06\/FOLDER-OFICINA-FCBR-1086x1536.png 1086w, https:\/\/utfpr-ct-static-content.s3.amazonaws.com\/utfpr.curitiba.br\/wp-content\/uploads\/sites\/154\/2023\/06\/FOLDER-OFICINA-FCBR.png 1414w\" sizes=\"(max-width: 724px) 100vw, 724px\" \/><\/figure>\n<\/figure>\n\n\n\n<figure class=\"wp-block-gallery has-nested-images columns-default is-cropped wp-block-gallery-2 is-layout-flex wp-block-gallery-is-layout-flex\">\n<figure class=\"wp-block-image size-large\"><img decoding=\"async\" width=\"990\" height=\"1400\" data-id=\"153\" src=\"https:\/\/utfpr-ct-static-content.s3.amazonaws.com\/utfpr.curitiba.br\/wp-content\/uploads\/sites\/154\/2023\/06\/Divulg.-Afrofuturismo-1.png\" alt=\"\" class=\"wp-image-153\" srcset=\"https:\/\/utfpr-ct-static-content.s3.amazonaws.com\/utfpr.curitiba.br\/wp-content\/uploads\/sites\/154\/2023\/06\/Divulg.-Afrofuturismo-1.png 990w, https:\/\/utfpr-ct-static-content.s3.amazonaws.com\/utfpr.curitiba.br\/wp-content\/uploads\/sites\/154\/2023\/06\/Divulg.-Afrofuturismo-1-212x300.png 212w, https:\/\/utfpr-ct-static-content.s3.amazonaws.com\/utfpr.curitiba.br\/wp-content\/uploads\/sites\/154\/2023\/06\/Divulg.-Afrofuturismo-1-768x1086.png 768w\" sizes=\"(max-width: 990px) 100vw, 990px\" \/><\/figure>\n\n\n\n<figure class=\"wp-block-image size-large\"><img loading=\"lazy\" decoding=\"async\" width=\"1080\" height=\"1080\" data-id=\"152\" src=\"https:\/\/utfpr-ct-static-content.s3.amazonaws.com\/utfpr.curitiba.br\/wp-content\/uploads\/sites\/154\/2023\/06\/0-Arte-oficina-de-linguagens-1.png\" alt=\"\" class=\"wp-image-152\" srcset=\"https:\/\/utfpr-ct-static-content.s3.amazonaws.com\/utfpr.curitiba.br\/wp-content\/uploads\/sites\/154\/2023\/06\/0-Arte-oficina-de-linguagens-1.png 1080w, https:\/\/utfpr-ct-static-content.s3.amazonaws.com\/utfpr.curitiba.br\/wp-content\/uploads\/sites\/154\/2023\/06\/0-Arte-oficina-de-linguagens-1-300x300.png 300w, https:\/\/utfpr-ct-static-content.s3.amazonaws.com\/utfpr.curitiba.br\/wp-content\/uploads\/sites\/154\/2023\/06\/0-Arte-oficina-de-linguagens-1-1024x1024.png 1024w, https:\/\/utfpr-ct-static-content.s3.amazonaws.com\/utfpr.curitiba.br\/wp-content\/uploads\/sites\/154\/2023\/06\/0-Arte-oficina-de-linguagens-1-150x150.png 150w, https:\/\/utfpr-ct-static-content.s3.amazonaws.com\/utfpr.curitiba.br\/wp-content\/uploads\/sites\/154\/2023\/06\/0-Arte-oficina-de-linguagens-1-768x768.png 768w\" sizes=\"(max-width: 1080px) 100vw, 1080px\" \/><\/figure>\n<\/figure>\n","protected":false},"excerpt":{"rendered":"<p>No curso de Letras Portugu\u00eas da UTFPR-Curitiba, temos a disciplina extensionista &#8220;Multimodalidade e ensino n\u00e3o presencial&#8221;. Esta disciplina est\u00e1 vinculada ao Projeto de extens\u00e3o &#8220;Cursos e oficinas em estudos de linguagens&#8221;, coordenado pelo professor Gustavo Nishida. Nessa mat\u00e9ria, os alunos &hellip; <a href=\"https:\/\/utfpr.curitiba.br\/recursosdigitais\/cursos-e-oficinas\/\">Continue lendo <span class=\"meta-nav\">&rarr;<\/span><\/a><\/p>\n","protected":false},"author":12,"featured_media":0,"parent":0,"menu_order":0,"comment_status":"closed","ping_status":"closed","template":"","meta":{"footnotes":""},"class_list":["post-40","page","type-page","status-publish","hentry"],"_links":{"self":[{"href":"https:\/\/utfpr.curitiba.br\/recursosdigitais\/wp-json\/wp\/v2\/pages\/40","targetHints":{"allow":["GET"]}}],"collection":[{"href":"https:\/\/utfpr.curitiba.br\/recursosdigitais\/wp-json\/wp\/v2\/pages"}],"about":[{"href":"https:\/\/utfpr.curitiba.br\/recursosdigitais\/wp-json\/wp\/v2\/types\/page"}],"author":[{"embeddable":true,"href":"https:\/\/utfpr.curitiba.br\/recursosdigitais\/wp-json\/wp\/v2\/users\/12"}],"replies":[{"embeddable":true,"href":"https:\/\/utfpr.curitiba.br\/recursosdigitais\/wp-json\/wp\/v2\/comments?post=40"}],"version-history":[{"count":8,"href":"https:\/\/utfpr.curitiba.br\/recursosdigitais\/wp-json\/wp\/v2\/pages\/40\/revisions"}],"predecessor-version":[{"id":170,"href":"https:\/\/utfpr.curitiba.br\/recursosdigitais\/wp-json\/wp\/v2\/pages\/40\/revisions\/170"}],"wp:attachment":[{"href":"https:\/\/utfpr.curitiba.br\/recursosdigitais\/wp-json\/wp\/v2\/media?parent=40"}],"curies":[{"name":"wp","href":"https:\/\/api.w.org\/{rel}","templated":true}]}}