{"id":198,"date":"2024-03-28T10:46:01","date_gmt":"2024-03-28T13:46:01","guid":{"rendered":"https:\/\/utfpr.curitiba.br\/recursosdigitais\/?page_id=198"},"modified":"2024-03-28T13:10:52","modified_gmt":"2024-03-28T16:10:52","slug":"residencia-pedagogica","status":"publish","type":"page","link":"https:\/\/utfpr.curitiba.br\/recursosdigitais\/residencia-pedagogica\/","title":{"rendered":"Resid\u00eancia pedag\u00f3gica"},"content":{"rendered":"\n<p>Aqui voc\u00ea encontra algumas produ\u00e7\u00f5es realizadas pelos residentes do programa.<\/p>\n\n\n\n<figure class=\"wp-block-table aligncenter is-style-stripes\"><table><tbody><tr><td class=\"has-text-align-center\" data-align=\"center\"><strong>NOME<\/strong><\/td><td class=\"has-text-align-center\" data-align=\"center\"><strong>TEMAS<\/strong><\/td><td class=\"has-text-align-center\" data-align=\"center\"><strong>LINKS<\/strong><\/td><\/tr><tr><td class=\"has-text-align-center\" data-align=\"center\">Aline Machado de Oliveira<\/td><td class=\"has-text-align-center\" data-align=\"center\">Hq \u00e9 literatura<\/td><td class=\"has-text-align-center\" data-align=\"center\"><a href=\"https:\/\/acesse.one\/dDViB\">https:\/\/acesse.one\/dDViB<\/a><\/td><\/tr><tr><td class=\"has-text-align-center\" data-align=\"center\">Dayane<\/td><td class=\"has-text-align-center\" data-align=\"center\">O G\u00eanero HQ<\/td><td class=\"has-text-align-center\" data-align=\"center\"><a href=\"https:\/\/l1nk.dev\/Lg5v4\">https:\/\/l1nk.dev\/Lg5v4<\/a><\/td><\/tr><tr><td class=\"has-text-align-center\" data-align=\"center\">Fl\u00e1via Gernet Pereira<br>Leticia Dantas<br>Nat\u00e1lia Nogueira<\/td><td class=\"has-text-align-center\" data-align=\"center\">Graciliano Ramos: Gera\u00e7\u00e3o de 30<\/td><td class=\"has-text-align-center\" data-align=\"center\"><a href=\"https:\/\/acesse.one\/uKxLH\">https:\/\/acesse.one\/uKxLH<\/a><\/td><\/tr><tr><td class=\"has-text-align-center\" data-align=\"center\"><br><br>J\u00falia Bressan<br><br><\/td><td class=\"has-text-align-center\" data-align=\"center\">Sequ\u00eancia Did\u00e1tica:G\u00eanero Not\u00edcia<br><br><br>Slides<br><br><br>Atividade: G\u00eanero Not\u00edcia<\/td><td class=\"has-text-align-center\" data-align=\"center\"><br><a href=\"https:\/\/l1nk.dev\/WxBtO\">https:\/\/l1nk.dev\/WxBtO<\/a><br><br><a href=\"https:\/\/l1nk.dev\/eNpH4\">https:\/\/l1nk.dev\/eNpH4<\/a><br><br><a href=\"https:\/\/l1nk.dev\/gUxB8\">https:\/\/l1nk.dev\/gUxB8<\/a><\/td><\/tr><tr><td class=\"has-text-align-center\" data-align=\"center\">Emanoelle Nadolny<\/td><td class=\"has-text-align-center\" data-align=\"center\">Slides: Reda\u00e7\u00e3o do Enem: Tema<br><br><br>Slides: Reda\u00e7\u00e3o do Enem: Estrutura<br><br><br>Slides: Reda\u00e7\u00e3o do Enem: estilo<\/td><td class=\"has-text-align-center\" data-align=\"center\"><a href=\"https:\/\/l1nk.dev\/RDGAM\">https:\/\/l1nk.dev\/RDGAM<\/a><br><br><br><a href=\"https:\/\/acesse.one\/99qqQ\">https:\/\/acesse.one\/99qqQ<\/a><br><br><a href=\"https:\/\/l1nk.dev\/x03wT\">https:\/\/l1nk.dev\/x03wT<\/a><\/td><\/tr><tr><td class=\"has-text-align-center\" data-align=\"center\">Matheus Gonsalves Das Neves<\/td><td class=\"has-text-align-center\" data-align=\"center\">Projeto Did\u00e1tico: Afrofuturismo<br><br><br>Slides: Afrofuturismo<\/td><td class=\"has-text-align-center\" data-align=\"center\"><br><a href=\"https:\/\/l1nk.dev\/KZlAq\">https:\/\/l1nk.dev\/KZlAq<\/a><br><br><br><a href=\"https:\/\/acesse.one\/wnRNS\">https:\/\/acesse.one\/wnRNS<\/a><\/td><\/tr><tr><td class=\"has-text-align-center\" data-align=\"center\">Matheus Petris<\/td><td class=\"has-text-align-center\" data-align=\"center\">Pintando linguagens: uma proposta multimodal <\/td><td class=\"has-text-align-center\" data-align=\"center\"><a href=\"https:\/\/l1nk.dev\/Pamtb\">https:\/\/l1nk.dev\/Pamtb<\/a><\/td><\/tr><tr><td class=\"has-text-align-center\" data-align=\"center\">Giovanna Wiesenh\u00fctter<\/td><td class=\"has-text-align-center\" data-align=\"center\">Slides: Gera\u00e7\u00e3o de 30<\/td><td class=\"has-text-align-center\" data-align=\"center\"><a href=\"https:\/\/acesse.one\/3ekAB\">https:\/\/acesse.one\/3ekAB<\/a><\/td><\/tr><tr><td class=\"has-text-align-center\" data-align=\"center\">Nycole Mattoso<\/td><td class=\"has-text-align-center\" data-align=\"center\">Projeto<\/td><td class=\"has-text-align-center\" data-align=\"center\"><a href=\"https:\/\/l1nk.dev\/1GMGc\">https:\/\/l1nk.dev\/1GMGc<\/a><\/td><\/tr><tr><td class=\"has-text-align-center\" data-align=\"center\">Pedro Puperi<\/td><td class=\"has-text-align-center\" data-align=\"center\">Projeto: Charge e tirinha<br><br><br>Slides<br><br><br>Material de Apoio<\/td><td class=\"has-text-align-center\" data-align=\"center\"><a href=\"https:\/\/acesse.one\/IUmtA\">https:\/\/acesse.one\/IUmtA<\/a><br><br><a href=\"https:\/\/l1nk.dev\/x6CY4\">https:\/\/l1nk.dev\/x6CY4<\/a><br><br><a href=\"https:\/\/l1nk.dev\/i6LzS\">https:\/\/l1nk.dev\/i6LzS<\/a><\/td><\/tr><tr><td class=\"has-text-align-center\" data-align=\"center\">Yuri Montalv\u00e3o Pires de Souza<\/td><td class=\"has-text-align-center\" data-align=\"center\">Projeto G\u00eanero Biografia<br><br><br>Slides: G\u00eanero biografia<\/td><td class=\"has-text-align-center\" data-align=\"center\"><a href=\"https:\/\/acesse.one\/iiYB1\">https:\/\/acesse.one\/iiYB1<\/a><br><br><a href=\"https:\/\/l1nk.dev\/xwPgf\">https:\/\/l1nk.dev\/xwPgf<\/a><\/td><\/tr><tr><td class=\"has-text-align-center\" data-align=\"center\">Ana Julia Sanchuki<br>Ana Carolina Monteiro<br>Isabely Borguezani<br>Jaqueline da Silva<br>Leonardo Purcote<\/td><td class=\"has-text-align-center\" data-align=\"center\"><br><br>Portfolio Resid\u00eancia<br><br><br><\/td><td class=\"has-text-align-center\" data-align=\"center\"><br><br><a href=\"https:\/\/acesse.one\/7qgUt\">https:\/\/acesse.one\/7qgUt<\/a><br><\/td><\/tr><tr><td class=\"has-text-align-center\" data-align=\"center\"><br>Gabriele de Oliveira Andrade<br><\/td><td class=\"has-text-align-center\" data-align=\"center\">G\u00eanero Relato<br><br><br>G\u00eanero Resumo e Cartaz<\/td><td class=\"has-text-align-center\" data-align=\"center\"><br><a href=\"https:\/\/acesse.one\/HqWsw\">https:\/\/acesse.one\/HqWsw<\/a><br><br><a href=\"https:\/\/acesse.one\/8hnnr\">https:\/\/acesse.one\/8hnnr<\/a><\/td><\/tr><tr><td class=\"has-text-align-center\" data-align=\"center\">Jaqueline da Silva dos Santos<\/td><td class=\"has-text-align-center\" data-align=\"center\">G\u00eanero Charge<\/td><td class=\"has-text-align-center\" data-align=\"center\"><a href=\"https:\/\/l1nk.dev\/18hsw\">https:\/\/l1nk.dev\/18hsw<\/a><\/td><\/tr><tr><td class=\"has-text-align-center\" data-align=\"center\">Bianca Anastasio<\/td><td class=\"has-text-align-center\" data-align=\"center\">Adapta\u00e7\u00f5es em HQs<\/td><td class=\"has-text-align-center\" data-align=\"center\"><a href=\"https:\/\/l1nk.dev\/3pB7s\">https:\/\/l1nk.dev\/3pB7s<\/a><\/td><\/tr><tr><td class=\"has-text-align-center\" data-align=\"center\">Rafaela Rangel<\/td><td class=\"has-text-align-center\" data-align=\"center\">G\u00eaneros Textuais do Cotidiano<br><br><br>G\u00eanero dissertativo Argumentativo<\/td><td class=\"has-text-align-center\" data-align=\"center\"><a href=\"https:\/\/l1nk.dev\/RBFnP\">https:\/\/l1nk.dev\/RBFnP<\/a><br><br><a href=\"https:\/\/acesse.one\/ahVvK\">https:\/\/acesse.one\/ahVvK<\/a><\/td><\/tr><tr><td class=\"has-text-align-center\" data-align=\"center\"><\/td><td class=\"has-text-align-center\" data-align=\"center\"><\/td><td class=\"has-text-align-center\" data-align=\"center\"><\/td><\/tr><tr><td class=\"has-text-align-center\" data-align=\"center\"><\/td><td class=\"has-text-align-center\" data-align=\"center\"><\/td><td class=\"has-text-align-center\" data-align=\"center\"><\/td><\/tr><\/tbody><\/table><figcaption class=\"wp-element-caption\">Portf\u00f3lio de trabalhos da resid\u00eancia pedag\u00f3gica da Licenciatura em Letras Portugu\u00eas da UTFPR-Curitiba.<\/figcaption><\/figure>\n","protected":false},"excerpt":{"rendered":"<p>Aqui voc\u00ea encontra algumas produ\u00e7\u00f5es realizadas pelos residentes do programa. NOME TEMAS LINKS Aline Machado de Oliveira Hq \u00e9 literatura https:\/\/acesse.one\/dDViB Dayane O G\u00eanero HQ https:\/\/l1nk.dev\/Lg5v4 Fl\u00e1via Gernet PereiraLeticia DantasNat\u00e1lia Nogueira Graciliano Ramos: Gera\u00e7\u00e3o de 30 https:\/\/acesse.one\/uKxLH J\u00falia Bressan Sequ\u00eancia &hellip; <a href=\"https:\/\/utfpr.curitiba.br\/recursosdigitais\/residencia-pedagogica\/\">Continue lendo <span class=\"meta-nav\">&rarr;<\/span><\/a><\/p>\n","protected":false},"author":12,"featured_media":0,"parent":0,"menu_order":0,"comment_status":"closed","ping_status":"closed","template":"","meta":{"footnotes":""},"class_list":["post-198","page","type-page","status-publish","hentry"],"_links":{"self":[{"href":"https:\/\/utfpr.curitiba.br\/recursosdigitais\/wp-json\/wp\/v2\/pages\/198","targetHints":{"allow":["GET"]}}],"collection":[{"href":"https:\/\/utfpr.curitiba.br\/recursosdigitais\/wp-json\/wp\/v2\/pages"}],"about":[{"href":"https:\/\/utfpr.curitiba.br\/recursosdigitais\/wp-json\/wp\/v2\/types\/page"}],"author":[{"embeddable":true,"href":"https:\/\/utfpr.curitiba.br\/recursosdigitais\/wp-json\/wp\/v2\/users\/12"}],"replies":[{"embeddable":true,"href":"https:\/\/utfpr.curitiba.br\/recursosdigitais\/wp-json\/wp\/v2\/comments?post=198"}],"version-history":[{"count":9,"href":"https:\/\/utfpr.curitiba.br\/recursosdigitais\/wp-json\/wp\/v2\/pages\/198\/revisions"}],"predecessor-version":[{"id":220,"href":"https:\/\/utfpr.curitiba.br\/recursosdigitais\/wp-json\/wp\/v2\/pages\/198\/revisions\/220"}],"wp:attachment":[{"href":"https:\/\/utfpr.curitiba.br\/recursosdigitais\/wp-json\/wp\/v2\/media?parent=198"}],"curies":[{"name":"wp","href":"https:\/\/api.w.org\/{rel}","templated":true}]}}