{"id":195,"date":"2024-03-28T10:37:59","date_gmt":"2024-03-28T13:37:59","guid":{"rendered":"https:\/\/utfpr.curitiba.br\/recursosdigitais\/?page_id=195"},"modified":"2024-03-28T10:54:47","modified_gmt":"2024-03-28T13:54:47","slug":"programas-institucionais","status":"publish","type":"page","link":"https:\/\/utfpr.curitiba.br\/recursosdigitais\/programas-institucionais\/","title":{"rendered":"Programas institucionais"},"content":{"rendered":"\n<p>Nesta p\u00e1gina, voc\u00ea encontra algumas produc\u00f5es dos programas institucionais que a Licenciatura em Letras Portugu\u00eas participa: <\/p>\n\n\n\n<ul class=\"wp-block-list\">\n<li class=\"has-medium-font-size\"><a href=\"https:\/\/utfpr.curitiba.br\/recursosdigitais\/residencia-pedagogica\/\" target=\"_blank\" rel=\"noreferrer noopener\">Resid\u00eancia Pedag\u00f3gica<\/a>; <\/li>\n<\/ul>\n\n\n\n<ul class=\"wp-block-list\">\n<li class=\"has-medium-font-size\">PIBID;<\/li>\n<\/ul>\n\n\n\n<ul class=\"wp-block-list\">\n<li class=\"has-medium-font-size\">e Licenciando.<\/li>\n<\/ul>\n","protected":false},"excerpt":{"rendered":"<p>Nesta p\u00e1gina, voc\u00ea encontra algumas produc\u00f5es dos programas institucionais que a Licenciatura em Letras Portugu\u00eas participa:<\/p>\n","protected":false},"author":12,"featured_media":0,"parent":0,"menu_order":0,"comment_status":"closed","ping_status":"closed","template":"","meta":{"footnotes":""},"class_list":["post-195","page","type-page","status-publish","hentry"],"_links":{"self":[{"href":"https:\/\/utfpr.curitiba.br\/recursosdigitais\/wp-json\/wp\/v2\/pages\/195","targetHints":{"allow":["GET"]}}],"collection":[{"href":"https:\/\/utfpr.curitiba.br\/recursosdigitais\/wp-json\/wp\/v2\/pages"}],"about":[{"href":"https:\/\/utfpr.curitiba.br\/recursosdigitais\/wp-json\/wp\/v2\/types\/page"}],"author":[{"embeddable":true,"href":"https:\/\/utfpr.curitiba.br\/recursosdigitais\/wp-json\/wp\/v2\/users\/12"}],"replies":[{"embeddable":true,"href":"https:\/\/utfpr.curitiba.br\/recursosdigitais\/wp-json\/wp\/v2\/comments?post=195"}],"version-history":[{"count":4,"href":"https:\/\/utfpr.curitiba.br\/recursosdigitais\/wp-json\/wp\/v2\/pages\/195\/revisions"}],"predecessor-version":[{"id":204,"href":"https:\/\/utfpr.curitiba.br\/recursosdigitais\/wp-json\/wp\/v2\/pages\/195\/revisions\/204"}],"wp:attachment":[{"href":"https:\/\/utfpr.curitiba.br\/recursosdigitais\/wp-json\/wp\/v2\/media?parent=195"}],"curies":[{"name":"wp","href":"https:\/\/api.w.org\/{rel}","templated":true}]}}