{"id":182,"date":"2023-06-22T19:29:42","date_gmt":"2023-06-22T22:29:42","guid":{"rendered":"https:\/\/utfpr.curitiba.br\/recursosdigitais\/?page_id=182"},"modified":"2023-06-22T19:29:43","modified_gmt":"2023-06-22T22:29:43","slug":"portfolio-didatico-pedagogico","status":"publish","type":"page","link":"https:\/\/utfpr.curitiba.br\/recursosdigitais\/portfolio-didatico-pedagogico\/","title":{"rendered":"Portf\u00f3lio did\u00e1tico-pedag\u00f3gico"},"content":{"rendered":"\n<p>Aqui voc\u00ea encontra o portf\u00f3lio did\u00e1tico-pedag\u00f3gico do curso de Letras Portugu\u00eas da UTFPR-Curitiba.<\/p>\n\n\n\n<p><em>Atualiza\u00e7\u00f5es em breve!<\/em><\/p>\n","protected":false},"excerpt":{"rendered":"<p>Aqui voc\u00ea encontra o portf\u00f3lio did\u00e1tico-pedag\u00f3gico do curso de Letras Portugu\u00eas da UTFPR-Curitiba. Atualiza\u00e7\u00f5es em breve!<\/p>\n","protected":false},"author":12,"featured_media":0,"parent":0,"menu_order":0,"comment_status":"closed","ping_status":"closed","template":"","meta":{"footnotes":""},"class_list":["post-182","page","type-page","status-publish","hentry"],"_links":{"self":[{"href":"https:\/\/utfpr.curitiba.br\/recursosdigitais\/wp-json\/wp\/v2\/pages\/182","targetHints":{"allow":["GET"]}}],"collection":[{"href":"https:\/\/utfpr.curitiba.br\/recursosdigitais\/wp-json\/wp\/v2\/pages"}],"about":[{"href":"https:\/\/utfpr.curitiba.br\/recursosdigitais\/wp-json\/wp\/v2\/types\/page"}],"author":[{"embeddable":true,"href":"https:\/\/utfpr.curitiba.br\/recursosdigitais\/wp-json\/wp\/v2\/users\/12"}],"replies":[{"embeddable":true,"href":"https:\/\/utfpr.curitiba.br\/recursosdigitais\/wp-json\/wp\/v2\/comments?post=182"}],"version-history":[{"count":1,"href":"https:\/\/utfpr.curitiba.br\/recursosdigitais\/wp-json\/wp\/v2\/pages\/182\/revisions"}],"predecessor-version":[{"id":183,"href":"https:\/\/utfpr.curitiba.br\/recursosdigitais\/wp-json\/wp\/v2\/pages\/182\/revisions\/183"}],"wp:attachment":[{"href":"https:\/\/utfpr.curitiba.br\/recursosdigitais\/wp-json\/wp\/v2\/media?parent=182"}],"curies":[{"name":"wp","href":"https:\/\/api.w.org\/{rel}","templated":true}]}}