{"id":160,"date":"2023-06-15T18:49:28","date_gmt":"2023-06-15T21:49:28","guid":{"rendered":"https:\/\/utfpr.curitiba.br\/recursosdigitais\/?page_id=160"},"modified":"2023-06-15T21:39:10","modified_gmt":"2023-06-16T00:39:10","slug":"outros-projetos","status":"publish","type":"page","link":"https:\/\/utfpr.curitiba.br\/recursosdigitais\/outros-projetos\/","title":{"rendered":"Outros projetos"},"content":{"rendered":"\n<p>O curso de Licenciatura em Letras Portugu\u00eas da UTFPR-Curitiba tamb\u00e9m participa e executa outros projetos.<\/p>\n\n\n\n<p>Caso se interesse por algum desses projetos e queira saber como lev\u00e1-los a sua comunidade escolar, basta entrar em contato com os professores coordenadores.<\/p>\n\n\n\n<ul class=\"wp-block-list\"><li>Conhe\u00e7a o &#8220;<a href=\"http:\/\/utfpr.curitiba.br\/acervosonoro\" data-type=\"URL\" data-id=\"http:\/\/utfpr.curitiba.br\/acervosonoro\" target=\"_blank\" rel=\"noreferrer noopener\">Acervo sonoro de obras liter\u00e1rias<\/a>&#8220;, coordenado pelo professor <a rel=\"noreferrer noopener\" href=\"http:\/\/www.gustavonishida.com\" data-type=\"URL\" data-id=\"www.gustavonishida.com\" target=\"_blank\">Gustavo Nishida<\/a>.<\/li><li>Projeto Licenciando (Edital PROGRAD 61\/2022):<ul><li><strong>&#8220;Pr\u00e1tica de an\u00e1lise de g\u00eaneros tecnodiscursivos no ensino de L\u00edngua Portuguesa para vestibulares&#8221;<\/strong>, coordenado pelo professor Evandro de Melo Catelan.<\/li><li><strong>&#8220;Oficinas de podcast na educa\u00e7\u00e3o b\u00e1sica&#8221;<\/strong>, coordenado pelo professor Gustavo Nishida.<\/li><\/ul><\/li><\/ul>\n\n\n\n<p><\/p>\n","protected":false},"excerpt":{"rendered":"<p>O curso de Licenciatura em Letras Portugu\u00eas da UTFPR-Curitiba tamb\u00e9m participa e executa outros projetos. Caso se interesse por algum desses projetos e queira saber como lev\u00e1-los a sua comunidade escolar, basta entrar em contato com os professores coordenadores. Conhe\u00e7a &hellip; <a href=\"https:\/\/utfpr.curitiba.br\/recursosdigitais\/outros-projetos\/\">Continue lendo <span class=\"meta-nav\">&rarr;<\/span><\/a><\/p>\n","protected":false},"author":12,"featured_media":0,"parent":0,"menu_order":0,"comment_status":"closed","ping_status":"closed","template":"","meta":{"footnotes":""},"class_list":["post-160","page","type-page","status-publish","hentry"],"_links":{"self":[{"href":"https:\/\/utfpr.curitiba.br\/recursosdigitais\/wp-json\/wp\/v2\/pages\/160","targetHints":{"allow":["GET"]}}],"collection":[{"href":"https:\/\/utfpr.curitiba.br\/recursosdigitais\/wp-json\/wp\/v2\/pages"}],"about":[{"href":"https:\/\/utfpr.curitiba.br\/recursosdigitais\/wp-json\/wp\/v2\/types\/page"}],"author":[{"embeddable":true,"href":"https:\/\/utfpr.curitiba.br\/recursosdigitais\/wp-json\/wp\/v2\/users\/12"}],"replies":[{"embeddable":true,"href":"https:\/\/utfpr.curitiba.br\/recursosdigitais\/wp-json\/wp\/v2\/comments?post=160"}],"version-history":[{"count":3,"href":"https:\/\/utfpr.curitiba.br\/recursosdigitais\/wp-json\/wp\/v2\/pages\/160\/revisions"}],"predecessor-version":[{"id":167,"href":"https:\/\/utfpr.curitiba.br\/recursosdigitais\/wp-json\/wp\/v2\/pages\/160\/revisions\/167"}],"wp:attachment":[{"href":"https:\/\/utfpr.curitiba.br\/recursosdigitais\/wp-json\/wp\/v2\/media?parent=160"}],"curies":[{"name":"wp","href":"https:\/\/api.w.org\/{rel}","templated":true}]}}