{"id":112,"date":"2023-06-15T10:31:43","date_gmt":"2023-06-15T13:31:43","guid":{"rendered":"https:\/\/utfpr.curitiba.br\/recursosdigitais\/?page_id=112"},"modified":"2023-06-16T12:05:54","modified_gmt":"2023-06-16T15:05:54","slug":"inicio","status":"publish","type":"page","link":"https:\/\/utfpr.curitiba.br\/recursosdigitais\/","title":{"rendered":"In\u00edcio"},"content":{"rendered":"\n<p>Ol\u00e1, visitante!<\/p>\n\n\n\n<p>Seja bem vindo ao site do &#8220;Recursos Digitais de Estudos de Linguagens&#8221;. Trata-se de uma forma de fazer propagar as produ\u00e7\u00f5es digitais das disciplinas extensionistas da <a href=\"https:\/\/portal.utfpr.edu.br\/cursos\/coordenacoes\/graduacao\/curitiba\/ct-licenciatura-em-letras-portugues\" data-type=\"URL\" data-id=\"https:\/\/portal.utfpr.edu.br\/cursos\/coordenacoes\/graduacao\/curitiba\/ct-licenciatura-em-letras-portugues\" target=\"_blank\" rel=\"noreferrer noopener\">Licenciatura em Letras Portugu\u00eas<\/a> da Universidade Tecnol\u00f3gica Federal do Paran\u00e1 (UTFPR), campus Curitiba.<\/p>\n\n\n\n<p>Fique \u00e0 vontade para navegar e utilizar nossos materiais!<\/p>\n","protected":false},"excerpt":{"rendered":"<p>Ol\u00e1, visitante! Seja bem vindo ao site do &#8220;Recursos Digitais de Estudos de Linguagens&#8221;. Trata-se de uma forma de fazer propagar as produ\u00e7\u00f5es digitais das disciplinas extensionistas da Licenciatura em Letras Portugu\u00eas da Universidade Tecnol\u00f3gica Federal do Paran\u00e1 (UTFPR), campus &hellip; <a href=\"https:\/\/utfpr.curitiba.br\/recursosdigitais\/\">Continue lendo <span class=\"meta-nav\">&rarr;<\/span><\/a><\/p>\n","protected":false},"author":12,"featured_media":0,"parent":0,"menu_order":0,"comment_status":"closed","ping_status":"closed","template":"","meta":{"footnotes":""},"class_list":["post-112","page","type-page","status-publish","hentry"],"_links":{"self":[{"href":"https:\/\/utfpr.curitiba.br\/recursosdigitais\/wp-json\/wp\/v2\/pages\/112","targetHints":{"allow":["GET"]}}],"collection":[{"href":"https:\/\/utfpr.curitiba.br\/recursosdigitais\/wp-json\/wp\/v2\/pages"}],"about":[{"href":"https:\/\/utfpr.curitiba.br\/recursosdigitais\/wp-json\/wp\/v2\/types\/page"}],"author":[{"embeddable":true,"href":"https:\/\/utfpr.curitiba.br\/recursosdigitais\/wp-json\/wp\/v2\/users\/12"}],"replies":[{"embeddable":true,"href":"https:\/\/utfpr.curitiba.br\/recursosdigitais\/wp-json\/wp\/v2\/comments?post=112"}],"version-history":[{"count":4,"href":"https:\/\/utfpr.curitiba.br\/recursosdigitais\/wp-json\/wp\/v2\/pages\/112\/revisions"}],"predecessor-version":[{"id":176,"href":"https:\/\/utfpr.curitiba.br\/recursosdigitais\/wp-json\/wp\/v2\/pages\/112\/revisions\/176"}],"wp:attachment":[{"href":"https:\/\/utfpr.curitiba.br\/recursosdigitais\/wp-json\/wp\/v2\/media?parent=112"}],"curies":[{"name":"wp","href":"https:\/\/api.w.org\/{rel}","templated":true}]}}