{"id":671,"date":"2025-10-07T18:25:14","date_gmt":"2025-10-07T21:25:14","guid":{"rendered":"https:\/\/utfpr.curitiba.br\/proto\/?page_id=671"},"modified":"2025-10-07T18:43:38","modified_gmt":"2025-10-07T21:43:38","slug":"impressao-3d-2","status":"publish","type":"page","link":"https:\/\/utfpr.curitiba.br\/proto\/procedimentos\/habilitacao\/impressao-3d-2\/","title":{"rendered":"Impress\u00e3o 3D-2"},"content":{"rendered":"\t\t<div data-elementor-type=\"wp-page\" data-elementor-id=\"671\" class=\"elementor elementor-671\">\n\t\t\t\t<div class=\"elementor-element elementor-element-eca0070 e-flex e-con-boxed e-con e-parent\" data-id=\"eca0070\" data-element_type=\"container\" data-e-type=\"container\">\n\t\t\t\t\t<div class=\"e-con-inner\">\n\t\t\t\t<div class=\"elementor-element elementor-element-315908b elementor-widget elementor-widget-text-editor\" data-id=\"315908b\" data-element_type=\"widget\" data-e-type=\"widget\" data-widget_type=\"text-editor.default\">\n\t\t\t\t<div class=\"elementor-widget-container\">\n\t\t\t\t\t\t\t\t\t<p><span style=\"font-weight: bolder\">M\u00f3dulo de habilita\u00e7\u00e3o para monitores e monitoras (intermedi\u00e1rio)<\/span><\/p><p>Abaixo h\u00e1 uma s\u00e9rie de v\u00eddeo aulas com 5 epis\u00f3dios, elaboradas por Renan Portella, voltada para <strong>monitores e monitoras<\/strong>\u00a0do PROTO. Alternativamente, para acesso \u00e0 Playlist completa dos v\u00eddeos desse m\u00f3dulo diretamente na plataforma do YouTube, clique\u00a0<a href=\"https:\/\/www.youtube.com\/watch?v=EVDk3MbXy00&amp;list=PLaFwBGbP969T2Rnfe3D11-Gp3j13DEjoZ\" target=\"_blank\" rel=\"noopener\">aqui<\/a>. Ap\u00f3s cada um dos v\u00eddeos nesta p\u00e1gina e no corpo dos v\u00eddeos do YouTube h\u00e1 instru\u00e7\u00f5es em texto de leitura recomendada para fixa\u00e7\u00e3o ou revis\u00e3o textual do roteiro dos v\u00eddeos.<\/p>\t\t\t\t\t\t\t\t<\/div>\n\t\t\t\t<\/div>\n\t\t\t\t\t<\/div>\n\t\t\t\t<\/div>\n\t\t<div class=\"elementor-element elementor-element-27a0ecf e-flex e-con-boxed e-con e-parent\" data-id=\"27a0ecf\" data-element_type=\"container\" data-e-type=\"container\">\n\t\t\t\t\t<div class=\"e-con-inner\">\n\t\t\t\t<div class=\"elementor-element elementor-element-b0a4e73 elementor-widget elementor-widget-text-editor\" data-id=\"b0a4e73\" data-element_type=\"widget\" data-e-type=\"widget\" data-widget_type=\"text-editor.default\">\n\t\t\t\t<div class=\"elementor-widget-container\">\n\t\t\t\t\t\t\t\t\t<p>Ap\u00f3s assistir a s\u00e9rie completa dos v\u00eddeos, por favor preencha o\u00a0<a href=\"https:\/\/forms.gle\/16KorAHxCugbUCdp7\">formul\u00e1rio<\/a>\u00a0para avalia\u00e7\u00e3o do curso.<\/p>\t\t\t\t\t\t\t\t<\/div>\n\t\t\t\t<\/div>\n\t\t\t\t\t<\/div>\n\t\t\t\t<\/div>\n\t\t<div class=\"elementor-element elementor-element-40215f6 e-flex e-con-boxed e-con e-parent\" data-id=\"40215f6\" data-element_type=\"container\" data-e-type=\"container\">\n\t\t\t\t\t<div class=\"e-con-inner\">\n\t\t\t\t<div class=\"elementor-element elementor-element-a120142 elementor-widget elementor-widget-video\" data-id=\"a120142\" data-element_type=\"widget\" data-e-type=\"widget\" data-settings=\"{&quot;youtube_url&quot;:&quot;https:\\\/\\\/www.youtube.com\\\/watch?v=EVDk3MbXy00&amp;list=PLaFwBGbP969T2Rnfe3D11-Gp3j13DEjoZ&quot;,&quot;video_type&quot;:&quot;youtube&quot;,&quot;controls&quot;:&quot;yes&quot;}\" data-widget_type=\"video.default\">\n\t\t\t\t<div class=\"elementor-widget-container\">\n\t\t\t\t\t\t\t<div class=\"elementor-wrapper elementor-open-inline\">\n\t\t\t<div class=\"elementor-video\"><\/div>\t\t<\/div>\n\t\t\t\t\t\t<\/div>\n\t\t\t\t<\/div>\n\t\t\t\t\t<\/div>\n\t\t\t\t<\/div>\n\t\t<div class=\"elementor-element elementor-element-582c599 e-flex e-con-boxed e-con e-parent\" data-id=\"582c599\" data-element_type=\"container\" data-e-type=\"container\">\n\t\t\t\t\t<div class=\"e-con-inner\">\n\t\t\t\t<div class=\"elementor-element elementor-element-46a0525 elementor-widget elementor-widget-text-editor\" data-id=\"46a0525\" data-element_type=\"widget\" data-e-type=\"widget\" data-widget_type=\"text-editor.default\">\n\t\t\t\t<div class=\"elementor-widget-container\">\n\t\t\t\t\t\t\t\t\t<p><strong>Revis\u00e3o da Aula 1 \u2013 INTRODU\u00c7\u00c3O<\/strong><\/p><p>Bem-vindo novamente, agora ao m\u00f3dulo de habilita\u00e7\u00e3o em impress\u00e3o 3D voltado especificamente para os monitores e demais colaboradores internos do PROTO.<\/p><p>O objetivo desta etapa \u00e9 oferecer informa\u00e7\u00f5es mais detalhadas e espec\u00edficas, de modo que voc\u00ea possa orientar os usu\u00e1rios do laborat\u00f3rio em situa\u00e7\u00f5es de d\u00favida ou diante de problemas t\u00e9cnicos mais complexos.<\/p><p>Antes de avan\u00e7ar, \u00e9 fundamental que voc\u00ea j\u00e1 tenha conclu\u00eddo o m\u00f3dulo b\u00e1sico, pois ele define o n\u00edvel de conhecimento esperado dos usu\u00e1rios e ajuda a compreender melhor as d\u00favidas mais comuns que poder\u00e3o surgir.<\/p><p>Este m\u00f3dulo \u00e9 propositalmente mais curto, pois tem car\u00e1ter complementar: o foco est\u00e1 nos problemas complexos mais prov\u00e1veis e em procedimentos de suporte que exigem aten\u00e7\u00e3o especial. N\u00e3o abordaremos todos os poss\u00edveis desafios da manufatura aditiva \u2014 isso demandaria muito mais tempo e profundidade.<\/p><p>Para quem pretende se aprofundar ainda mais, o Departamento Acad\u00eamico de Mec\u00e2nica (DAMEC) oferece a disciplina optativa de Manufatura Aditiva, na qual \u00e9 poss\u00edvel estudar com maior rigor a teoria, os materiais e as t\u00e9cnicas avan\u00e7adas que n\u00e3o ser\u00e3o explorados aqui.<\/p><p>Com esse preparo, vamos agora conhecer os principais problemas complexos que costumam ocorrer no processo de impress\u00e3o 3D e as boas pr\u00e1ticas recomendadas para monitorar, diagnosticar e auxiliar os usu\u00e1rios do PROTO na resolu\u00e7\u00e3o dessas situa\u00e7\u00f5es.<\/p>\t\t\t\t\t\t\t\t<\/div>\n\t\t\t\t<\/div>\n\t\t\t\t\t<\/div>\n\t\t\t\t<\/div>\n\t\t<div class=\"elementor-element elementor-element-906abfc e-flex e-con-boxed e-con e-parent\" data-id=\"906abfc\" data-element_type=\"container\" data-e-type=\"container\">\n\t\t\t\t\t<div class=\"e-con-inner\">\n\t\t\t\t<div class=\"elementor-element elementor-element-079c1b9 elementor-widget elementor-widget-video\" data-id=\"079c1b9\" data-element_type=\"widget\" data-e-type=\"widget\" data-settings=\"{&quot;youtube_url&quot;:&quot;https:\\\/\\\/www.youtube.com\\\/watch?v=oUzfNZcHWno&amp;list=PLaFwBGbP969T2Rnfe3D11-Gp3j13DEjoZ&amp;index=3&quot;,&quot;video_type&quot;:&quot;youtube&quot;,&quot;controls&quot;:&quot;yes&quot;}\" data-widget_type=\"video.default\">\n\t\t\t\t<div class=\"elementor-widget-container\">\n\t\t\t\t\t\t\t<div class=\"elementor-wrapper elementor-open-inline\">\n\t\t\t<div class=\"elementor-video\"><\/div>\t\t<\/div>\n\t\t\t\t\t\t<\/div>\n\t\t\t\t<\/div>\n\t\t\t\t\t<\/div>\n\t\t\t\t<\/div>\n\t\t<div class=\"elementor-element elementor-element-27b5556 e-flex e-con-boxed e-con e-parent\" data-id=\"27b5556\" data-element_type=\"container\" data-e-type=\"container\">\n\t\t\t\t\t<div class=\"e-con-inner\">\n\t\t\t\t<div class=\"elementor-element elementor-element-9d93c17 elementor-widget elementor-widget-text-editor\" data-id=\"9d93c17\" data-element_type=\"widget\" data-e-type=\"widget\" data-widget_type=\"text-editor.default\">\n\t\t\t\t<div class=\"elementor-widget-container\">\n\t\t\t\t\t\t\t\t\t<p><strong>Revis\u00e3o da Aula 2 \u2013 NIVELAMENTO DA MESA<\/strong><\/p><p>Seja bem-vindo novamente. Neste v\u00eddeo, apresentamos o procedimento<br \/>de nivelamento da mesa da Ender 5 Pro, descrevendo as etapas e cuidados para<br \/>garantir um ajuste preciso.<\/p><p>Movimento dos eixos e preparo inicial<\/p><p>Para iniciar, \u00e9 fundamental conhecer como movimentar os<br \/>eixos:<\/p><p>No painel da impressora, acesse Motion \u2192 Move Axis para<br \/>mover cada eixo individualmente.<\/p><p>Para movimentar a cabe\u00e7a de impress\u00e3o manualmente, selecione<br \/>Disable Steppers, liberando os motores para permitir o movimento livre dos<br \/>eixos.<\/p><p>Execute um Auto Home antes de come\u00e7ar, de modo que a cabe\u00e7a<br \/>de impress\u00e3o v\u00e1 para sua posi\u00e7\u00e3o de origem (0,0,0).<\/p><p>Ajuste das molas e posicionamento da mesa<\/p><p>A mesa da Ender 5 Pro possui quatro molas com parafusos de<br \/>nivelamento, uma em cada canto. Ao apertar a mola, a mesa \u00e9 puxada para baixo;<br \/>ao afroux\u00e1-la, a mesa sobe. O ideal \u00e9 iniciar o processo com as molas levemente<br \/>tensionadas, deixando a mesa um pouco mais baixa para evitar que o bico encoste<br \/>na superf\u00edcie no in\u00edcio do ajuste.<\/p><p>Teste de folga com papel<\/p><p>O chamado paper test \u00e9 o m\u00e9todo manual mais usado para<br \/>nivelamento:<\/p><p>Coloque uma folha de papel comum entre o bico e a mesa.<\/p><p>Afrouxe gradualmente as molas at\u00e9 que o papel deslize com<br \/>leve resist\u00eancia \u2014 n\u00e3o preso, mas com atrito percept\u00edvel.<\/p><p>Repita o processo nos quatro cantos da mesa.<\/p><p>Evite press\u00e3o excessiva: se a folha ficar presa, o bico est\u00e1<br \/>muito pr\u00f3ximo e pode causar falhas na extrus\u00e3o ou danificar a mesa.<\/p><p>Verifica\u00e7\u00e3o e recorr\u00eancia<\/p><p>Ap\u00f3s o ajuste, recomenda-se imprimir uma primeira camada de<br \/>teste para confirmar a uniformidade. O nivelamento deve ser refeito conforme o<br \/>uso, mas uma boa pr\u00e1tica \u00e9 repetir ao menos uma vez por semana em impressoras<br \/>de uso frequente.<\/p>\t\t\t\t\t\t\t\t<\/div>\n\t\t\t\t<\/div>\n\t\t\t\t\t<\/div>\n\t\t\t\t<\/div>\n\t\t<div class=\"elementor-element elementor-element-0229a88 e-flex e-con-boxed e-con e-parent\" data-id=\"0229a88\" data-element_type=\"container\" data-e-type=\"container\">\n\t\t\t\t\t<div class=\"e-con-inner\">\n\t\t\t\t<div class=\"elementor-element elementor-element-838a348 elementor-widget elementor-widget-video\" data-id=\"838a348\" data-element_type=\"widget\" data-e-type=\"widget\" data-settings=\"{&quot;youtube_url&quot;:&quot;https:\\\/\\\/www.youtube.com\\\/watch?v=6KcTSBMBIMY&amp;list=PLaFwBGbP969T2Rnfe3D11-Gp3j13DEjoZ&amp;index=3&quot;,&quot;video_type&quot;:&quot;youtube&quot;,&quot;controls&quot;:&quot;yes&quot;}\" data-widget_type=\"video.default\">\n\t\t\t\t<div class=\"elementor-widget-container\">\n\t\t\t\t\t\t\t<div class=\"elementor-wrapper elementor-open-inline\">\n\t\t\t<div class=\"elementor-video\"><\/div>\t\t<\/div>\n\t\t\t\t\t\t<\/div>\n\t\t\t\t<\/div>\n\t\t\t\t\t<\/div>\n\t\t\t\t<\/div>\n\t\t<div class=\"elementor-element elementor-element-e98bb80 e-flex e-con-boxed e-con e-parent\" data-id=\"e98bb80\" data-element_type=\"container\" data-e-type=\"container\">\n\t\t\t\t\t<div class=\"e-con-inner\">\n\t\t\t\t<div class=\"elementor-element elementor-element-a1af3b9 elementor-widget elementor-widget-text-editor\" data-id=\"a1af3b9\" data-element_type=\"widget\" data-e-type=\"widget\" data-widget_type=\"text-editor.default\">\n\t\t\t\t<div class=\"elementor-widget-container\">\n\t\t\t\t\t\t\t\t\t<p class=\"MsoNormal\" style=\"text-align: left\"><strong>Revis\u00e3o da Aula 3 \u2013 BICO ENTUPIDO<\/strong><\/p><p class=\"MsoNormal\">Ol\u00e1, seja bem-vindo a um dos v\u00eddeos aguardados no PROTO: vamos aprender a fazer a troca e limpeza de um bico entupido de forma segura e correta.<\/p><p class=\"MsoNormal\">Antes de qualquer manobra, \u00e9 essencial usar luvas resistentes ao calor e as ferramentas adequadas dispon\u00edveis nas bancadas. O procedimento requer manuseio com o bico quent\u00edssimo, o que implica riscos de queimadura.<\/p><p class=\"MsoNormal\">Procedimento de remo\u00e7\u00e3o do bico entupido<\/p><p class=\"MsoListParagraphCxSpFirst\" style=\"text-indent: -18.0pt\"><!-- [if !supportLists]-->1.<span style=\"font-size: 7pt;line-height: normal;font-family: 'Times New Roman'\">\u00a0\u00a0\u00a0\u00a0\u00a0\u00a0 <\/span><!--[endif]-->Aquecer o bico at\u00e9 sua temperatura de funcionamento \u2014 isso auxilia a soltura do bico do bloco do hotend.<\/p><p class=\"MsoListParagraphCxSpMiddle\" style=\"text-indent: -18.0pt\"><!-- [if !supportLists]-->2.<span style=\"font-size: 7pt;line-height: normal;font-family: 'Times New Roman'\">\u00a0\u00a0\u00a0\u00a0\u00a0\u00a0 <\/span><!--[endif]-->Caso a carca\u00e7a da cabe\u00e7a de impress\u00e3o precise ser desmontada para acesso ao bico, siga cuidadosamente o passo a passo da desmontagem, tomando especial aten\u00e7\u00e3o aos fios, conex\u00f5es e \u00e0 exposi\u00e7\u00e3o t\u00e9rmica.<\/p><p class=\"MsoListParagraphCxSpMiddle\" style=\"text-indent: -18.0pt\"><!-- [if !supportLists]-->3.<span style=\"font-size: 7pt;line-height: normal;font-family: 'Times New Roman'\">\u00a0\u00a0\u00a0\u00a0\u00a0\u00a0 <\/span><!--[endif]-->Com o bico aquecido, utilize a ferramenta apropriada (chave ou soquete) para desapertar o bico com cuidado.<\/p><p class=\"MsoListParagraphCxSpLast\" style=\"text-indent: -18.0pt\"><!-- [if !supportLists]-->4.<span style=\"font-size: 7pt;line-height: normal;font-family: 'Times New Roman'\">\u00a0\u00a0\u00a0\u00a0\u00a0\u00a0 <\/span><!--[endif]-->Ap\u00f3s remov\u00ea-lo, reserve o bico usado em local seguro e resistente ao calor (por exemplo, sobre luva ou superf\u00edcie isolante) para evitar acidentes.<\/p><p class=\"MsoNormal\">Instala\u00e7\u00e3o do novo bico<\/p><p class=\"MsoListParagraphCxSpFirst\" style=\"text-indent: -18.0pt\"><!-- [if !supportLists]--><span style=\"font-family: Symbol\">\u00b7<span style=\"font-size: 7pt;line-height: normal;font-family: 'Times New Roman'\">\u00a0\u00a0\u00a0\u00a0\u00a0\u00a0\u00a0\u00a0 <\/span><\/span><!--[endif]-->Encaixe o bico novo corretamente e aperte-o com a ferramenta adequada.<\/p><p class=\"MsoListParagraphCxSpMiddle\" style=\"text-indent: -18.0pt\"><!-- [if !supportLists]--><span style=\"font-family: Symbol\">\u00b7<span style=\"font-size: 7pt;line-height: normal;font-family: 'Times New Roman'\">\u00a0\u00a0\u00a0\u00a0\u00a0\u00a0\u00a0\u00a0 <\/span><\/span><!--[endif]-->Como o bico aquecido transmite calor rapidamente, manuseie com cuidado para n\u00e3o se queimar.<\/p><p class=\"MsoListParagraphCxSpLast\" style=\"text-indent: -18.0pt\"><!-- [if !supportLists]--><span style=\"font-family: Symbol\">\u00b7<span style=\"font-size: 7pt;line-height: normal;font-family: 'Times New Roman'\">\u00a0\u00a0\u00a0\u00a0\u00a0\u00a0\u00a0\u00a0 <\/span><\/span><!--[endif]-->Preste a aten\u00e7\u00e3o ao alinhamento, torque e \u00e0 veda\u00e7\u00e3o t\u00e9rmica no momento da instala\u00e7\u00e3o.<\/p><p class=\"MsoNormal\">O que fazer com o bico entupido?<\/p><p class=\"MsoListParagraphCxSpFirst\" style=\"text-indent: -18.0pt\"><!-- [if !supportLists]--><span style=\"font-family: Symbol\">\u00b7<span style=\"font-size: 7pt;line-height: normal;font-family: 'Times New Roman'\">\u00a0\u00a0\u00a0\u00a0\u00a0\u00a0\u00a0\u00a0 <\/span><\/span><!--[endif]-->Segregar os bicos entupidos para posterior retrabalho ou descarte.<\/p><p class=\"MsoListParagraphCxSpMiddle\" style=\"text-indent: -18.0pt\"><!-- [if !supportLists]--><span style=\"font-family: Symbol\">\u00b7<span style=\"font-size: 7pt;line-height: normal;font-family: 'Times New Roman'\">\u00a0\u00a0\u00a0\u00a0\u00a0\u00a0\u00a0\u00a0 <\/span><\/span><!--[endif]-->Em situa\u00e7\u00f5es controladas, pode-se aquecer o bico (por exemplo, em forno ou fogareiro) e utilizar ferramentas finas (fio de a\u00e7o, agulha) para desobstru\u00e7\u00e3o.<\/p><p class=\"MsoListParagraphCxSpMiddle\" style=\"text-indent: -18.0pt\"><!-- [if !supportLists]--><span style=\"font-family: Symbol\">\u00b7<span style=\"font-size: 7pt;line-height: normal;font-family: 'Times New Roman'\">\u00a0\u00a0\u00a0\u00a0\u00a0\u00a0\u00a0\u00a0 <\/span><\/span><!--[endif]-->No entanto, nem sempre esse retrabalho \u00e9 seguro ou eficiente \u2014 em muitos casos, o mais apropriado \u00e9 substitu\u00ed-lo por um novo.<\/p><p class=\"MsoListParagraphCxSpLast\" style=\"text-indent: -18.0pt\"><!-- [if !supportLists]--><span style=\"font-family: Symbol\">\u00b7<span style=\"font-size: 7pt;line-height: normal;font-family: 'Times New Roman'\">\u00a0\u00a0\u00a0\u00a0\u00a0\u00a0\u00a0\u00a0 <\/span><\/span><!--[endif]-->Consulte o professor ou respons\u00e1vel para definir o procedimento adequado conforme pol\u00edtica do laborat\u00f3rio.<\/p>\t\t\t\t\t\t\t\t<\/div>\n\t\t\t\t<\/div>\n\t\t\t\t\t<\/div>\n\t\t\t\t<\/div>\n\t\t<div class=\"elementor-element elementor-element-3e62d58 e-flex e-con-boxed e-con e-parent\" data-id=\"3e62d58\" data-element_type=\"container\" data-e-type=\"container\">\n\t\t\t\t\t<div class=\"e-con-inner\">\n\t\t\t\t<div class=\"elementor-element elementor-element-ec17868 elementor-widget elementor-widget-video\" data-id=\"ec17868\" data-element_type=\"widget\" data-e-type=\"widget\" data-settings=\"{&quot;youtube_url&quot;:&quot;https:\\\/\\\/www.youtube.com\\\/watch?v=Kp-o9kVoSOE&amp;list=PLaFwBGbP969T2Rnfe3D11-Gp3j13DEjoZ&amp;index=4&quot;,&quot;video_type&quot;:&quot;youtube&quot;,&quot;controls&quot;:&quot;yes&quot;}\" data-widget_type=\"video.default\">\n\t\t\t\t<div class=\"elementor-widget-container\">\n\t\t\t\t\t\t\t<div class=\"elementor-wrapper elementor-open-inline\">\n\t\t\t<div class=\"elementor-video\"><\/div>\t\t<\/div>\n\t\t\t\t\t\t<\/div>\n\t\t\t\t<\/div>\n\t\t\t\t\t<\/div>\n\t\t\t\t<\/div>\n\t\t<div class=\"elementor-element elementor-element-500ef90 e-flex e-con-boxed e-con e-parent\" data-id=\"500ef90\" data-element_type=\"container\" data-e-type=\"container\">\n\t\t\t\t\t<div class=\"e-con-inner\">\n\t\t\t\t<div class=\"elementor-element elementor-element-d0d3a8d elementor-widget elementor-widget-text-editor\" data-id=\"d0d3a8d\" data-element_type=\"widget\" data-e-type=\"widget\" data-widget_type=\"text-editor.default\">\n\t\t\t\t<div class=\"elementor-widget-container\">\n\t\t\t\t\t\t\t\t\t<p class=\"MsoNormal\"><strong>Revis\u00e3o da Aula 4 \u2013 MANUTEN\u00c7\u00c3O E MELHORIAS<\/strong><\/p><p class=\"MsoNormal\">Ol\u00e1, bem-vindo novamente. Hoje veremos itens de manuten\u00e7\u00e3o preventiva e algumas melhorias \u00fateis para as impressoras 3D do laborat\u00f3rio.<\/p><p class=\"MsoNormal\">Embora a limpeza rotineira seja responsabilidade dos usu\u00e1rios (e j\u00e1 tenhamos tratado de nivelamento e bico entupido), vale refor\u00e7ar pontos que costumam passar despercebidos no dia a dia.<\/p><p class=\"MsoNormal\">Lubrifica\u00e7\u00e3o dos eixos<\/p><p class=\"MsoNormal\">Lubrificar hastes, guias lineares e fusos reduz atrito, ru\u00eddo e desgaste. A periodicidade deve acompanhar o uso (semanal, quinzenal ou mensal). Aplique apenas uma camada fina do lubrificante recomendado para o tipo de guia (rolamentos\/rails) e distribua o produto movimentando os eixos manualmente.<\/p><p class=\"MsoNormal\">Superf\u00edcie de impress\u00e3o em vidro<\/p><p class=\"MsoNormal\">Instalar uma placa de vidro (3\u20134 mm, cortada nas dimens\u00f5es da mesa) pode melhorar a planicidade e o acabamento da primeira camada, al\u00e9m de preservar a superf\u00edcie original. Na Ender 5 Pro, que j\u00e1 possui \u201ctapete\u201d de impress\u00e3o, a troca \u00e9 opcional; na Ender 3 Max Neo, o vidro costuma trazer ganhos pr\u00e1ticos. Prenda com grampos adequados e confira o nivelamento ap\u00f3s a instala\u00e7\u00e3o.<\/p><p class=\"MsoNormal\">Correias<\/p><p class=\"MsoNormal\">Correias frouxas geram folgas e desalinhamentos; correias excessivamente tensionadas sobrecarregam polias e motores. Ajuste at\u00e9 eliminar patina\u00e7\u00e3o sem for\u00e7ar em excesso e verifique periodicamente a tens\u00e3o e o alinhamento.<\/p><p class=\"MsoNormal\">Upgrades recomendados<\/p><p class=\"MsoListParagraphCxSpFirst\" style=\"text-indent: -18.0pt\"><!-- [if !supportLists]-->1.<span style=\"font-size: 7pt;line-height: normal;font-family: 'Times New Roman'\">\u00a0\u00a0\u00a0\u00a0\u00a0\u00a0 <\/span><!--[endif]-->Tubo Bowden \u201cCapricorn\u201d<br \/>PTFE de menor di\u00e2metro interno e menor atrito melhora a alimenta\u00e7\u00e3o do filamento, especialmente em percursos longos e com materiais mais \u201cborrachudos\u201d.<\/p><p class=\"MsoListParagraphCxSpMiddle\" style=\"text-indent: -18.0pt\"><!-- [if !supportLists]-->2.<span style=\"font-size: 7pt;line-height: normal;font-family: 'Times New Roman'\">\u00a0\u00a0\u00a0\u00a0\u00a0\u00a0 <\/span><!--[endif]-->Convers\u00e3o para direct drive<br \/>\u00c9 uma modifica\u00e7\u00e3o mais trabalhosa, mas melhora o desempenho com filamentos flex\u00edveis ao encurtar o caminho at\u00e9 o hotend.<\/p><p class=\"MsoListParagraphCxSpMiddle\" style=\"text-indent: -18.0pt\"><!-- [if !supportLists]-->3.<span style=\"font-size: 7pt;line-height: normal;font-family: 'Times New Roman'\">\u00a0\u00a0\u00a0\u00a0\u00a0\u00a0 <\/span><!--[endif]-->Bicos de melhor qualidade<br \/>Lat\u00e3o \u00e9 vers\u00e1til e conduz bem o calor; a\u00e7o endurecido aumenta a durabilidade com filamentos abrasivos (carregados com fibra, por exemplo).<\/p><p class=\"MsoListParagraphCxSpMiddle\" style=\"text-indent: -18.0pt\"><!-- [if !supportLists]-->4.<span style=\"font-size: 7pt;line-height: normal;font-family: 'Times New Roman'\">\u00a0\u00a0\u00a0\u00a0\u00a0\u00a0 <\/span><!--[endif]-->P\u00e9s\/isola\u00e7\u00e3o para vibra\u00e7\u00e3o<br \/>Elementos de desacoplamento sob a impressora podem reduzir ru\u00eddo e resson\u00e2ncia transmitida \u00e0 bancada. Priorize bases firmes; amortecimento n\u00e3o deve comprometer a estabilidade.<\/p><p class=\"MsoListParagraphCxSpLast\" style=\"text-indent: -18.0pt\"><!-- [if !supportLists]-->5.<span style=\"font-size: 7pt;line-height: normal;font-family: 'Times New Roman'\">\u00a0\u00a0\u00a0\u00a0\u00a0\u00a0 <\/span><!--[endif]-->Atualiza\u00e7\u00f5es de firmware\/software<br \/>Verifique periodicamente novas vers\u00f5es de firmware e mantenha o slicer atualizado. Corre\u00e7\u00f5es e melhorias de desempenho s\u00e3o comuns e valem o esfor\u00e7o.<\/p><p>\u00a0<\/p><p class=\"MsoNormal\">Mantenha sempre o olhar de monitor: garanta que o b\u00e1sico (limpeza, armazenamento de filamento e verifica\u00e7\u00e3o visual) est\u00e1 sendo feito pelos usu\u00e1rios. Essas medidas simples evitam boa parte dos problemas.<\/p>\t\t\t\t\t\t\t\t<\/div>\n\t\t\t\t<\/div>\n\t\t\t\t\t<\/div>\n\t\t\t\t<\/div>\n\t\t<div class=\"elementor-element elementor-element-51a5bd2 e-flex e-con-boxed e-con e-parent\" data-id=\"51a5bd2\" data-element_type=\"container\" data-e-type=\"container\">\n\t\t\t\t\t<div class=\"e-con-inner\">\n\t\t\t\t<div class=\"elementor-element elementor-element-9b3641b elementor-widget elementor-widget-video\" data-id=\"9b3641b\" data-element_type=\"widget\" data-e-type=\"widget\" data-settings=\"{&quot;youtube_url&quot;:&quot;https:\\\/\\\/www.youtube.com\\\/watch?v=t4uQxhHxWAQ&amp;list=PLaFwBGbP969T2Rnfe3D11-Gp3j13DEjoZ&amp;index=5&quot;,&quot;video_type&quot;:&quot;youtube&quot;,&quot;controls&quot;:&quot;yes&quot;}\" data-widget_type=\"video.default\">\n\t\t\t\t<div class=\"elementor-widget-container\">\n\t\t\t\t\t\t\t<div class=\"elementor-wrapper elementor-open-inline\">\n\t\t\t<div class=\"elementor-video\"><\/div>\t\t<\/div>\n\t\t\t\t\t\t<\/div>\n\t\t\t\t<\/div>\n\t\t\t\t\t<\/div>\n\t\t\t\t<\/div>\n\t\t<div class=\"elementor-element elementor-element-e7733f5 e-flex e-con-boxed e-con e-parent\" data-id=\"e7733f5\" data-element_type=\"container\" data-e-type=\"container\">\n\t\t\t\t\t<div class=\"e-con-inner\">\n\t\t\t\t<div class=\"elementor-element elementor-element-36ae6e0 elementor-widget elementor-widget-text-editor\" data-id=\"36ae6e0\" data-element_type=\"widget\" data-e-type=\"widget\" data-widget_type=\"text-editor.default\">\n\t\t\t\t<div class=\"elementor-widget-container\">\n\t\t\t\t\t\t\t\t\t<p><strong>Revis\u00e3o da Aula 5 \u2013 ENCERRAMENTO<\/strong><\/p><p style=\"text-align: justify\">Para finalizar este m\u00f3dulo intermedi\u00e1rio, deixo uma mensagem importante:<\/p><p style=\"text-align: justify\">O PROTO precisa de voc\u00ea. Continue desempenhando seu trabalho com dedica\u00e7\u00e3o, incentive e divulgue a fun\u00e7\u00e3o de monitor para que mais pessoas assumam esse papel. O futuro do laborat\u00f3rio depende do envolvimento presente de cada colaborador.<\/p><p style=\"text-align: justify\">Lembre-se de que o PROTO \u00e9 um laborat\u00f3rio de prototipagem, e a ess\u00eancia da prototipagem \u00e9 a curiosidade. Como membro interno, voc\u00ea tem a miss\u00e3o de manter vivo esse esp\u00edrito: buscar novas informa\u00e7\u00f5es, explorar solu\u00e7\u00f5es inovadoras e trazer conhecimento que agregue ao laborat\u00f3rio.<\/p><p>\u00a0<\/p><p style=\"text-align: justify\">Obrigado pelo seu comprometimento e por contribuir para o crescimento deste espa\u00e7o de aprendizado e inova\u00e7\u00e3o.<\/p>\t\t\t\t\t\t\t\t<\/div>\n\t\t\t\t<\/div>\n\t\t\t\t\t<\/div>\n\t\t\t\t<\/div>\n\t\t<div class=\"elementor-element elementor-element-b10df38 e-flex e-con-boxed e-con e-parent\" data-id=\"b10df38\" data-element_type=\"container\" data-e-type=\"container\">\n\t\t\t\t\t<div class=\"e-con-inner\">\n\t\t\t\t<div class=\"elementor-element elementor-element-73d5592 elementor-widget elementor-widget-text-editor\" data-id=\"73d5592\" data-element_type=\"widget\" data-e-type=\"widget\" data-widget_type=\"text-editor.default\">\n\t\t\t\t<div class=\"elementor-widget-container\">\n\t\t\t\t\t\t\t\t\t<p>Por gentileza, ap\u00f3s assistir a s\u00e9rie completa dos v\u00eddeos, n\u00e3o se esque\u00e7a de preencher o\u00a0<a href=\"https:\/\/forms.gle\/16KorAHxCugbUCdp7\">formul\u00e1rio<\/a>\u00a0para avalia\u00e7\u00e3o do curso.<\/p>\t\t\t\t\t\t\t\t<\/div>\n\t\t\t\t<\/div>\n\t\t\t\t\t<\/div>\n\t\t\t\t<\/div>\n\t\t\t\t<\/div>\n\t\t","protected":false},"excerpt":{"rendered":"<p>M\u00f3dulo de habilita\u00e7\u00e3o para monitores e monitoras (intermedi\u00e1rio) Abaixo h\u00e1 uma s\u00e9rie de v\u00eddeo aulas com 5 epis\u00f3dios, elaboradas por Renan Portella, voltada para monitores e monitoras\u00a0do PROTO. Alternativamente, para acesso \u00e0 Playlist completa dos v\u00eddeos desse m\u00f3dulo diretamente na plataforma do YouTube, clique\u00a0aqui. Ap\u00f3s cada um dos v\u00eddeos nesta p\u00e1gina e no corpo dos [&hellip;]<\/p>\n","protected":false},"author":327,"featured_media":0,"parent":98,"menu_order":2,"comment_status":"closed","ping_status":"closed","template":"","meta":{"footnotes":""},"class_list":["post-671","page","type-page","status-publish","hentry"],"_links":{"self":[{"href":"https:\/\/utfpr.curitiba.br\/proto\/wp-json\/wp\/v2\/pages\/671","targetHints":{"allow":["GET"]}}],"collection":[{"href":"https:\/\/utfpr.curitiba.br\/proto\/wp-json\/wp\/v2\/pages"}],"about":[{"href":"https:\/\/utfpr.curitiba.br\/proto\/wp-json\/wp\/v2\/types\/page"}],"author":[{"embeddable":true,"href":"https:\/\/utfpr.curitiba.br\/proto\/wp-json\/wp\/v2\/users\/327"}],"replies":[{"embeddable":true,"href":"https:\/\/utfpr.curitiba.br\/proto\/wp-json\/wp\/v2\/comments?post=671"}],"version-history":[{"count":16,"href":"https:\/\/utfpr.curitiba.br\/proto\/wp-json\/wp\/v2\/pages\/671\/revisions"}],"predecessor-version":[{"id":689,"href":"https:\/\/utfpr.curitiba.br\/proto\/wp-json\/wp\/v2\/pages\/671\/revisions\/689"}],"up":[{"embeddable":true,"href":"https:\/\/utfpr.curitiba.br\/proto\/wp-json\/wp\/v2\/pages\/98"}],"wp:attachment":[{"href":"https:\/\/utfpr.curitiba.br\/proto\/wp-json\/wp\/v2\/media?parent=671"}],"curies":[{"name":"wp","href":"https:\/\/api.w.org\/{rel}","templated":true}]}}