{"id":53,"date":"2024-11-29T15:28:25","date_gmt":"2024-11-29T18:28:25","guid":{"rendered":"https:\/\/utfpr.curitiba.br\/proto\/?page_id=53"},"modified":"2025-03-05T19:15:19","modified_gmt":"2025-03-05T22:15:19","slug":"recursos","status":"publish","type":"page","link":"https:\/\/utfpr.curitiba.br\/proto\/oquesomos\/recursos\/","title":{"rendered":"Recursos"},"content":{"rendered":"\n<p class=\"has-medium-font-size\"><strong>Dispon\u00edveis:<\/strong><\/p>\n\n\n\n<div class=\"wp-block-group is-vertical is-layout-flex wp-container-core-group-is-layout-8cf370e7 wp-block-group-is-layout-flex\">\n<ul class=\"wp-block-list\">\n<li class=\"has-medium-font-size\">1 M\u00e1quina CNC Router de Corte a Laser e Grava\u00e7\u00e3o (1400 x 900mm &#8211; 100W)<\/li>\n\n\n\n<li class=\"has-medium-font-size\">4 Morsas girat\u00f3rias de 6&#8243;<\/li>\n\n\n\n<li class=\"has-medium-font-size\">1 Bigorna de 30Kg<\/li>\n\n\n\n<li class=\"has-medium-font-size\">6 Impressoras 3D (Quatro Ender 3 MAX NEO e Duas Ender 5 PRO)<\/li>\n\n\n\n<li class=\"has-medium-font-size\">6 Lixadeiras orbitais<\/li>\n\n\n\n<li class=\"has-medium-font-size\">5 Furadeiras\/Parafusadeiras \u00e0 bateria<\/li>\n\n\n\n<li class=\"has-medium-font-size\">12 Bancadas de Trabalho<\/li>\n\n\n\n<li class=\"has-medium-font-size\">2 Sopradores T\u00e9rmicos<\/li>\n\n\n\n<li class=\"has-medium-font-size\">3 Lixadeiras de Disco e Cinta<\/li>\n\n\n\n<li class=\"has-medium-font-size\">1 Fresadora e Furadeira de Bancada<\/li>\n\n\n\n<li class=\"has-medium-font-size\">1 Furadeira de Bancada<\/li>\n\n\n\n<li class=\"has-medium-font-size\">2 Carros de Ferramentas com Ferramentas<\/li>\n\n\n\n<li class=\"has-medium-font-size\">1 Policorte<\/li>\n\n\n\n<li class=\"has-medium-font-size\">3 Kits de microret\u00edfica com acess\u00f3rios<\/li>\n\n\n\n<li class=\"has-medium-font-size\">1 Mult\u00edmetro<\/li>\n\n\n\n<li class=\"has-medium-font-size\">1 Esta\u00e7\u00e3o de solda (brasagem) digital<\/li>\n\n\n\n<li class=\"has-medium-font-size\">1 Esmerilhadeira de m\u00e9dio porte<\/li>\n\n\n\n<li class=\"has-medium-font-size\">1 Esmerilhadeira de grande porte<\/li>\n\n\n\n<li class=\"has-medium-font-size\">3 Lavadoras de Pe\u00e7as<\/li>\n\n\n\n<li class=\"has-medium-font-size\">\u00d3culos de seguran\u00e7a<\/li>\n\n\n\n<li class=\"has-medium-font-size\">Face shield<\/li>\n\n\n\n<li class=\"has-medium-font-size\">Luvas<\/li>\n\n\n\n<li class=\"has-medium-font-size\">Abafadores auriculares<\/li>\n\n\n\n<li class=\"has-medium-font-size\">3 Paqu\u00edmetros digitais<\/li>\n\n\n\n<li class=\"has-medium-font-size\">1 Rebitadeira para insertos rosque\u00e1veis<\/li>\n\n\n\n<li class=\"has-medium-font-size\">12 Protoboards<\/li>\n\n\n\n<li class=\"has-medium-font-size\">6 Arduinos Uno<\/li>\n\n\n\n<li class=\"has-medium-font-size\">4 Aspiradores de P\u00f3<\/li>\n<\/ul>\n<\/div>\n\n\n\n<p><\/p>\n\n\n\n<p class=\"has-medium-font-size\"><strong>Recursos de interesse:<\/strong><\/p>\n\n\n\n<ul class=\"wp-block-list\">\n<li class=\"has-medium-font-size\">M\u00e1quina CNC Router de Corte a Laser e Grava\u00e7\u00e3o (1400 x 900mm &#8211; 100W) adicional<\/li>\n\n\n\n<li class=\"has-medium-font-size\">Balan\u00e7a de precis\u00e3o<\/li>\n\n\n\n<li class=\"has-medium-font-size\">Sistema para Vaccum forming<\/li>\n\n\n\n<li class=\"has-medium-font-size\">Conjunto para fotografia<\/li>\n\n\n\n<li class=\"has-medium-font-size\">Ilumina\u00e7\u00e3o e trip\u00e9s para fotografia<\/li>\n\n\n\n<li class=\"has-medium-font-size\">Fundo invis\u00edvel<\/li>\n\n\n\n<li class=\"has-medium-font-size\">Cortinas<\/li>\n\n\n\n<li class=\"has-medium-font-size\">Mais EPIs<\/li>\n\n\n\n<li class=\"has-medium-font-size\">Borrachas de Mesa<\/li>\n\n\n\n<li class=\"has-medium-font-size\">M\u00e1quina de costura<\/li>\n\n\n\n<li class=\"has-medium-font-size\">Bra\u00e7o de Medi\u00e7\u00e3o por Coordenada<\/li>\n\n\n\n<li class=\"has-medium-font-size\">Scanner 3D de alta defini\u00e7\u00e3o<\/li>\n\n\n\n<li class=\"has-medium-font-size\">Fresadora CNC de pequeno porte<\/li>\n\n\n\n<li class=\"has-medium-font-size\">Torno CNC de pequeno porte<\/li>\n\n\n\n<li class=\"has-medium-font-size\">Torno manual de pequeno porte<\/li>\n<\/ul>\n\n\n\n<p><\/p>\n","protected":false},"excerpt":{"rendered":"<p>Dispon\u00edveis: Recursos de interesse:<\/p>\n","protected":false},"author":327,"featured_media":0,"parent":2,"menu_order":3,"comment_status":"closed","ping_status":"closed","template":"","meta":{"footnotes":""},"class_list":["post-53","page","type-page","status-publish","hentry"],"_links":{"self":[{"href":"https:\/\/utfpr.curitiba.br\/proto\/wp-json\/wp\/v2\/pages\/53","targetHints":{"allow":["GET"]}}],"collection":[{"href":"https:\/\/utfpr.curitiba.br\/proto\/wp-json\/wp\/v2\/pages"}],"about":[{"href":"https:\/\/utfpr.curitiba.br\/proto\/wp-json\/wp\/v2\/types\/page"}],"author":[{"embeddable":true,"href":"https:\/\/utfpr.curitiba.br\/proto\/wp-json\/wp\/v2\/users\/327"}],"replies":[{"embeddable":true,"href":"https:\/\/utfpr.curitiba.br\/proto\/wp-json\/wp\/v2\/comments?post=53"}],"version-history":[{"count":11,"href":"https:\/\/utfpr.curitiba.br\/proto\/wp-json\/wp\/v2\/pages\/53\/revisions"}],"predecessor-version":[{"id":358,"href":"https:\/\/utfpr.curitiba.br\/proto\/wp-json\/wp\/v2\/pages\/53\/revisions\/358"}],"up":[{"embeddable":true,"href":"https:\/\/utfpr.curitiba.br\/proto\/wp-json\/wp\/v2\/pages\/2"}],"wp:attachment":[{"href":"https:\/\/utfpr.curitiba.br\/proto\/wp-json\/wp\/v2\/media?parent=53"}],"curies":[{"name":"wp","href":"https:\/\/api.w.org\/{rel}","templated":true}]}}